{"id":31,"date":"2023-01-19T09:53:27","date_gmt":"2023-01-19T08:53:27","guid":{"rendered":"https:\/\/localhost\/lasatin3\/?page_id=31"},"modified":"2025-05-08T20:47:15","modified_gmt":"2025-05-08T18:47:15","slug":"homepage","status":"publish","type":"page","link":"https:\/\/lasatin-eshop.cz\/en\/","title":{"rendered":"Homepage"},"content":{"rendered":"\t\t<div data-elementor-type=\"wp-page\" data-elementor-id=\"31\" class=\"elementor elementor-31\" data-elementor-post-type=\"page\">\n\t\t\t\t\t\t<section class=\"elementor-section elementor-top-section elementor-element elementor-element-00f7f16 elementor-section-full_width elementor-section-height-default elementor-section-height-default\" data-id=\"00f7f16\" data-element_type=\"section\" id=\"black-block\">\n\t\t\t\t\t\t<div class=\"elementor-container elementor-column-gap-default\">\n\t\t\t\t\t<div class=\"elementor-column elementor-col-50 elementor-top-column elementor-element elementor-element-9ed4c84\" data-id=\"9ed4c84\" data-element_type=\"column\">\n\t\t\t<div class=\"elementor-widget-wrap elementor-element-populated\">\n\t\t\t\t\t\t<div class=\"elementor-element elementor-element-630eb5b elementor-widget elementor-widget-image\" data-id=\"630eb5b\" data-element_type=\"widget\" id=\"img-fluid\" data-widget_type=\"image.default\">\n\t\t\t\t<div class=\"elementor-widget-container\">\n\t\t\t\t\t\t\t\t\t\t\t\t\t\t\t<img fetchpriority=\"high\" decoding=\"async\" width=\"1080\" height=\"1350\" src=\"https:\/\/lasatin-eshop.cz\/en\/wp-content\/uploads\/2023\/01\/ab031bf4-b13f-4249-81a3-af958730b73d.jpeg\" class=\"attachment-full size-full wp-image-49\" alt=\"Tatiana Makarenko\" srcset=\"https:\/\/lasatin-eshop.cz\/en\/wp-content\/uploads\/2023\/01\/ab031bf4-b13f-4249-81a3-af958730b73d.jpeg 1080w, https:\/\/lasatin-eshop.cz\/en\/wp-content\/uploads\/2023\/01\/ab031bf4-b13f-4249-81a3-af958730b73d-960x1200.jpeg 960w, https:\/\/lasatin-eshop.cz\/en\/wp-content\/uploads\/2023\/01\/ab031bf4-b13f-4249-81a3-af958730b73d-600x750.jpeg 600w, https:\/\/lasatin-eshop.cz\/en\/wp-content\/uploads\/2023\/01\/ab031bf4-b13f-4249-81a3-af958730b73d-240x300.jpeg 240w, https:\/\/lasatin-eshop.cz\/en\/wp-content\/uploads\/2023\/01\/ab031bf4-b13f-4249-81a3-af958730b73d-819x1024.jpeg 819w, https:\/\/lasatin-eshop.cz\/en\/wp-content\/uploads\/2023\/01\/ab031bf4-b13f-4249-81a3-af958730b73d-768x960.jpeg 768w\" sizes=\"(max-width: 1080px) 100vw, 1080px\" \/>\t\t\t\t\t\t\t\t\t\t\t\t\t\t\t<\/div>\n\t\t\t\t<\/div>\n\t\t\t\t\t<\/div>\n\t\t<\/div>\n\t\t\t\t<div class=\"elementor-column elementor-col-50 elementor-top-column elementor-element elementor-element-cac1557\" data-id=\"cac1557\" data-element_type=\"column\" id=\"black-block-content\">\n\t\t\t<div class=\"elementor-widget-wrap elementor-element-populated\">\n\t\t\t\t\t\t<div class=\"elementor-element elementor-element-63fe654 elementor-widget elementor-widget-heading\" data-id=\"63fe654\" data-element_type=\"widget\" data-widget_type=\"heading.default\">\n\t\t\t\t<div class=\"elementor-widget-container\">\n\t\t\t\t\t<h2 class=\"elementor-heading-title elementor-size-default\">Welcome to LASATIN <br>  a world of luxurious and elegant satin dresses.<\/h2>\t\t\t\t<\/div>\n\t\t\t\t<\/div>\n\t\t\t\t<div class=\"elementor-element elementor-element-0d703c9 elementor-widget elementor-widget-text-editor\" data-id=\"0d703c9\" data-element_type=\"widget\" data-widget_type=\"text-editor.default\">\n\t\t\t\t<div class=\"elementor-widget-container\">\n\t\t\t\t\t\t\t\t\t<div dir=\"auto\">Our collection offers a wide range of exquisite\u00a0satin\u00a0dresses that are perfect for any occasion. From formal events to casual outings, our dresses are designed to make you feel confident and beautiful.<\/div><div dir=\"auto\">\u00a0<\/div><div dir=\"auto\">Browse our collection of stunning dresses and find your perfect match. Whether you prefer short or long, simple or ornate, we have something for everyone.<\/div><div dir=\"auto\">\u00a0<\/div><div dir=\"auto\">Experience the elegance and sophistication of\u00a0Lasatin\u00a0dresses and elevate your wardrobe to a new level.<\/div>\t\t\t\t\t\t\t\t<\/div>\n\t\t\t\t<\/div>\n\t\t\t\t<div class=\"elementor-element elementor-element-24aaeab elementor-align-center elementor-widget elementor-widget-button\" data-id=\"24aaeab\" data-element_type=\"widget\" data-widget_type=\"button.default\">\n\t\t\t\t<div class=\"elementor-widget-container\">\n\t\t\t\t\t\t\t\t\t<div class=\"elementor-button-wrapper\">\n\t\t\t\t\t<a class=\"elementor-button elementor-button-link elementor-size-sm\" href=\"https:\/\/lasatin-eshop.cz\/en\/?product=satenove-kalhoty-lasatin\">\n\t\t\t\t\t\t<span class=\"elementor-button-content-wrapper\">\n\t\t\t\t\t\t\t\t\t<span class=\"elementor-button-text\">Product detail<\/span>\n\t\t\t\t\t<\/span>\n\t\t\t\t\t<\/a>\n\t\t\t\t<\/div>\n\t\t\t\t\t\t\t\t<\/div>\n\t\t\t\t<\/div>\n\t\t\t\t\t<\/div>\n\t\t<\/div>\n\t\t\t\t\t<\/div>\n\t\t<\/section>\n\t\t\t\t<section class=\"elementor-section elementor-top-section elementor-element elementor-element-1c7a982 elementor-section-boxed elementor-section-height-default elementor-section-height-default\" data-id=\"1c7a982\" data-element_type=\"section\" id=\"black-block\">\n\t\t\t\t\t\t<div class=\"elementor-container elementor-column-gap-default\">\n\t\t\t\t\t<div class=\"elementor-column elementor-col-50 elementor-top-column elementor-element elementor-element-af41226\" data-id=\"af41226\" data-element_type=\"column\">\n\t\t\t<div class=\"elementor-widget-wrap elementor-element-populated\">\n\t\t\t\t\t\t<div class=\"elementor-element elementor-element-d7c09da elementor-widget elementor-widget-text-editor\" data-id=\"d7c09da\" data-element_type=\"widget\" data-widget_type=\"text-editor.default\">\n\t\t\t\t<div class=\"elementor-widget-container\">\n\t\t\t\t\t\t\t\t\t<div dir=\"auto\"><p>Do you want to gift your girlfriend, friend, mother or daughter, but you are not sure about the size, color or cut? Don&#8217;t be afraid of anything. We have a solution just for you.<\/p><p>A GIFT VOUCHER of any value or per product.<\/p><\/div>\t\t\t\t\t\t\t\t<\/div>\n\t\t\t\t<\/div>\n\t\t\t\t<div class=\"elementor-element elementor-element-5a4a444 elementor-align-center elementor-widget elementor-widget-button\" data-id=\"5a4a444\" data-element_type=\"widget\" data-widget_type=\"button.default\">\n\t\t\t\t<div class=\"elementor-widget-container\">\n\t\t\t\t\t\t\t\t\t<div class=\"elementor-button-wrapper\">\n\t\t\t\t\t<a class=\"elementor-button elementor-button-link elementor-size-sm\" href=\"mailto:andyvani@seznam.cz\">\n\t\t\t\t\t\t<span class=\"elementor-button-content-wrapper\">\n\t\t\t\t\t\t\t\t\t<span class=\"elementor-button-text\">Contact Us<\/span>\n\t\t\t\t\t<\/span>\n\t\t\t\t\t<\/a>\n\t\t\t\t<\/div>\n\t\t\t\t\t\t\t\t<\/div>\n\t\t\t\t<\/div>\n\t\t\t\t\t<\/div>\n\t\t<\/div>\n\t\t\t\t<div class=\"elementor-column elementor-col-50 elementor-top-column elementor-element elementor-element-53d39b6\" data-id=\"53d39b6\" data-element_type=\"column\">\n\t\t\t<div class=\"elementor-widget-wrap elementor-element-populated\">\n\t\t\t\t\t\t<div class=\"elementor-element elementor-element-b4156d9 elementor-widget elementor-widget-image\" data-id=\"b4156d9\" data-element_type=\"widget\" data-widget_type=\"image.default\">\n\t\t\t\t<div class=\"elementor-widget-container\">\n\t\t\t\t\t\t\t\t\t\t\t\t\t\t\t<img decoding=\"async\" width=\"1243\" height=\"870\" src=\"https:\/\/lasatin-eshop.cz\/en\/wp-content\/uploads\/2023\/07\/Poukaz-1.jpg\" class=\"attachment-full size-full wp-image-5296\" alt=\"\" srcset=\"https:\/\/lasatin-eshop.cz\/en\/wp-content\/uploads\/2023\/07\/Poukaz-1.jpg 1243w, https:\/\/lasatin-eshop.cz\/en\/wp-content\/uploads\/2023\/07\/Poukaz-1-300x210.jpg 300w, https:\/\/lasatin-eshop.cz\/en\/wp-content\/uploads\/2023\/07\/Poukaz-1-1024x717.jpg 1024w, https:\/\/lasatin-eshop.cz\/en\/wp-content\/uploads\/2023\/07\/Poukaz-1-768x538.jpg 768w\" sizes=\"(max-width: 1243px) 100vw, 1243px\" \/>\t\t\t\t\t\t\t\t\t\t\t\t\t\t\t<\/div>\n\t\t\t\t<\/div>\n\t\t\t\t\t<\/div>\n\t\t<\/div>\n\t\t\t\t\t<\/div>\n\t\t<\/section>\n\t\t\t\t<section class=\"elementor-section elementor-top-section elementor-element elementor-element-8fee082 elementor-section-full_width elementor-reverse-tablet elementor-reverse-mobile elementor-section-height-default elementor-section-height-default\" data-id=\"8fee082\" data-element_type=\"section\" id=\"black-block\">\n\t\t\t\t\t\t<div class=\"elementor-container elementor-column-gap-default\">\n\t\t\t\t\t<div class=\"elementor-column elementor-col-50 elementor-top-column elementor-element elementor-element-b752dfe\" data-id=\"b752dfe\" data-element_type=\"column\" id=\"block-video\">\n\t\t\t<div class=\"elementor-widget-wrap elementor-element-populated\">\n\t\t\t\t\t\t<div class=\"elementor-element elementor-element-f1ffa94 elementor-widget elementor-widget-video\" data-id=\"f1ffa94\" data-element_type=\"widget\" data-settings=\"{&quot;video_type&quot;:&quot;hosted&quot;,&quot;autoplay&quot;:&quot;yes&quot;,&quot;play_on_mobile&quot;:&quot;yes&quot;,&quot;mute&quot;:&quot;yes&quot;}\" data-widget_type=\"video.default\">\n\t\t\t\t<div class=\"elementor-widget-container\">\n\t\t\t\t\t\t\t<div class=\"e-hosted-video elementor-wrapper elementor-open-inline\">\n\t\t\t\t\t<video class=\"elementor-video\" src=\"https:\/\/lasatin-eshop.cz\/en\/wp-content\/uploads\/2025\/05\/Video-na-uvodni-stranku.mp4\" autoplay=\"\" muted=\"muted\" playsinline=\"\" controlsList=\"nodownload\"><\/video>\n\t\t\t\t<\/div>\n\t\t\t\t\t\t<\/div>\n\t\t\t\t<\/div>\n\t\t\t\t\t<\/div>\n\t\t<\/div>\n\t\t\t\t<div class=\"elementor-column elementor-col-50 elementor-top-column elementor-element elementor-element-f7ca6ed\" data-id=\"f7ca6ed\" data-element_type=\"column\" id=\"black-block-content\">\n\t\t\t<div class=\"elementor-widget-wrap elementor-element-populated\">\n\t\t\t\t\t\t<div class=\"elementor-element elementor-element-8d0b4ca elementor-widget elementor-widget-heading\" data-id=\"8d0b4ca\" data-element_type=\"widget\" data-widget_type=\"heading.default\">\n\t\t\t\t<div class=\"elementor-widget-container\">\n\t\t\t\t\t<h2 class=\"elementor-heading-title elementor-size-default\">About Us<\/h2>\t\t\t\t<\/div>\n\t\t\t\t<\/div>\n\t\t\t\t<div class=\"elementor-element elementor-element-5f13c84 elementor-widget elementor-widget-text-editor\" data-id=\"5f13c84\" data-element_type=\"widget\" data-widget_type=\"text-editor.default\">\n\t\t\t\t<div class=\"elementor-widget-container\">\n\t\t\t\t\t\t\t\t\t<div dir=\"auto\">Lasatin\u00a0is a Czech brand specializing in luxurious and elegant\u00a0satin\u00a0dresses. We strive to create dresses that not only look beautiful, but also feel comfortable to wear.<\/div><div dir=\"auto\">\u00a0<\/div><div dir=\"auto\">Our dresses are made from high-quality\u00a0satin\u00a0fabrics and are designed to fit every body type. We believe that every woman deserves to feel confident and beautiful in her own skin, and we aim to make that possible through our exquisite dresses.<\/div><div dir=\"auto\">\u00a0<\/div><div dir=\"auto\">At\u00a0Lasatin, we are committed to providing our customers with exceptional service and high-quality products. We believe that our attention to detail and dedication to excellence is what sets us apart from other brands.<\/div><div dir=\"auto\">\u00a0<\/div><div dir=\"auto\">Browse our collection today and discover the beauty and elegance of\u00a0Lasatin\u00a0dresses.<\/div>\t\t\t\t\t\t\t\t<\/div>\n\t\t\t\t<\/div>\n\t\t\t\t<div class=\"elementor-element elementor-element-663e5d6 elementor-align-center elementor-widget elementor-widget-button\" data-id=\"663e5d6\" data-element_type=\"widget\" data-widget_type=\"button.default\">\n\t\t\t\t<div class=\"elementor-widget-container\">\n\t\t\t\t\t\t\t\t\t<div class=\"elementor-button-wrapper\">\n\t\t\t\t\t<a class=\"elementor-button elementor-button-link elementor-size-md\" href=\"https:\/\/lasatin-eshop.cz\/en\/?product=skinny-saty-s-vystrihem-s-vodou\">\n\t\t\t\t\t\t<span class=\"elementor-button-content-wrapper\">\n\t\t\t\t\t\t\t\t\t<span class=\"elementor-button-text\">Product detail<\/span>\n\t\t\t\t\t<\/span>\n\t\t\t\t\t<\/a>\n\t\t\t\t<\/div>\n\t\t\t\t\t\t\t\t<\/div>\n\t\t\t\t<\/div>\n\t\t\t\t\t<\/div>\n\t\t<\/div>\n\t\t\t\t\t<\/div>\n\t\t<\/section>\n\t\t\t\t<section class=\"elementor-section elementor-top-section elementor-element elementor-element-e851251 elementor-section-full_width elementor-section-height-default elementor-section-height-default\" data-id=\"e851251\" data-element_type=\"section\">\n\t\t\t\t\t\t<div class=\"elementor-container elementor-column-gap-default\">\n\t\t\t\t\t<div class=\"elementor-column elementor-col-100 elementor-top-column elementor-element elementor-element-64ea23c\" data-id=\"64ea23c\" data-element_type=\"column\">\n\t\t\t<div class=\"elementor-widget-wrap elementor-element-populated\">\n\t\t\t\t\t\t<div class=\"elementor-element elementor-element-3a00383 elementor-widget elementor-widget-image\" data-id=\"3a00383\" data-element_type=\"widget\" id=\"img-fluid\" data-widget_type=\"image.default\">\n\t\t\t\t<div class=\"elementor-widget-container\">\n\t\t\t\t\t\t\t\t\t\t\t\t\t\t\t<img decoding=\"async\" width=\"2048\" height=\"1799\" src=\"https:\/\/lasatin-eshop.cz\/en\/wp-content\/uploads\/2023\/01\/IMG-20230106-WA0000-1.jpg\" class=\"attachment-full size-full wp-image-61\" alt=\"Lasatin\" srcset=\"https:\/\/lasatin-eshop.cz\/en\/wp-content\/uploads\/2023\/01\/IMG-20230106-WA0000-1.jpg 2048w, https:\/\/lasatin-eshop.cz\/en\/wp-content\/uploads\/2023\/01\/IMG-20230106-WA0000-1-1920x1687.jpg 1920w, https:\/\/lasatin-eshop.cz\/en\/wp-content\/uploads\/2023\/01\/IMG-20230106-WA0000-1-300x264.jpg 300w, https:\/\/lasatin-eshop.cz\/en\/wp-content\/uploads\/2023\/01\/IMG-20230106-WA0000-1-1024x900.jpg 1024w, https:\/\/lasatin-eshop.cz\/en\/wp-content\/uploads\/2023\/01\/IMG-20230106-WA0000-1-768x675.jpg 768w, https:\/\/lasatin-eshop.cz\/en\/wp-content\/uploads\/2023\/01\/IMG-20230106-WA0000-1-1536x1349.jpg 1536w\" sizes=\"(max-width: 2048px) 100vw, 2048px\" \/>\t\t\t\t\t\t\t\t\t\t\t\t\t\t\t<\/div>\n\t\t\t\t<\/div>\n\t\t\t\t\t<\/div>\n\t\t<\/div>\n\t\t\t\t\t<\/div>\n\t\t<\/section>\n\t\t\t\t<\/div>\n\t\t","protected":false},"excerpt":{"rendered":"<p>Welcome to LASATIN a world of luxurious and elegant satin dresses. Our collection offers a wide range of exquisite\u00a0satin\u00a0dresses that are perfect for any occasion. From formal events to casual outings, our dresses are designed to make you feel confident and beautiful.\u00a0Browse our collection of stunning dresses and find your perfect match. Whether you prefer [&hellip;]<\/p>\n","protected":false},"author":1,"featured_media":0,"parent":0,"menu_order":0,"comment_status":"closed","ping_status":"closed","template":"","meta":{"inline_featured_image":false,"site-sidebar-layout":"no-sidebar","site-content-layout":"page-builder","ast-site-content-layout":"","site-content-style":"default","site-sidebar-style":"default","ast-global-header-display":"","ast-banner-title-visibility":"","ast-main-header-display":"","ast-hfb-above-header-display":"","ast-hfb-below-header-display":"","ast-hfb-mobile-header-display":"","site-post-title":"disabled","ast-breadcrumbs-content":"","ast-featured-img":"disabled","footer-sml-layout":"","theme-transparent-header-meta":"","adv-header-id-meta":"","stick-header-meta":"","header-above-stick-meta":"","header-main-stick-meta":"","header-below-stick-meta":"","astra-migrate-meta-layouts":"default","ast-page-background-enabled":"default","ast-page-background-meta":{"desktop":{"background-color":"var(--ast-global-color-4)","background-image":"","background-repeat":"repeat","background-position":"center center","background-size":"auto","background-attachment":"scroll","background-type":"","background-media":"","overlay-type":"","overlay-color":"","overlay-opacity":"","overlay-gradient":""},"tablet":{"background-color":"","background-image":"","background-repeat":"repeat","background-position":"center center","background-size":"auto","background-attachment":"scroll","background-type":"","background-media":"","overlay-type":"","overlay-color":"","overlay-opacity":"","overlay-gradient":""},"mobile":{"background-color":"","background-image":"","background-repeat":"repeat","background-position":"center center","background-size":"auto","background-attachment":"scroll","background-type":"","background-media":"","overlay-type":"","overlay-color":"","overlay-opacity":"","overlay-gradient":""}},"ast-content-background-meta":{"desktop":{"background-color":"var(--ast-global-color-5)","background-image":"","background-repeat":"repeat","background-position":"center center","background-size":"auto","background-attachment":"scroll","background-type":"","background-media":"","overlay-type":"","overlay-color":"","overlay-opacity":"","overlay-gradient":""},"tablet":{"background-color":"var(--ast-global-color-5)","background-image":"","background-repeat":"repeat","background-position":"center center","background-size":"auto","background-attachment":"scroll","background-type":"","background-media":"","overlay-type":"","overlay-color":"","overlay-opacity":"","overlay-gradient":""},"mobile":{"background-color":"var(--ast-global-color-5)","background-image":"","background-repeat":"repeat","background-position":"center center","background-size":"auto","background-attachment":"scroll","background-type":"","background-media":"","overlay-type":"","overlay-color":"","overlay-opacity":"","overlay-gradient":""}},"footnotes":""},"class_list":["post-31","page","type-page","status-publish","hentry"],"yoast_head":"<!-- This site is optimized with the Yoast SEO plugin v25.0 - https:\/\/yoast.com\/wordpress\/plugins\/seo\/ -->\n<title>Homepage -<\/title>\n<meta name=\"robots\" content=\"index, follow, max-snippet:-1, max-image-preview:large, max-video-preview:-1\" \/>\n<link rel=\"canonical\" href=\"https:\/\/lasatin-eshop.cz\/en\/\" \/>\n<meta property=\"og:locale\" content=\"en_GB\" \/>\n<meta property=\"og:type\" content=\"article\" \/>\n<meta property=\"og:title\" content=\"Homepage -\" \/>\n<meta property=\"og:description\" content=\"Welcome to LASATIN a world of luxurious and elegant satin dresses. Our collection offers a wide range of exquisite\u00a0satin\u00a0dresses that are perfect for any occasion. From formal events to casual outings, our dresses are designed to make you feel confident and beautiful.\u00a0Browse our collection of stunning dresses and find your perfect match. Whether you prefer [&hellip;]\" \/>\n<meta property=\"og:url\" content=\"https:\/\/lasatin-eshop.cz\/en\/\" \/>\n<meta property=\"article:modified_time\" content=\"2025-05-08T18:47:15+00:00\" \/>\n<meta property=\"og:image\" content=\"https:\/\/lasatin-eshop.cz\/en\/wp-content\/uploads\/2023\/01\/ab031bf4-b13f-4249-81a3-af958730b73d.jpeg\" \/>\n\t<meta property=\"og:image:width\" content=\"1080\" \/>\n\t<meta property=\"og:image:height\" content=\"1350\" \/>\n\t<meta property=\"og:image:type\" content=\"image\/jpeg\" \/>\n<meta name=\"twitter:card\" content=\"summary_large_image\" \/>\n<meta name=\"twitter:label1\" content=\"Estimated reading time\" \/>\n\t<meta name=\"twitter:data1\" content=\"2 minutes\" \/>\n<script type=\"application\/ld+json\" class=\"yoast-schema-graph\">{\"@context\":\"https:\/\/schema.org\",\"@graph\":[{\"@type\":\"WebPage\",\"@id\":\"https:\/\/lasatin-eshop.cz\/en\/\",\"url\":\"https:\/\/lasatin-eshop.cz\/en\/\",\"name\":\"Homepage -\",\"isPartOf\":{\"@id\":\"https:\/\/lasatin-eshop.cz\/en\/#website\"},\"primaryImageOfPage\":{\"@id\":\"https:\/\/lasatin-eshop.cz\/en\/#primaryimage\"},\"image\":{\"@id\":\"https:\/\/lasatin-eshop.cz\/en\/#primaryimage\"},\"thumbnailUrl\":\"https:\/\/lasatin-eshop.cz\/en\/wp-content\/uploads\/2023\/01\/ab031bf4-b13f-4249-81a3-af958730b73d.jpeg\",\"datePublished\":\"2023-01-19T08:53:27+00:00\",\"dateModified\":\"2025-05-08T18:47:15+00:00\",\"breadcrumb\":{\"@id\":\"https:\/\/lasatin-eshop.cz\/en\/#breadcrumb\"},\"inLanguage\":\"en-GB\",\"potentialAction\":[{\"@type\":\"ReadAction\",\"target\":[\"https:\/\/lasatin-eshop.cz\/en\/\"]}]},{\"@type\":\"ImageObject\",\"inLanguage\":\"en-GB\",\"@id\":\"https:\/\/lasatin-eshop.cz\/en\/#primaryimage\",\"url\":\"https:\/\/lasatin-eshop.cz\/en\/wp-content\/uploads\/2023\/01\/ab031bf4-b13f-4249-81a3-af958730b73d.jpeg\",\"contentUrl\":\"https:\/\/lasatin-eshop.cz\/en\/wp-content\/uploads\/2023\/01\/ab031bf4-b13f-4249-81a3-af958730b73d.jpeg\",\"width\":1080,\"height\":1350,\"caption\":\"Tatiana Makarenko\"},{\"@type\":\"BreadcrumbList\",\"@id\":\"https:\/\/lasatin-eshop.cz\/en\/#breadcrumb\",\"itemListElement\":[{\"@type\":\"ListItem\",\"position\":1,\"name\":\"Dom\u016f\",\"item\":\"https:\/\/lasatin-eshop.cz\/en\/\"},{\"@type\":\"ListItem\",\"position\":2,\"name\":\"Homepage\"}]},{\"@type\":\"WebSite\",\"@id\":\"https:\/\/lasatin-eshop.cz\/en\/#website\",\"url\":\"https:\/\/lasatin-eshop.cz\/en\/\",\"name\":\"Lasatin\",\"description\":\"Produkty vyr\u00e1b\u011bn\u00e9 s l\u00e1skou a ohledem k p\u0159\u00edrod\u011b z luxusn\u00edho a udr\u017eiteln\u00e9ho sat\u00e9nu - Armani hedv\u00e1b\u00ed.\",\"publisher\":{\"@id\":\"https:\/\/lasatin-eshop.cz\/en\/#organization\"},\"potentialAction\":[{\"@type\":\"SearchAction\",\"target\":{\"@type\":\"EntryPoint\",\"urlTemplate\":\"https:\/\/lasatin-eshop.cz\/en\/?s={search_term_string}\"},\"query-input\":{\"@type\":\"PropertyValueSpecification\",\"valueRequired\":true,\"valueName\":\"search_term_string\"}}],\"inLanguage\":\"en-GB\"},{\"@type\":\"Organization\",\"@id\":\"https:\/\/lasatin-eshop.cz\/en\/#organization\",\"name\":\"lasatin\",\"url\":\"https:\/\/lasatin-eshop.cz\/en\/\",\"logo\":{\"@type\":\"ImageObject\",\"inLanguage\":\"en-GB\",\"@id\":\"https:\/\/lasatin-eshop.cz\/en\/#\/schema\/logo\/image\/\",\"url\":\"https:\/\/lasatin-eshop.cz\/en\/wp-content\/uploads\/2023\/06\/lasatin-logo-barevne-pruhledne-pozadi.png\",\"contentUrl\":\"https:\/\/lasatin-eshop.cz\/en\/wp-content\/uploads\/2023\/06\/lasatin-logo-barevne-pruhledne-pozadi.png\",\"width\":512,\"height\":512,\"caption\":\"lasatin\"},\"image\":{\"@id\":\"https:\/\/lasatin-eshop.cz\/en\/#\/schema\/logo\/image\/\"}}]}<\/script>\n<!-- \/ Yoast SEO plugin. -->","yoast_head_json":{"title":"Homepage -","robots":{"index":"index","follow":"follow","max-snippet":"max-snippet:-1","max-image-preview":"max-image-preview:large","max-video-preview":"max-video-preview:-1"},"canonical":"https:\/\/lasatin-eshop.cz\/en\/","og_locale":"en_GB","og_type":"article","og_title":"Homepage -","og_description":"Welcome to LASATIN a world of luxurious and elegant satin dresses. Our collection offers a wide range of exquisite\u00a0satin\u00a0dresses that are perfect for any occasion. From formal events to casual outings, our dresses are designed to make you feel confident and beautiful.\u00a0Browse our collection of stunning dresses and find your perfect match. Whether you prefer [&hellip;]","og_url":"https:\/\/lasatin-eshop.cz\/en\/","article_modified_time":"2025-05-08T18:47:15+00:00","og_image":[{"width":1080,"height":1350,"url":"https:\/\/lasatin-eshop.cz\/en\/wp-content\/uploads\/2023\/01\/ab031bf4-b13f-4249-81a3-af958730b73d.jpeg","type":"image\/jpeg"}],"twitter_card":"summary_large_image","twitter_misc":{"Estimated reading time":"2 minutes"},"schema":{"@context":"https:\/\/schema.org","@graph":[{"@type":"WebPage","@id":"https:\/\/lasatin-eshop.cz\/en\/","url":"https:\/\/lasatin-eshop.cz\/en\/","name":"Homepage -","isPartOf":{"@id":"https:\/\/lasatin-eshop.cz\/en\/#website"},"primaryImageOfPage":{"@id":"https:\/\/lasatin-eshop.cz\/en\/#primaryimage"},"image":{"@id":"https:\/\/lasatin-eshop.cz\/en\/#primaryimage"},"thumbnailUrl":"https:\/\/lasatin-eshop.cz\/en\/wp-content\/uploads\/2023\/01\/ab031bf4-b13f-4249-81a3-af958730b73d.jpeg","datePublished":"2023-01-19T08:53:27+00:00","dateModified":"2025-05-08T18:47:15+00:00","breadcrumb":{"@id":"https:\/\/lasatin-eshop.cz\/en\/#breadcrumb"},"inLanguage":"en-GB","potentialAction":[{"@type":"ReadAction","target":["https:\/\/lasatin-eshop.cz\/en\/"]}]},{"@type":"ImageObject","inLanguage":"en-GB","@id":"https:\/\/lasatin-eshop.cz\/en\/#primaryimage","url":"https:\/\/lasatin-eshop.cz\/en\/wp-content\/uploads\/2023\/01\/ab031bf4-b13f-4249-81a3-af958730b73d.jpeg","contentUrl":"https:\/\/lasatin-eshop.cz\/en\/wp-content\/uploads\/2023\/01\/ab031bf4-b13f-4249-81a3-af958730b73d.jpeg","width":1080,"height":1350,"caption":"Tatiana Makarenko"},{"@type":"BreadcrumbList","@id":"https:\/\/lasatin-eshop.cz\/en\/#breadcrumb","itemListElement":[{"@type":"ListItem","position":1,"name":"Dom\u016f","item":"https:\/\/lasatin-eshop.cz\/en\/"},{"@type":"ListItem","position":2,"name":"Homepage"}]},{"@type":"WebSite","@id":"https:\/\/lasatin-eshop.cz\/en\/#website","url":"https:\/\/lasatin-eshop.cz\/en\/","name":"Lasatin","description":"Produkty vyr\u00e1b\u011bn\u00e9 s l\u00e1skou a ohledem k p\u0159\u00edrod\u011b z luxusn\u00edho a udr\u017eiteln\u00e9ho sat\u00e9nu - Armani hedv\u00e1b\u00ed.","publisher":{"@id":"https:\/\/lasatin-eshop.cz\/en\/#organization"},"potentialAction":[{"@type":"SearchAction","target":{"@type":"EntryPoint","urlTemplate":"https:\/\/lasatin-eshop.cz\/en\/?s={search_term_string}"},"query-input":{"@type":"PropertyValueSpecification","valueRequired":true,"valueName":"search_term_string"}}],"inLanguage":"en-GB"},{"@type":"Organization","@id":"https:\/\/lasatin-eshop.cz\/en\/#organization","name":"lasatin","url":"https:\/\/lasatin-eshop.cz\/en\/","logo":{"@type":"ImageObject","inLanguage":"en-GB","@id":"https:\/\/lasatin-eshop.cz\/en\/#\/schema\/logo\/image\/","url":"https:\/\/lasatin-eshop.cz\/en\/wp-content\/uploads\/2023\/06\/lasatin-logo-barevne-pruhledne-pozadi.png","contentUrl":"https:\/\/lasatin-eshop.cz\/en\/wp-content\/uploads\/2023\/06\/lasatin-logo-barevne-pruhledne-pozadi.png","width":512,"height":512,"caption":"lasatin"},"image":{"@id":"https:\/\/lasatin-eshop.cz\/en\/#\/schema\/logo\/image\/"}}]}},"_links":{"self":[{"href":"https:\/\/lasatin-eshop.cz\/en\/index.php?rest_route=\/wp\/v2\/pages\/31","targetHints":{"allow":["GET"]}}],"collection":[{"href":"https:\/\/lasatin-eshop.cz\/en\/index.php?rest_route=\/wp\/v2\/pages"}],"about":[{"href":"https:\/\/lasatin-eshop.cz\/en\/index.php?rest_route=\/wp\/v2\/types\/page"}],"author":[{"embeddable":true,"href":"https:\/\/lasatin-eshop.cz\/en\/index.php?rest_route=\/wp\/v2\/users\/1"}],"replies":[{"embeddable":true,"href":"https:\/\/lasatin-eshop.cz\/en\/index.php?rest_route=%2Fwp%2Fv2%2Fcomments&post=31"}],"version-history":[{"count":51,"href":"https:\/\/lasatin-eshop.cz\/en\/index.php?rest_route=\/wp\/v2\/pages\/31\/revisions"}],"predecessor-version":[{"id":5570,"href":"https:\/\/lasatin-eshop.cz\/en\/index.php?rest_route=\/wp\/v2\/pages\/31\/revisions\/5570"}],"wp:attachment":[{"href":"https:\/\/lasatin-eshop.cz\/en\/index.php?rest_route=%2Fwp%2Fv2%2Fmedia&parent=31"}],"curies":[{"name":"wp","href":"https:\/\/api.w.org\/{rel}","templated":true}]}}