{"id":5482,"date":"2023-08-25T18:52:52","date_gmt":"2023-08-25T16:52:52","guid":{"rendered":"https:\/\/lasatin-eshop.cz\/en\/\/?page_id=5482"},"modified":"2025-06-16T09:19:41","modified_gmt":"2025-06-16T07:19:41","slug":"terms-and-conditions","status":"publish","type":"page","link":"https:\/\/lasatin-eshop.cz\/en\/?page_id=5482","title":{"rendered":"Terms and Conditions"},"content":{"rendered":"<p>Obchodn\u00ed podm\u00ednky<br>V\u0161eobecn\u00e9 obchodn\u00ed podm\u00ednky<\/p><p>1.1 \u201eProd\u00e1vaj\u00edc\u00edm\u201c se rozum\u00ed obchodn\u00edk Andrea Van\u00ed\u010dkov\u00e1, se s\u00eddlem Lidick\u00e1 700\/19 602 00 Brno \u2013 Veve\u0159\u00ed, I\u010c76671071, \u00a8<\/p><p>1.2 \u201eKupuj\u00edc\u00edm\u201c se rozum\u00ed pr\u00e1vnick\u00e1 \u010di fyzick\u00e1 osoba, kter\u00e1 uzav\u00edr\u00e1 s prod\u00e1vaj\u00edc\u00edm kupn\u00ed smlouvu, jej\u00ed\u017e sou\u010d\u00e1st\u00ed jsou tyto obchodn\u00ed podm\u00ednky.<\/p><p>1.3 \u201eKupn\u00ed smlouvou\u201c se rozum\u00ed kupn\u00ed smlouva uzav\u00edran\u00e1 mezi prod\u00e1vaj\u00edc\u00edm a kupuj\u00edc\u00edm, a jej\u00ed\u017e sou\u010d\u00e1st\u00ed jsou tyto obchodn\u00ed podm\u00ednky, na z\u00e1klad\u011b, kter\u00e9 se prod\u00e1vaj\u00edc\u00ed zavazuje uskute\u010dnit kupuj\u00edc\u00edmu dod\u00e1vky zbo\u017e\u00ed dle jednotliv\u00fdch objedn\u00e1vek kupuj\u00edc\u00edho. kupuj\u00edc\u00ed se zavazuje objednan\u00e9 zbo\u017e\u00ed p\u0159evz\u00edt a zaplatit za n\u011bj prod\u00e1vaj\u00edc\u00edmu sjednanou cenu.<\/p><p>1.4 \u201eE-shopem\u201c se rozum\u00ed internetov\u00fd obchod provozovan\u00fd prod\u00e1vaj\u00edc\u00edm a dostupn\u00fd pro u\u017eivatele z internetov\u00e9 adresy www.lasatin-eshop.cz.<\/p><p>1.5 \u201eU\u017eivatelem\u201c se rozum\u00ed u\u017eivatel celosv\u011btov\u00e9 s\u00edt\u011b internet.<\/p><p>1.6 \u201eObchodn\u00edmi podm\u00ednkami\u201c se rozum\u00ed tyto v\u0161eobecn\u00e9 obchodn\u00ed podm\u00ednky prod\u00e1vaj\u00edc\u00edho, je\u017e jsou pro u\u017eivatele dostupn\u00e9 z internetov\u00e9 adresy: www.lasatin-eshop.cz\/\u2026ky\/.<\/p><p>1.7 \u201eSpot\u0159ebitelem\u201c se rozum\u00ed \u010dlov\u011bk, kter\u00fd uzav\u00edr\u00e1 jako kupuj\u00edc\u00ed kupn\u00ed smlouvu mimo r\u00e1mec sv\u00e9 podnikatelsk\u00e9 \u010dinnosti nebo mimo r\u00e1mec samostatn\u00e9ho v\u00fdkonu sv\u00e9ho povol\u00e1n\u00ed.<\/p><p>1.8 \u201ePodnikatelem\u201c se rozum\u00ed osoba, kter\u00e1 uzav\u00edr\u00e1 kupn\u00ed smlouvu s prod\u00e1vaj\u00edc\u00edm v r\u00e1mci sv\u00e9 podnikatelsk\u00e9 \u010dinnosti nebo v souvislosti s n\u00ed. Za podnikatele bude pova\u017eov\u00e1na jak\u00e1koli osoba, kter\u00e1 v r\u00e1mci objedn\u00e1vky zbo\u017e\u00ed uvede sv\u00e9 identifika\u010dn\u00ed \u010d\u00edslo (I\u010c).<\/p><p>1.9 \u201eZ\u00e1sadami ochrany osobn\u00edch \u00fadaj\u016f\u201c se rozum\u00ed z\u00e1sady, jimi\u017e se prod\u00e1vaj\u00edc\u00ed \u0159\u00edd\u00ed p\u0159i zpracov\u00e1n\u00ed osobn\u00edch \u00fadaj\u016f, a kter\u00e9 jsou dostupn\u00e9 na adrese www.lasatin-eshop.cz\/\u2026ju\/.<\/p><p>1.10 \u201eZbo\u017e\u00edm\u201c se rozum\u00ed zbo\u017e\u00ed prod\u00e1van\u00e9 prod\u00e1vaj\u00edc\u00edm v e-shopu. 2. Z\u00e1kladn\u00ed ustanoven\u00ed<\/p><p>2.1 Tyto obchodn\u00ed podm\u00ednky upravuj\u00ed v souladu s ust. \u00a7 1751 odst. 1 z\u00e1k. \u010d. 89\/2012 Sb., ob\u010dansk\u00fd z\u00e1kon\u00edk (d\u00e1le jen \u201eOb\u010dansk\u00fd z\u00e1kon\u00edk\u201c) vz\u00e1jemn\u00e1 pr\u00e1va a povinnosti prod\u00e1vaj\u00edc\u00edho a kupuj\u00edc\u00edho vznikl\u00e9 v souvislosti s uzav\u0159en\u00edm kupn\u00ed smlouvy prost\u0159ednictv\u00edm e-shopu.<\/p><p>2.2 Ustanoven\u00ed obchodn\u00edch podm\u00ednek jsou ned\u00edlnou sou\u010d\u00e1st\u00ed kupn\u00ed smlouvy. Kupn\u00ed smlouva a obchodn\u00ed podm\u00ednky jsou vyhotoveny v \u010desk\u00e9m jazyce. Kupn\u00ed smlouva je uzav\u00edr\u00e1na v \u010desk\u00e9m jazyce<\/p><p>3.1 Ve\u0161ker\u00e9 smluvn\u00ed vztahy jsou uzav\u0159eny v souladu s pr\u00e1vn\u00edm \u0159\u00e1dem \u010cesk\u00e9 republiky. Je-li smluvn\u00ed stranou spot\u0159ebitel, \u0159\u00edd\u00ed se vztahy neupraven\u00e9 obchodn\u00edmi podm\u00ednkami ob\u010dansk\u00fdm z\u00e1kon\u00edkem (z\u00e1kon \u010d. 40\/1964 Sb.) a z\u00e1konem o ochran\u011b spot\u0159ebitele (z\u00e1kon \u010d. 634\/1992 Sb.). Je-li smluvn\u00ed stranou nikoli spot\u0159ebitel, n\u00fdbr\u017e podnikatel nebo pr\u00e1vnick\u00e1 osoba, \u0159\u00edd\u00ed se vztahy neupraven\u00e9 V\u0161eobecn\u00fdmi obchodn\u00edmi podm\u00ednkami obchodn\u00edm z\u00e1kon\u00edkem, z\u00e1konem \u010d. 513\/1991 Sb., v\u0161e v platn\u00e9m zn\u011bn\u00ed. Odesl\u00e1n\u00edm z\u00e1vazn\u00e9 objedn\u00e1vky z\u00e1kazn\u00edk \u2013 kupuj\u00edc\u00ed potvrzuje, \u017ee se sezn\u00e1mil a projevil souhlas s kompletn\u00edm zn\u011bn\u00edm t\u011bchto Obchodn\u00edch podm\u00ednek a v\u0161ech jejich sou\u010d\u00e1st\u00ed platn\u00fdch pro internetov\u00fd obchod https:\/\/lasatin-eshop.cz\/ v okam\u017eiku proveden\u00ed objedn\u00e1vky. Sou\u010dasn\u011b akceptuje ceny, kter\u00e9 jsou platn\u00e9 v okam\u017eiku odesl\u00e1n\u00ed objedn\u00e1vky. Na tyto V\u0161eobecn\u00e9 obchodn\u00ed podm\u00ednky je kupuj\u00edc\u00ed dostate\u010dn\u00fdm zp\u016fsobem p\u0159ed vlastn\u00edm uskute\u010dn\u011bn\u00edm objedn\u00e1vky upozorn\u011bn a m\u00e1 mo\u017enost se s nimi sezn\u00e1mit, stejn\u011b tak i s cenou objednan\u00e9ho zbo\u017e\u00ed. Tyto V\u0161eobecn\u00e9 obchodn\u00ed podm\u00ednky jsou ned\u00edlnou sou\u010d\u00e1st\u00ed uzav\u0159en\u00e9 smlouvy. V p\u0159\u00edpad\u011b odchyln\u00fdch p\u00edsemn\u00fdch ujedn\u00e1n\u00ed plat\u00ed ujedn\u00e1n\u00ed t\u011bchto zvl\u00e1\u0161tn\u00edch podm\u00ednek. Prod\u00e1vaj\u00edc\u00ed i Kupuj\u00edc\u00ed souhlas\u00ed, \u017ee v p\u0159\u00edpad\u011b sporu mezi nimi vznikl\u00e9ho ze smluvn\u00edch vztah\u016f dle t\u011bchto V\u0161eobecn\u00fdch smluvn\u00edch podm\u00ednek, budou tyto spory rozhodov\u00e1ny s kone\u010dnou platnost\u00ed Rozhod\u010d\u00edm soudem p\u0159i Hospod\u00e1\u0159sk\u00e9 komo\u0159e \u010cR a Agr\u00e1rn\u00ed komo\u0159e \u010cR podle jeho \u0158\u00e1du a Pravidel, a to jedn\u00edm rozhodcem jmenovan\u00fdm p\u0159edsedou Rozhod\u010d\u00edho soudu ze seznamu rozhodc\u016f.<\/p><p>3.2. OBJEDN\u00c1VKA A UZAV\u0158EN\u00cd KUPN\u00cd SMLOUVY<\/p><p>Pojmem objedn\u00e1vka se pro tyto V\u0161eobecn\u00e9 obchodn\u00ed podm\u00ednky rozum\u00ed jednostrann\u00fd pr\u00e1vn\u00ed \u00fakon Kupuj\u00edc\u00edho sm\u011b\u0159uj\u00edc\u00ed v\u016f\u010di Prod\u00e1vaj\u00edc\u00edmu s c\u00edlem obdr\u017eet od n\u011bj objednan\u00e9 pln\u011bn\u00ed (d\u00e1le jen \u201eObjedn\u00e1vka\u201c). U\u010dinit objedn\u00e1vku je mo\u017en\u00e9 pouze prost\u0159ednictv\u00edm n\u00e1kupn\u00edho ko\u0161\u00edku a webov\u00e9ho rozhran\u00ed lasatin-eshop.cz nebo na instagramu lasatinofficial. Takto u\u010din\u011bn\u00e1 objedn\u00e1vka mus\u00ed spl\u0148ovat ur\u010dit\u00e9 minim\u00e1ln\u00ed n\u00e1le\u017eitosti a obsahovat ur\u010dit\u00e9 nezbytn\u00e9 \u00fadaje pro \u0159\u00e1dn\u00e9 vystaven\u00ed doklad\u016f a rychl\u00e9 doru\u010den\u00ed skute\u010dn\u011b po\u017eadovan\u00e9ho zbo\u017e\u00ed k z\u00e1kazn\u00edkovi. Objedn\u00e1vku, kter\u00e1 nespl\u0148uje podstatn\u00e9 n\u00e1le\u017eitosti a nezbytn\u00e9 \u00fadaje, je Prod\u00e1vaj\u00edc\u00ed opr\u00e1vn\u011bn odm\u00edtnout nebo vr\u00e1tit Kupuj\u00edc\u00edmu k dopln\u011bn\u00ed a poskytnout mu k tomu p\u0159im\u011b\u0159enou lh\u016ftu. Jej\u00ed marn\u00e9 uplynut\u00ed m\u00e1 za n\u00e1sledek, \u017ee se na objedn\u00e1vku hled\u00ed, jako by nebyla nikdy doru\u010dena. Kupuj\u00edc\u00ed m\u00e1 mo\u017enost je\u0161t\u011b neodeslanou objedn\u00e1vku zkontrolovat a opravit. Objedn\u00e1vka Kupuj\u00edc\u00edho je n\u00e1vrhem kupn\u00ed smlouvy a samotn\u00e1 kupn\u00ed smlouva je uzav\u0159ena momentem doru\u010den\u00ed z\u00e1vazn\u00e9ho souhlasu Prod\u00e1vaj\u00edc\u00edho Kupuj\u00edc\u00edmu s t\u00edmto jeho n\u00e1vrhem (z\u00e1vazn\u00fdm potvrzen\u00edm objedn\u00e1vky ze strany Prod\u00e1vaj\u00edc\u00edho), a to prost\u0159ednictv\u00edm emailu na adresu, kterou Kupuj\u00edc\u00ed uvedl v objedn\u00e1vce nebo p\u0159i registraci. Od tohoto momentu mezi Kupuj\u00edc\u00edm a Prod\u00e1vaj\u00edc\u00edm vznikaj\u00ed vz\u00e1jemn\u00e1 pr\u00e1va a povinnosti.<\/p><p><strong>Z\u00e1kaznick\u00e9 \u00fapravy a p\u0159\u00edplatek za velikosti PLUS SIZE<\/strong>. Z\u00e1kazn\u00edk bere na v\u011bdom\u00ed, \u017ee standardn\u00ed velikostn\u00ed rozp\u011bt\u00ed kolekce LASATIN je&nbsp;<strong>XS a\u017e L<\/strong>. V p\u0159\u00edpad\u011b, \u017ee z\u00e1kazn\u00edk po\u017eaduje od\u011bv mimo toto standardn\u00ed rozp\u011bt\u00ed (<strong>tj. velikost nad L<\/strong>), nebo si p\u0159eje, aby byl od\u011bv u\u0161it&nbsp;<strong>metodou made-to-measure<\/strong>&nbsp;<strong>(na m\u00edru)<\/strong>&nbsp;bude k z\u00e1kladn\u00ed cen\u011b modelu automaticky p\u0159ipo\u010dten&nbsp;<strong>p\u0159\u00edplatek ve v\u00fd\u0161i 30%.<\/strong>Tento p\u0159\u00edplatek reflektuje zv\u00fd\u0161enou spot\u0159ebu materi\u00e1lu a n\u00e1klady s individu\u00e1ln\u00edm p\u0159izp\u016fsoben\u00edm st\u0159ihu. Objedn\u00e1n\u00ed takov\u00e9ho zbo\u017e\u00ed z\u00e1kazn\u00edk s t\u00edmto p\u0159\u00edplatkem souhlas\u00ed<\/p><p><\/p><p>3.3 ZRU\u0160EN\u00cd OBJEDN\u00c1VKY<\/p><p>Na\u0161e LASATIN produkty jsou personalizovan\u00e9, \u0161it\u00e9 na zak\u00e1zku dle p\u0159\u00e1n\u00ed klientky (tomu se rozum\u00ed v\u00fdb\u011br velikosti, barvy, d\u00e9lky, pop\u0159\u00edpad\u011b \u00faprava st\u0159ih\u016f dle nekonfek\u010dn\u00ed postavy klientky) kupuj\u00edc\u00ed m\u016f\u017ee objedn\u00e1vku zru\u0161it, resp. stornovat bez uveden\u00ed d\u016fvodu do 24 hodin od jej\u00edho zaplacen\u00ed. Zru\u0161en\u00ed lze prov\u00e9st e-mailem na adrese lasatinofficial@gmail.com. Pokud bude objedn\u00e1vka zru\u0161ena ze strany Prod\u00e1vaj\u00edc\u00edho, bude Kupuj\u00edc\u00ed na tuto skute\u010dnost upozorn\u011bn emailovou zpr\u00e1vou, na adresu, kterou uvedl ve sv\u00e9 objedn\u00e1vce. V tomto p\u0159\u00edpad\u011b bude n\u00e1sledovat domluva mezi smluvn\u00edmi stranami ohledn\u011b dal\u0161\u00edho postupu (n\u00e1hrada objednan\u00e9ho zbo\u017e\u00ed jin\u00fdm, zru\u0161en\u00ed cel\u00e9 objedn\u00e1vky apod.). Pokud si kupuj\u00edc\u00ed neodebere objednan\u00e9 zbo\u017e\u00ed bez p\u0159ede\u0161l\u00e9ho zru\u0161en\u00ed objedn\u00e1vky (akceptovan\u00e9 prodejcem), nese ke sv\u00e9 t\u00ed\u017ei vznikl\u00e9 n\u00e1klady s doru\u010den\u00edm tohoto zbo\u017e\u00ed. T\u00edm nen\u00ed dot\u010deno pr\u00e1vo spot\u0159ebitele zbo\u017e\u00ed nep\u0159evz\u00edt z d\u016fvodu rozporu s kupn\u00ed smlouvou (viz. \u010dl\u00e1nek VII. t\u011bchto V\u0161eobecn\u00fdch obchodn\u00edch podm\u00ednek a Reklama\u010dn\u00ed \u0159\u00e1d).<\/p><p>3.4. DODAC\u00cd PODM\u00cdNKY<\/p><p>Dodac\u00ed lh\u016fta objednan\u00e9ho zbo\u017e\u00ed je zpravidla od 7 do 21 dn\u016f po uzav\u0159en\u00ed kupn\u00ed smlouvy, tj. po z\u00e1vazn\u00e9m potvrzen\u00ed objedn\u00e1vky ze strany Prod\u00e1vaj\u00edc\u00edho. Ve v\u00fdjime\u010dn\u00fdch p\u0159\u00edpadech, nez\u00e1visl\u00fdch na v\u016fli Prod\u00e1vaj\u00edc\u00edho, kdy ani s vynalo\u017een\u00edm ve\u0161ker\u00e9 odborn\u00e9 p\u00e9\u010de Prod\u00e1vaj\u00edc\u00edho nelze dodr\u017eet dodac\u00ed lh\u016ftu specifikovanou v odstavci 1 a 2 t\u011bchto V\u0161eobecn\u00fdch obchodn\u00edch podm\u00ednek, si prod\u00e1vaj\u00edc\u00ed vyhrazuje pr\u00e1vo dodac\u00ed lh\u016ftu prodlou\u017eit. V takov\u00e9mto p\u0159\u00edpad\u011b se Prod\u00e1vaj\u00edc\u00ed zavazuje neprodlen\u011b informovat Kupuj\u00edc\u00edho o zm\u011bn\u011b term\u00ednu doru\u010den\u00ed zbo\u017e\u00ed. Objednan\u00e9 zbo\u017e\u00ed bude zasl\u00e1no na adresu doru\u010den\u00ed podle v\u00fdb\u011bru z\u00e1kazn\u00edka kur\u00fdrem, nebo p\u0159ipraveno k osobn\u00edmu odb\u011bru. K cen\u011b objedn\u00e1vky bude p\u0159ipo\u010dteno po\u0161tovn\u00e9 pro z\u00e1silky s m\u00edstem dod\u00e1n\u00ed. Zasl\u00e1n\u00ed zbo\u017e\u00ed do ostatn\u00edch zem\u00ed bude \u0159e\u0161eno individu\u00e1ln\u011b a prod\u00e1vaj\u00edc\u00ed si v t\u011bchto p\u0159\u00edpadech vyhrazuje pr\u00e1vo po\u017eadovat \u00fahradu zbo\u017e\u00ed i po\u0161tovn\u00e9ho p\u0159edem. K ve\u0161ker\u00e9mu zakoupen\u00e9mu zbo\u017e\u00ed je v\u017edy p\u0159ilo\u017een da\u0148ov\u00fd doklad, kter\u00fd slou\u017e\u00ed z\u00e1rove\u0148 jako dodac\u00ed a z\u00e1ru\u010dn\u00ed list. Okam\u017eikem p\u0159evzet\u00ed zbo\u017e\u00ed Kupuj\u00edc\u00edm p\u0159ech\u00e1z\u00ed na n\u011bho odpov\u011bdnost za nahodilou zk\u00e1zu, po\u0161kozen\u00ed \u010di ztr\u00e1tu zbo\u017e\u00ed.<\/p><p>3.5 KUPN\u00cd CENA A PLATEBN\u00cd PODM\u00cdNKY<\/p><p>Zp\u016fsob platby jak\u00e9hokoli zbo\u017e\u00ed \u2013 bankovn\u00edm p\u0159evodem. V p\u0159\u00edpad\u011b platby bankovn\u00edm p\u0159evodem je kupuj\u00edc\u00ed povinen uhradit kupn\u00ed cenu p\u0159evodem na \u00fa\u010det prod\u00e1vaj\u00edc\u00edho. Platbu je t\u0159eba prov\u00e9st do 5 (p\u011bti) pracovn\u00edch dn\u016f od pod\u00e1n\u00ed z\u00e1vazn\u00e9 objedn\u00e1vky. Kupuj\u00edc\u00ed nabude vlastnick\u00e9 pr\u00e1vo ke zbo\u017e\u00ed a\u017e \u00fapln\u00fdm zaplacen\u00edm kupn\u00ed ceny. N\u00e1klady vznikl\u00e9 kupuj\u00edc\u00edmu p\u0159i pou\u017eit\u00ed komunika\u010dn\u00edch prost\u0159edk\u016f na d\u00e1lku v souvislosti s uzav\u0159en\u00edm kupn\u00ed smlouvy (n\u00e1klady na internetov\u00e9 p\u0159ipojen\u00ed, n\u00e1klady na telefonn\u00ed hovory) si hrad\u00ed kupuj\u00edc\u00ed s\u00e1m.<\/p><p>3.6. Z\u00c1RUKA, REKLAMACE (PR\u00c1VA Z ODPOV\u011aDNOSTI ZA VADY)<\/p><p>Z\u00e1ru\u010dn\u00ed doba a podm\u00ednky reklamace zbo\u017e\u00ed se \u0159\u00edd\u00ed p\u0159\u00edslu\u0161n\u00fdmi ustanoven\u00edmi Ob\u010dansk\u00e9ho z\u00e1kon\u00edku. Kupuj\u00edc\u00ed je povinen zbo\u017e\u00ed po jeho p\u0159evzet\u00ed prohl\u00e9dnout tak, aby zjistil p\u0159\u00edpadn\u00e9 vady a po\u0161kozen\u00ed. P\u0159\u00edpadn\u00e9 vady je kupuj\u00edc\u00ed povinen neprodlen\u011b hl\u00e1sit prod\u00e1vaj\u00edc\u00edmu, a to p\u00edsemn\u011b, e-mailem, \u010di telefonicky.<\/p>","protected":false},"excerpt":{"rendered":"<p>Obchodn\u00ed podm\u00ednkyV\u0161eobecn\u00e9 obchodn\u00ed podm\u00ednky 1.1 \u201eProd\u00e1vaj\u00edc\u00edm\u201c se rozum\u00ed obchodn\u00edk Andrea Van\u00ed\u010dkov\u00e1, se s\u00eddlem Lidick\u00e1 700\/19 602 00 Brno \u2013 Veve\u0159\u00ed, I\u010c76671071, \u00a8 1.2 \u201eKupuj\u00edc\u00edm\u201c se rozum\u00ed pr\u00e1vnick\u00e1 \u010di fyzick\u00e1 osoba, kter\u00e1 uzav\u00edr\u00e1 s prod\u00e1vaj\u00edc\u00edm kupn\u00ed smlouvu, jej\u00ed\u017e sou\u010d\u00e1st\u00ed jsou tyto obchodn\u00ed podm\u00ednky. 1.3 \u201eKupn\u00ed smlouvou\u201c se rozum\u00ed kupn\u00ed smlouva uzav\u00edran\u00e1 mezi prod\u00e1vaj\u00edc\u00edm a kupuj\u00edc\u00edm, a [&hellip;]<\/p>\n","protected":false},"author":1,"featured_media":0,"parent":0,"menu_order":0,"comment_status":"closed","ping_status":"closed","template":"","meta":{"inline_featured_image":false,"site-sidebar-layout":"default","site-content-layout":"","ast-site-content-layout":"default","site-content-style":"default","site-sidebar-style":"default","ast-global-header-display":"","ast-banner-title-visibility":"","ast-main-header-display":"","ast-hfb-above-header-display":"","ast-hfb-below-header-display":"","ast-hfb-mobile-header-display":"","site-post-title":"","ast-breadcrumbs-content":"","ast-featured-img":"","footer-sml-layout":"","theme-transparent-header-meta":"","adv-header-id-meta":"","stick-header-meta":"","header-above-stick-meta":"","header-main-stick-meta":"","header-below-stick-meta":"","astra-migrate-meta-layouts":"set","ast-page-background-enabled":"default","ast-page-background-meta":{"desktop":{"background-color":"var(--ast-global-color-4)","background-image":"","background-repeat":"repeat","background-position":"center center","background-size":"auto","background-attachment":"scroll","background-type":"","background-media":"","overlay-type":"","overlay-color":"","overlay-opacity":"","overlay-gradient":""},"tablet":{"background-color":"","background-image":"","background-repeat":"repeat","background-position":"center center","background-size":"auto","background-attachment":"scroll","background-type":"","background-media":"","overlay-type":"","overlay-color":"","overlay-opacity":"","overlay-gradient":""},"mobile":{"background-color":"","background-image":"","background-repeat":"repeat","background-position":"center center","background-size":"auto","background-attachment":"scroll","background-type":"","background-media":"","overlay-type":"","overlay-color":"","overlay-opacity":"","overlay-gradient":""}},"ast-content-background-meta":{"desktop":{"background-color":"var(--ast-global-color-5)","background-image":"","background-repeat":"repeat","background-position":"center center","background-size":"auto","background-attachment":"scroll","background-type":"","background-media":"","overlay-type":"","overlay-color":"","overlay-opacity":"","overlay-gradient":""},"tablet":{"background-color":"var(--ast-global-color-5)","background-image":"","background-repeat":"repeat","background-position":"center center","background-size":"auto","background-attachment":"scroll","background-type":"","background-media":"","overlay-type":"","overlay-color":"","overlay-opacity":"","overlay-gradient":""},"mobile":{"background-color":"var(--ast-global-color-5)","background-image":"","background-repeat":"repeat","background-position":"center center","background-size":"auto","background-attachment":"scroll","background-type":"","background-media":"","overlay-type":"","overlay-color":"","overlay-opacity":"","overlay-gradient":""}},"footnotes":""},"class_list":["post-5482","page","type-page","status-publish","hentry"],"yoast_head":"<!-- This site is optimized with the Yoast SEO plugin v25.0 - https:\/\/yoast.com\/wordpress\/plugins\/seo\/ -->\n<title>Terms and Conditions -<\/title>\n<meta name=\"robots\" content=\"index, follow, max-snippet:-1, max-image-preview:large, max-video-preview:-1\" \/>\n<link rel=\"canonical\" href=\"https:\/\/lasatin-eshop.cz\/en\/?page_id=5482\" \/>\n<meta property=\"og:locale\" content=\"en_GB\" \/>\n<meta property=\"og:type\" content=\"article\" \/>\n<meta property=\"og:title\" content=\"Terms and Conditions -\" \/>\n<meta property=\"og:description\" content=\"Obchodn\u00ed podm\u00ednkyV\u0161eobecn\u00e9 obchodn\u00ed podm\u00ednky 1.1 \u201eProd\u00e1vaj\u00edc\u00edm\u201c se rozum\u00ed obchodn\u00edk Andrea Van\u00ed\u010dkov\u00e1, se s\u00eddlem Lidick\u00e1 700\/19 602 00 Brno \u2013 Veve\u0159\u00ed, I\u010c76671071, \u00a8 1.2 \u201eKupuj\u00edc\u00edm\u201c se rozum\u00ed pr\u00e1vnick\u00e1 \u010di fyzick\u00e1 osoba, kter\u00e1 uzav\u00edr\u00e1 s prod\u00e1vaj\u00edc\u00edm kupn\u00ed smlouvu, jej\u00ed\u017e sou\u010d\u00e1st\u00ed jsou tyto obchodn\u00ed podm\u00ednky. 1.3 \u201eKupn\u00ed smlouvou\u201c se rozum\u00ed kupn\u00ed smlouva uzav\u00edran\u00e1 mezi prod\u00e1vaj\u00edc\u00edm a kupuj\u00edc\u00edm, a [&hellip;]\" \/>\n<meta property=\"og:url\" content=\"https:\/\/lasatin-eshop.cz\/en\/?page_id=5482\" \/>\n<meta property=\"article:modified_time\" content=\"2025-06-16T07:19:41+00:00\" \/>\n<meta name=\"twitter:card\" content=\"summary_large_image\" \/>\n<meta name=\"twitter:label1\" content=\"Estimated reading time\" \/>\n\t<meta name=\"twitter:data1\" content=\"6 minutes\" \/>\n<script type=\"application\/ld+json\" class=\"yoast-schema-graph\">{\"@context\":\"https:\/\/schema.org\",\"@graph\":[{\"@type\":\"WebPage\",\"@id\":\"https:\/\/lasatin-eshop.cz\/en\/?page_id=5482\",\"url\":\"https:\/\/lasatin-eshop.cz\/en\/?page_id=5482\",\"name\":\"Terms and Conditions -\",\"isPartOf\":{\"@id\":\"https:\/\/lasatin-eshop.cz\/en\/#website\"},\"datePublished\":\"2023-08-25T16:52:52+00:00\",\"dateModified\":\"2025-06-16T07:19:41+00:00\",\"breadcrumb\":{\"@id\":\"https:\/\/lasatin-eshop.cz\/en\/?page_id=5482#breadcrumb\"},\"inLanguage\":\"en-GB\",\"potentialAction\":[{\"@type\":\"ReadAction\",\"target\":[\"https:\/\/lasatin-eshop.cz\/en\/?page_id=5482\"]}]},{\"@type\":\"BreadcrumbList\",\"@id\":\"https:\/\/lasatin-eshop.cz\/en\/?page_id=5482#breadcrumb\",\"itemListElement\":[{\"@type\":\"ListItem\",\"position\":1,\"name\":\"Dom\u016f\",\"item\":\"https:\/\/lasatin-eshop.cz\/en\/\"},{\"@type\":\"ListItem\",\"position\":2,\"name\":\"Terms and Conditions\"}]},{\"@type\":\"WebSite\",\"@id\":\"https:\/\/lasatin-eshop.cz\/en\/#website\",\"url\":\"https:\/\/lasatin-eshop.cz\/en\/\",\"name\":\"Lasatin\",\"description\":\"Produkty vyr\u00e1b\u011bn\u00e9 s l\u00e1skou a ohledem k p\u0159\u00edrod\u011b z luxusn\u00edho a udr\u017eiteln\u00e9ho sat\u00e9nu - Armani hedv\u00e1b\u00ed.\",\"publisher\":{\"@id\":\"https:\/\/lasatin-eshop.cz\/en\/#organization\"},\"potentialAction\":[{\"@type\":\"SearchAction\",\"target\":{\"@type\":\"EntryPoint\",\"urlTemplate\":\"https:\/\/lasatin-eshop.cz\/en\/?s={search_term_string}\"},\"query-input\":{\"@type\":\"PropertyValueSpecification\",\"valueRequired\":true,\"valueName\":\"search_term_string\"}}],\"inLanguage\":\"en-GB\"},{\"@type\":\"Organization\",\"@id\":\"https:\/\/lasatin-eshop.cz\/en\/#organization\",\"name\":\"lasatin\",\"url\":\"https:\/\/lasatin-eshop.cz\/en\/\",\"logo\":{\"@type\":\"ImageObject\",\"inLanguage\":\"en-GB\",\"@id\":\"https:\/\/lasatin-eshop.cz\/en\/#\/schema\/logo\/image\/\",\"url\":\"https:\/\/lasatin-eshop.cz\/en\/wp-content\/uploads\/2023\/06\/lasatin-logo-barevne-pruhledne-pozadi.png\",\"contentUrl\":\"https:\/\/lasatin-eshop.cz\/en\/wp-content\/uploads\/2023\/06\/lasatin-logo-barevne-pruhledne-pozadi.png\",\"width\":512,\"height\":512,\"caption\":\"lasatin\"},\"image\":{\"@id\":\"https:\/\/lasatin-eshop.cz\/en\/#\/schema\/logo\/image\/\"}}]}<\/script>\n<!-- \/ Yoast SEO plugin. -->","yoast_head_json":{"title":"Terms and Conditions -","robots":{"index":"index","follow":"follow","max-snippet":"max-snippet:-1","max-image-preview":"max-image-preview:large","max-video-preview":"max-video-preview:-1"},"canonical":"https:\/\/lasatin-eshop.cz\/en\/?page_id=5482","og_locale":"en_GB","og_type":"article","og_title":"Terms and Conditions -","og_description":"Obchodn\u00ed podm\u00ednkyV\u0161eobecn\u00e9 obchodn\u00ed podm\u00ednky 1.1 \u201eProd\u00e1vaj\u00edc\u00edm\u201c se rozum\u00ed obchodn\u00edk Andrea Van\u00ed\u010dkov\u00e1, se s\u00eddlem Lidick\u00e1 700\/19 602 00 Brno \u2013 Veve\u0159\u00ed, I\u010c76671071, \u00a8 1.2 \u201eKupuj\u00edc\u00edm\u201c se rozum\u00ed pr\u00e1vnick\u00e1 \u010di fyzick\u00e1 osoba, kter\u00e1 uzav\u00edr\u00e1 s prod\u00e1vaj\u00edc\u00edm kupn\u00ed smlouvu, jej\u00ed\u017e sou\u010d\u00e1st\u00ed jsou tyto obchodn\u00ed podm\u00ednky. 1.3 \u201eKupn\u00ed smlouvou\u201c se rozum\u00ed kupn\u00ed smlouva uzav\u00edran\u00e1 mezi prod\u00e1vaj\u00edc\u00edm a kupuj\u00edc\u00edm, a [&hellip;]","og_url":"https:\/\/lasatin-eshop.cz\/en\/?page_id=5482","article_modified_time":"2025-06-16T07:19:41+00:00","twitter_card":"summary_large_image","twitter_misc":{"Estimated reading time":"6 minutes"},"schema":{"@context":"https:\/\/schema.org","@graph":[{"@type":"WebPage","@id":"https:\/\/lasatin-eshop.cz\/en\/?page_id=5482","url":"https:\/\/lasatin-eshop.cz\/en\/?page_id=5482","name":"Terms and Conditions -","isPartOf":{"@id":"https:\/\/lasatin-eshop.cz\/en\/#website"},"datePublished":"2023-08-25T16:52:52+00:00","dateModified":"2025-06-16T07:19:41+00:00","breadcrumb":{"@id":"https:\/\/lasatin-eshop.cz\/en\/?page_id=5482#breadcrumb"},"inLanguage":"en-GB","potentialAction":[{"@type":"ReadAction","target":["https:\/\/lasatin-eshop.cz\/en\/?page_id=5482"]}]},{"@type":"BreadcrumbList","@id":"https:\/\/lasatin-eshop.cz\/en\/?page_id=5482#breadcrumb","itemListElement":[{"@type":"ListItem","position":1,"name":"Dom\u016f","item":"https:\/\/lasatin-eshop.cz\/en\/"},{"@type":"ListItem","position":2,"name":"Terms and Conditions"}]},{"@type":"WebSite","@id":"https:\/\/lasatin-eshop.cz\/en\/#website","url":"https:\/\/lasatin-eshop.cz\/en\/","name":"Lasatin","description":"Produkty vyr\u00e1b\u011bn\u00e9 s l\u00e1skou a ohledem k p\u0159\u00edrod\u011b z luxusn\u00edho a udr\u017eiteln\u00e9ho sat\u00e9nu - Armani hedv\u00e1b\u00ed.","publisher":{"@id":"https:\/\/lasatin-eshop.cz\/en\/#organization"},"potentialAction":[{"@type":"SearchAction","target":{"@type":"EntryPoint","urlTemplate":"https:\/\/lasatin-eshop.cz\/en\/?s={search_term_string}"},"query-input":{"@type":"PropertyValueSpecification","valueRequired":true,"valueName":"search_term_string"}}],"inLanguage":"en-GB"},{"@type":"Organization","@id":"https:\/\/lasatin-eshop.cz\/en\/#organization","name":"lasatin","url":"https:\/\/lasatin-eshop.cz\/en\/","logo":{"@type":"ImageObject","inLanguage":"en-GB","@id":"https:\/\/lasatin-eshop.cz\/en\/#\/schema\/logo\/image\/","url":"https:\/\/lasatin-eshop.cz\/en\/wp-content\/uploads\/2023\/06\/lasatin-logo-barevne-pruhledne-pozadi.png","contentUrl":"https:\/\/lasatin-eshop.cz\/en\/wp-content\/uploads\/2023\/06\/lasatin-logo-barevne-pruhledne-pozadi.png","width":512,"height":512,"caption":"lasatin"},"image":{"@id":"https:\/\/lasatin-eshop.cz\/en\/#\/schema\/logo\/image\/"}}]}},"_links":{"self":[{"href":"https:\/\/lasatin-eshop.cz\/en\/index.php?rest_route=\/wp\/v2\/pages\/5482","targetHints":{"allow":["GET"]}}],"collection":[{"href":"https:\/\/lasatin-eshop.cz\/en\/index.php?rest_route=\/wp\/v2\/pages"}],"about":[{"href":"https:\/\/lasatin-eshop.cz\/en\/index.php?rest_route=\/wp\/v2\/types\/page"}],"author":[{"embeddable":true,"href":"https:\/\/lasatin-eshop.cz\/en\/index.php?rest_route=\/wp\/v2\/users\/1"}],"replies":[{"embeddable":true,"href":"https:\/\/lasatin-eshop.cz\/en\/index.php?rest_route=%2Fwp%2Fv2%2Fcomments&post=5482"}],"version-history":[{"count":2,"href":"https:\/\/lasatin-eshop.cz\/en\/index.php?rest_route=\/wp\/v2\/pages\/5482\/revisions"}],"predecessor-version":[{"id":5578,"href":"https:\/\/lasatin-eshop.cz\/en\/index.php?rest_route=\/wp\/v2\/pages\/5482\/revisions\/5578"}],"wp:attachment":[{"href":"https:\/\/lasatin-eshop.cz\/en\/index.php?rest_route=%2Fwp%2Fv2%2Fmedia&parent=5482"}],"curies":[{"name":"wp","href":"https:\/\/api.w.org\/{rel}","templated":true}]}}