{"id":16,"date":"2023-01-19T09:33:20","date_gmt":"2023-01-19T08:33:20","guid":{"rendered":"https:\/\/localhost\/lasatin3\/?post_type=product&#038;p=16"},"modified":"2023-09-18T11:32:34","modified_gmt":"2023-09-18T09:32:34","slug":"satenove-tilko-s-vystrihem-s-vodou","status":"publish","type":"product","link":"https:\/\/lasatin-eshop.cz\/en\/?product=satenove-tilko-s-vystrihem-s-vodou","title":{"rendered":"Satin tank top with water neckline"},"content":{"rendered":"<p>Satin top with narrow sliding straps and a plunging neckline. Double fabric on bust. Metal sliding components, so-called shorteners in silver or gold. An elegant and practical basic piece that should not be missing in any woman&#8217;s wardrobe. Available in 36 colours and 4 sizes (XS, S, M, L).<\/p>\n<p><a href=\"http:\/\/lasatin-eshop.cz\/wp-content\/uploads\/2023\/01\/Tabulka-velikosti-1.pdf\"><span style=\"font-size: 16px;\">Size chart<\/span><\/a><\/p>\n<p>Maintenance: hand or machine wash at 30\u00b0, ironable<br \/>\nComposition: 96% polyester, 4% spandex<br \/>\nWeight: 85 g\/m2<\/p>\n<div style=\"width: 1080px;\" class=\"wp-video\"><video class=\"wp-video-shortcode\" id=\"video-16-1\" width=\"1080\" height=\"1080\" preload=\"metadata\" controls=\"controls\"><source type=\"video\/mp4\" src=\"https:\/\/lasatin-eshop.cz\/en\/\/wp-content\/uploads\/2023\/01\/Purple-and-Blue-Bold-and-Punchy-Fashion-Product-Features-Instagram-Post-1-1.mp4?_=1\" \/><a href=\"https:\/\/lasatin-eshop.cz\/en\/\/wp-content\/uploads\/2023\/01\/Purple-and-Blue-Bold-and-Punchy-Fashion-Product-Features-Instagram-Post-1-1.mp4\">https:\/\/lasatin-eshop.cz\/en\/\/wp-content\/uploads\/2023\/01\/Purple-and-Blue-Bold-and-Punchy-Fashion-Product-Features-Instagram-Post-1-1.mp4<\/a><\/video><\/div>\n","protected":false},"excerpt":{"rendered":"<p>Satin top with narrow sliding straps and a plunging neckline. Double fabric on bust. Metal sliding components, so-called shorteners in silver or gold. An elegant and practical basic piece that should not be missing in any woman&#8217;s wardrobe. Available in 36 colours and 4 sizes (XS, S, M, L). Size chart Maintenance: hand or machine [&hellip;]<\/p>\n","protected":false},"featured_media":462,"comment_status":"open","ping_status":"closed","template":"","meta":{"inline_featured_image":false,"site-sidebar-layout":"default","site-content-layout":"default","ast-site-content-layout":"","site-content-style":"default","site-sidebar-style":"default","ast-global-header-display":"","ast-banner-title-visibility":"","ast-main-header-display":"","ast-hfb-above-header-display":"","ast-hfb-below-header-display":"","ast-hfb-mobile-header-display":"","site-post-title":"","ast-breadcrumbs-content":"","ast-featured-img":"","footer-sml-layout":"","theme-transparent-header-meta":"default","adv-header-id-meta":"","stick-header-meta":"","header-above-stick-meta":"","header-main-stick-meta":"","header-below-stick-meta":"","astra-migrate-meta-layouts":"default","ast-page-background-enabled":"default","ast-page-background-meta":{"desktop":{"background-color":"var(--ast-global-color-4)","background-image":"","background-repeat":"repeat","background-position":"center center","background-size":"auto","background-attachment":"scroll","background-type":"","background-media":"","overlay-type":"","overlay-color":"","overlay-opacity":"","overlay-gradient":""},"tablet":{"background-color":"","background-image":"","background-repeat":"repeat","background-position":"center center","background-size":"auto","background-attachment":"scroll","background-type":"","background-media":"","overlay-type":"","overlay-color":"","overlay-opacity":"","overlay-gradient":""},"mobile":{"background-color":"","background-image":"","background-repeat":"repeat","background-position":"center center","background-size":"auto","background-attachment":"scroll","background-type":"","background-media":"","overlay-type":"","overlay-color":"","overlay-opacity":"","overlay-gradient":""}},"ast-content-background-meta":{"desktop":{"background-color":"var(--ast-global-color-5)","background-image":"","background-repeat":"repeat","background-position":"center center","background-size":"auto","background-attachment":"scroll","background-type":"","background-media":"","overlay-type":"","overlay-color":"","overlay-opacity":"","overlay-gradient":""},"tablet":{"background-color":"var(--ast-global-color-5)","background-image":"","background-repeat":"repeat","background-position":"center center","background-size":"auto","background-attachment":"scroll","background-type":"","background-media":"","overlay-type":"","overlay-color":"","overlay-opacity":"","overlay-gradient":""},"mobile":{"background-color":"var(--ast-global-color-5)","background-image":"","background-repeat":"repeat","background-position":"center center","background-size":"auto","background-attachment":"scroll","background-type":"","background-media":"","overlay-type":"","overlay-color":"","overlay-opacity":"","overlay-gradient":""}}},"product_brand":[],"product_cat":[24],"product_tag":[],"class_list":{"0":"post-16","1":"product","2":"type-product","3":"status-publish","4":"has-post-thumbnail","6":"product_cat-top","7":"desktop-align-left","8":"tablet-align-left","9":"mobile-align-left","11":"first","12":"instock","13":"shipping-taxable","14":"purchasable","15":"product-type-variable"},"yoast_head":"<!-- This site is optimized with the Yoast SEO plugin v25.0 - https:\/\/yoast.com\/wordpress\/plugins\/seo\/ -->\n<title>Satin tank top with water neckline -<\/title>\n<meta name=\"robots\" content=\"index, follow, max-snippet:-1, max-image-preview:large, max-video-preview:-1\" \/>\n<link rel=\"canonical\" href=\"https:\/\/lasatin-eshop.cz\/en\/\/?product=satenove-tilko-s-vystrihem-s-vodou\" \/>\n<meta property=\"og:locale\" content=\"en_GB\" \/>\n<meta property=\"og:type\" content=\"article\" \/>\n<meta property=\"og:title\" content=\"Satin tank top with water neckline -\" \/>\n<meta property=\"og:description\" content=\"Satin top with narrow sliding straps and a plunging neckline. Double fabric on bust. Metal sliding components, so-called shorteners in silver or gold. An elegant and practical basic piece that should not be missing in any woman&#8217;s wardrobe. Available in 36 colours and 4 sizes (XS, S, M, L). Size chart Maintenance: hand or machine [&hellip;]\" \/>\n<meta property=\"og:url\" content=\"https:\/\/lasatin-eshop.cz\/en\/\/?product=satenove-tilko-s-vystrihem-s-vodou\" \/>\n<meta property=\"article:modified_time\" content=\"2023-09-18T09:32:34+00:00\" \/>\n<meta property=\"og:image\" content=\"https:\/\/lasatin-eshop.cz\/en\/wp-content\/uploads\/2023\/01\/B8077453-Edit-Edit-scaled.jpg\" \/>\n\t<meta property=\"og:image:width\" content=\"1919\" \/>\n\t<meta property=\"og:image:height\" content=\"2560\" \/>\n\t<meta property=\"og:image:type\" content=\"image\/jpeg\" \/>\n<meta name=\"twitter:card\" content=\"summary_large_image\" \/>\n<meta name=\"twitter:label1\" content=\"Estimated reading time\" \/>\n\t<meta name=\"twitter:data1\" content=\"1 minute\" \/>\n<script type=\"application\/ld+json\" class=\"yoast-schema-graph\">{\"@context\":\"https:\/\/schema.org\",\"@graph\":[{\"@type\":\"WebPage\",\"@id\":\"https:\/\/lasatin-eshop.cz\/en\/\/?product=satenove-tilko-s-vystrihem-s-vodou\",\"url\":\"https:\/\/lasatin-eshop.cz\/en\/\/?product=satenove-tilko-s-vystrihem-s-vodou\",\"name\":\"Satin tank top with water neckline -\",\"isPartOf\":{\"@id\":\"https:\/\/lasatin-eshop.cz\/en\/#website\"},\"primaryImageOfPage\":{\"@id\":\"https:\/\/lasatin-eshop.cz\/en\/\/?product=satenove-tilko-s-vystrihem-s-vodou#primaryimage\"},\"image\":{\"@id\":\"https:\/\/lasatin-eshop.cz\/en\/\/?product=satenove-tilko-s-vystrihem-s-vodou#primaryimage\"},\"thumbnailUrl\":\"https:\/\/lasatin-eshop.cz\/en\/wp-content\/uploads\/2023\/01\/B8077453-Edit-Edit-scaled.jpg\",\"datePublished\":\"2023-01-19T08:33:20+00:00\",\"dateModified\":\"2023-09-18T09:32:34+00:00\",\"breadcrumb\":{\"@id\":\"https:\/\/lasatin-eshop.cz\/en\/\/?product=satenove-tilko-s-vystrihem-s-vodou#breadcrumb\"},\"inLanguage\":\"en-GB\",\"potentialAction\":[{\"@type\":\"ReadAction\",\"target\":[\"https:\/\/lasatin-eshop.cz\/en\/\/?product=satenove-tilko-s-vystrihem-s-vodou\"]}]},{\"@type\":\"ImageObject\",\"inLanguage\":\"en-GB\",\"@id\":\"https:\/\/lasatin-eshop.cz\/en\/\/?product=satenove-tilko-s-vystrihem-s-vodou#primaryimage\",\"url\":\"https:\/\/lasatin-eshop.cz\/en\/wp-content\/uploads\/2023\/01\/B8077453-Edit-Edit-scaled.jpg\",\"contentUrl\":\"https:\/\/lasatin-eshop.cz\/en\/wp-content\/uploads\/2023\/01\/B8077453-Edit-Edit-scaled.jpg\",\"width\":1919,\"height\":2560,\"caption\":\"Sukn\u011b Skinny\"},{\"@type\":\"BreadcrumbList\",\"@id\":\"https:\/\/lasatin-eshop.cz\/en\/\/?product=satenove-tilko-s-vystrihem-s-vodou#breadcrumb\",\"itemListElement\":[{\"@type\":\"ListItem\",\"position\":1,\"name\":\"Dom\u016f\",\"item\":\"https:\/\/lasatin-eshop.cz\/en\/\"},{\"@type\":\"ListItem\",\"position\":2,\"name\":\"Obchod\",\"item\":\"https:\/\/lasatin-eshop.cz\/en\/\/?page_id=6\"},{\"@type\":\"ListItem\",\"position\":3,\"name\":\"Satin tank top with water neckline\"}]},{\"@type\":\"WebSite\",\"@id\":\"https:\/\/lasatin-eshop.cz\/en\/#website\",\"url\":\"https:\/\/lasatin-eshop.cz\/en\/\",\"name\":\"Lasatin\",\"description\":\"Produkty vyr\u00e1b\u011bn\u00e9 s l\u00e1skou a ohledem k p\u0159\u00edrod\u011b z luxusn\u00edho a udr\u017eiteln\u00e9ho sat\u00e9nu - Armani hedv\u00e1b\u00ed.\",\"publisher\":{\"@id\":\"https:\/\/lasatin-eshop.cz\/en\/#organization\"},\"potentialAction\":[{\"@type\":\"SearchAction\",\"target\":{\"@type\":\"EntryPoint\",\"urlTemplate\":\"https:\/\/lasatin-eshop.cz\/en\/?s={search_term_string}\"},\"query-input\":{\"@type\":\"PropertyValueSpecification\",\"valueRequired\":true,\"valueName\":\"search_term_string\"}}],\"inLanguage\":\"en-GB\"},{\"@type\":\"Organization\",\"@id\":\"https:\/\/lasatin-eshop.cz\/en\/#organization\",\"name\":\"lasatin\",\"url\":\"https:\/\/lasatin-eshop.cz\/en\/\",\"logo\":{\"@type\":\"ImageObject\",\"inLanguage\":\"en-GB\",\"@id\":\"https:\/\/lasatin-eshop.cz\/en\/#\/schema\/logo\/image\/\",\"url\":\"https:\/\/lasatin-eshop.cz\/en\/wp-content\/uploads\/2023\/06\/lasatin-logo-barevne-pruhledne-pozadi.png\",\"contentUrl\":\"https:\/\/lasatin-eshop.cz\/en\/wp-content\/uploads\/2023\/06\/lasatin-logo-barevne-pruhledne-pozadi.png\",\"width\":512,\"height\":512,\"caption\":\"lasatin\"},\"image\":{\"@id\":\"https:\/\/lasatin-eshop.cz\/en\/#\/schema\/logo\/image\/\"}}]}<\/script>\n<!-- \/ Yoast SEO plugin. -->","yoast_head_json":{"title":"Satin tank top with water neckline -","robots":{"index":"index","follow":"follow","max-snippet":"max-snippet:-1","max-image-preview":"max-image-preview:large","max-video-preview":"max-video-preview:-1"},"canonical":"https:\/\/lasatin-eshop.cz\/en\/\/?product=satenove-tilko-s-vystrihem-s-vodou","og_locale":"en_GB","og_type":"article","og_title":"Satin tank top with water neckline -","og_description":"Satin top with narrow sliding straps and a plunging neckline. Double fabric on bust. Metal sliding components, so-called shorteners in silver or gold. An elegant and practical basic piece that should not be missing in any woman&#8217;s wardrobe. Available in 36 colours and 4 sizes (XS, S, M, L). Size chart Maintenance: hand or machine [&hellip;]","og_url":"https:\/\/lasatin-eshop.cz\/en\/\/?product=satenove-tilko-s-vystrihem-s-vodou","article_modified_time":"2023-09-18T09:32:34+00:00","og_image":[{"width":1919,"height":2560,"url":"https:\/\/lasatin-eshop.cz\/en\/wp-content\/uploads\/2023\/01\/B8077453-Edit-Edit-scaled.jpg","type":"image\/jpeg"}],"twitter_card":"summary_large_image","twitter_misc":{"Estimated reading time":"1 minute"},"schema":{"@context":"https:\/\/schema.org","@graph":[{"@type":"WebPage","@id":"https:\/\/lasatin-eshop.cz\/en\/\/?product=satenove-tilko-s-vystrihem-s-vodou","url":"https:\/\/lasatin-eshop.cz\/en\/\/?product=satenove-tilko-s-vystrihem-s-vodou","name":"Satin tank top with water neckline -","isPartOf":{"@id":"https:\/\/lasatin-eshop.cz\/en\/#website"},"primaryImageOfPage":{"@id":"https:\/\/lasatin-eshop.cz\/en\/\/?product=satenove-tilko-s-vystrihem-s-vodou#primaryimage"},"image":{"@id":"https:\/\/lasatin-eshop.cz\/en\/\/?product=satenove-tilko-s-vystrihem-s-vodou#primaryimage"},"thumbnailUrl":"https:\/\/lasatin-eshop.cz\/en\/wp-content\/uploads\/2023\/01\/B8077453-Edit-Edit-scaled.jpg","datePublished":"2023-01-19T08:33:20+00:00","dateModified":"2023-09-18T09:32:34+00:00","breadcrumb":{"@id":"https:\/\/lasatin-eshop.cz\/en\/\/?product=satenove-tilko-s-vystrihem-s-vodou#breadcrumb"},"inLanguage":"en-GB","potentialAction":[{"@type":"ReadAction","target":["https:\/\/lasatin-eshop.cz\/en\/\/?product=satenove-tilko-s-vystrihem-s-vodou"]}]},{"@type":"ImageObject","inLanguage":"en-GB","@id":"https:\/\/lasatin-eshop.cz\/en\/\/?product=satenove-tilko-s-vystrihem-s-vodou#primaryimage","url":"https:\/\/lasatin-eshop.cz\/en\/wp-content\/uploads\/2023\/01\/B8077453-Edit-Edit-scaled.jpg","contentUrl":"https:\/\/lasatin-eshop.cz\/en\/wp-content\/uploads\/2023\/01\/B8077453-Edit-Edit-scaled.jpg","width":1919,"height":2560,"caption":"Sukn\u011b Skinny"},{"@type":"BreadcrumbList","@id":"https:\/\/lasatin-eshop.cz\/en\/\/?product=satenove-tilko-s-vystrihem-s-vodou#breadcrumb","itemListElement":[{"@type":"ListItem","position":1,"name":"Dom\u016f","item":"https:\/\/lasatin-eshop.cz\/en\/"},{"@type":"ListItem","position":2,"name":"Obchod","item":"https:\/\/lasatin-eshop.cz\/en\/\/?page_id=6"},{"@type":"ListItem","position":3,"name":"Satin tank top with water neckline"}]},{"@type":"WebSite","@id":"https:\/\/lasatin-eshop.cz\/en\/#website","url":"https:\/\/lasatin-eshop.cz\/en\/","name":"Lasatin","description":"Produkty vyr\u00e1b\u011bn\u00e9 s l\u00e1skou a ohledem k p\u0159\u00edrod\u011b z luxusn\u00edho a udr\u017eiteln\u00e9ho sat\u00e9nu - Armani hedv\u00e1b\u00ed.","publisher":{"@id":"https:\/\/lasatin-eshop.cz\/en\/#organization"},"potentialAction":[{"@type":"SearchAction","target":{"@type":"EntryPoint","urlTemplate":"https:\/\/lasatin-eshop.cz\/en\/?s={search_term_string}"},"query-input":{"@type":"PropertyValueSpecification","valueRequired":true,"valueName":"search_term_string"}}],"inLanguage":"en-GB"},{"@type":"Organization","@id":"https:\/\/lasatin-eshop.cz\/en\/#organization","name":"lasatin","url":"https:\/\/lasatin-eshop.cz\/en\/","logo":{"@type":"ImageObject","inLanguage":"en-GB","@id":"https:\/\/lasatin-eshop.cz\/en\/#\/schema\/logo\/image\/","url":"https:\/\/lasatin-eshop.cz\/en\/wp-content\/uploads\/2023\/06\/lasatin-logo-barevne-pruhledne-pozadi.png","contentUrl":"https:\/\/lasatin-eshop.cz\/en\/wp-content\/uploads\/2023\/06\/lasatin-logo-barevne-pruhledne-pozadi.png","width":512,"height":512,"caption":"lasatin"},"image":{"@id":"https:\/\/lasatin-eshop.cz\/en\/#\/schema\/logo\/image\/"}}]}},"_links":{"self":[{"href":"https:\/\/lasatin-eshop.cz\/en\/index.php?rest_route=\/wp\/v2\/product\/16","targetHints":{"allow":["GET"]}}],"collection":[{"href":"https:\/\/lasatin-eshop.cz\/en\/index.php?rest_route=\/wp\/v2\/product"}],"about":[{"href":"https:\/\/lasatin-eshop.cz\/en\/index.php?rest_route=\/wp\/v2\/types\/product"}],"replies":[{"embeddable":true,"href":"https:\/\/lasatin-eshop.cz\/en\/index.php?rest_route=%2Fwp%2Fv2%2Fcomments&post=16"}],"wp:featuredmedia":[{"embeddable":true,"href":"https:\/\/lasatin-eshop.cz\/en\/index.php?rest_route=\/wp\/v2\/media\/462"}],"wp:attachment":[{"href":"https:\/\/lasatin-eshop.cz\/en\/index.php?rest_route=%2Fwp%2Fv2%2Fmedia&parent=16"}],"wp:term":[{"taxonomy":"product_brand","embeddable":true,"href":"https:\/\/lasatin-eshop.cz\/en\/index.php?rest_route=%2Fwp%2Fv2%2Fproduct_brand&post=16"},{"taxonomy":"product_cat","embeddable":true,"href":"https:\/\/lasatin-eshop.cz\/en\/index.php?rest_route=%2Fwp%2Fv2%2Fproduct_cat&post=16"},{"taxonomy":"product_tag","embeddable":true,"href":"https:\/\/lasatin-eshop.cz\/en\/index.php?rest_route=%2Fwp%2Fv2%2Fproduct_tag&post=16"}],"curies":[{"name":"wp","href":"https:\/\/api.w.org\/{rel}","templated":true}]}}