{"id":19,"date":"2023-01-19T09:34:34","date_gmt":"2023-01-19T08:34:34","guid":{"rendered":"https:\/\/localhost\/lasatin3\/?post_type=product&#038;p=19"},"modified":"2023-09-18T11:31:32","modified_gmt":"2023-09-18T09:31:32","slug":"skinny-saty-s-vystrihem-do-v","status":"publish","type":"product","link":"https:\/\/lasatin-eshop.cz\/en\/?product=skinny-saty-s-vystrihem-do-v","title":{"rendered":"Skinny V-neck dress"},"content":{"rendered":"<p>Slip dress made of slanted silk satin &#8211; the so-called Armani silk from Dubai. V-neckline in front<br \/>\nand back, double fabric on the bust, thin sliding straps and a wrap-around skinny cut. Thanks<br \/>\nto its perfect fit and lightweight material with a touch of elastane, it adapts to every body<br \/>\ntype and respects the female silhouette. They will make you feel sexy, feminine and<br \/>\ncomfortable at the same time. What&amp;#39;s more, they are incredibly versatile &#8211; wear them<br \/>\nregardless of the season and create an endless number of outfits in different styles. Choose<br \/>\nfrom gold or silver sliding components. The Skinny Dress can be made in any colour you wish<br \/>\n&#8211; 36 colours on offer.<\/p>\n<p><strong>Available in lengths:<\/strong><br \/>\n&#8211; MINI (above the knee) 134 euro<br \/>\n&#8211; LADY (just below the knee) 142 euro<br \/>\n&#8211; MIDI (up to mid-calf) 150 euro<br \/>\n&#8211; ANKLE (to ankles) 160 euro<br \/>\n&#8211; MAXI (shortened, standard, extended) 170 euro<\/p>\n<p><a href=\"https:\/\/lasatin-eshop.cz\/wp-content\/uploads\/2023\/01\/damske-skinny-saty-do-V-tabulka-mer-1.pdf\">Size chart<\/a><\/p>\n<p>Maintenance: hand or machine wash at 30\u00b0, ironable<br \/>\nComposition: 96% polyester, 4% spandex<br \/>\nWeight: 85 g\/m2<\/p>\n<p><strong>Custom order form<\/strong><\/p>\n<div class=\"wpforms-container wpforms-container-full\" id=\"wpforms-655\"><form id=\"wpforms-form-655\" class=\"wpforms-validate wpforms-form wpforms-ajax-form\" data-formid=\"655\" method=\"post\" enctype=\"multipart\/form-data\" action=\"\/en\/index.php?rest_route=%2Fwp%2Fv2%2Fproduct%2F19\" data-token=\"e9f4aa19b1cbd3f7ea165c53980fed7e\" data-token-time=\"1775313897\"><noscript class=\"wpforms-error-noscript\">Please enable JavaScript in your browser to complete this form.<\/noscript><div class=\"wpforms-field-container\"><div id=\"wpforms-655-field_1-container\" class=\"wpforms-field wpforms-field-name\" data-field-id=\"1\"><label class=\"wpforms-field-label wpforms-label-hide\" for=\"wpforms-655-field_1\">Name <span class=\"wpforms-required-label\">*<\/span><\/label><input type=\"text\" id=\"wpforms-655-field_1\" class=\"wpforms-field-medium wpforms-field-required\" name=\"wpforms[fields][1]\" placeholder=\"Name\" required><\/div><div id=\"wpforms-655-field_2-container\" class=\"wpforms-field wpforms-field-email\" data-field-id=\"2\"><label class=\"wpforms-field-label wpforms-label-hide\" for=\"wpforms-655-field_2\">E-mail <span class=\"wpforms-required-label\">*<\/span><\/label><input type=\"email\" id=\"wpforms-655-field_2\" class=\"wpforms-field-medium wpforms-field-required\" name=\"wpforms[fields][2]\" placeholder=\"E-mail\" spellcheck=\"false\" required><\/div><div id=\"wpforms-655-field_3-container\" class=\"wpforms-field wpforms-field-select wpforms-field-select-style-classic\" data-field-id=\"3\"><label class=\"wpforms-field-label wpforms-label-hide\" for=\"wpforms-655-field_3\">Colour<\/label><select id=\"wpforms-655-field_3\" class=\"wpforms-field-medium\" name=\"wpforms[fields][3]\"><option value=\"\" class=\"placeholder\" disabled  selected='selected'>Colour<\/option><option value=\"Ivory\" >Ivory<\/option><option value=\"Skin\" >Skin<\/option><option value=\"Light beige\" >Light beige<\/option><option value=\"Mild brown\" >Mild brown<\/option><option value=\"Chocolate brown\" >Chocolate brown<\/option><option value=\"Dark chocolate\" >Dark chocolate<\/option><option value=\"Dull gold\" >Dull gold<\/option><option value=\"Light mustard\" >Light mustard<\/option><option value=\"Lemon yellow\" >Lemon yellow<\/option><option value=\"Olive green\" >Olive green<\/option><option value=\"Light olive\" >Light olive<\/option><option value=\"Regular green\" >Regular green<\/option><option value=\"Sandy pistachio\" >Sandy pistachio<\/option><option value=\"Tiffany green\" >Tiffany green<\/option><option value=\"Teal green\" >Teal green<\/option><option value=\"Teal\" >Teal<\/option><option value=\"Blue\" >Blue<\/option><option value=\"Royal blue\" >Royal blue<\/option><option value=\"Chrome\" >Chrome<\/option><option value=\"Maroon\" >Maroon<\/option><option value=\"Levander\" >Levander<\/option><option value=\"Purple\" >Purple<\/option><option value=\"Magenta\" >Magenta<\/option><option value=\"Fuchsia\" >Fuchsia<\/option><option value=\"Barbie pink\" >Barbie pink<\/option><option value=\"Pinky peach\" >Pinky peach<\/option><option value=\"Elegant peach\" >Elegant peach<\/option><option value=\"Coral\" >Coral<\/option><option value=\"Light coral\" >Light coral<\/option><option value=\"Dracula red\" >Dracula red<\/option><option value=\"Ferrari red\" >Ferrari red<\/option><option value=\"Cherry red\" >Cherry red<\/option><option value=\"Elegant copper\" >Elegant copper<\/option><option value=\"Light gray\" >Light gray<\/option><option value=\"Black\" >Black<\/option><\/select><\/div><div id=\"wpforms-655-field_5-container\" class=\"wpforms-field wpforms-field-select wpforms-field-select-style-classic\" data-field-id=\"5\"><label class=\"wpforms-field-label wpforms-label-hide\" for=\"wpforms-655-field_5\">Size <span class=\"wpforms-required-label\">*<\/span><\/label><select id=\"wpforms-655-field_5\" class=\"wpforms-field-medium wpforms-field-required\" name=\"wpforms[fields][5]\" required=\"required\"><option value=\"\" class=\"placeholder\" disabled  selected='selected'>Size<\/option><option value=\"XS\" >XS<\/option><option value=\"S\" >S<\/option><option value=\"M\" >M<\/option><option value=\"L\" >L<\/option><\/select><\/div><div id=\"wpforms-655-field_6-container\" class=\"wpforms-field wpforms-field-select wpforms-field-select-style-classic\" data-field-id=\"6\"><label class=\"wpforms-field-label wpforms-label-hide\" for=\"wpforms-655-field_6\">Length <span class=\"wpforms-required-label\">*<\/span><\/label><select id=\"wpforms-655-field_6\" class=\"wpforms-field-medium wpforms-field-required\" name=\"wpforms[fields][6]\" required=\"required\"><option value=\"\" class=\"placeholder\" disabled  selected='selected'>Length<\/option><option value=\"MINI\" >MINI<\/option><option value=\"LADY\" >LADY<\/option><option value=\"MIDI\" >MIDI<\/option><option value=\"ANKLE\" >ANKLE<\/option><option value=\"MAXI\" >MAXI<\/option><\/select><\/div><div id=\"wpforms-655-field_7-container\" class=\"wpforms-field wpforms-field-radio\" data-field-id=\"7\"><label class=\"wpforms-field-label\">If the MAXI version is available, what length do you prefer?<\/label><ul id=\"wpforms-655-field_7\"><li class=\"choice-1 depth-1\"><input type=\"radio\" id=\"wpforms-655-field_7_1\" name=\"wpforms[fields][7]\" value=\"Shorter\"  ><label class=\"wpforms-field-label-inline\" for=\"wpforms-655-field_7_1\">Shorter<\/label><\/li><li class=\"choice-2 depth-1\"><input type=\"radio\" id=\"wpforms-655-field_7_2\" name=\"wpforms[fields][7]\" value=\"Standard\"  ><label class=\"wpforms-field-label-inline\" for=\"wpforms-655-field_7_2\">Standard<\/label><\/li><li class=\"choice-3 depth-1\"><input type=\"radio\" id=\"wpforms-655-field_7_3\" name=\"wpforms[fields][7]\" value=\"Extended\"  ><label class=\"wpforms-field-label-inline\" for=\"wpforms-655-field_7_3\">Extended<\/label><\/li><\/ul><\/div><div id=\"wpforms-655-field_8-container\" class=\"wpforms-field wpforms-field-radio\" data-field-id=\"8\"><label class=\"wpforms-field-label\">Shipping <span class=\"wpforms-required-label\">*<\/span><\/label><ul id=\"wpforms-655-field_8\" class=\"wpforms-field-required\"><li class=\"choice-2 depth-1\"><input type=\"radio\" id=\"wpforms-655-field_8_2\" name=\"wpforms[fields][8]\" value=\"Czech post\" required ><label class=\"wpforms-field-label-inline\" for=\"wpforms-655-field_8_2\">Czech post<\/label><\/li><li class=\"choice-3 depth-1\"><input type=\"radio\" id=\"wpforms-655-field_8_3\" name=\"wpforms[fields][8]\" value=\"PPL\" required ><label class=\"wpforms-field-label-inline\" for=\"wpforms-655-field_8_3\">PPL<\/label><\/li><\/ul><\/div><div id=\"wpforms-655-field_9-container\" class=\"wpforms-field wpforms-field-textarea\" data-field-id=\"9\"><label class=\"wpforms-field-label\" for=\"wpforms-655-field_9\">Own message<\/label><textarea id=\"wpforms-655-field_9\" class=\"wpforms-field-medium\" name=\"wpforms[fields][9]\" ><\/textarea><\/div><\/div><!-- .wpforms-field-container --><div class=\"wpforms-submit-container\" ><input type=\"hidden\" name=\"wpforms[id]\" value=\"655\"><input type=\"hidden\" name=\"page_title\" value=\"\"><input type=\"hidden\" name=\"page_url\" value=\"https:\/\/lasatin-eshop.cz\/en\/index.php?rest_route=\/wp\/v2\/product\/19\"><input type=\"hidden\" name=\"url_referer\" value=\"\"><button type=\"submit\" name=\"wpforms[submit]\" id=\"wpforms-submit-655\" class=\"wpforms-submit\" data-alt-text=\"Odes\u00edl\u00e1ni...\" data-submit-text=\"Send\" aria-live=\"assertive\" value=\"wpforms-submit\">Send<\/button><img decoding=\"async\" src=\"https:\/\/lasatin-eshop.cz\/en\/wp-content\/plugins\/wpforms-lite\/assets\/images\/submit-spin.svg\" class=\"wpforms-submit-spinner\" style=\"display: none;\" width=\"26\" height=\"26\" alt=\"Loading\"><\/div><\/form><\/div>  <!-- .wpforms-container -->\n<div style=\"width: 888px;\" class=\"wp-video\"><video class=\"wp-video-shortcode\" id=\"video-19-1\" width=\"888\" height=\"1920\" preload=\"metadata\" controls=\"controls\"><source type=\"video\/mp4\" src=\"https:\/\/lasatin-eshop.cz\/en\/\/wp-content\/uploads\/2023\/01\/RPReplay_Final1675087188-4.mp4?_=1\" \/><a href=\"https:\/\/lasatin-eshop.cz\/en\/\/wp-content\/uploads\/2023\/01\/RPReplay_Final1675087188-4.mp4\">https:\/\/lasatin-eshop.cz\/en\/\/wp-content\/uploads\/2023\/01\/RPReplay_Final1675087188-4.mp4<\/a><\/video><\/div>\n","protected":false},"excerpt":{"rendered":"<p>Slip dress made of slanted silk satin &#8211; the so-called Armani silk from Dubai. V-neckline in front and back, double fabric on the bust, thin sliding straps and a wrap-around skinny cut. Thanks to its perfect fit and lightweight material with a touch of elastane, it adapts to every body type and respects the female [&hellip;]<\/p>\n","protected":false},"featured_media":596,"comment_status":"open","ping_status":"closed","template":"","meta":{"inline_featured_image":false,"site-sidebar-layout":"default","site-content-layout":"default","ast-site-content-layout":"","site-content-style":"default","site-sidebar-style":"default","ast-global-header-display":"","ast-banner-title-visibility":"","ast-main-header-display":"","ast-hfb-above-header-display":"","ast-hfb-below-header-display":"","ast-hfb-mobile-header-display":"","site-post-title":"","ast-breadcrumbs-content":"","ast-featured-img":"","footer-sml-layout":"","theme-transparent-header-meta":"default","adv-header-id-meta":"","stick-header-meta":"","header-above-stick-meta":"","header-main-stick-meta":"","header-below-stick-meta":"","astra-migrate-meta-layouts":"default","ast-page-background-enabled":"default","ast-page-background-meta":{"desktop":{"background-color":"var(--ast-global-color-4)","background-image":"","background-repeat":"repeat","background-position":"center center","background-size":"auto","background-attachment":"scroll","background-type":"","background-media":"","overlay-type":"","overlay-color":"","overlay-opacity":"","overlay-gradient":""},"tablet":{"background-color":"","background-image":"","background-repeat":"repeat","background-position":"center center","background-size":"auto","background-attachment":"scroll","background-type":"","background-media":"","overlay-type":"","overlay-color":"","overlay-opacity":"","overlay-gradient":""},"mobile":{"background-color":"","background-image":"","background-repeat":"repeat","background-position":"center center","background-size":"auto","background-attachment":"scroll","background-type":"","background-media":"","overlay-type":"","overlay-color":"","overlay-opacity":"","overlay-gradient":""}},"ast-content-background-meta":{"desktop":{"background-color":"var(--ast-global-color-5)","background-image":"","background-repeat":"repeat","background-position":"center center","background-size":"auto","background-attachment":"scroll","background-type":"","background-media":"","overlay-type":"","overlay-color":"","overlay-opacity":"","overlay-gradient":""},"tablet":{"background-color":"var(--ast-global-color-5)","background-image":"","background-repeat":"repeat","background-position":"center center","background-size":"auto","background-attachment":"scroll","background-type":"","background-media":"","overlay-type":"","overlay-color":"","overlay-opacity":"","overlay-gradient":""},"mobile":{"background-color":"var(--ast-global-color-5)","background-image":"","background-repeat":"repeat","background-position":"center center","background-size":"auto","background-attachment":"scroll","background-type":"","background-media":"","overlay-type":"","overlay-color":"","overlay-opacity":"","overlay-gradient":""}}},"product_brand":[],"product_cat":[22],"product_tag":[],"class_list":{"0":"post-19","1":"product","2":"type-product","3":"status-publish","4":"has-post-thumbnail","6":"product_cat-saty","7":"desktop-align-left","8":"tablet-align-left","9":"mobile-align-left","11":"first","12":"instock","13":"shipping-taxable","14":"purchasable","15":"product-type-simple"},"yoast_head":"<!-- This site is optimized with the Yoast SEO plugin v25.0 - https:\/\/yoast.com\/wordpress\/plugins\/seo\/ -->\n<title>Skinny V-neck dress -<\/title>\n<meta name=\"robots\" content=\"index, follow, max-snippet:-1, max-image-preview:large, max-video-preview:-1\" \/>\n<link rel=\"canonical\" href=\"https:\/\/lasatin-eshop.cz\/en\/\/?product=skinny-saty-s-vystrihem-do-v\" \/>\n<meta property=\"og:locale\" content=\"en_GB\" \/>\n<meta property=\"og:type\" content=\"article\" \/>\n<meta property=\"og:title\" content=\"Skinny V-neck dress -\" \/>\n<meta property=\"og:description\" content=\"Slip dress made of slanted silk satin &#8211; the so-called Armani silk from Dubai. V-neckline in front and back, double fabric on the bust, thin sliding straps and a wrap-around skinny cut. Thanks to its perfect fit and lightweight material with a touch of elastane, it adapts to every body type and respects the female [&hellip;]\" \/>\n<meta property=\"og:url\" content=\"https:\/\/lasatin-eshop.cz\/en\/\/?product=skinny-saty-s-vystrihem-do-v\" \/>\n<meta property=\"article:modified_time\" content=\"2023-09-18T09:31:32+00:00\" \/>\n<meta property=\"og:image\" content=\"https:\/\/lasatin-eshop.cz\/en\/wp-content\/uploads\/2023\/01\/image00102-scaled.jpeg\" \/>\n\t<meta property=\"og:image:width\" content=\"1706\" \/>\n\t<meta property=\"og:image:height\" content=\"2560\" \/>\n\t<meta property=\"og:image:type\" content=\"image\/jpeg\" \/>\n<meta name=\"twitter:card\" content=\"summary_large_image\" \/>\n<meta name=\"twitter:label1\" content=\"Estimated reading time\" \/>\n\t<meta name=\"twitter:data1\" content=\"1 minute\" \/>\n<script type=\"application\/ld+json\" class=\"yoast-schema-graph\">{\"@context\":\"https:\/\/schema.org\",\"@graph\":[{\"@type\":\"WebPage\",\"@id\":\"https:\/\/lasatin-eshop.cz\/en\/\/?product=skinny-saty-s-vystrihem-do-v\",\"url\":\"https:\/\/lasatin-eshop.cz\/en\/\/?product=skinny-saty-s-vystrihem-do-v\",\"name\":\"Skinny V-neck dress -\",\"isPartOf\":{\"@id\":\"https:\/\/lasatin-eshop.cz\/en\/#website\"},\"primaryImageOfPage\":{\"@id\":\"https:\/\/lasatin-eshop.cz\/en\/\/?product=skinny-saty-s-vystrihem-do-v#primaryimage\"},\"image\":{\"@id\":\"https:\/\/lasatin-eshop.cz\/en\/\/?product=skinny-saty-s-vystrihem-do-v#primaryimage\"},\"thumbnailUrl\":\"https:\/\/lasatin-eshop.cz\/en\/wp-content\/uploads\/2023\/01\/image00102-scaled.jpeg\",\"datePublished\":\"2023-01-19T08:34:34+00:00\",\"dateModified\":\"2023-09-18T09:31:32+00:00\",\"breadcrumb\":{\"@id\":\"https:\/\/lasatin-eshop.cz\/en\/\/?product=skinny-saty-s-vystrihem-do-v#breadcrumb\"},\"inLanguage\":\"en-GB\",\"potentialAction\":[{\"@type\":\"ReadAction\",\"target\":[\"https:\/\/lasatin-eshop.cz\/en\/\/?product=skinny-saty-s-vystrihem-do-v\"]}]},{\"@type\":\"ImageObject\",\"inLanguage\":\"en-GB\",\"@id\":\"https:\/\/lasatin-eshop.cz\/en\/\/?product=skinny-saty-s-vystrihem-do-v#primaryimage\",\"url\":\"https:\/\/lasatin-eshop.cz\/en\/wp-content\/uploads\/2023\/01\/image00102-scaled.jpeg\",\"contentUrl\":\"https:\/\/lasatin-eshop.cz\/en\/wp-content\/uploads\/2023\/01\/image00102-scaled.jpeg\",\"width\":1706,\"height\":2560},{\"@type\":\"BreadcrumbList\",\"@id\":\"https:\/\/lasatin-eshop.cz\/en\/\/?product=skinny-saty-s-vystrihem-do-v#breadcrumb\",\"itemListElement\":[{\"@type\":\"ListItem\",\"position\":1,\"name\":\"Dom\u016f\",\"item\":\"https:\/\/lasatin-eshop.cz\/en\/\"},{\"@type\":\"ListItem\",\"position\":2,\"name\":\"Obchod\",\"item\":\"https:\/\/lasatin-eshop.cz\/en\/\/?page_id=6\"},{\"@type\":\"ListItem\",\"position\":3,\"name\":\"Skinny V-neck dress\"}]},{\"@type\":\"WebSite\",\"@id\":\"https:\/\/lasatin-eshop.cz\/en\/#website\",\"url\":\"https:\/\/lasatin-eshop.cz\/en\/\",\"name\":\"Lasatin\",\"description\":\"Produkty vyr\u00e1b\u011bn\u00e9 s l\u00e1skou a ohledem k p\u0159\u00edrod\u011b z luxusn\u00edho a udr\u017eiteln\u00e9ho sat\u00e9nu - Armani hedv\u00e1b\u00ed.\",\"publisher\":{\"@id\":\"https:\/\/lasatin-eshop.cz\/en\/#organization\"},\"potentialAction\":[{\"@type\":\"SearchAction\",\"target\":{\"@type\":\"EntryPoint\",\"urlTemplate\":\"https:\/\/lasatin-eshop.cz\/en\/?s={search_term_string}\"},\"query-input\":{\"@type\":\"PropertyValueSpecification\",\"valueRequired\":true,\"valueName\":\"search_term_string\"}}],\"inLanguage\":\"en-GB\"},{\"@type\":\"Organization\",\"@id\":\"https:\/\/lasatin-eshop.cz\/en\/#organization\",\"name\":\"lasatin\",\"url\":\"https:\/\/lasatin-eshop.cz\/en\/\",\"logo\":{\"@type\":\"ImageObject\",\"inLanguage\":\"en-GB\",\"@id\":\"https:\/\/lasatin-eshop.cz\/en\/#\/schema\/logo\/image\/\",\"url\":\"https:\/\/lasatin-eshop.cz\/en\/wp-content\/uploads\/2023\/06\/lasatin-logo-barevne-pruhledne-pozadi.png\",\"contentUrl\":\"https:\/\/lasatin-eshop.cz\/en\/wp-content\/uploads\/2023\/06\/lasatin-logo-barevne-pruhledne-pozadi.png\",\"width\":512,\"height\":512,\"caption\":\"lasatin\"},\"image\":{\"@id\":\"https:\/\/lasatin-eshop.cz\/en\/#\/schema\/logo\/image\/\"}}]}<\/script>\n<!-- \/ Yoast SEO plugin. -->","yoast_head_json":{"title":"Skinny V-neck dress -","robots":{"index":"index","follow":"follow","max-snippet":"max-snippet:-1","max-image-preview":"max-image-preview:large","max-video-preview":"max-video-preview:-1"},"canonical":"https:\/\/lasatin-eshop.cz\/en\/\/?product=skinny-saty-s-vystrihem-do-v","og_locale":"en_GB","og_type":"article","og_title":"Skinny V-neck dress -","og_description":"Slip dress made of slanted silk satin &#8211; the so-called Armani silk from Dubai. V-neckline in front and back, double fabric on the bust, thin sliding straps and a wrap-around skinny cut. Thanks to its perfect fit and lightweight material with a touch of elastane, it adapts to every body type and respects the female [&hellip;]","og_url":"https:\/\/lasatin-eshop.cz\/en\/\/?product=skinny-saty-s-vystrihem-do-v","article_modified_time":"2023-09-18T09:31:32+00:00","og_image":[{"width":1706,"height":2560,"url":"https:\/\/lasatin-eshop.cz\/en\/wp-content\/uploads\/2023\/01\/image00102-scaled.jpeg","type":"image\/jpeg"}],"twitter_card":"summary_large_image","twitter_misc":{"Estimated reading time":"1 minute"},"schema":{"@context":"https:\/\/schema.org","@graph":[{"@type":"WebPage","@id":"https:\/\/lasatin-eshop.cz\/en\/\/?product=skinny-saty-s-vystrihem-do-v","url":"https:\/\/lasatin-eshop.cz\/en\/\/?product=skinny-saty-s-vystrihem-do-v","name":"Skinny V-neck dress -","isPartOf":{"@id":"https:\/\/lasatin-eshop.cz\/en\/#website"},"primaryImageOfPage":{"@id":"https:\/\/lasatin-eshop.cz\/en\/\/?product=skinny-saty-s-vystrihem-do-v#primaryimage"},"image":{"@id":"https:\/\/lasatin-eshop.cz\/en\/\/?product=skinny-saty-s-vystrihem-do-v#primaryimage"},"thumbnailUrl":"https:\/\/lasatin-eshop.cz\/en\/wp-content\/uploads\/2023\/01\/image00102-scaled.jpeg","datePublished":"2023-01-19T08:34:34+00:00","dateModified":"2023-09-18T09:31:32+00:00","breadcrumb":{"@id":"https:\/\/lasatin-eshop.cz\/en\/\/?product=skinny-saty-s-vystrihem-do-v#breadcrumb"},"inLanguage":"en-GB","potentialAction":[{"@type":"ReadAction","target":["https:\/\/lasatin-eshop.cz\/en\/\/?product=skinny-saty-s-vystrihem-do-v"]}]},{"@type":"ImageObject","inLanguage":"en-GB","@id":"https:\/\/lasatin-eshop.cz\/en\/\/?product=skinny-saty-s-vystrihem-do-v#primaryimage","url":"https:\/\/lasatin-eshop.cz\/en\/wp-content\/uploads\/2023\/01\/image00102-scaled.jpeg","contentUrl":"https:\/\/lasatin-eshop.cz\/en\/wp-content\/uploads\/2023\/01\/image00102-scaled.jpeg","width":1706,"height":2560},{"@type":"BreadcrumbList","@id":"https:\/\/lasatin-eshop.cz\/en\/\/?product=skinny-saty-s-vystrihem-do-v#breadcrumb","itemListElement":[{"@type":"ListItem","position":1,"name":"Dom\u016f","item":"https:\/\/lasatin-eshop.cz\/en\/"},{"@type":"ListItem","position":2,"name":"Obchod","item":"https:\/\/lasatin-eshop.cz\/en\/\/?page_id=6"},{"@type":"ListItem","position":3,"name":"Skinny V-neck dress"}]},{"@type":"WebSite","@id":"https:\/\/lasatin-eshop.cz\/en\/#website","url":"https:\/\/lasatin-eshop.cz\/en\/","name":"Lasatin","description":"Produkty vyr\u00e1b\u011bn\u00e9 s l\u00e1skou a ohledem k p\u0159\u00edrod\u011b z luxusn\u00edho a udr\u017eiteln\u00e9ho sat\u00e9nu - Armani hedv\u00e1b\u00ed.","publisher":{"@id":"https:\/\/lasatin-eshop.cz\/en\/#organization"},"potentialAction":[{"@type":"SearchAction","target":{"@type":"EntryPoint","urlTemplate":"https:\/\/lasatin-eshop.cz\/en\/?s={search_term_string}"},"query-input":{"@type":"PropertyValueSpecification","valueRequired":true,"valueName":"search_term_string"}}],"inLanguage":"en-GB"},{"@type":"Organization","@id":"https:\/\/lasatin-eshop.cz\/en\/#organization","name":"lasatin","url":"https:\/\/lasatin-eshop.cz\/en\/","logo":{"@type":"ImageObject","inLanguage":"en-GB","@id":"https:\/\/lasatin-eshop.cz\/en\/#\/schema\/logo\/image\/","url":"https:\/\/lasatin-eshop.cz\/en\/wp-content\/uploads\/2023\/06\/lasatin-logo-barevne-pruhledne-pozadi.png","contentUrl":"https:\/\/lasatin-eshop.cz\/en\/wp-content\/uploads\/2023\/06\/lasatin-logo-barevne-pruhledne-pozadi.png","width":512,"height":512,"caption":"lasatin"},"image":{"@id":"https:\/\/lasatin-eshop.cz\/en\/#\/schema\/logo\/image\/"}}]}},"_links":{"self":[{"href":"https:\/\/lasatin-eshop.cz\/en\/index.php?rest_route=\/wp\/v2\/product\/19","targetHints":{"allow":["GET"]}}],"collection":[{"href":"https:\/\/lasatin-eshop.cz\/en\/index.php?rest_route=\/wp\/v2\/product"}],"about":[{"href":"https:\/\/lasatin-eshop.cz\/en\/index.php?rest_route=\/wp\/v2\/types\/product"}],"replies":[{"embeddable":true,"href":"https:\/\/lasatin-eshop.cz\/en\/index.php?rest_route=%2Fwp%2Fv2%2Fcomments&post=19"}],"wp:featuredmedia":[{"embeddable":true,"href":"https:\/\/lasatin-eshop.cz\/en\/index.php?rest_route=\/wp\/v2\/media\/596"}],"wp:attachment":[{"href":"https:\/\/lasatin-eshop.cz\/en\/index.php?rest_route=%2Fwp%2Fv2%2Fmedia&parent=19"}],"wp:term":[{"taxonomy":"product_brand","embeddable":true,"href":"https:\/\/lasatin-eshop.cz\/en\/index.php?rest_route=%2Fwp%2Fv2%2Fproduct_brand&post=19"},{"taxonomy":"product_cat","embeddable":true,"href":"https:\/\/lasatin-eshop.cz\/en\/index.php?rest_route=%2Fwp%2Fv2%2Fproduct_cat&post=19"},{"taxonomy":"product_tag","embeddable":true,"href":"https:\/\/lasatin-eshop.cz\/en\/index.php?rest_route=%2Fwp%2Fv2%2Fproduct_tag&post=19"}],"curies":[{"name":"wp","href":"https:\/\/api.w.org\/{rel}","templated":true}]}}