{"id":21,"date":"2023-01-19T09:35:40","date_gmt":"2023-01-19T08:35:40","guid":{"rendered":"https:\/\/localhost\/lasatin3\/?post_type=product&#038;p=21"},"modified":"2023-09-18T11:30:13","modified_gmt":"2023-09-18T09:30:13","slug":"kratasy-se-zapinanim-vzadu","status":"publish","type":"product","link":"https:\/\/lasatin-eshop.cz\/en\/?product=kratasy-se-zapinanim-vzadu","title":{"rendered":"Shorts with back fastening"},"content":{"rendered":"<p>Satin balloon cut shorts with a back zipper closure. The shorts have a high waist, a sewn-in lining (thanks to the lining, they are warm in the cold and cool in the heat) and can be paired with a LASATIN tank top, MULTIWAY TOP, vest or jacket. A breezy cut that never goes out of style. Elegant, classy and sexy look.<\/p>\n<p><a href=\"http:\/\/lasatin-eshop.cz\/wp-content\/uploads\/2023\/01\/3.pdf\">Size chart<\/a><\/p>\n<p>Care: hand or machine wash at 30\u00b0, ironable<br \/>\nComposition: 96% polyester, 4% spandex<br \/>\nWeight: 85 g\/m2<\/p>\n<div style=\"width: 480px;\" class=\"wp-video\"><video class=\"wp-video-shortcode\" id=\"video-21-1\" width=\"480\" height=\"848\" preload=\"metadata\" controls=\"controls\"><source type=\"video\/mp4\" src=\"https:\/\/lasatin-eshop.cz\/en\/\/wp-content\/uploads\/2023\/01\/Video-WhatsApp-2023-09-14-v-11.03.00-1.mp4?_=1\" \/><a href=\"https:\/\/lasatin-eshop.cz\/en\/\/wp-content\/uploads\/2023\/01\/Video-WhatsApp-2023-09-14-v-11.03.00-1.mp4\">https:\/\/lasatin-eshop.cz\/en\/\/wp-content\/uploads\/2023\/01\/Video-WhatsApp-2023-09-14-v-11.03.00-1.mp4<\/a><\/video><\/div>\n","protected":false},"excerpt":{"rendered":"<p>Satin balloon cut shorts with a back zipper closure. The shorts have a high waist, a sewn-in lining (thanks to the lining, they are warm in the cold and cool in the heat) and can be paired with a LASATIN tank top, MULTIWAY TOP, vest or jacket. A breezy cut that never goes out of [&hellip;]<\/p>\n","protected":false},"featured_media":5470,"comment_status":"open","ping_status":"closed","template":"","meta":{"inline_featured_image":false,"site-sidebar-layout":"default","site-content-layout":"default","ast-site-content-layout":"","site-content-style":"default","site-sidebar-style":"default","ast-global-header-display":"","ast-banner-title-visibility":"","ast-main-header-display":"","ast-hfb-above-header-display":"","ast-hfb-below-header-display":"","ast-hfb-mobile-header-display":"","site-post-title":"","ast-breadcrumbs-content":"","ast-featured-img":"","footer-sml-layout":"","theme-transparent-header-meta":"default","adv-header-id-meta":"","stick-header-meta":"","header-above-stick-meta":"","header-main-stick-meta":"","header-below-stick-meta":"","astra-migrate-meta-layouts":"default","ast-page-background-enabled":"default","ast-page-background-meta":{"desktop":{"background-color":"var(--ast-global-color-4)","background-image":"","background-repeat":"repeat","background-position":"center center","background-size":"auto","background-attachment":"scroll","background-type":"","background-media":"","overlay-type":"","overlay-color":"","overlay-opacity":"","overlay-gradient":""},"tablet":{"background-color":"","background-image":"","background-repeat":"repeat","background-position":"center center","background-size":"auto","background-attachment":"scroll","background-type":"","background-media":"","overlay-type":"","overlay-color":"","overlay-opacity":"","overlay-gradient":""},"mobile":{"background-color":"","background-image":"","background-repeat":"repeat","background-position":"center center","background-size":"auto","background-attachment":"scroll","background-type":"","background-media":"","overlay-type":"","overlay-color":"","overlay-opacity":"","overlay-gradient":""}},"ast-content-background-meta":{"desktop":{"background-color":"var(--ast-global-color-5)","background-image":"","background-repeat":"repeat","background-position":"center center","background-size":"auto","background-attachment":"scroll","background-type":"","background-media":"","overlay-type":"","overlay-color":"","overlay-opacity":"","overlay-gradient":""},"tablet":{"background-color":"var(--ast-global-color-5)","background-image":"","background-repeat":"repeat","background-position":"center center","background-size":"auto","background-attachment":"scroll","background-type":"","background-media":"","overlay-type":"","overlay-color":"","overlay-opacity":"","overlay-gradient":""},"mobile":{"background-color":"var(--ast-global-color-5)","background-image":"","background-repeat":"repeat","background-position":"center center","background-size":"auto","background-attachment":"scroll","background-type":"","background-media":"","overlay-type":"","overlay-color":"","overlay-opacity":"","overlay-gradient":""}}},"product_brand":[],"product_cat":[18],"product_tag":[],"class_list":{"0":"post-21","1":"product","2":"type-product","3":"status-publish","4":"has-post-thumbnail","6":"product_cat-kratase","7":"desktop-align-left","8":"tablet-align-left","9":"mobile-align-left","11":"first","12":"instock","13":"shipping-taxable","14":"purchasable","15":"product-type-variable"},"yoast_head":"<!-- This site is optimized with the Yoast SEO plugin v25.0 - https:\/\/yoast.com\/wordpress\/plugins\/seo\/ -->\n<title>Shorts with back fastening -<\/title>\n<meta name=\"robots\" content=\"index, follow, max-snippet:-1, max-image-preview:large, max-video-preview:-1\" \/>\n<link rel=\"canonical\" href=\"https:\/\/lasatin-eshop.cz\/en\/\/?product=kratasy-se-zapinanim-vzadu\" \/>\n<meta property=\"og:locale\" content=\"en_GB\" \/>\n<meta property=\"og:type\" content=\"article\" \/>\n<meta property=\"og:title\" content=\"Shorts with back fastening -\" \/>\n<meta property=\"og:description\" content=\"Satin balloon cut shorts with a back zipper closure. The shorts have a high waist, a sewn-in lining (thanks to the lining, they are warm in the cold and cool in the heat) and can be paired with a LASATIN tank top, MULTIWAY TOP, vest or jacket. A breezy cut that never goes out of [&hellip;]\" \/>\n<meta property=\"og:url\" content=\"https:\/\/lasatin-eshop.cz\/en\/\/?product=kratasy-se-zapinanim-vzadu\" \/>\n<meta property=\"article:modified_time\" content=\"2023-09-18T09:30:13+00:00\" \/>\n<meta property=\"og:image\" content=\"https:\/\/lasatin-eshop.cz\/en\/wp-content\/uploads\/2023\/01\/30812e03-19a8-4e79-9977-68727edec593.jpg\" \/>\n\t<meta property=\"og:image:width\" content=\"1440\" \/>\n\t<meta property=\"og:image:height\" content=\"1791\" \/>\n\t<meta property=\"og:image:type\" content=\"image\/jpeg\" \/>\n<meta name=\"twitter:card\" content=\"summary_large_image\" \/>\n<meta name=\"twitter:label1\" content=\"Estimated reading time\" \/>\n\t<meta name=\"twitter:data1\" content=\"1 minute\" \/>\n<script type=\"application\/ld+json\" class=\"yoast-schema-graph\">{\"@context\":\"https:\/\/schema.org\",\"@graph\":[{\"@type\":\"WebPage\",\"@id\":\"https:\/\/lasatin-eshop.cz\/en\/\/?product=kratasy-se-zapinanim-vzadu\",\"url\":\"https:\/\/lasatin-eshop.cz\/en\/\/?product=kratasy-se-zapinanim-vzadu\",\"name\":\"Shorts with back fastening -\",\"isPartOf\":{\"@id\":\"https:\/\/lasatin-eshop.cz\/en\/#website\"},\"primaryImageOfPage\":{\"@id\":\"https:\/\/lasatin-eshop.cz\/en\/\/?product=kratasy-se-zapinanim-vzadu#primaryimage\"},\"image\":{\"@id\":\"https:\/\/lasatin-eshop.cz\/en\/\/?product=kratasy-se-zapinanim-vzadu#primaryimage\"},\"thumbnailUrl\":\"https:\/\/lasatin-eshop.cz\/en\/wp-content\/uploads\/2023\/01\/30812e03-19a8-4e79-9977-68727edec593.jpg\",\"datePublished\":\"2023-01-19T08:35:40+00:00\",\"dateModified\":\"2023-09-18T09:30:13+00:00\",\"breadcrumb\":{\"@id\":\"https:\/\/lasatin-eshop.cz\/en\/\/?product=kratasy-se-zapinanim-vzadu#breadcrumb\"},\"inLanguage\":\"en-GB\",\"potentialAction\":[{\"@type\":\"ReadAction\",\"target\":[\"https:\/\/lasatin-eshop.cz\/en\/\/?product=kratasy-se-zapinanim-vzadu\"]}]},{\"@type\":\"ImageObject\",\"inLanguage\":\"en-GB\",\"@id\":\"https:\/\/lasatin-eshop.cz\/en\/\/?product=kratasy-se-zapinanim-vzadu#primaryimage\",\"url\":\"https:\/\/lasatin-eshop.cz\/en\/wp-content\/uploads\/2023\/01\/30812e03-19a8-4e79-9977-68727edec593.jpg\",\"contentUrl\":\"https:\/\/lasatin-eshop.cz\/en\/wp-content\/uploads\/2023\/01\/30812e03-19a8-4e79-9977-68727edec593.jpg\",\"width\":1440,\"height\":1791},{\"@type\":\"BreadcrumbList\",\"@id\":\"https:\/\/lasatin-eshop.cz\/en\/\/?product=kratasy-se-zapinanim-vzadu#breadcrumb\",\"itemListElement\":[{\"@type\":\"ListItem\",\"position\":1,\"name\":\"Dom\u016f\",\"item\":\"https:\/\/lasatin-eshop.cz\/en\/\"},{\"@type\":\"ListItem\",\"position\":2,\"name\":\"Obchod\",\"item\":\"https:\/\/lasatin-eshop.cz\/en\/\/?page_id=6\"},{\"@type\":\"ListItem\",\"position\":3,\"name\":\"Shorts with back fastening\"}]},{\"@type\":\"WebSite\",\"@id\":\"https:\/\/lasatin-eshop.cz\/en\/#website\",\"url\":\"https:\/\/lasatin-eshop.cz\/en\/\",\"name\":\"Lasatin\",\"description\":\"Produkty vyr\u00e1b\u011bn\u00e9 s l\u00e1skou a ohledem k p\u0159\u00edrod\u011b z luxusn\u00edho a udr\u017eiteln\u00e9ho sat\u00e9nu - Armani hedv\u00e1b\u00ed.\",\"publisher\":{\"@id\":\"https:\/\/lasatin-eshop.cz\/en\/#organization\"},\"potentialAction\":[{\"@type\":\"SearchAction\",\"target\":{\"@type\":\"EntryPoint\",\"urlTemplate\":\"https:\/\/lasatin-eshop.cz\/en\/?s={search_term_string}\"},\"query-input\":{\"@type\":\"PropertyValueSpecification\",\"valueRequired\":true,\"valueName\":\"search_term_string\"}}],\"inLanguage\":\"en-GB\"},{\"@type\":\"Organization\",\"@id\":\"https:\/\/lasatin-eshop.cz\/en\/#organization\",\"name\":\"lasatin\",\"url\":\"https:\/\/lasatin-eshop.cz\/en\/\",\"logo\":{\"@type\":\"ImageObject\",\"inLanguage\":\"en-GB\",\"@id\":\"https:\/\/lasatin-eshop.cz\/en\/#\/schema\/logo\/image\/\",\"url\":\"https:\/\/lasatin-eshop.cz\/en\/wp-content\/uploads\/2023\/06\/lasatin-logo-barevne-pruhledne-pozadi.png\",\"contentUrl\":\"https:\/\/lasatin-eshop.cz\/en\/wp-content\/uploads\/2023\/06\/lasatin-logo-barevne-pruhledne-pozadi.png\",\"width\":512,\"height\":512,\"caption\":\"lasatin\"},\"image\":{\"@id\":\"https:\/\/lasatin-eshop.cz\/en\/#\/schema\/logo\/image\/\"}}]}<\/script>\n<!-- \/ Yoast SEO plugin. -->","yoast_head_json":{"title":"Shorts with back fastening -","robots":{"index":"index","follow":"follow","max-snippet":"max-snippet:-1","max-image-preview":"max-image-preview:large","max-video-preview":"max-video-preview:-1"},"canonical":"https:\/\/lasatin-eshop.cz\/en\/\/?product=kratasy-se-zapinanim-vzadu","og_locale":"en_GB","og_type":"article","og_title":"Shorts with back fastening -","og_description":"Satin balloon cut shorts with a back zipper closure. The shorts have a high waist, a sewn-in lining (thanks to the lining, they are warm in the cold and cool in the heat) and can be paired with a LASATIN tank top, MULTIWAY TOP, vest or jacket. A breezy cut that never goes out of [&hellip;]","og_url":"https:\/\/lasatin-eshop.cz\/en\/\/?product=kratasy-se-zapinanim-vzadu","article_modified_time":"2023-09-18T09:30:13+00:00","og_image":[{"width":1440,"height":1791,"url":"https:\/\/lasatin-eshop.cz\/en\/wp-content\/uploads\/2023\/01\/30812e03-19a8-4e79-9977-68727edec593.jpg","type":"image\/jpeg"}],"twitter_card":"summary_large_image","twitter_misc":{"Estimated reading time":"1 minute"},"schema":{"@context":"https:\/\/schema.org","@graph":[{"@type":"WebPage","@id":"https:\/\/lasatin-eshop.cz\/en\/\/?product=kratasy-se-zapinanim-vzadu","url":"https:\/\/lasatin-eshop.cz\/en\/\/?product=kratasy-se-zapinanim-vzadu","name":"Shorts with back fastening -","isPartOf":{"@id":"https:\/\/lasatin-eshop.cz\/en\/#website"},"primaryImageOfPage":{"@id":"https:\/\/lasatin-eshop.cz\/en\/\/?product=kratasy-se-zapinanim-vzadu#primaryimage"},"image":{"@id":"https:\/\/lasatin-eshop.cz\/en\/\/?product=kratasy-se-zapinanim-vzadu#primaryimage"},"thumbnailUrl":"https:\/\/lasatin-eshop.cz\/en\/wp-content\/uploads\/2023\/01\/30812e03-19a8-4e79-9977-68727edec593.jpg","datePublished":"2023-01-19T08:35:40+00:00","dateModified":"2023-09-18T09:30:13+00:00","breadcrumb":{"@id":"https:\/\/lasatin-eshop.cz\/en\/\/?product=kratasy-se-zapinanim-vzadu#breadcrumb"},"inLanguage":"en-GB","potentialAction":[{"@type":"ReadAction","target":["https:\/\/lasatin-eshop.cz\/en\/\/?product=kratasy-se-zapinanim-vzadu"]}]},{"@type":"ImageObject","inLanguage":"en-GB","@id":"https:\/\/lasatin-eshop.cz\/en\/\/?product=kratasy-se-zapinanim-vzadu#primaryimage","url":"https:\/\/lasatin-eshop.cz\/en\/wp-content\/uploads\/2023\/01\/30812e03-19a8-4e79-9977-68727edec593.jpg","contentUrl":"https:\/\/lasatin-eshop.cz\/en\/wp-content\/uploads\/2023\/01\/30812e03-19a8-4e79-9977-68727edec593.jpg","width":1440,"height":1791},{"@type":"BreadcrumbList","@id":"https:\/\/lasatin-eshop.cz\/en\/\/?product=kratasy-se-zapinanim-vzadu#breadcrumb","itemListElement":[{"@type":"ListItem","position":1,"name":"Dom\u016f","item":"https:\/\/lasatin-eshop.cz\/en\/"},{"@type":"ListItem","position":2,"name":"Obchod","item":"https:\/\/lasatin-eshop.cz\/en\/\/?page_id=6"},{"@type":"ListItem","position":3,"name":"Shorts with back fastening"}]},{"@type":"WebSite","@id":"https:\/\/lasatin-eshop.cz\/en\/#website","url":"https:\/\/lasatin-eshop.cz\/en\/","name":"Lasatin","description":"Produkty vyr\u00e1b\u011bn\u00e9 s l\u00e1skou a ohledem k p\u0159\u00edrod\u011b z luxusn\u00edho a udr\u017eiteln\u00e9ho sat\u00e9nu - Armani hedv\u00e1b\u00ed.","publisher":{"@id":"https:\/\/lasatin-eshop.cz\/en\/#organization"},"potentialAction":[{"@type":"SearchAction","target":{"@type":"EntryPoint","urlTemplate":"https:\/\/lasatin-eshop.cz\/en\/?s={search_term_string}"},"query-input":{"@type":"PropertyValueSpecification","valueRequired":true,"valueName":"search_term_string"}}],"inLanguage":"en-GB"},{"@type":"Organization","@id":"https:\/\/lasatin-eshop.cz\/en\/#organization","name":"lasatin","url":"https:\/\/lasatin-eshop.cz\/en\/","logo":{"@type":"ImageObject","inLanguage":"en-GB","@id":"https:\/\/lasatin-eshop.cz\/en\/#\/schema\/logo\/image\/","url":"https:\/\/lasatin-eshop.cz\/en\/wp-content\/uploads\/2023\/06\/lasatin-logo-barevne-pruhledne-pozadi.png","contentUrl":"https:\/\/lasatin-eshop.cz\/en\/wp-content\/uploads\/2023\/06\/lasatin-logo-barevne-pruhledne-pozadi.png","width":512,"height":512,"caption":"lasatin"},"image":{"@id":"https:\/\/lasatin-eshop.cz\/en\/#\/schema\/logo\/image\/"}}]}},"_links":{"self":[{"href":"https:\/\/lasatin-eshop.cz\/en\/index.php?rest_route=\/wp\/v2\/product\/21","targetHints":{"allow":["GET"]}}],"collection":[{"href":"https:\/\/lasatin-eshop.cz\/en\/index.php?rest_route=\/wp\/v2\/product"}],"about":[{"href":"https:\/\/lasatin-eshop.cz\/en\/index.php?rest_route=\/wp\/v2\/types\/product"}],"replies":[{"embeddable":true,"href":"https:\/\/lasatin-eshop.cz\/en\/index.php?rest_route=%2Fwp%2Fv2%2Fcomments&post=21"}],"wp:featuredmedia":[{"embeddable":true,"href":"https:\/\/lasatin-eshop.cz\/en\/index.php?rest_route=\/wp\/v2\/media\/5470"}],"wp:attachment":[{"href":"https:\/\/lasatin-eshop.cz\/en\/index.php?rest_route=%2Fwp%2Fv2%2Fmedia&parent=21"}],"wp:term":[{"taxonomy":"product_brand","embeddable":true,"href":"https:\/\/lasatin-eshop.cz\/en\/index.php?rest_route=%2Fwp%2Fv2%2Fproduct_brand&post=21"},{"taxonomy":"product_cat","embeddable":true,"href":"https:\/\/lasatin-eshop.cz\/en\/index.php?rest_route=%2Fwp%2Fv2%2Fproduct_cat&post=21"},{"taxonomy":"product_tag","embeddable":true,"href":"https:\/\/lasatin-eshop.cz\/en\/index.php?rest_route=%2Fwp%2Fv2%2Fproduct_tag&post=21"}],"curies":[{"name":"wp","href":"https:\/\/api.w.org\/{rel}","templated":true}]}}