{"id":399,"date":"2023-01-27T16:09:59","date_gmt":"2023-01-27T15:09:59","guid":{"rendered":"https:\/\/localhost\/lasatin3\/?post_type=product&#038;p=399"},"modified":"2023-09-08T09:14:30","modified_gmt":"2023-09-08T07:14:30","slug":"satenova-sukne-fler","status":"publish","type":"product","link":"https:\/\/lasatin-eshop.cz\/en\/?product=satenova-sukne-fler","title":{"rendered":"Satin skirt FLER"},"content":{"rendered":"<p>Satin skirt in a rich cut in two lengths. Maxi cut in floor length and midi length to mid cheeks.<br \/>\n36 colours available. Lining can be sewn in. The skirt has a zipper on the side.<br \/>\nCombine with our satin tank top to create a luxurious outfit for a formal occasion, combine<br \/>\nwith our MULTIWAY TOP to create a sophisticated sexy look for a party.<\/p>\n<p><strong>Available in lengths:<\/strong><br \/>\n&#8211; MAXI (shortened, standard, extended)<br \/>\n&#8211; MIDI<\/p>\n<p><a href=\"https:\/\/lasatin-eshop.cz\/wp-content\/uploads\/2023\/01\/LA-SATIN-S354-damska-sukne-FLER.pdf\">Size chart<\/a><\/p>\n<p>Maintenance: hand or machine wash at 30\u00b0, ironable<br \/>\nComposition: 96% polyester, 4% spandex<br \/>\nWeight: 85 g\/m2<\/p>\n","protected":false},"excerpt":{"rendered":"<p>Satin skirt in a rich cut in two lengths. Maxi cut in floor length and midi length to mid cheeks. 36 colours available. Lining can be sewn in. The skirt has a zipper on the side. Combine with our satin tank top to create a luxurious outfit for a formal occasion, combine with our MULTIWAY [&hellip;]<\/p>\n","protected":false},"featured_media":465,"comment_status":"open","ping_status":"closed","template":"","meta":{"inline_featured_image":false,"site-sidebar-layout":"default","site-content-layout":"default","ast-site-content-layout":"","site-content-style":"default","site-sidebar-style":"default","ast-global-header-display":"","ast-banner-title-visibility":"","ast-main-header-display":"","ast-hfb-above-header-display":"","ast-hfb-below-header-display":"","ast-hfb-mobile-header-display":"","site-post-title":"","ast-breadcrumbs-content":"","ast-featured-img":"","footer-sml-layout":"","theme-transparent-header-meta":"default","adv-header-id-meta":"","stick-header-meta":"","header-above-stick-meta":"","header-main-stick-meta":"","header-below-stick-meta":"","astra-migrate-meta-layouts":"default","ast-page-background-enabled":"default","ast-page-background-meta":{"desktop":{"background-color":"var(--ast-global-color-4)","background-image":"","background-repeat":"repeat","background-position":"center center","background-size":"auto","background-attachment":"scroll","background-type":"","background-media":"","overlay-type":"","overlay-color":"","overlay-opacity":"","overlay-gradient":""},"tablet":{"background-color":"","background-image":"","background-repeat":"repeat","background-position":"center center","background-size":"auto","background-attachment":"scroll","background-type":"","background-media":"","overlay-type":"","overlay-color":"","overlay-opacity":"","overlay-gradient":""},"mobile":{"background-color":"","background-image":"","background-repeat":"repeat","background-position":"center center","background-size":"auto","background-attachment":"scroll","background-type":"","background-media":"","overlay-type":"","overlay-color":"","overlay-opacity":"","overlay-gradient":""}},"ast-content-background-meta":{"desktop":{"background-color":"var(--ast-global-color-5)","background-image":"","background-repeat":"repeat","background-position":"center center","background-size":"auto","background-attachment":"scroll","background-type":"","background-media":"","overlay-type":"","overlay-color":"","overlay-opacity":"","overlay-gradient":""},"tablet":{"background-color":"var(--ast-global-color-5)","background-image":"","background-repeat":"repeat","background-position":"center center","background-size":"auto","background-attachment":"scroll","background-type":"","background-media":"","overlay-type":"","overlay-color":"","overlay-opacity":"","overlay-gradient":""},"mobile":{"background-color":"var(--ast-global-color-5)","background-image":"","background-repeat":"repeat","background-position":"center center","background-size":"auto","background-attachment":"scroll","background-type":"","background-media":"","overlay-type":"","overlay-color":"","overlay-opacity":"","overlay-gradient":""}}},"product_brand":[],"product_cat":[23],"product_tag":[],"class_list":{"0":"post-399","1":"product","2":"type-product","3":"status-publish","4":"has-post-thumbnail","6":"product_cat-sukne","7":"desktop-align-left","8":"tablet-align-left","9":"mobile-align-left","11":"first","12":"instock","13":"shipping-taxable","14":"purchasable","15":"product-type-variable"},"yoast_head":"<!-- This site is optimized with the Yoast SEO plugin v25.0 - https:\/\/yoast.com\/wordpress\/plugins\/seo\/ -->\n<title>Satin skirt FLER -<\/title>\n<meta name=\"robots\" content=\"index, follow, max-snippet:-1, max-image-preview:large, max-video-preview:-1\" \/>\n<link rel=\"canonical\" href=\"https:\/\/lasatin-eshop.cz\/en\/\/?product=satenova-sukne-fler\" \/>\n<meta property=\"og:locale\" content=\"en_GB\" \/>\n<meta property=\"og:type\" content=\"article\" \/>\n<meta property=\"og:title\" content=\"Satin skirt FLER -\" \/>\n<meta property=\"og:description\" content=\"Satin skirt in a rich cut in two lengths. Maxi cut in floor length and midi length to mid cheeks. 36 colours available. Lining can be sewn in. The skirt has a zipper on the side. Combine with our satin tank top to create a luxurious outfit for a formal occasion, combine with our MULTIWAY [&hellip;]\" \/>\n<meta property=\"og:url\" content=\"https:\/\/lasatin-eshop.cz\/en\/\/?product=satenova-sukne-fler\" \/>\n<meta property=\"article:modified_time\" content=\"2023-09-08T07:14:30+00:00\" \/>\n<meta property=\"og:image\" content=\"https:\/\/lasatin-eshop.cz\/en\/wp-content\/uploads\/2023\/01\/image00261.jpeg\" \/>\n\t<meta property=\"og:image:width\" content=\"1184\" \/>\n\t<meta property=\"og:image:height\" content=\"1501\" \/>\n\t<meta property=\"og:image:type\" content=\"image\/jpeg\" \/>\n<meta name=\"twitter:card\" content=\"summary_large_image\" \/>\n<meta name=\"twitter:label1\" content=\"Estimated reading time\" \/>\n\t<meta name=\"twitter:data1\" content=\"1 minute\" \/>\n<script type=\"application\/ld+json\" class=\"yoast-schema-graph\">{\"@context\":\"https:\/\/schema.org\",\"@graph\":[{\"@type\":\"WebPage\",\"@id\":\"https:\/\/lasatin-eshop.cz\/en\/\/?product=satenova-sukne-fler\",\"url\":\"https:\/\/lasatin-eshop.cz\/en\/\/?product=satenova-sukne-fler\",\"name\":\"Satin skirt FLER -\",\"isPartOf\":{\"@id\":\"https:\/\/lasatin-eshop.cz\/en\/#website\"},\"primaryImageOfPage\":{\"@id\":\"https:\/\/lasatin-eshop.cz\/en\/\/?product=satenova-sukne-fler#primaryimage\"},\"image\":{\"@id\":\"https:\/\/lasatin-eshop.cz\/en\/\/?product=satenova-sukne-fler#primaryimage\"},\"thumbnailUrl\":\"https:\/\/lasatin-eshop.cz\/en\/wp-content\/uploads\/2023\/01\/image00261.jpeg\",\"datePublished\":\"2023-01-27T15:09:59+00:00\",\"dateModified\":\"2023-09-08T07:14:30+00:00\",\"breadcrumb\":{\"@id\":\"https:\/\/lasatin-eshop.cz\/en\/\/?product=satenova-sukne-fler#breadcrumb\"},\"inLanguage\":\"en-GB\",\"potentialAction\":[{\"@type\":\"ReadAction\",\"target\":[\"https:\/\/lasatin-eshop.cz\/en\/\/?product=satenova-sukne-fler\"]}]},{\"@type\":\"ImageObject\",\"inLanguage\":\"en-GB\",\"@id\":\"https:\/\/lasatin-eshop.cz\/en\/\/?product=satenova-sukne-fler#primaryimage\",\"url\":\"https:\/\/lasatin-eshop.cz\/en\/wp-content\/uploads\/2023\/01\/image00261.jpeg\",\"contentUrl\":\"https:\/\/lasatin-eshop.cz\/en\/wp-content\/uploads\/2023\/01\/image00261.jpeg\",\"width\":1184,\"height\":1501,\"caption\":\"Sukn\u011b Fler\"},{\"@type\":\"BreadcrumbList\",\"@id\":\"https:\/\/lasatin-eshop.cz\/en\/\/?product=satenova-sukne-fler#breadcrumb\",\"itemListElement\":[{\"@type\":\"ListItem\",\"position\":1,\"name\":\"Dom\u016f\",\"item\":\"https:\/\/lasatin-eshop.cz\/en\/\"},{\"@type\":\"ListItem\",\"position\":2,\"name\":\"Obchod\",\"item\":\"https:\/\/lasatin-eshop.cz\/en\/\/?page_id=6\"},{\"@type\":\"ListItem\",\"position\":3,\"name\":\"Satin skirt FLER\"}]},{\"@type\":\"WebSite\",\"@id\":\"https:\/\/lasatin-eshop.cz\/en\/#website\",\"url\":\"https:\/\/lasatin-eshop.cz\/en\/\",\"name\":\"Lasatin\",\"description\":\"Produkty vyr\u00e1b\u011bn\u00e9 s l\u00e1skou a ohledem k p\u0159\u00edrod\u011b z luxusn\u00edho a udr\u017eiteln\u00e9ho sat\u00e9nu - Armani hedv\u00e1b\u00ed.\",\"publisher\":{\"@id\":\"https:\/\/lasatin-eshop.cz\/en\/#organization\"},\"potentialAction\":[{\"@type\":\"SearchAction\",\"target\":{\"@type\":\"EntryPoint\",\"urlTemplate\":\"https:\/\/lasatin-eshop.cz\/en\/?s={search_term_string}\"},\"query-input\":{\"@type\":\"PropertyValueSpecification\",\"valueRequired\":true,\"valueName\":\"search_term_string\"}}],\"inLanguage\":\"en-GB\"},{\"@type\":\"Organization\",\"@id\":\"https:\/\/lasatin-eshop.cz\/en\/#organization\",\"name\":\"lasatin\",\"url\":\"https:\/\/lasatin-eshop.cz\/en\/\",\"logo\":{\"@type\":\"ImageObject\",\"inLanguage\":\"en-GB\",\"@id\":\"https:\/\/lasatin-eshop.cz\/en\/#\/schema\/logo\/image\/\",\"url\":\"https:\/\/lasatin-eshop.cz\/en\/wp-content\/uploads\/2023\/06\/lasatin-logo-barevne-pruhledne-pozadi.png\",\"contentUrl\":\"https:\/\/lasatin-eshop.cz\/en\/wp-content\/uploads\/2023\/06\/lasatin-logo-barevne-pruhledne-pozadi.png\",\"width\":512,\"height\":512,\"caption\":\"lasatin\"},\"image\":{\"@id\":\"https:\/\/lasatin-eshop.cz\/en\/#\/schema\/logo\/image\/\"}}]}<\/script>\n<!-- \/ Yoast SEO plugin. -->","yoast_head_json":{"title":"Satin skirt FLER -","robots":{"index":"index","follow":"follow","max-snippet":"max-snippet:-1","max-image-preview":"max-image-preview:large","max-video-preview":"max-video-preview:-1"},"canonical":"https:\/\/lasatin-eshop.cz\/en\/\/?product=satenova-sukne-fler","og_locale":"en_GB","og_type":"article","og_title":"Satin skirt FLER -","og_description":"Satin skirt in a rich cut in two lengths. Maxi cut in floor length and midi length to mid cheeks. 36 colours available. Lining can be sewn in. The skirt has a zipper on the side. Combine with our satin tank top to create a luxurious outfit for a formal occasion, combine with our MULTIWAY [&hellip;]","og_url":"https:\/\/lasatin-eshop.cz\/en\/\/?product=satenova-sukne-fler","article_modified_time":"2023-09-08T07:14:30+00:00","og_image":[{"width":1184,"height":1501,"url":"https:\/\/lasatin-eshop.cz\/en\/wp-content\/uploads\/2023\/01\/image00261.jpeg","type":"image\/jpeg"}],"twitter_card":"summary_large_image","twitter_misc":{"Estimated reading time":"1 minute"},"schema":{"@context":"https:\/\/schema.org","@graph":[{"@type":"WebPage","@id":"https:\/\/lasatin-eshop.cz\/en\/\/?product=satenova-sukne-fler","url":"https:\/\/lasatin-eshop.cz\/en\/\/?product=satenova-sukne-fler","name":"Satin skirt FLER -","isPartOf":{"@id":"https:\/\/lasatin-eshop.cz\/en\/#website"},"primaryImageOfPage":{"@id":"https:\/\/lasatin-eshop.cz\/en\/\/?product=satenova-sukne-fler#primaryimage"},"image":{"@id":"https:\/\/lasatin-eshop.cz\/en\/\/?product=satenova-sukne-fler#primaryimage"},"thumbnailUrl":"https:\/\/lasatin-eshop.cz\/en\/wp-content\/uploads\/2023\/01\/image00261.jpeg","datePublished":"2023-01-27T15:09:59+00:00","dateModified":"2023-09-08T07:14:30+00:00","breadcrumb":{"@id":"https:\/\/lasatin-eshop.cz\/en\/\/?product=satenova-sukne-fler#breadcrumb"},"inLanguage":"en-GB","potentialAction":[{"@type":"ReadAction","target":["https:\/\/lasatin-eshop.cz\/en\/\/?product=satenova-sukne-fler"]}]},{"@type":"ImageObject","inLanguage":"en-GB","@id":"https:\/\/lasatin-eshop.cz\/en\/\/?product=satenova-sukne-fler#primaryimage","url":"https:\/\/lasatin-eshop.cz\/en\/wp-content\/uploads\/2023\/01\/image00261.jpeg","contentUrl":"https:\/\/lasatin-eshop.cz\/en\/wp-content\/uploads\/2023\/01\/image00261.jpeg","width":1184,"height":1501,"caption":"Sukn\u011b Fler"},{"@type":"BreadcrumbList","@id":"https:\/\/lasatin-eshop.cz\/en\/\/?product=satenova-sukne-fler#breadcrumb","itemListElement":[{"@type":"ListItem","position":1,"name":"Dom\u016f","item":"https:\/\/lasatin-eshop.cz\/en\/"},{"@type":"ListItem","position":2,"name":"Obchod","item":"https:\/\/lasatin-eshop.cz\/en\/\/?page_id=6"},{"@type":"ListItem","position":3,"name":"Satin skirt FLER"}]},{"@type":"WebSite","@id":"https:\/\/lasatin-eshop.cz\/en\/#website","url":"https:\/\/lasatin-eshop.cz\/en\/","name":"Lasatin","description":"Produkty vyr\u00e1b\u011bn\u00e9 s l\u00e1skou a ohledem k p\u0159\u00edrod\u011b z luxusn\u00edho a udr\u017eiteln\u00e9ho sat\u00e9nu - Armani hedv\u00e1b\u00ed.","publisher":{"@id":"https:\/\/lasatin-eshop.cz\/en\/#organization"},"potentialAction":[{"@type":"SearchAction","target":{"@type":"EntryPoint","urlTemplate":"https:\/\/lasatin-eshop.cz\/en\/?s={search_term_string}"},"query-input":{"@type":"PropertyValueSpecification","valueRequired":true,"valueName":"search_term_string"}}],"inLanguage":"en-GB"},{"@type":"Organization","@id":"https:\/\/lasatin-eshop.cz\/en\/#organization","name":"lasatin","url":"https:\/\/lasatin-eshop.cz\/en\/","logo":{"@type":"ImageObject","inLanguage":"en-GB","@id":"https:\/\/lasatin-eshop.cz\/en\/#\/schema\/logo\/image\/","url":"https:\/\/lasatin-eshop.cz\/en\/wp-content\/uploads\/2023\/06\/lasatin-logo-barevne-pruhledne-pozadi.png","contentUrl":"https:\/\/lasatin-eshop.cz\/en\/wp-content\/uploads\/2023\/06\/lasatin-logo-barevne-pruhledne-pozadi.png","width":512,"height":512,"caption":"lasatin"},"image":{"@id":"https:\/\/lasatin-eshop.cz\/en\/#\/schema\/logo\/image\/"}}]}},"_links":{"self":[{"href":"https:\/\/lasatin-eshop.cz\/en\/index.php?rest_route=\/wp\/v2\/product\/399","targetHints":{"allow":["GET"]}}],"collection":[{"href":"https:\/\/lasatin-eshop.cz\/en\/index.php?rest_route=\/wp\/v2\/product"}],"about":[{"href":"https:\/\/lasatin-eshop.cz\/en\/index.php?rest_route=\/wp\/v2\/types\/product"}],"replies":[{"embeddable":true,"href":"https:\/\/lasatin-eshop.cz\/en\/index.php?rest_route=%2Fwp%2Fv2%2Fcomments&post=399"}],"wp:featuredmedia":[{"embeddable":true,"href":"https:\/\/lasatin-eshop.cz\/en\/index.php?rest_route=\/wp\/v2\/media\/465"}],"wp:attachment":[{"href":"https:\/\/lasatin-eshop.cz\/en\/index.php?rest_route=%2Fwp%2Fv2%2Fmedia&parent=399"}],"wp:term":[{"taxonomy":"product_brand","embeddable":true,"href":"https:\/\/lasatin-eshop.cz\/en\/index.php?rest_route=%2Fwp%2Fv2%2Fproduct_brand&post=399"},{"taxonomy":"product_cat","embeddable":true,"href":"https:\/\/lasatin-eshop.cz\/en\/index.php?rest_route=%2Fwp%2Fv2%2Fproduct_cat&post=399"},{"taxonomy":"product_tag","embeddable":true,"href":"https:\/\/lasatin-eshop.cz\/en\/index.php?rest_route=%2Fwp%2Fv2%2Fproduct_tag&post=399"}],"curies":[{"name":"wp","href":"https:\/\/api.w.org\/{rel}","templated":true}]}}