{"id":166,"date":"2023-01-20T22:27:35","date_gmt":"2023-01-20T21:27:35","guid":{"rendered":"https:\/\/localhost\/lasatin3\/?page_id=166"},"modified":"2023-09-15T19:57:27","modified_gmt":"2023-09-15T17:57:27","slug":"o-nas","status":"publish","type":"page","link":"https:\/\/lasatin-eshop.cz\/?page_id=166","title":{"rendered":"O n\u00e1s"},"content":{"rendered":"\t\t<div data-elementor-type=\"wp-page\" data-elementor-id=\"166\" class=\"elementor elementor-166\" data-elementor-post-type=\"page\">\n\t\t\t\t\t\t<section class=\"elementor-section elementor-top-section elementor-element elementor-element-6884ee7 elementor-section-boxed elementor-section-height-default elementor-section-height-default\" data-id=\"6884ee7\" data-element_type=\"section\">\n\t\t\t\t\t\t<div class=\"elementor-container elementor-column-gap-default\">\n\t\t\t\t\t<div class=\"elementor-column elementor-col-100 elementor-top-column elementor-element elementor-element-3e2d68a\" data-id=\"3e2d68a\" data-element_type=\"column\">\n\t\t\t<div class=\"elementor-widget-wrap elementor-element-populated\">\n\t\t\t\t\t\t<div class=\"elementor-element elementor-element-98189e4 elementor-widget elementor-widget-heading\" data-id=\"98189e4\" data-element_type=\"widget\" data-widget_type=\"heading.default\">\n\t\t\t\t<div class=\"elementor-widget-container\">\n\t\t\t\t\t<h1 class=\"elementor-heading-title elementor-size-default\">LA SATIN<\/h1>\t\t\t\t<\/div>\n\t\t\t\t<\/div>\n\t\t\t\t\t<\/div>\n\t\t<\/div>\n\t\t\t\t\t<\/div>\n\t\t<\/section>\n\t\t\t\t<section class=\"elementor-section elementor-top-section elementor-element elementor-element-a7bec25 elementor-section-boxed elementor-section-height-default elementor-section-height-default\" data-id=\"a7bec25\" data-element_type=\"section\">\n\t\t\t\t\t\t<div class=\"elementor-container elementor-column-gap-default\">\n\t\t\t\t\t<div class=\"elementor-column elementor-col-100 elementor-top-column elementor-element elementor-element-763a0f6\" data-id=\"763a0f6\" data-element_type=\"column\">\n\t\t\t<div class=\"elementor-widget-wrap elementor-element-populated\">\n\t\t\t\t\t\t<div class=\"elementor-element elementor-element-e718f7f elementor-widget elementor-widget-text-editor\" data-id=\"e718f7f\" data-element_type=\"widget\" data-widget_type=\"text-editor.default\">\n\t\t\t\t<div class=\"elementor-widget-container\">\n\t\t\t\t\t\t\t\t\t<section data-id=\"c22972d\" data-element_type=\"section\">\n<div>\n<div data-id=\"b57387a\" data-element_type=\"column\">\n<div>\n<div data-id=\"0ac67e2\" data-element_type=\"widget\" data-widget_type=\"heading.default\">\n<div>\n<h5>O N\u00c1S<\/h5>\n<\/div>\n<\/div>\n<div data-id=\"93082fd\" data-element_type=\"widget\" data-widget_type=\"text-editor.default\">\n<div>\n<p>Jsme nov\u00e1 \u010desk\u00e1 zna\u010dka, za jej\u00ed\u017e vznikem stoj\u00ed \u017eeny, kter\u00e9 maj\u00ed rady m\u00f3du. V\u0161echny kousky jsou \u0161it\u00e9 s l\u00e1skou a s ohledem na p\u0159\u00edrodu z luxusn\u00edho a udr\u017eiteln\u00e9ho sat\u00e9nu (Armani hedv\u00e1b\u00ed), p\u0159i jeho\u017e v\u00fdrob\u011b nedoch\u00e1z\u00ed k pou\u017e\u00edv\u00e1n\u00ed housenek bource moru\u0161ov\u00e9ho. Jedn\u00e1 se o kvalitn\u00ed a n\u00e1mi osv\u011bd\u010den\u00fd materi\u00e1l s vlastnostmi prav\u00e9ho hedv\u00e1b\u00ed, elegantn\u00ed, spl\u00fdvav\u00fd a jemn\u00fd na dotek.&nbsp;<\/p>\n<div>\n<p>P\u0159ich\u00e1z\u00edme na \u010desk\u00fd trh s elegantn\u00ed, stylovou a pohodlnou m\u00f3dou pro modern\u00ed \u017eeny. Klademe vysok\u00fd d\u016fraz na kvalitu zpracov\u00e1n\u00ed materi\u00e1l\u016f. Na\u0161e produkty jsou \u0161it\u00e9 v \u010cesku, zak\u00e1zkov\u00fdm syst\u00e9mem pre-order, co\u017e znamen\u00e1, \u017ee \u0161ijeme na z\u00e1klad\u011b va\u0161ich objedn\u00e1vek a t\u00edm p\u0159edch\u00e1z\u00edme nadm\u011brn\u00e9 produkci, pl\u00fdtv\u00e1n\u00edm materi\u00e1lu i pracovn\u00ed s\u00edly. Na\u0161\u00ed snahou je inspirovat, motivovat a v neposledn\u00ed \u0159ad\u011b zaujmout.<\/p>\n<\/div>\n<\/div>\n<\/div>\n<\/div>\n<\/div>\n<\/div>\n<\/section>\n<section data-id=\"caa2d63\" data-element_type=\"section\">\n<div>\n<div data-id=\"1ef63ed\" data-element_type=\"column\">\n<div>\n<div data-id=\"39a57dd\" data-element_type=\"widget\" data-widget_type=\"spacer.default\">\n<div>\n<div>\n<div>&nbsp;<\/div>\n<\/div>\n<\/div>\n<\/div>\n<div data-id=\"d069cd6\" data-element_type=\"widget\" data-widget_type=\"heading.default\">\n<div>\n<h5>MATERI\u00c1L<\/h5>\n<\/div>\n<\/div>\n<div data-id=\"c39fe71\" data-element_type=\"widget\" data-widget_type=\"text-editor.default\">\n<div>\n<p>Sat\u00e9n ze kter\u00e9ho jsou na\u0161e produkty, se vyr\u00e1b\u00ed z um\u011bl\u00e9ho hedv\u00e1bn\u00e9ho vl\u00e1kna s pod\u00edlem elastanu, pou\u017e\u00edv\u00e1me ozna\u010den\u00ed udr\u017eiteln\u00e9 hedv\u00e1b\u00ed. Tento materi\u00e1l m\u00e1 vlastnosti p\u0159\u00edrodn\u00edho hedv\u00e1b\u00ed, jen nen\u00ed produktem z housenek. V\u00fdhody oproti prav\u00e9mu hedv\u00e1b\u00ed jsou jednodu\u0161\u0161\u00ed \u00fadr\u017eba, men\u0161\u00ed choulostivost a men\u0161\u00ed dopady na p\u0159\u00edrodu. Jedn\u00e1 se o kvalitn\u00ed a na\u0161\u00ed klientelou ov\u011b\u0159en\u00fd materi\u00e1l, je elegantn\u00ed, spl\u00fdvav\u00fd a jemn\u00fd na dotek.&nbsp;<\/p>\n<\/div>\n<\/div>\n<\/div>\n<\/div>\n<\/div>\n<\/section>\n<section data-id=\"f264baa\" data-element_type=\"section\">\n<div>\n<div data-id=\"6f8eabf\" data-element_type=\"column\">\n<div>\n<div data-id=\"3c70b34\" data-element_type=\"widget\" data-widget_type=\"spacer.default\">\n<div>\n<div>\n<div>&nbsp;<\/div>\n<\/div>\n<\/div>\n<\/div>\n<div data-id=\"fd79d15\" data-element_type=\"widget\" data-widget_type=\"heading.default\">\n<div>\n<h5>NA\u0160E KLIENTELA<\/h5>\n<\/div>\n<\/div>\n<div data-id=\"4d805d1\" data-element_type=\"widget\" data-widget_type=\"text-editor.default\">\n<div>\n<p>Mezi na\u0161e z\u00e1kaznice pat\u0159\u00ed ka\u017ed\u00e1 modern\u00ed \u017eena, kter\u00e1 m\u00e1 ve sv\u00e9m \u0161atn\u00edku r\u00e1da nad\u010dasov\u00e9 a kvalitn\u00ed kousky, pohodlnost a z\u00e1rove\u0148 eleganci. Ka\u017ed\u00fd produkt v na\u0161\u00ed nab\u00eddce je praktick\u00fd, pohodln\u00fd a univerz\u00e1ln\u00ed \u2013 tzn. jsou navr\u017eeny tak, aby byly jednodu\u0161e kombinovateln\u00e9 s dal\u0161\u00edmi od\u011bvy. Hod\u00ed se jak na denn\u00ed no\u0161en\u00ed do pr\u00e1ce (kde chcete n\u011bco pohodln\u00e9ho a p\u0159esto stylov\u00e9ho), tak i na ve\u010dern\u00ed akce (kde pot\u0159ebujete b\u00fdt elegantn\u00ed a nep\u0159ehl\u00e9dnuteln\u00e1). Nap\u0159\u00edklad na\u0161e&nbsp;\u0161aty vyu\u017eijete p\u0159i vytvo\u0159en\u00ed n\u011bkolika styl\u016f\/look\u016f. P\u0159es den si je vezmete s podpatky a se sakem (business look), odpoledne v nich m\u016f\u017eete j\u00edt v \u017eabk\u00e1ch a s klobou\u010dkem na pl\u00e1\u017e (le\u017e\u00e9rn\u00ed look) a ve\u010der s vysok\u00fdmi podpatky (elegantn\u00ed), nebo s teniskami (sportovn\u00ed elegance) atd.<br>Produkty LA SATIN tvo\u0159\u00ed z\u00e1klad ka\u017ed\u00e9ho \u0161atn\u00edku.<\/p>\n<\/div>\n<\/div>\n<\/div>\n<\/div>\n<\/div>\n<\/section>\n<section data-id=\"dc59648\" data-element_type=\"section\">\n<div>\n<div data-id=\"90466b3\" data-element_type=\"column\">\n<div>\n<div data-id=\"543abe3\" data-element_type=\"widget\" data-widget_type=\"spacer.default\">\n<div>\n<div>\n<div>&nbsp;<\/div>\n<\/div>\n<\/div>\n<div><br><\/div>\n<\/div>\n<div data-id=\"1e1a21f\" data-element_type=\"widget\" data-widget_type=\"text-editor.default\">\n<div>\n<\/div>\n<\/div>\n<\/div>\n<\/div>\n<\/div>\n<\/section>\n<section data-id=\"8aec4db\" data-element_type=\"section\">\n<div>\n<div data-id=\"e78ea1d\" data-element_type=\"column\">\n<div>\n<div data-id=\"74e8460\" data-element_type=\"widget\" data-widget_type=\"spacer.default\">\n<div>\n<div>\n<div>&nbsp;<\/div>\n<\/div>\n<\/div>\n<\/div>\n<div data-id=\"88d4b63\" data-element_type=\"widget\" data-widget_type=\"heading.default\">\n<div>\n<h5>OBJEDN\u00c1VKY<\/h5>\n<\/div>\n<\/div>\n<div data-id=\"6e6fa32\" data-element_type=\"widget\" data-widget_type=\"text-editor.default\">\n<div>\n<p>Jak u\u017e jsme v \u00favodu avizovali, jde n\u00e1m tak\u00e9 u udr\u017eitelnou m\u00f3du a proto prod\u00e1v\u00e1me formou p\u0159edobjedn\u00e1vek (pre-order), tedy \u0161ijeme a\u017e na z\u00e1klad\u011b vytvo\u0159en\u00ed objedn\u00e1vky zde na webu, nebo objedn\u00e1vky p\u0159es Instagram (zasl\u00e1n\u00edm DM).<\/p>\n<\/div>\n<\/div>\n<\/div>\n<\/div>\n<\/div>\n<\/section>\t\t\t\t\t\t\t\t<\/div>\n\t\t\t\t<\/div>\n\t\t\t\t<div class=\"elementor-element elementor-element-e85a41d elementor-widget elementor-widget-text-editor\" data-id=\"e85a41d\" data-element_type=\"widget\" data-widget_type=\"text-editor.default\">\n\t\t\t\t<div class=\"elementor-widget-container\">\n\t\t\t\t\t\t\t\t\t<div class=\"elementor-element elementor-element-17e0e82 elementor-widget elementor-widget-heading\" data-id=\"17e0e82\" data-element_type=\"widget\" data-widget_type=\"heading.default\"><div class=\"elementor-widget-container\"><h5 class=\"elementor-heading-title elementor-size-default\">KDO JSME<\/h5><\/div><\/div><div class=\"elementor-element elementor-element-5e2ac76 elementor-widget elementor-widget-text-editor\" data-id=\"5e2ac76\" data-element_type=\"widget\" data-widget_type=\"text-editor.default\"><div class=\"elementor-widget-container\"><p>P\u00edsmeno S ve tvaru hada a SATIN jako sat\u00e9n. Had je spojov\u00e1n s \u017eenskou energi\u00ed, intuic\u00ed a moudrost\u00ed. Je tak\u00e9 symbolem \u017eivotn\u00ed energie, znovuzrozen\u00ed, prom\u011bny\/obnovy a l\u00e9\u010den\u00ed. Had svl\u00e9k\u00e1 vrstvu, ze kter\u00e9 vyrostl a kter\u00e1 mu ji\u017e neslou\u017e\u00ed \u2013 symbolika prom\u011bny a l\u00e9\u010den\u00ed. Hadi svl\u00e9kaj\u00ed svoji k\u016f\u017ei a obnovuj\u00ed tak \u010d\u00e1st t\u011bla, kter\u00e1 je ve styku s okoln\u00edm sv\u011btem a odevzd\u00e1vaj\u00ed to, co jim ji\u017e neslou\u017e\u00ed \u2013 symbolika obnovy, kter\u00e1 je d\u016fle\u017eit\u00e1 k r\u016fstu a k dosa\u017een\u00ed vyv\u00e1\u017een\u00e9 a zdrav\u00e9 existence. Had je jedine\u010dn\u00e9 a magick\u00e9 stvo\u0159en\u00ed, kter\u00e9 n\u00e1s inspiruje, proto jsme si pro na\u0161i zna\u010dku zvolily jeho symbol.<\/p><\/div><\/div>\t\t\t\t\t\t\t\t<\/div>\n\t\t\t\t<\/div>\n\t\t\t\t<section class=\"elementor-section elementor-inner-section elementor-element elementor-element-74429a0 elementor-section-boxed elementor-section-height-default elementor-section-height-default\" data-id=\"74429a0\" data-element_type=\"section\">\n\t\t\t\t\t\t<div class=\"elementor-container elementor-column-gap-default\">\n\t\t\t\t\t<div class=\"elementor-column elementor-col-33 elementor-inner-column elementor-element elementor-element-1e0e412\" data-id=\"1e0e412\" data-element_type=\"column\">\n\t\t\t<div class=\"elementor-widget-wrap elementor-element-populated\">\n\t\t\t\t\t\t<div class=\"elementor-element elementor-element-e0e3889 elementor-widget elementor-widget-heading\" data-id=\"e0e3889\" data-element_type=\"widget\" data-widget_type=\"heading.default\">\n\t\t\t\t<div class=\"elementor-widget-container\">\n\t\t\t\t\t<h5 class=\"elementor-heading-title elementor-size-default\">INSTAGRAM<\/h5>\t\t\t\t<\/div>\n\t\t\t\t<\/div>\n\t\t\t\t<div class=\"elementor-element elementor-element-3e2edb1 elementor-widget elementor-widget-heading\" data-id=\"3e2edb1\" data-element_type=\"widget\" data-widget_type=\"heading.default\">\n\t\t\t\t<div class=\"elementor-widget-container\">\n\t\t\t\t\t<h6 class=\"elementor-heading-title elementor-size-default\"><a href=\"https:\/\/www.instagram.com\/lasatinofficial\/\">@lasatinofficial<\/a><\/h6>\t\t\t\t<\/div>\n\t\t\t\t<\/div>\n\t\t\t\t\t<\/div>\n\t\t<\/div>\n\t\t\t\t<div class=\"elementor-column elementor-col-33 elementor-inner-column elementor-element elementor-element-28bd8b3\" data-id=\"28bd8b3\" data-element_type=\"column\">\n\t\t\t<div class=\"elementor-widget-wrap elementor-element-populated\">\n\t\t\t\t\t\t<div class=\"elementor-element elementor-element-86c1fdf elementor-widget elementor-widget-heading\" data-id=\"86c1fdf\" data-element_type=\"widget\" data-widget_type=\"heading.default\">\n\t\t\t\t<div class=\"elementor-widget-container\">\n\t\t\t\t\t<h5 class=\"elementor-heading-title elementor-size-default\">E-MAIL<\/h5>\t\t\t\t<\/div>\n\t\t\t\t<\/div>\n\t\t\t\t<div class=\"elementor-element elementor-element-1c7aae0 elementor-widget elementor-widget-heading\" data-id=\"1c7aae0\" data-element_type=\"widget\" data-widget_type=\"heading.default\">\n\t\t\t\t<div class=\"elementor-widget-container\">\n\t\t\t\t\t<h6 class=\"elementor-heading-title elementor-size-default\"><a href=\"mailto:lasatinofficial@gmail.com\">lasatinofficial@gmail.com<\/a><\/h6>\t\t\t\t<\/div>\n\t\t\t\t<\/div>\n\t\t\t\t\t<\/div>\n\t\t<\/div>\n\t\t\t\t<div class=\"elementor-column elementor-col-33 elementor-inner-column elementor-element elementor-element-2f1178d\" data-id=\"2f1178d\" data-element_type=\"column\">\n\t\t\t<div class=\"elementor-widget-wrap elementor-element-populated\">\n\t\t\t\t\t\t<div class=\"elementor-element elementor-element-e0b892d elementor-widget elementor-widget-heading\" data-id=\"e0b892d\" data-element_type=\"widget\" data-widget_type=\"heading.default\">\n\t\t\t\t<div class=\"elementor-widget-container\">\n\t\t\t\t\t<h5 class=\"elementor-heading-title elementor-size-default\">TELEFON<\/h5>\t\t\t\t<\/div>\n\t\t\t\t<\/div>\n\t\t\t\t<div class=\"elementor-element elementor-element-2c6f421 elementor-widget elementor-widget-heading\" data-id=\"2c6f421\" data-element_type=\"widget\" data-widget_type=\"heading.default\">\n\t\t\t\t<div class=\"elementor-widget-container\">\n\t\t\t\t\t<h6 class=\"elementor-heading-title elementor-size-default\"><a href=\"tel:+420%20774%20924%20840\">+420 774 924 840<\/a><\/h6>\t\t\t\t<\/div>\n\t\t\t\t<\/div>\n\t\t\t\t\t<\/div>\n\t\t<\/div>\n\t\t\t\t\t<\/div>\n\t\t<\/section>\n\t\t\t\t\t<\/div>\n\t\t<\/div>\n\t\t\t\t\t<\/div>\n\t\t<\/section>\n\t\t\t\t<\/div>\n\t\t","protected":false},"excerpt":{"rendered":"<p>LA SATIN O N\u00c1S Jsme nov\u00e1 \u010desk\u00e1 zna\u010dka, za jej\u00ed\u017e vznikem stoj\u00ed \u017eeny, kter\u00e9 maj\u00ed rady m\u00f3du. V\u0161echny kousky jsou \u0161it\u00e9 s l\u00e1skou a s ohledem na p\u0159\u00edrodu z luxusn\u00edho a udr\u017eiteln\u00e9ho sat\u00e9nu (Armani hedv\u00e1b\u00ed), p\u0159i jeho\u017e v\u00fdrob\u011b nedoch\u00e1z\u00ed k pou\u017e\u00edv\u00e1n\u00ed housenek bource moru\u0161ov\u00e9ho. Jedn\u00e1 se o kvalitn\u00ed a n\u00e1mi osv\u011bd\u010den\u00fd materi\u00e1l s vlastnostmi prav\u00e9ho &hellip;<\/p>\n<p class=\"read-more\"> <a class=\"\" href=\"https:\/\/lasatin-eshop.cz\/?page_id=166\"> <span class=\"screen-reader-text\">O n\u00e1s<\/span> Pokra\u010dovat ve \u010dten\u00ed &raquo;<\/a><\/p>\n","protected":false},"author":2,"featured_media":0,"parent":0,"menu_order":0,"comment_status":"closed","ping_status":"closed","template":"","meta":{"inline_featured_image":false,"site-sidebar-layout":"no-sidebar","site-content-layout":"page-builder","ast-global-header-display":"","ast-banner-title-visibility":"","ast-main-header-display":"","ast-hfb-above-header-display":"","ast-hfb-below-header-display":"","ast-hfb-mobile-header-display":"","site-post-title":"disabled","ast-breadcrumbs-content":"","ast-featured-img":"disabled","footer-sml-layout":"","theme-transparent-header-meta":"","adv-header-id-meta":"","stick-header-meta":"","header-above-stick-meta":"","header-main-stick-meta":"","header-below-stick-meta":"","footnotes":""},"class_list":["post-166","page","type-page","status-publish","hentry"],"yoast_head":"<!-- This site is optimized with the Yoast SEO plugin v25.0 - https:\/\/yoast.com\/wordpress\/plugins\/seo\/ -->\n<title>O n\u00e1s -<\/title>\n<meta name=\"robots\" content=\"index, follow, max-snippet:-1, max-image-preview:large, max-video-preview:-1\" \/>\n<link rel=\"canonical\" href=\"https:\/\/lasatin-eshop.cz\/?page_id=166\" \/>\n<meta property=\"og:locale\" content=\"cs_CZ\" \/>\n<meta property=\"og:type\" content=\"article\" \/>\n<meta property=\"og:title\" content=\"O n\u00e1s -\" \/>\n<meta property=\"og:description\" content=\"LA SATIN O N\u00c1S Jsme nov\u00e1 \u010desk\u00e1 zna\u010dka, za jej\u00ed\u017e vznikem stoj\u00ed \u017eeny, kter\u00e9 maj\u00ed rady m\u00f3du. V\u0161echny kousky jsou \u0161it\u00e9 s l\u00e1skou a s ohledem na p\u0159\u00edrodu z luxusn\u00edho a udr\u017eiteln\u00e9ho sat\u00e9nu (Armani hedv\u00e1b\u00ed), p\u0159i jeho\u017e v\u00fdrob\u011b nedoch\u00e1z\u00ed k pou\u017e\u00edv\u00e1n\u00ed housenek bource moru\u0161ov\u00e9ho. Jedn\u00e1 se o kvalitn\u00ed a n\u00e1mi osv\u011bd\u010den\u00fd materi\u00e1l s vlastnostmi prav\u00e9ho &hellip; O n\u00e1s Pokra\u010dovat ve \u010dten\u00ed &raquo;\" \/>\n<meta property=\"og:url\" content=\"https:\/\/lasatin-eshop.cz\/?page_id=166\" \/>\n<meta property=\"article:modified_time\" content=\"2023-09-15T17:57:27+00:00\" \/>\n<meta name=\"twitter:card\" content=\"summary_large_image\" \/>\n<meta name=\"twitter:label1\" content=\"Odhadovan\u00e1 doba \u010dten\u00ed\" \/>\n\t<meta name=\"twitter:data1\" content=\"3 minuty\" \/>\n<script type=\"application\/ld+json\" class=\"yoast-schema-graph\">{\"@context\":\"https:\/\/schema.org\",\"@graph\":[{\"@type\":\"WebPage\",\"@id\":\"https:\/\/lasatin-eshop.cz\/?page_id=166\",\"url\":\"https:\/\/lasatin-eshop.cz\/?page_id=166\",\"name\":\"O n\u00e1s -\",\"isPartOf\":{\"@id\":\"https:\/\/lasatin-eshop.cz\/#website\"},\"datePublished\":\"2023-01-20T21:27:35+00:00\",\"dateModified\":\"2023-09-15T17:57:27+00:00\",\"breadcrumb\":{\"@id\":\"https:\/\/lasatin-eshop.cz\/?page_id=166#breadcrumb\"},\"inLanguage\":\"cs\",\"potentialAction\":[{\"@type\":\"ReadAction\",\"target\":[\"https:\/\/lasatin-eshop.cz\/?page_id=166\"]}]},{\"@type\":\"BreadcrumbList\",\"@id\":\"https:\/\/lasatin-eshop.cz\/?page_id=166#breadcrumb\",\"itemListElement\":[{\"@type\":\"ListItem\",\"position\":1,\"name\":\"Dom\u016f\",\"item\":\"https:\/\/lasatin-eshop.cz\/\"},{\"@type\":\"ListItem\",\"position\":2,\"name\":\"O n\u00e1s\"}]},{\"@type\":\"WebSite\",\"@id\":\"https:\/\/lasatin-eshop.cz\/#website\",\"url\":\"https:\/\/lasatin-eshop.cz\/\",\"name\":\"Lasatin\",\"description\":\"Produkty vyr\u00e1b\u011bn\u00e9 s l\u00e1skou a ohledem k p\u0159\u00edrod\u011b z luxusn\u00edho a udr\u017eiteln\u00e9ho sat\u00e9nu - Armani hedv\u00e1b\u00ed.\",\"publisher\":{\"@id\":\"https:\/\/lasatin-eshop.cz\/#organization\"},\"potentialAction\":[{\"@type\":\"SearchAction\",\"target\":{\"@type\":\"EntryPoint\",\"urlTemplate\":\"https:\/\/lasatin-eshop.cz\/?s={search_term_string}\"},\"query-input\":{\"@type\":\"PropertyValueSpecification\",\"valueRequired\":true,\"valueName\":\"search_term_string\"}}],\"inLanguage\":\"cs\"},{\"@type\":\"Organization\",\"@id\":\"https:\/\/lasatin-eshop.cz\/#organization\",\"name\":\"lasatin\",\"url\":\"https:\/\/lasatin-eshop.cz\/\",\"logo\":{\"@type\":\"ImageObject\",\"inLanguage\":\"cs\",\"@id\":\"https:\/\/lasatin-eshop.cz\/#\/schema\/logo\/image\/\",\"url\":\"https:\/\/lasatin-eshop.cz\/wp-content\/uploads\/2023\/06\/lasatin-logo-barevne-pruhledne-pozadi.png\",\"contentUrl\":\"https:\/\/lasatin-eshop.cz\/wp-content\/uploads\/2023\/06\/lasatin-logo-barevne-pruhledne-pozadi.png\",\"width\":512,\"height\":512,\"caption\":\"lasatin\"},\"image\":{\"@id\":\"https:\/\/lasatin-eshop.cz\/#\/schema\/logo\/image\/\"},\"sameAs\":[\"https:\/\/www.instagram.com\/lasatinofficial\/?hl=en\"]}]}<\/script>\n<!-- \/ Yoast SEO plugin. -->","yoast_head_json":{"title":"O n\u00e1s -","robots":{"index":"index","follow":"follow","max-snippet":"max-snippet:-1","max-image-preview":"max-image-preview:large","max-video-preview":"max-video-preview:-1"},"canonical":"https:\/\/lasatin-eshop.cz\/?page_id=166","og_locale":"cs_CZ","og_type":"article","og_title":"O n\u00e1s -","og_description":"LA SATIN O N\u00c1S Jsme nov\u00e1 \u010desk\u00e1 zna\u010dka, za jej\u00ed\u017e vznikem stoj\u00ed \u017eeny, kter\u00e9 maj\u00ed rady m\u00f3du. V\u0161echny kousky jsou \u0161it\u00e9 s l\u00e1skou a s ohledem na p\u0159\u00edrodu z luxusn\u00edho a udr\u017eiteln\u00e9ho sat\u00e9nu (Armani hedv\u00e1b\u00ed), p\u0159i jeho\u017e v\u00fdrob\u011b nedoch\u00e1z\u00ed k pou\u017e\u00edv\u00e1n\u00ed housenek bource moru\u0161ov\u00e9ho. Jedn\u00e1 se o kvalitn\u00ed a n\u00e1mi osv\u011bd\u010den\u00fd materi\u00e1l s vlastnostmi prav\u00e9ho &hellip; O n\u00e1s Pokra\u010dovat ve \u010dten\u00ed &raquo;","og_url":"https:\/\/lasatin-eshop.cz\/?page_id=166","article_modified_time":"2023-09-15T17:57:27+00:00","twitter_card":"summary_large_image","twitter_misc":{"Odhadovan\u00e1 doba \u010dten\u00ed":"3 minuty"},"schema":{"@context":"https:\/\/schema.org","@graph":[{"@type":"WebPage","@id":"https:\/\/lasatin-eshop.cz\/?page_id=166","url":"https:\/\/lasatin-eshop.cz\/?page_id=166","name":"O n\u00e1s -","isPartOf":{"@id":"https:\/\/lasatin-eshop.cz\/#website"},"datePublished":"2023-01-20T21:27:35+00:00","dateModified":"2023-09-15T17:57:27+00:00","breadcrumb":{"@id":"https:\/\/lasatin-eshop.cz\/?page_id=166#breadcrumb"},"inLanguage":"cs","potentialAction":[{"@type":"ReadAction","target":["https:\/\/lasatin-eshop.cz\/?page_id=166"]}]},{"@type":"BreadcrumbList","@id":"https:\/\/lasatin-eshop.cz\/?page_id=166#breadcrumb","itemListElement":[{"@type":"ListItem","position":1,"name":"Dom\u016f","item":"https:\/\/lasatin-eshop.cz\/"},{"@type":"ListItem","position":2,"name":"O n\u00e1s"}]},{"@type":"WebSite","@id":"https:\/\/lasatin-eshop.cz\/#website","url":"https:\/\/lasatin-eshop.cz\/","name":"Lasatin","description":"Produkty vyr\u00e1b\u011bn\u00e9 s l\u00e1skou a ohledem k p\u0159\u00edrod\u011b z luxusn\u00edho a udr\u017eiteln\u00e9ho sat\u00e9nu - Armani hedv\u00e1b\u00ed.","publisher":{"@id":"https:\/\/lasatin-eshop.cz\/#organization"},"potentialAction":[{"@type":"SearchAction","target":{"@type":"EntryPoint","urlTemplate":"https:\/\/lasatin-eshop.cz\/?s={search_term_string}"},"query-input":{"@type":"PropertyValueSpecification","valueRequired":true,"valueName":"search_term_string"}}],"inLanguage":"cs"},{"@type":"Organization","@id":"https:\/\/lasatin-eshop.cz\/#organization","name":"lasatin","url":"https:\/\/lasatin-eshop.cz\/","logo":{"@type":"ImageObject","inLanguage":"cs","@id":"https:\/\/lasatin-eshop.cz\/#\/schema\/logo\/image\/","url":"https:\/\/lasatin-eshop.cz\/wp-content\/uploads\/2023\/06\/lasatin-logo-barevne-pruhledne-pozadi.png","contentUrl":"https:\/\/lasatin-eshop.cz\/wp-content\/uploads\/2023\/06\/lasatin-logo-barevne-pruhledne-pozadi.png","width":512,"height":512,"caption":"lasatin"},"image":{"@id":"https:\/\/lasatin-eshop.cz\/#\/schema\/logo\/image\/"},"sameAs":["https:\/\/www.instagram.com\/lasatinofficial\/?hl=en"]}]}},"_links":{"self":[{"href":"https:\/\/lasatin-eshop.cz\/index.php?rest_route=\/wp\/v2\/pages\/166","targetHints":{"allow":["GET"]}}],"collection":[{"href":"https:\/\/lasatin-eshop.cz\/index.php?rest_route=\/wp\/v2\/pages"}],"about":[{"href":"https:\/\/lasatin-eshop.cz\/index.php?rest_route=\/wp\/v2\/types\/page"}],"author":[{"embeddable":true,"href":"https:\/\/lasatin-eshop.cz\/index.php?rest_route=\/wp\/v2\/users\/2"}],"replies":[{"embeddable":true,"href":"https:\/\/lasatin-eshop.cz\/index.php?rest_route=%2Fwp%2Fv2%2Fcomments&post=166"}],"version-history":[{"count":15,"href":"https:\/\/lasatin-eshop.cz\/index.php?rest_route=\/wp\/v2\/pages\/166\/revisions"}],"predecessor-version":[{"id":6106,"href":"https:\/\/lasatin-eshop.cz\/index.php?rest_route=\/wp\/v2\/pages\/166\/revisions\/6106"}],"wp:attachment":[{"href":"https:\/\/lasatin-eshop.cz\/index.php?rest_route=%2Fwp%2Fv2%2Fmedia&parent=166"}],"curies":[{"name":"wp","href":"https:\/\/api.w.org\/{rel}","templated":true}]}}