{"id":11,"date":"2023-01-19T09:29:03","date_gmt":"2023-01-19T08:29:03","guid":{"rendered":"https:\/\/localhost\/lasatin3\/?post_type=product&#038;p=11"},"modified":"2023-09-14T09:33:56","modified_gmt":"2023-09-14T07:33:56","slug":"trenchcoat","status":"publish","type":"product","link":"https:\/\/lasatin-eshop.cz\/?product=trenchcoat","title":{"rendered":"Trenchcoat"},"content":{"rendered":"<p>Trench coat s pod\u0161\u00edvkou, kter\u00e1 v\u00e1s ochr\u00e1n\u00ed p\u0159ed chladn\u011bj\u0161\u00edm po\u010das\u00edm, p\u00e1sek zd\u016frazn\u00ed va\u0161i siluetu a abychom nezapomn\u011bli jeho \u0161ir\u0161\u00ed klopy jdou s aktu\u00e1ln\u00edmi m\u00f3dn\u00edmi trendy.<\/p>\n<p><a href=\"https:\/\/lasatin-eshop.cz\/wp-content\/uploads\/2023\/01\/LA-SATIN-C294-trench-coat.pdf\">Tabulka velikost\u00ed<\/a><\/p>\n<p>\u00dadr\u017eba: pran\u00ed ru\u010dn\u011b nebo v pra\u010dce na 30\u00b0, lze \u017eehlit<br \/>\nSlo\u017een\u00ed: 96% polyester, 4% spandex<br \/>\nGram\u00e1\u017e: 85 g\/m2<\/p>\n<p><strong>K dispozici v d\u00e9lk\u00e1ch:<\/strong><br \/>\n\u2022 LADY (t\u011bsn\u011b pod kolena)<br \/>\n\u2022 MIDI (do poloviny l\u00fdtka)<\/p>\n<p>&nbsp;<\/p>\n<div style=\"width: 720px;\" class=\"wp-video\"><video class=\"wp-video-shortcode\" id=\"video-11-1\" width=\"720\" height=\"1280\" preload=\"metadata\" controls=\"controls\"><source type=\"video\/mp4\" src=\"https:\/\/lasatin-eshop.cz\/wp-content\/uploads\/2023\/01\/CD439546A34FDC7266672A04B419D8AB_video_dashinit.mp4?_=1\" \/><a href=\"https:\/\/lasatin-eshop.cz\/wp-content\/uploads\/2023\/01\/CD439546A34FDC7266672A04B419D8AB_video_dashinit.mp4\">https:\/\/lasatin-eshop.cz\/wp-content\/uploads\/2023\/01\/CD439546A34FDC7266672A04B419D8AB_video_dashinit.mp4<\/a><\/video><\/div>\n","protected":false},"excerpt":{"rendered":"<p>Trench coat s pod\u0161\u00edvkou, kter\u00e1 v\u00e1s ochr\u00e1n\u00ed p\u0159ed chladn\u011bj\u0161\u00edm po\u010das\u00edm, p\u00e1sek zd\u016frazn\u00ed va\u0161i siluetu a abychom nezapomn\u011bli jeho \u0161ir\u0161\u00ed klopy jdou s aktu\u00e1ln\u00edmi m\u00f3dn\u00edmi trendy. Tabulka velikost\u00ed \u00dadr\u017eba: pran\u00ed ru\u010dn\u011b nebo v pra\u010dce na 30\u00b0, lze \u017eehlit Slo\u017een\u00ed: 96% polyester, 4% spandex Gram\u00e1\u017e: 85 g\/m2 K dispozici v d\u00e9lk\u00e1ch: \u2022 LADY (t\u011bsn\u011b pod kolena) \u2022 &hellip;<\/p>\n<p class=\"read-more\"> <a class=\"\" href=\"https:\/\/lasatin-eshop.cz\/?product=trenchcoat\"> <span class=\"screen-reader-text\">Trenchcoat<\/span> Pokra\u010dovat ve \u010dten\u00ed &raquo;<\/a><\/p>\n","protected":false},"featured_media":789,"comment_status":"open","ping_status":"closed","template":"","meta":{"inline_featured_image":false,"site-sidebar-layout":"default","site-content-layout":"default","ast-global-header-display":"","ast-banner-title-visibility":"","ast-main-header-display":"","ast-hfb-above-header-display":"","ast-hfb-below-header-display":"","ast-hfb-mobile-header-display":"","site-post-title":"","ast-breadcrumbs-content":"","ast-featured-img":"","footer-sml-layout":"","theme-transparent-header-meta":"default","adv-header-id-meta":"","stick-header-meta":"","header-above-stick-meta":"","header-main-stick-meta":"","header-below-stick-meta":""},"product_brand":[],"product_cat":[25],"product_tag":[26,36,43],"class_list":{"0":"post-11","1":"product","2":"type-product","3":"status-publish","4":"has-post-thumbnail","6":"product_cat-trenchcoat","7":"product_tag-armani-saten","8":"product_tag-lasatin","9":"product_tag-saten","10":"desktop-align-left","11":"tablet-align-left","12":"mobile-align-left","14":"first","15":"instock","16":"shipping-taxable","17":"purchasable","18":"product-type-variable"},"yoast_head":"<!-- This site is optimized with the Yoast SEO plugin v25.0 - https:\/\/yoast.com\/wordpress\/plugins\/seo\/ -->\n<title>Trenchcoat -<\/title>\n<meta name=\"robots\" content=\"index, follow, max-snippet:-1, max-image-preview:large, max-video-preview:-1\" \/>\n<link rel=\"canonical\" href=\"https:\/\/lasatin-eshop.cz\/?product=trenchcoat\" \/>\n<meta property=\"og:locale\" content=\"cs_CZ\" \/>\n<meta property=\"og:type\" content=\"article\" \/>\n<meta property=\"og:title\" content=\"Trenchcoat -\" \/>\n<meta property=\"og:description\" content=\"Trench coat s pod\u0161\u00edvkou, kter\u00e1 v\u00e1s ochr\u00e1n\u00ed p\u0159ed chladn\u011bj\u0161\u00edm po\u010das\u00edm, p\u00e1sek zd\u016frazn\u00ed va\u0161i siluetu a abychom nezapomn\u011bli jeho \u0161ir\u0161\u00ed klopy jdou s aktu\u00e1ln\u00edmi m\u00f3dn\u00edmi trendy. Tabulka velikost\u00ed \u00dadr\u017eba: pran\u00ed ru\u010dn\u011b nebo v pra\u010dce na 30\u00b0, lze \u017eehlit Slo\u017een\u00ed: 96% polyester, 4% spandex Gram\u00e1\u017e: 85 g\/m2 K dispozici v d\u00e9lk\u00e1ch: \u2022 LADY (t\u011bsn\u011b pod kolena) \u2022 &hellip; Trenchcoat Pokra\u010dovat ve \u010dten\u00ed &raquo;\" \/>\n<meta property=\"og:url\" content=\"https:\/\/lasatin-eshop.cz\/?product=trenchcoat\" \/>\n<meta property=\"article:modified_time\" content=\"2023-09-14T07:33:56+00:00\" \/>\n<meta property=\"og:image\" content=\"https:\/\/lasatin-eshop.cz\/wp-content\/uploads\/2023\/01\/Obrazek-WhatsApp-2023-04-11-v-22.21.48.jpg\" \/>\n\t<meta property=\"og:image:width\" content=\"655\" \/>\n\t<meta property=\"og:image:height\" content=\"1294\" \/>\n\t<meta property=\"og:image:type\" content=\"image\/jpeg\" \/>\n<meta name=\"twitter:card\" content=\"summary_large_image\" \/>\n<meta name=\"twitter:label1\" content=\"Odhadovan\u00e1 doba \u010dten\u00ed\" \/>\n\t<meta name=\"twitter:data1\" content=\"1 minuta\" \/>\n<script type=\"application\/ld+json\" class=\"yoast-schema-graph\">{\"@context\":\"https:\/\/schema.org\",\"@graph\":[{\"@type\":\"WebPage\",\"@id\":\"https:\/\/lasatin-eshop.cz\/?product=trenchcoat\",\"url\":\"https:\/\/lasatin-eshop.cz\/?product=trenchcoat\",\"name\":\"Trenchcoat -\",\"isPartOf\":{\"@id\":\"https:\/\/lasatin-eshop.cz\/#website\"},\"primaryImageOfPage\":{\"@id\":\"https:\/\/lasatin-eshop.cz\/?product=trenchcoat#primaryimage\"},\"image\":{\"@id\":\"https:\/\/lasatin-eshop.cz\/?product=trenchcoat#primaryimage\"},\"thumbnailUrl\":\"https:\/\/lasatin-eshop.cz\/wp-content\/uploads\/2023\/01\/Obrazek-WhatsApp-2023-04-11-v-22.21.48.jpg\",\"datePublished\":\"2023-01-19T08:29:03+00:00\",\"dateModified\":\"2023-09-14T07:33:56+00:00\",\"breadcrumb\":{\"@id\":\"https:\/\/lasatin-eshop.cz\/?product=trenchcoat#breadcrumb\"},\"inLanguage\":\"cs\",\"potentialAction\":[{\"@type\":\"ReadAction\",\"target\":[\"https:\/\/lasatin-eshop.cz\/?product=trenchcoat\"]}]},{\"@type\":\"ImageObject\",\"inLanguage\":\"cs\",\"@id\":\"https:\/\/lasatin-eshop.cz\/?product=trenchcoat#primaryimage\",\"url\":\"https:\/\/lasatin-eshop.cz\/wp-content\/uploads\/2023\/01\/Obrazek-WhatsApp-2023-04-11-v-22.21.48.jpg\",\"contentUrl\":\"https:\/\/lasatin-eshop.cz\/wp-content\/uploads\/2023\/01\/Obrazek-WhatsApp-2023-04-11-v-22.21.48.jpg\",\"width\":655,\"height\":1294},{\"@type\":\"BreadcrumbList\",\"@id\":\"https:\/\/lasatin-eshop.cz\/?product=trenchcoat#breadcrumb\",\"itemListElement\":[{\"@type\":\"ListItem\",\"position\":1,\"name\":\"Dom\u016f\",\"item\":\"https:\/\/lasatin-eshop.cz\/\"},{\"@type\":\"ListItem\",\"position\":2,\"name\":\"Obchod\",\"item\":\"https:\/\/lasatin-eshop.cz\/?page_id=6\"},{\"@type\":\"ListItem\",\"position\":3,\"name\":\"Trenchcoat\"}]},{\"@type\":\"WebSite\",\"@id\":\"https:\/\/lasatin-eshop.cz\/#website\",\"url\":\"https:\/\/lasatin-eshop.cz\/\",\"name\":\"Lasatin\",\"description\":\"Produkty vyr\u00e1b\u011bn\u00e9 s l\u00e1skou a ohledem k p\u0159\u00edrod\u011b z luxusn\u00edho a udr\u017eiteln\u00e9ho sat\u00e9nu - Armani hedv\u00e1b\u00ed.\",\"publisher\":{\"@id\":\"https:\/\/lasatin-eshop.cz\/#organization\"},\"potentialAction\":[{\"@type\":\"SearchAction\",\"target\":{\"@type\":\"EntryPoint\",\"urlTemplate\":\"https:\/\/lasatin-eshop.cz\/?s={search_term_string}\"},\"query-input\":{\"@type\":\"PropertyValueSpecification\",\"valueRequired\":true,\"valueName\":\"search_term_string\"}}],\"inLanguage\":\"cs\"},{\"@type\":\"Organization\",\"@id\":\"https:\/\/lasatin-eshop.cz\/#organization\",\"name\":\"lasatin\",\"url\":\"https:\/\/lasatin-eshop.cz\/\",\"logo\":{\"@type\":\"ImageObject\",\"inLanguage\":\"cs\",\"@id\":\"https:\/\/lasatin-eshop.cz\/#\/schema\/logo\/image\/\",\"url\":\"https:\/\/lasatin-eshop.cz\/wp-content\/uploads\/2023\/06\/lasatin-logo-barevne-pruhledne-pozadi.png\",\"contentUrl\":\"https:\/\/lasatin-eshop.cz\/wp-content\/uploads\/2023\/06\/lasatin-logo-barevne-pruhledne-pozadi.png\",\"width\":512,\"height\":512,\"caption\":\"lasatin\"},\"image\":{\"@id\":\"https:\/\/lasatin-eshop.cz\/#\/schema\/logo\/image\/\"},\"sameAs\":[\"https:\/\/www.instagram.com\/lasatinofficial\/?hl=en\"]}]}<\/script>\n<!-- \/ Yoast SEO plugin. -->","yoast_head_json":{"title":"Trenchcoat -","robots":{"index":"index","follow":"follow","max-snippet":"max-snippet:-1","max-image-preview":"max-image-preview:large","max-video-preview":"max-video-preview:-1"},"canonical":"https:\/\/lasatin-eshop.cz\/?product=trenchcoat","og_locale":"cs_CZ","og_type":"article","og_title":"Trenchcoat -","og_description":"Trench coat s pod\u0161\u00edvkou, kter\u00e1 v\u00e1s ochr\u00e1n\u00ed p\u0159ed chladn\u011bj\u0161\u00edm po\u010das\u00edm, p\u00e1sek zd\u016frazn\u00ed va\u0161i siluetu a abychom nezapomn\u011bli jeho \u0161ir\u0161\u00ed klopy jdou s aktu\u00e1ln\u00edmi m\u00f3dn\u00edmi trendy. Tabulka velikost\u00ed \u00dadr\u017eba: pran\u00ed ru\u010dn\u011b nebo v pra\u010dce na 30\u00b0, lze \u017eehlit Slo\u017een\u00ed: 96% polyester, 4% spandex Gram\u00e1\u017e: 85 g\/m2 K dispozici v d\u00e9lk\u00e1ch: \u2022 LADY (t\u011bsn\u011b pod kolena) \u2022 &hellip; Trenchcoat Pokra\u010dovat ve \u010dten\u00ed &raquo;","og_url":"https:\/\/lasatin-eshop.cz\/?product=trenchcoat","article_modified_time":"2023-09-14T07:33:56+00:00","og_image":[{"width":655,"height":1294,"url":"https:\/\/lasatin-eshop.cz\/wp-content\/uploads\/2023\/01\/Obrazek-WhatsApp-2023-04-11-v-22.21.48.jpg","type":"image\/jpeg"}],"twitter_card":"summary_large_image","twitter_misc":{"Odhadovan\u00e1 doba \u010dten\u00ed":"1 minuta"},"schema":{"@context":"https:\/\/schema.org","@graph":[{"@type":"WebPage","@id":"https:\/\/lasatin-eshop.cz\/?product=trenchcoat","url":"https:\/\/lasatin-eshop.cz\/?product=trenchcoat","name":"Trenchcoat -","isPartOf":{"@id":"https:\/\/lasatin-eshop.cz\/#website"},"primaryImageOfPage":{"@id":"https:\/\/lasatin-eshop.cz\/?product=trenchcoat#primaryimage"},"image":{"@id":"https:\/\/lasatin-eshop.cz\/?product=trenchcoat#primaryimage"},"thumbnailUrl":"https:\/\/lasatin-eshop.cz\/wp-content\/uploads\/2023\/01\/Obrazek-WhatsApp-2023-04-11-v-22.21.48.jpg","datePublished":"2023-01-19T08:29:03+00:00","dateModified":"2023-09-14T07:33:56+00:00","breadcrumb":{"@id":"https:\/\/lasatin-eshop.cz\/?product=trenchcoat#breadcrumb"},"inLanguage":"cs","potentialAction":[{"@type":"ReadAction","target":["https:\/\/lasatin-eshop.cz\/?product=trenchcoat"]}]},{"@type":"ImageObject","inLanguage":"cs","@id":"https:\/\/lasatin-eshop.cz\/?product=trenchcoat#primaryimage","url":"https:\/\/lasatin-eshop.cz\/wp-content\/uploads\/2023\/01\/Obrazek-WhatsApp-2023-04-11-v-22.21.48.jpg","contentUrl":"https:\/\/lasatin-eshop.cz\/wp-content\/uploads\/2023\/01\/Obrazek-WhatsApp-2023-04-11-v-22.21.48.jpg","width":655,"height":1294},{"@type":"BreadcrumbList","@id":"https:\/\/lasatin-eshop.cz\/?product=trenchcoat#breadcrumb","itemListElement":[{"@type":"ListItem","position":1,"name":"Dom\u016f","item":"https:\/\/lasatin-eshop.cz\/"},{"@type":"ListItem","position":2,"name":"Obchod","item":"https:\/\/lasatin-eshop.cz\/?page_id=6"},{"@type":"ListItem","position":3,"name":"Trenchcoat"}]},{"@type":"WebSite","@id":"https:\/\/lasatin-eshop.cz\/#website","url":"https:\/\/lasatin-eshop.cz\/","name":"Lasatin","description":"Produkty vyr\u00e1b\u011bn\u00e9 s l\u00e1skou a ohledem k p\u0159\u00edrod\u011b z luxusn\u00edho a udr\u017eiteln\u00e9ho sat\u00e9nu - Armani hedv\u00e1b\u00ed.","publisher":{"@id":"https:\/\/lasatin-eshop.cz\/#organization"},"potentialAction":[{"@type":"SearchAction","target":{"@type":"EntryPoint","urlTemplate":"https:\/\/lasatin-eshop.cz\/?s={search_term_string}"},"query-input":{"@type":"PropertyValueSpecification","valueRequired":true,"valueName":"search_term_string"}}],"inLanguage":"cs"},{"@type":"Organization","@id":"https:\/\/lasatin-eshop.cz\/#organization","name":"lasatin","url":"https:\/\/lasatin-eshop.cz\/","logo":{"@type":"ImageObject","inLanguage":"cs","@id":"https:\/\/lasatin-eshop.cz\/#\/schema\/logo\/image\/","url":"https:\/\/lasatin-eshop.cz\/wp-content\/uploads\/2023\/06\/lasatin-logo-barevne-pruhledne-pozadi.png","contentUrl":"https:\/\/lasatin-eshop.cz\/wp-content\/uploads\/2023\/06\/lasatin-logo-barevne-pruhledne-pozadi.png","width":512,"height":512,"caption":"lasatin"},"image":{"@id":"https:\/\/lasatin-eshop.cz\/#\/schema\/logo\/image\/"},"sameAs":["https:\/\/www.instagram.com\/lasatinofficial\/?hl=en"]}]}},"_links":{"self":[{"href":"https:\/\/lasatin-eshop.cz\/index.php?rest_route=\/wp\/v2\/product\/11","targetHints":{"allow":["GET"]}}],"collection":[{"href":"https:\/\/lasatin-eshop.cz\/index.php?rest_route=\/wp\/v2\/product"}],"about":[{"href":"https:\/\/lasatin-eshop.cz\/index.php?rest_route=\/wp\/v2\/types\/product"}],"replies":[{"embeddable":true,"href":"https:\/\/lasatin-eshop.cz\/index.php?rest_route=%2Fwp%2Fv2%2Fcomments&post=11"}],"wp:featuredmedia":[{"embeddable":true,"href":"https:\/\/lasatin-eshop.cz\/index.php?rest_route=\/wp\/v2\/media\/789"}],"wp:attachment":[{"href":"https:\/\/lasatin-eshop.cz\/index.php?rest_route=%2Fwp%2Fv2%2Fmedia&parent=11"}],"wp:term":[{"taxonomy":"product_brand","embeddable":true,"href":"https:\/\/lasatin-eshop.cz\/index.php?rest_route=%2Fwp%2Fv2%2Fproduct_brand&post=11"},{"taxonomy":"product_cat","embeddable":true,"href":"https:\/\/lasatin-eshop.cz\/index.php?rest_route=%2Fwp%2Fv2%2Fproduct_cat&post=11"},{"taxonomy":"product_tag","embeddable":true,"href":"https:\/\/lasatin-eshop.cz\/index.php?rest_route=%2Fwp%2Fv2%2Fproduct_tag&post=11"}],"curies":[{"name":"wp","href":"https:\/\/api.w.org\/{rel}","templated":true}]}}