{"id":15,"date":"2023-01-19T09:32:42","date_gmt":"2023-01-19T08:32:42","guid":{"rendered":"https:\/\/localhost\/lasatin3\/?post_type=product&#038;p=15"},"modified":"2024-04-21T13:38:30","modified_gmt":"2024-04-21T11:38:30","slug":"satenove-boho-saty","status":"publish","type":"product","link":"https:\/\/lasatin-eshop.cz\/?product=satenove-boho-saty","title":{"rendered":"Sat\u00e9nov\u00e9 boho \u0161aty"},"content":{"rendered":"<p>Boho \u0161aty u\u0161it\u00e9 z \u0161ikmo st\u0159i\u017een\u00e9ho hedv\u00e1bn\u011b jemn\u00e9ho sat\u00e9nu &#8211; Armani hedv\u00e1b\u00ed z Dubaje. V\u00fdst\u0159ih do V vep\u0159edu i vzadu, voln\u011bj\u0161\u00ed st\u0159ih. D\u00e9lka dle v\u00fd\u0161ky postavy (zkr\u00e1cen\u00e1, standard, prodlou\u017een\u00e1). Ve 36ti barv\u00e1ch a velikostech (XS, S).<\/p>\n<p><a href=\"https:\/\/lasatin-eshop.cz\/wp-content\/uploads\/2023\/01\/LA-SATIN-D291-Boho-saty-bez-i-s-podsivkou-maxi-delka-1-1.pdf\">Tabulka velikost\u00ed<\/a><\/p>\n<p>\u00dadr\u017eba: pran\u00ed ru\u010dn\u011b nebo v pra\u010dce na 30\u00b0, lze \u017eehlit<br \/>\nSlo\u017een\u00ed: 96% polyester, 4% spandex<br \/>\nGram\u00e1\u017e: 85 g\/m2<\/p>\n","protected":false},"excerpt":{"rendered":"<p>Boho \u0161aty u\u0161it\u00e9 z \u0161ikmo st\u0159i\u017een\u00e9ho hedv\u00e1bn\u011b jemn\u00e9ho sat\u00e9nu &#8211; Armani hedv\u00e1b\u00ed z Dubaje. V\u00fdst\u0159ih do V vep\u0159edu i vzadu, voln\u011bj\u0161\u00ed st\u0159ih. D\u00e9lka dle v\u00fd\u0161ky postavy (zkr\u00e1cen\u00e1, standard, prodlou\u017een\u00e1). Ve 36ti barv\u00e1ch a velikostech (XS, S). Tabulka velikost\u00ed \u00dadr\u017eba: pran\u00ed ru\u010dn\u011b nebo v pra\u010dce na 30\u00b0, lze \u017eehlit Slo\u017een\u00ed: 96% polyester, 4% spandex Gram\u00e1\u017e: 85 &hellip;<\/p>\n<p class=\"read-more\"> <a class=\"\" href=\"https:\/\/lasatin-eshop.cz\/?product=satenove-boho-saty\"> <span class=\"screen-reader-text\">Sat\u00e9nov\u00e9 boho \u0161aty<\/span> Pokra\u010dovat ve \u010dten\u00ed &raquo;<\/a><\/p>\n","protected":false},"featured_media":562,"comment_status":"open","ping_status":"closed","template":"","meta":{"inline_featured_image":false,"site-sidebar-layout":"default","site-content-layout":"default","ast-global-header-display":"","ast-banner-title-visibility":"","ast-main-header-display":"","ast-hfb-above-header-display":"","ast-hfb-below-header-display":"","ast-hfb-mobile-header-display":"","site-post-title":"","ast-breadcrumbs-content":"","ast-featured-img":"","footer-sml-layout":"","theme-transparent-header-meta":"default","adv-header-id-meta":"","stick-header-meta":"","header-above-stick-meta":"","header-main-stick-meta":"","header-below-stick-meta":""},"product_brand":[],"product_cat":[22],"product_tag":[],"class_list":{"0":"post-15","1":"product","2":"type-product","3":"status-publish","4":"has-post-thumbnail","6":"product_cat-saty","7":"desktop-align-left","8":"tablet-align-left","9":"mobile-align-left","11":"first","12":"instock","13":"shipping-taxable","14":"purchasable","15":"product-type-variable"},"yoast_head":"<!-- This site is optimized with the Yoast SEO plugin v25.0 - https:\/\/yoast.com\/wordpress\/plugins\/seo\/ -->\n<title>Sat\u00e9nov\u00e9 boho \u0161aty -<\/title>\n<meta name=\"robots\" content=\"index, follow, max-snippet:-1, max-image-preview:large, max-video-preview:-1\" \/>\n<link rel=\"canonical\" href=\"https:\/\/lasatin-eshop.cz\/?product=satenove-boho-saty\" \/>\n<meta property=\"og:locale\" content=\"cs_CZ\" \/>\n<meta property=\"og:type\" content=\"article\" \/>\n<meta property=\"og:title\" content=\"Sat\u00e9nov\u00e9 boho \u0161aty -\" \/>\n<meta property=\"og:description\" content=\"Boho \u0161aty u\u0161it\u00e9 z \u0161ikmo st\u0159i\u017een\u00e9ho hedv\u00e1bn\u011b jemn\u00e9ho sat\u00e9nu &#8211; Armani hedv\u00e1b\u00ed z Dubaje. V\u00fdst\u0159ih do V vep\u0159edu i vzadu, voln\u011bj\u0161\u00ed st\u0159ih. D\u00e9lka dle v\u00fd\u0161ky postavy (zkr\u00e1cen\u00e1, standard, prodlou\u017een\u00e1). Ve 36ti barv\u00e1ch a velikostech (XS, S). Tabulka velikost\u00ed \u00dadr\u017eba: pran\u00ed ru\u010dn\u011b nebo v pra\u010dce na 30\u00b0, lze \u017eehlit Slo\u017een\u00ed: 96% polyester, 4% spandex Gram\u00e1\u017e: 85 &hellip; Sat\u00e9nov\u00e9 boho \u0161aty Pokra\u010dovat ve \u010dten\u00ed &raquo;\" \/>\n<meta property=\"og:url\" content=\"https:\/\/lasatin-eshop.cz\/?product=satenove-boho-saty\" \/>\n<meta property=\"article:modified_time\" content=\"2024-04-21T11:38:30+00:00\" \/>\n<meta property=\"og:image\" content=\"https:\/\/lasatin-eshop.cz\/wp-content\/uploads\/2023\/01\/348_B8077734.jpg\" \/>\n\t<meta property=\"og:image:width\" content=\"750\" \/>\n\t<meta property=\"og:image:height\" content=\"1000\" \/>\n\t<meta property=\"og:image:type\" content=\"image\/jpeg\" \/>\n<meta name=\"twitter:card\" content=\"summary_large_image\" \/>\n<meta name=\"twitter:label1\" content=\"Odhadovan\u00e1 doba \u010dten\u00ed\" \/>\n\t<meta name=\"twitter:data1\" content=\"1 minuta\" \/>\n<script type=\"application\/ld+json\" class=\"yoast-schema-graph\">{\"@context\":\"https:\/\/schema.org\",\"@graph\":[{\"@type\":\"WebPage\",\"@id\":\"https:\/\/lasatin-eshop.cz\/?product=satenove-boho-saty\",\"url\":\"https:\/\/lasatin-eshop.cz\/?product=satenove-boho-saty\",\"name\":\"Sat\u00e9nov\u00e9 boho \u0161aty -\",\"isPartOf\":{\"@id\":\"https:\/\/lasatin-eshop.cz\/#website\"},\"primaryImageOfPage\":{\"@id\":\"https:\/\/lasatin-eshop.cz\/?product=satenove-boho-saty#primaryimage\"},\"image\":{\"@id\":\"https:\/\/lasatin-eshop.cz\/?product=satenove-boho-saty#primaryimage\"},\"thumbnailUrl\":\"https:\/\/lasatin-eshop.cz\/wp-content\/uploads\/2023\/01\/348_B8077734.jpg\",\"datePublished\":\"2023-01-19T08:32:42+00:00\",\"dateModified\":\"2024-04-21T11:38:30+00:00\",\"breadcrumb\":{\"@id\":\"https:\/\/lasatin-eshop.cz\/?product=satenove-boho-saty#breadcrumb\"},\"inLanguage\":\"cs\",\"potentialAction\":[{\"@type\":\"ReadAction\",\"target\":[\"https:\/\/lasatin-eshop.cz\/?product=satenove-boho-saty\"]}]},{\"@type\":\"ImageObject\",\"inLanguage\":\"cs\",\"@id\":\"https:\/\/lasatin-eshop.cz\/?product=satenove-boho-saty#primaryimage\",\"url\":\"https:\/\/lasatin-eshop.cz\/wp-content\/uploads\/2023\/01\/348_B8077734.jpg\",\"contentUrl\":\"https:\/\/lasatin-eshop.cz\/wp-content\/uploads\/2023\/01\/348_B8077734.jpg\",\"width\":750,\"height\":1000},{\"@type\":\"BreadcrumbList\",\"@id\":\"https:\/\/lasatin-eshop.cz\/?product=satenove-boho-saty#breadcrumb\",\"itemListElement\":[{\"@type\":\"ListItem\",\"position\":1,\"name\":\"Dom\u016f\",\"item\":\"https:\/\/lasatin-eshop.cz\/\"},{\"@type\":\"ListItem\",\"position\":2,\"name\":\"Obchod\",\"item\":\"https:\/\/lasatin-eshop.cz\/?page_id=6\"},{\"@type\":\"ListItem\",\"position\":3,\"name\":\"Sat\u00e9nov\u00e9 boho \u0161aty\"}]},{\"@type\":\"WebSite\",\"@id\":\"https:\/\/lasatin-eshop.cz\/#website\",\"url\":\"https:\/\/lasatin-eshop.cz\/\",\"name\":\"Lasatin\",\"description\":\"Produkty vyr\u00e1b\u011bn\u00e9 s l\u00e1skou a ohledem k p\u0159\u00edrod\u011b z luxusn\u00edho a udr\u017eiteln\u00e9ho sat\u00e9nu - Armani hedv\u00e1b\u00ed.\",\"publisher\":{\"@id\":\"https:\/\/lasatin-eshop.cz\/#organization\"},\"potentialAction\":[{\"@type\":\"SearchAction\",\"target\":{\"@type\":\"EntryPoint\",\"urlTemplate\":\"https:\/\/lasatin-eshop.cz\/?s={search_term_string}\"},\"query-input\":{\"@type\":\"PropertyValueSpecification\",\"valueRequired\":true,\"valueName\":\"search_term_string\"}}],\"inLanguage\":\"cs\"},{\"@type\":\"Organization\",\"@id\":\"https:\/\/lasatin-eshop.cz\/#organization\",\"name\":\"lasatin\",\"url\":\"https:\/\/lasatin-eshop.cz\/\",\"logo\":{\"@type\":\"ImageObject\",\"inLanguage\":\"cs\",\"@id\":\"https:\/\/lasatin-eshop.cz\/#\/schema\/logo\/image\/\",\"url\":\"https:\/\/lasatin-eshop.cz\/wp-content\/uploads\/2023\/06\/lasatin-logo-barevne-pruhledne-pozadi.png\",\"contentUrl\":\"https:\/\/lasatin-eshop.cz\/wp-content\/uploads\/2023\/06\/lasatin-logo-barevne-pruhledne-pozadi.png\",\"width\":512,\"height\":512,\"caption\":\"lasatin\"},\"image\":{\"@id\":\"https:\/\/lasatin-eshop.cz\/#\/schema\/logo\/image\/\"},\"sameAs\":[\"https:\/\/www.instagram.com\/lasatinofficial\/?hl=en\"]}]}<\/script>\n<!-- \/ Yoast SEO plugin. -->","yoast_head_json":{"title":"Sat\u00e9nov\u00e9 boho \u0161aty -","robots":{"index":"index","follow":"follow","max-snippet":"max-snippet:-1","max-image-preview":"max-image-preview:large","max-video-preview":"max-video-preview:-1"},"canonical":"https:\/\/lasatin-eshop.cz\/?product=satenove-boho-saty","og_locale":"cs_CZ","og_type":"article","og_title":"Sat\u00e9nov\u00e9 boho \u0161aty -","og_description":"Boho \u0161aty u\u0161it\u00e9 z \u0161ikmo st\u0159i\u017een\u00e9ho hedv\u00e1bn\u011b jemn\u00e9ho sat\u00e9nu &#8211; Armani hedv\u00e1b\u00ed z Dubaje. V\u00fdst\u0159ih do V vep\u0159edu i vzadu, voln\u011bj\u0161\u00ed st\u0159ih. D\u00e9lka dle v\u00fd\u0161ky postavy (zkr\u00e1cen\u00e1, standard, prodlou\u017een\u00e1). Ve 36ti barv\u00e1ch a velikostech (XS, S). Tabulka velikost\u00ed \u00dadr\u017eba: pran\u00ed ru\u010dn\u011b nebo v pra\u010dce na 30\u00b0, lze \u017eehlit Slo\u017een\u00ed: 96% polyester, 4% spandex Gram\u00e1\u017e: 85 &hellip; Sat\u00e9nov\u00e9 boho \u0161aty Pokra\u010dovat ve \u010dten\u00ed &raquo;","og_url":"https:\/\/lasatin-eshop.cz\/?product=satenove-boho-saty","article_modified_time":"2024-04-21T11:38:30+00:00","og_image":[{"width":750,"height":1000,"url":"https:\/\/lasatin-eshop.cz\/wp-content\/uploads\/2023\/01\/348_B8077734.jpg","type":"image\/jpeg"}],"twitter_card":"summary_large_image","twitter_misc":{"Odhadovan\u00e1 doba \u010dten\u00ed":"1 minuta"},"schema":{"@context":"https:\/\/schema.org","@graph":[{"@type":"WebPage","@id":"https:\/\/lasatin-eshop.cz\/?product=satenove-boho-saty","url":"https:\/\/lasatin-eshop.cz\/?product=satenove-boho-saty","name":"Sat\u00e9nov\u00e9 boho \u0161aty -","isPartOf":{"@id":"https:\/\/lasatin-eshop.cz\/#website"},"primaryImageOfPage":{"@id":"https:\/\/lasatin-eshop.cz\/?product=satenove-boho-saty#primaryimage"},"image":{"@id":"https:\/\/lasatin-eshop.cz\/?product=satenove-boho-saty#primaryimage"},"thumbnailUrl":"https:\/\/lasatin-eshop.cz\/wp-content\/uploads\/2023\/01\/348_B8077734.jpg","datePublished":"2023-01-19T08:32:42+00:00","dateModified":"2024-04-21T11:38:30+00:00","breadcrumb":{"@id":"https:\/\/lasatin-eshop.cz\/?product=satenove-boho-saty#breadcrumb"},"inLanguage":"cs","potentialAction":[{"@type":"ReadAction","target":["https:\/\/lasatin-eshop.cz\/?product=satenove-boho-saty"]}]},{"@type":"ImageObject","inLanguage":"cs","@id":"https:\/\/lasatin-eshop.cz\/?product=satenove-boho-saty#primaryimage","url":"https:\/\/lasatin-eshop.cz\/wp-content\/uploads\/2023\/01\/348_B8077734.jpg","contentUrl":"https:\/\/lasatin-eshop.cz\/wp-content\/uploads\/2023\/01\/348_B8077734.jpg","width":750,"height":1000},{"@type":"BreadcrumbList","@id":"https:\/\/lasatin-eshop.cz\/?product=satenove-boho-saty#breadcrumb","itemListElement":[{"@type":"ListItem","position":1,"name":"Dom\u016f","item":"https:\/\/lasatin-eshop.cz\/"},{"@type":"ListItem","position":2,"name":"Obchod","item":"https:\/\/lasatin-eshop.cz\/?page_id=6"},{"@type":"ListItem","position":3,"name":"Sat\u00e9nov\u00e9 boho \u0161aty"}]},{"@type":"WebSite","@id":"https:\/\/lasatin-eshop.cz\/#website","url":"https:\/\/lasatin-eshop.cz\/","name":"Lasatin","description":"Produkty vyr\u00e1b\u011bn\u00e9 s l\u00e1skou a ohledem k p\u0159\u00edrod\u011b z luxusn\u00edho a udr\u017eiteln\u00e9ho sat\u00e9nu - Armani hedv\u00e1b\u00ed.","publisher":{"@id":"https:\/\/lasatin-eshop.cz\/#organization"},"potentialAction":[{"@type":"SearchAction","target":{"@type":"EntryPoint","urlTemplate":"https:\/\/lasatin-eshop.cz\/?s={search_term_string}"},"query-input":{"@type":"PropertyValueSpecification","valueRequired":true,"valueName":"search_term_string"}}],"inLanguage":"cs"},{"@type":"Organization","@id":"https:\/\/lasatin-eshop.cz\/#organization","name":"lasatin","url":"https:\/\/lasatin-eshop.cz\/","logo":{"@type":"ImageObject","inLanguage":"cs","@id":"https:\/\/lasatin-eshop.cz\/#\/schema\/logo\/image\/","url":"https:\/\/lasatin-eshop.cz\/wp-content\/uploads\/2023\/06\/lasatin-logo-barevne-pruhledne-pozadi.png","contentUrl":"https:\/\/lasatin-eshop.cz\/wp-content\/uploads\/2023\/06\/lasatin-logo-barevne-pruhledne-pozadi.png","width":512,"height":512,"caption":"lasatin"},"image":{"@id":"https:\/\/lasatin-eshop.cz\/#\/schema\/logo\/image\/"},"sameAs":["https:\/\/www.instagram.com\/lasatinofficial\/?hl=en"]}]}},"_links":{"self":[{"href":"https:\/\/lasatin-eshop.cz\/index.php?rest_route=\/wp\/v2\/product\/15","targetHints":{"allow":["GET"]}}],"collection":[{"href":"https:\/\/lasatin-eshop.cz\/index.php?rest_route=\/wp\/v2\/product"}],"about":[{"href":"https:\/\/lasatin-eshop.cz\/index.php?rest_route=\/wp\/v2\/types\/product"}],"replies":[{"embeddable":true,"href":"https:\/\/lasatin-eshop.cz\/index.php?rest_route=%2Fwp%2Fv2%2Fcomments&post=15"}],"wp:featuredmedia":[{"embeddable":true,"href":"https:\/\/lasatin-eshop.cz\/index.php?rest_route=\/wp\/v2\/media\/562"}],"wp:attachment":[{"href":"https:\/\/lasatin-eshop.cz\/index.php?rest_route=%2Fwp%2Fv2%2Fmedia&parent=15"}],"wp:term":[{"taxonomy":"product_brand","embeddable":true,"href":"https:\/\/lasatin-eshop.cz\/index.php?rest_route=%2Fwp%2Fv2%2Fproduct_brand&post=15"},{"taxonomy":"product_cat","embeddable":true,"href":"https:\/\/lasatin-eshop.cz\/index.php?rest_route=%2Fwp%2Fv2%2Fproduct_cat&post=15"},{"taxonomy":"product_tag","embeddable":true,"href":"https:\/\/lasatin-eshop.cz\/index.php?rest_route=%2Fwp%2Fv2%2Fproduct_tag&post=15"}],"curies":[{"name":"wp","href":"https:\/\/api.w.org\/{rel}","templated":true}]}}