{"id":18,"date":"2023-01-19T09:34:03","date_gmt":"2023-01-19T08:34:03","guid":{"rendered":"https:\/\/localhost\/lasatin3\/?post_type=product&#038;p=18"},"modified":"2023-09-03T22:52:44","modified_gmt":"2023-09-03T20:52:44","slug":"overal-s-vystrihem-s-vodou","status":"publish","type":"product","link":"https:\/\/lasatin-eshop.cz\/?product=overal-s-vystrihem-s-vodou","title":{"rendered":"Overal s v\u00fdst\u0159ihem s vodou"},"content":{"rendered":"<p>Sat\u00e9nov\u00fd overal s v\u00fdst\u0159ihem s vodou a se v\u0161it\u00fdm p\u00e1skem pro zv\u00fdrazn\u011bn\u00ed \u017eensk\u00e9 siluety. Overal m\u00e1 zdvojenou l\u00e1tku na poprs\u00ed, nohavice rovn\u00e9ho st\u0159ihu, tenk\u00e1 posuvn\u00e1 ram\u00ednka se zlat\u00fdmi nebo st\u0159\u00edbrn\u00fdmi komponenty a zap\u00edn\u00e1n\u00ed na zip v zadn\u00edm d\u00edle.<\/p>\n<p>V nab\u00eddce m\u00e1me zkr\u00e1cen\u00fd, standardn\u00ed a prodlou\u017een\u00fd st\u0159ih, abychom vyhov\u011bly klientk\u00e1m r\u016fzn\u00e9 v\u00fd\u0161ky. Sexy a pohodln\u00fd outfit, kter\u00fd vynos\u00edte naprosto kamkoli. M\u016f\u017eete doplnit sakem ve stejn\u00e9 nebo kontrastn\u00ed barv\u011b.<\/p>\n<p><a href=\"http:\/\/lasatin-eshop.cz\/wp-content\/uploads\/2023\/01\/6675.pdf\">Tabulka velikost\u00ed<\/a><\/p>\n<p>\u00dadr\u017eba: pran\u00ed ru\u010dn\u011b nebo v pra\u010dce na 30\u00b0, lze \u017eehlit<br \/>\nSlo\u017een\u00ed: 96% polyester, 4% spandex<br \/>\nGram\u00e1\u017e: 85 g\/m2<\/p>\n","protected":false},"excerpt":{"rendered":"<p>Sat\u00e9nov\u00fd overal s v\u00fdst\u0159ihem s vodou a se v\u0161it\u00fdm p\u00e1skem pro zv\u00fdrazn\u011bn\u00ed \u017eensk\u00e9 siluety. Overal m\u00e1 zdvojenou l\u00e1tku na poprs\u00ed, nohavice rovn\u00e9ho st\u0159ihu, tenk\u00e1 posuvn\u00e1 ram\u00ednka se zlat\u00fdmi nebo st\u0159\u00edbrn\u00fdmi komponenty a zap\u00edn\u00e1n\u00ed na zip v zadn\u00edm d\u00edle. V nab\u00eddce m\u00e1me zkr\u00e1cen\u00fd, standardn\u00ed a prodlou\u017een\u00fd st\u0159ih, abychom vyhov\u011bly klientk\u00e1m r\u016fzn\u00e9 v\u00fd\u0161ky. Sexy a pohodln\u00fd outfit, &hellip;<\/p>\n<p class=\"read-more\"> <a class=\"\" href=\"https:\/\/lasatin-eshop.cz\/?product=overal-s-vystrihem-s-vodou\"> <span class=\"screen-reader-text\">Overal s v\u00fdst\u0159ihem s vodou<\/span> Pokra\u010dovat ve \u010dten\u00ed &raquo;<\/a><\/p>\n","protected":false},"featured_media":598,"comment_status":"open","ping_status":"closed","template":"","meta":{"inline_featured_image":false,"site-sidebar-layout":"default","site-content-layout":"default","ast-global-header-display":"","ast-banner-title-visibility":"","ast-main-header-display":"","ast-hfb-above-header-display":"","ast-hfb-below-header-display":"","ast-hfb-mobile-header-display":"","site-post-title":"","ast-breadcrumbs-content":"","ast-featured-img":"","footer-sml-layout":"","theme-transparent-header-meta":"default","adv-header-id-meta":"","stick-header-meta":"","header-above-stick-meta":"","header-main-stick-meta":"","header-below-stick-meta":""},"product_brand":[],"product_cat":[19],"product_tag":[],"class_list":{"0":"post-18","1":"product","2":"type-product","3":"status-publish","4":"has-post-thumbnail","6":"product_cat-overal","7":"desktop-align-left","8":"tablet-align-left","9":"mobile-align-left","11":"first","12":"instock","13":"shipping-taxable","14":"purchasable","15":"product-type-variable"},"yoast_head":"<!-- This site is optimized with the Yoast SEO plugin v25.0 - https:\/\/yoast.com\/wordpress\/plugins\/seo\/ -->\n<title>Overal s v\u00fdst\u0159ihem s vodou -<\/title>\n<meta name=\"robots\" content=\"index, follow, max-snippet:-1, max-image-preview:large, max-video-preview:-1\" \/>\n<link rel=\"canonical\" href=\"https:\/\/lasatin-eshop.cz\/?product=overal-s-vystrihem-s-vodou\" \/>\n<meta property=\"og:locale\" content=\"cs_CZ\" \/>\n<meta property=\"og:type\" content=\"article\" \/>\n<meta property=\"og:title\" content=\"Overal s v\u00fdst\u0159ihem s vodou -\" \/>\n<meta property=\"og:description\" content=\"Sat\u00e9nov\u00fd overal s v\u00fdst\u0159ihem s vodou a se v\u0161it\u00fdm p\u00e1skem pro zv\u00fdrazn\u011bn\u00ed \u017eensk\u00e9 siluety. Overal m\u00e1 zdvojenou l\u00e1tku na poprs\u00ed, nohavice rovn\u00e9ho st\u0159ihu, tenk\u00e1 posuvn\u00e1 ram\u00ednka se zlat\u00fdmi nebo st\u0159\u00edbrn\u00fdmi komponenty a zap\u00edn\u00e1n\u00ed na zip v zadn\u00edm d\u00edle. V nab\u00eddce m\u00e1me zkr\u00e1cen\u00fd, standardn\u00ed a prodlou\u017een\u00fd st\u0159ih, abychom vyhov\u011bly klientk\u00e1m r\u016fzn\u00e9 v\u00fd\u0161ky. Sexy a pohodln\u00fd outfit, &hellip; Overal s v\u00fdst\u0159ihem s vodou Pokra\u010dovat ve \u010dten\u00ed &raquo;\" \/>\n<meta property=\"og:url\" content=\"https:\/\/lasatin-eshop.cz\/?product=overal-s-vystrihem-s-vodou\" \/>\n<meta property=\"article:modified_time\" content=\"2023-09-03T20:52:44+00:00\" \/>\n<meta property=\"og:image\" content=\"https:\/\/lasatin-eshop.cz\/wp-content\/uploads\/2023\/01\/image00016.jpeg\" \/>\n\t<meta property=\"og:image:width\" content=\"1184\" \/>\n\t<meta property=\"og:image:height\" content=\"1776\" \/>\n\t<meta property=\"og:image:type\" content=\"image\/jpeg\" \/>\n<meta name=\"twitter:card\" content=\"summary_large_image\" \/>\n<meta name=\"twitter:label1\" content=\"Odhadovan\u00e1 doba \u010dten\u00ed\" \/>\n\t<meta name=\"twitter:data1\" content=\"1 minuta\" \/>\n<script type=\"application\/ld+json\" class=\"yoast-schema-graph\">{\"@context\":\"https:\/\/schema.org\",\"@graph\":[{\"@type\":\"WebPage\",\"@id\":\"https:\/\/lasatin-eshop.cz\/?product=overal-s-vystrihem-s-vodou\",\"url\":\"https:\/\/lasatin-eshop.cz\/?product=overal-s-vystrihem-s-vodou\",\"name\":\"Overal s v\u00fdst\u0159ihem s vodou -\",\"isPartOf\":{\"@id\":\"https:\/\/lasatin-eshop.cz\/#website\"},\"primaryImageOfPage\":{\"@id\":\"https:\/\/lasatin-eshop.cz\/?product=overal-s-vystrihem-s-vodou#primaryimage\"},\"image\":{\"@id\":\"https:\/\/lasatin-eshop.cz\/?product=overal-s-vystrihem-s-vodou#primaryimage\"},\"thumbnailUrl\":\"https:\/\/lasatin-eshop.cz\/wp-content\/uploads\/2023\/01\/image00016.jpeg\",\"datePublished\":\"2023-01-19T08:34:03+00:00\",\"dateModified\":\"2023-09-03T20:52:44+00:00\",\"breadcrumb\":{\"@id\":\"https:\/\/lasatin-eshop.cz\/?product=overal-s-vystrihem-s-vodou#breadcrumb\"},\"inLanguage\":\"cs\",\"potentialAction\":[{\"@type\":\"ReadAction\",\"target\":[\"https:\/\/lasatin-eshop.cz\/?product=overal-s-vystrihem-s-vodou\"]}]},{\"@type\":\"ImageObject\",\"inLanguage\":\"cs\",\"@id\":\"https:\/\/lasatin-eshop.cz\/?product=overal-s-vystrihem-s-vodou#primaryimage\",\"url\":\"https:\/\/lasatin-eshop.cz\/wp-content\/uploads\/2023\/01\/image00016.jpeg\",\"contentUrl\":\"https:\/\/lasatin-eshop.cz\/wp-content\/uploads\/2023\/01\/image00016.jpeg\",\"width\":1184,\"height\":1776},{\"@type\":\"BreadcrumbList\",\"@id\":\"https:\/\/lasatin-eshop.cz\/?product=overal-s-vystrihem-s-vodou#breadcrumb\",\"itemListElement\":[{\"@type\":\"ListItem\",\"position\":1,\"name\":\"Dom\u016f\",\"item\":\"https:\/\/lasatin-eshop.cz\/\"},{\"@type\":\"ListItem\",\"position\":2,\"name\":\"Obchod\",\"item\":\"https:\/\/lasatin-eshop.cz\/?page_id=6\"},{\"@type\":\"ListItem\",\"position\":3,\"name\":\"Overal s v\u00fdst\u0159ihem s vodou\"}]},{\"@type\":\"WebSite\",\"@id\":\"https:\/\/lasatin-eshop.cz\/#website\",\"url\":\"https:\/\/lasatin-eshop.cz\/\",\"name\":\"Lasatin\",\"description\":\"Produkty vyr\u00e1b\u011bn\u00e9 s l\u00e1skou a ohledem k p\u0159\u00edrod\u011b z luxusn\u00edho a udr\u017eiteln\u00e9ho sat\u00e9nu - Armani hedv\u00e1b\u00ed.\",\"publisher\":{\"@id\":\"https:\/\/lasatin-eshop.cz\/#organization\"},\"potentialAction\":[{\"@type\":\"SearchAction\",\"target\":{\"@type\":\"EntryPoint\",\"urlTemplate\":\"https:\/\/lasatin-eshop.cz\/?s={search_term_string}\"},\"query-input\":{\"@type\":\"PropertyValueSpecification\",\"valueRequired\":true,\"valueName\":\"search_term_string\"}}],\"inLanguage\":\"cs\"},{\"@type\":\"Organization\",\"@id\":\"https:\/\/lasatin-eshop.cz\/#organization\",\"name\":\"lasatin\",\"url\":\"https:\/\/lasatin-eshop.cz\/\",\"logo\":{\"@type\":\"ImageObject\",\"inLanguage\":\"cs\",\"@id\":\"https:\/\/lasatin-eshop.cz\/#\/schema\/logo\/image\/\",\"url\":\"https:\/\/lasatin-eshop.cz\/wp-content\/uploads\/2023\/06\/lasatin-logo-barevne-pruhledne-pozadi.png\",\"contentUrl\":\"https:\/\/lasatin-eshop.cz\/wp-content\/uploads\/2023\/06\/lasatin-logo-barevne-pruhledne-pozadi.png\",\"width\":512,\"height\":512,\"caption\":\"lasatin\"},\"image\":{\"@id\":\"https:\/\/lasatin-eshop.cz\/#\/schema\/logo\/image\/\"},\"sameAs\":[\"https:\/\/www.instagram.com\/lasatinofficial\/?hl=en\"]}]}<\/script>\n<!-- \/ Yoast SEO plugin. -->","yoast_head_json":{"title":"Overal s v\u00fdst\u0159ihem s vodou -","robots":{"index":"index","follow":"follow","max-snippet":"max-snippet:-1","max-image-preview":"max-image-preview:large","max-video-preview":"max-video-preview:-1"},"canonical":"https:\/\/lasatin-eshop.cz\/?product=overal-s-vystrihem-s-vodou","og_locale":"cs_CZ","og_type":"article","og_title":"Overal s v\u00fdst\u0159ihem s vodou -","og_description":"Sat\u00e9nov\u00fd overal s v\u00fdst\u0159ihem s vodou a se v\u0161it\u00fdm p\u00e1skem pro zv\u00fdrazn\u011bn\u00ed \u017eensk\u00e9 siluety. Overal m\u00e1 zdvojenou l\u00e1tku na poprs\u00ed, nohavice rovn\u00e9ho st\u0159ihu, tenk\u00e1 posuvn\u00e1 ram\u00ednka se zlat\u00fdmi nebo st\u0159\u00edbrn\u00fdmi komponenty a zap\u00edn\u00e1n\u00ed na zip v zadn\u00edm d\u00edle. V nab\u00eddce m\u00e1me zkr\u00e1cen\u00fd, standardn\u00ed a prodlou\u017een\u00fd st\u0159ih, abychom vyhov\u011bly klientk\u00e1m r\u016fzn\u00e9 v\u00fd\u0161ky. Sexy a pohodln\u00fd outfit, &hellip; Overal s v\u00fdst\u0159ihem s vodou Pokra\u010dovat ve \u010dten\u00ed &raquo;","og_url":"https:\/\/lasatin-eshop.cz\/?product=overal-s-vystrihem-s-vodou","article_modified_time":"2023-09-03T20:52:44+00:00","og_image":[{"width":1184,"height":1776,"url":"https:\/\/lasatin-eshop.cz\/wp-content\/uploads\/2023\/01\/image00016.jpeg","type":"image\/jpeg"}],"twitter_card":"summary_large_image","twitter_misc":{"Odhadovan\u00e1 doba \u010dten\u00ed":"1 minuta"},"schema":{"@context":"https:\/\/schema.org","@graph":[{"@type":"WebPage","@id":"https:\/\/lasatin-eshop.cz\/?product=overal-s-vystrihem-s-vodou","url":"https:\/\/lasatin-eshop.cz\/?product=overal-s-vystrihem-s-vodou","name":"Overal s v\u00fdst\u0159ihem s vodou -","isPartOf":{"@id":"https:\/\/lasatin-eshop.cz\/#website"},"primaryImageOfPage":{"@id":"https:\/\/lasatin-eshop.cz\/?product=overal-s-vystrihem-s-vodou#primaryimage"},"image":{"@id":"https:\/\/lasatin-eshop.cz\/?product=overal-s-vystrihem-s-vodou#primaryimage"},"thumbnailUrl":"https:\/\/lasatin-eshop.cz\/wp-content\/uploads\/2023\/01\/image00016.jpeg","datePublished":"2023-01-19T08:34:03+00:00","dateModified":"2023-09-03T20:52:44+00:00","breadcrumb":{"@id":"https:\/\/lasatin-eshop.cz\/?product=overal-s-vystrihem-s-vodou#breadcrumb"},"inLanguage":"cs","potentialAction":[{"@type":"ReadAction","target":["https:\/\/lasatin-eshop.cz\/?product=overal-s-vystrihem-s-vodou"]}]},{"@type":"ImageObject","inLanguage":"cs","@id":"https:\/\/lasatin-eshop.cz\/?product=overal-s-vystrihem-s-vodou#primaryimage","url":"https:\/\/lasatin-eshop.cz\/wp-content\/uploads\/2023\/01\/image00016.jpeg","contentUrl":"https:\/\/lasatin-eshop.cz\/wp-content\/uploads\/2023\/01\/image00016.jpeg","width":1184,"height":1776},{"@type":"BreadcrumbList","@id":"https:\/\/lasatin-eshop.cz\/?product=overal-s-vystrihem-s-vodou#breadcrumb","itemListElement":[{"@type":"ListItem","position":1,"name":"Dom\u016f","item":"https:\/\/lasatin-eshop.cz\/"},{"@type":"ListItem","position":2,"name":"Obchod","item":"https:\/\/lasatin-eshop.cz\/?page_id=6"},{"@type":"ListItem","position":3,"name":"Overal s v\u00fdst\u0159ihem s vodou"}]},{"@type":"WebSite","@id":"https:\/\/lasatin-eshop.cz\/#website","url":"https:\/\/lasatin-eshop.cz\/","name":"Lasatin","description":"Produkty vyr\u00e1b\u011bn\u00e9 s l\u00e1skou a ohledem k p\u0159\u00edrod\u011b z luxusn\u00edho a udr\u017eiteln\u00e9ho sat\u00e9nu - Armani hedv\u00e1b\u00ed.","publisher":{"@id":"https:\/\/lasatin-eshop.cz\/#organization"},"potentialAction":[{"@type":"SearchAction","target":{"@type":"EntryPoint","urlTemplate":"https:\/\/lasatin-eshop.cz\/?s={search_term_string}"},"query-input":{"@type":"PropertyValueSpecification","valueRequired":true,"valueName":"search_term_string"}}],"inLanguage":"cs"},{"@type":"Organization","@id":"https:\/\/lasatin-eshop.cz\/#organization","name":"lasatin","url":"https:\/\/lasatin-eshop.cz\/","logo":{"@type":"ImageObject","inLanguage":"cs","@id":"https:\/\/lasatin-eshop.cz\/#\/schema\/logo\/image\/","url":"https:\/\/lasatin-eshop.cz\/wp-content\/uploads\/2023\/06\/lasatin-logo-barevne-pruhledne-pozadi.png","contentUrl":"https:\/\/lasatin-eshop.cz\/wp-content\/uploads\/2023\/06\/lasatin-logo-barevne-pruhledne-pozadi.png","width":512,"height":512,"caption":"lasatin"},"image":{"@id":"https:\/\/lasatin-eshop.cz\/#\/schema\/logo\/image\/"},"sameAs":["https:\/\/www.instagram.com\/lasatinofficial\/?hl=en"]}]}},"_links":{"self":[{"href":"https:\/\/lasatin-eshop.cz\/index.php?rest_route=\/wp\/v2\/product\/18","targetHints":{"allow":["GET"]}}],"collection":[{"href":"https:\/\/lasatin-eshop.cz\/index.php?rest_route=\/wp\/v2\/product"}],"about":[{"href":"https:\/\/lasatin-eshop.cz\/index.php?rest_route=\/wp\/v2\/types\/product"}],"replies":[{"embeddable":true,"href":"https:\/\/lasatin-eshop.cz\/index.php?rest_route=%2Fwp%2Fv2%2Fcomments&post=18"}],"wp:featuredmedia":[{"embeddable":true,"href":"https:\/\/lasatin-eshop.cz\/index.php?rest_route=\/wp\/v2\/media\/598"}],"wp:attachment":[{"href":"https:\/\/lasatin-eshop.cz\/index.php?rest_route=%2Fwp%2Fv2%2Fmedia&parent=18"}],"wp:term":[{"taxonomy":"product_brand","embeddable":true,"href":"https:\/\/lasatin-eshop.cz\/index.php?rest_route=%2Fwp%2Fv2%2Fproduct_brand&post=18"},{"taxonomy":"product_cat","embeddable":true,"href":"https:\/\/lasatin-eshop.cz\/index.php?rest_route=%2Fwp%2Fv2%2Fproduct_cat&post=18"},{"taxonomy":"product_tag","embeddable":true,"href":"https:\/\/lasatin-eshop.cz\/index.php?rest_route=%2Fwp%2Fv2%2Fproduct_tag&post=18"}],"curies":[{"name":"wp","href":"https:\/\/api.w.org\/{rel}","templated":true}]}}