{"id":20,"date":"2023-01-19T09:35:06","date_gmt":"2023-01-19T08:35:06","guid":{"rendered":"https:\/\/localhost\/lasatin3\/?post_type=product&#038;p=20"},"modified":"2023-09-15T18:31:55","modified_gmt":"2023-09-15T16:31:55","slug":"sako-lasatin-s-paskem","status":"publish","type":"product","link":"https:\/\/lasatin-eshop.cz\/?product=sako-lasatin-s-paskem","title":{"rendered":"Sako LASATIN s p\u00e1skem"},"content":{"rendered":"<p>Sat\u00e9nov\u00e9 sako dokonal\u00e9ho \u017eensk\u00e9ho st\u0159ihu, kter\u00e9 padne ka\u017ed\u00e9 postav\u011b. Sako m\u00e1 v\u0161it\u00fd \u0161irok\u00fd sat\u00e9nov\u00fd p\u00e1sek, d\u00edky kter\u00e9mu je st\u0159ih kr\u00e1sn\u011b vypasovan\u00fd a\u00a0podtrhne \u017eenskou siluetu. Sako m\u016f\u017eete nechat otev\u0159en\u00e9 a p\u00e1sek zav\u00e1zat v zadn\u00ed \u010d\u00e1sti.<\/p>\n<p>Univerz\u00e1ln\u00ed chic kousek, kter\u00fd by nem\u011bl chyb\u011bt v \u0161atn\u00edku \u017e\u00e1dn\u00e9 modern\u00ed \u017eeny. V tomto saku zap\u016fsob\u00edte na ka\u017ed\u00e9 akci a z\u00e1rove\u0148 se budete c\u00edtit pohodln\u011b. Vynos\u00edte jak do pr\u00e1ce &#8211; elegantn\u00ed business look, tak i na ve\u010de\u0159i \u010di na party. Na va\u0161e p\u0159\u00e1n\u00ed V\u00e1m nech\u00e1me do saka vy\u0161\u00edt V\u00e1\u0161 monogram. Z\u00edsk\u00e1te tak jedine\u010dn\u00fd kousek. Mo\u017enost v\u00fdb\u011bru barvy pod\u0161\u00edvky a prodlou\u017een\u00e9 d\u00e9lky ruk\u00e1v\u016f, kterou uv\u00edtaj\u00ed vysok\u00e9 postavy.<\/p>\n<p><a href=\"http:\/\/lasatin-eshop.cz\/wp-content\/uploads\/2023\/01\/88.pdf\">Tabulka velikost\u00ed<\/a><\/p>\n<p>\u00dadr\u017eba: pran\u00ed ru\u010dn\u011b nebo v pra\u010dce na 30\u00b0, lze \u017eehlit<br \/>\nSlo\u017een\u00ed: 96% polyester, 4% spandex<br \/>\nGram\u00e1\u017e: 85 g\/m2<\/p>\n","protected":false},"excerpt":{"rendered":"<p>Sat\u00e9nov\u00e9 sako dokonal\u00e9ho \u017eensk\u00e9ho st\u0159ihu, kter\u00e9 padne ka\u017ed\u00e9 postav\u011b. Sako m\u00e1 v\u0161it\u00fd \u0161irok\u00fd sat\u00e9nov\u00fd p\u00e1sek, d\u00edky kter\u00e9mu je st\u0159ih kr\u00e1sn\u011b vypasovan\u00fd a\u00a0podtrhne \u017eenskou siluetu. Sako m\u016f\u017eete nechat otev\u0159en\u00e9 a p\u00e1sek zav\u00e1zat v zadn\u00ed \u010d\u00e1sti. Univerz\u00e1ln\u00ed chic kousek, kter\u00fd by nem\u011bl chyb\u011bt v \u0161atn\u00edku \u017e\u00e1dn\u00e9 modern\u00ed \u017eeny. V tomto saku zap\u016fsob\u00edte na ka\u017ed\u00e9 akci a z\u00e1rove\u0148 &hellip;<\/p>\n<p class=\"read-more\"> <a class=\"\" href=\"https:\/\/lasatin-eshop.cz\/?product=sako-lasatin-s-paskem\"> <span class=\"screen-reader-text\">Sako LASATIN s p\u00e1skem<\/span> Pokra\u010dovat ve \u010dten\u00ed &raquo;<\/a><\/p>\n","protected":false},"featured_media":481,"comment_status":"open","ping_status":"closed","template":"","meta":{"inline_featured_image":false,"site-sidebar-layout":"default","site-content-layout":"default","ast-global-header-display":"","ast-banner-title-visibility":"","ast-main-header-display":"","ast-hfb-above-header-display":"","ast-hfb-below-header-display":"","ast-hfb-mobile-header-display":"","site-post-title":"","ast-breadcrumbs-content":"","ast-featured-img":"","footer-sml-layout":"","theme-transparent-header-meta":"default","adv-header-id-meta":"","stick-header-meta":"","header-above-stick-meta":"","header-main-stick-meta":"","header-below-stick-meta":""},"product_brand":[],"product_cat":[20],"product_tag":[],"class_list":{"0":"post-20","1":"product","2":"type-product","3":"status-publish","4":"has-post-thumbnail","6":"product_cat-sako","7":"desktop-align-left","8":"tablet-align-left","9":"mobile-align-left","11":"first","12":"instock","13":"shipping-taxable","14":"purchasable","15":"product-type-variable"},"yoast_head":"<!-- This site is optimized with the Yoast SEO plugin v25.0 - https:\/\/yoast.com\/wordpress\/plugins\/seo\/ -->\n<title>Sako LASATIN s p\u00e1skem -<\/title>\n<meta name=\"robots\" content=\"index, follow, max-snippet:-1, max-image-preview:large, max-video-preview:-1\" \/>\n<link rel=\"canonical\" href=\"https:\/\/lasatin-eshop.cz\/?product=sako-lasatin-s-paskem\" \/>\n<meta property=\"og:locale\" content=\"cs_CZ\" \/>\n<meta property=\"og:type\" content=\"article\" \/>\n<meta property=\"og:title\" content=\"Sako LASATIN s p\u00e1skem -\" \/>\n<meta property=\"og:description\" content=\"Sat\u00e9nov\u00e9 sako dokonal\u00e9ho \u017eensk\u00e9ho st\u0159ihu, kter\u00e9 padne ka\u017ed\u00e9 postav\u011b. Sako m\u00e1 v\u0161it\u00fd \u0161irok\u00fd sat\u00e9nov\u00fd p\u00e1sek, d\u00edky kter\u00e9mu je st\u0159ih kr\u00e1sn\u011b vypasovan\u00fd a\u00a0podtrhne \u017eenskou siluetu. Sako m\u016f\u017eete nechat otev\u0159en\u00e9 a p\u00e1sek zav\u00e1zat v zadn\u00ed \u010d\u00e1sti. Univerz\u00e1ln\u00ed chic kousek, kter\u00fd by nem\u011bl chyb\u011bt v \u0161atn\u00edku \u017e\u00e1dn\u00e9 modern\u00ed \u017eeny. V tomto saku zap\u016fsob\u00edte na ka\u017ed\u00e9 akci a z\u00e1rove\u0148 &hellip; Sako LASATIN s p\u00e1skem Pokra\u010dovat ve \u010dten\u00ed &raquo;\" \/>\n<meta property=\"og:url\" content=\"https:\/\/lasatin-eshop.cz\/?product=sako-lasatin-s-paskem\" \/>\n<meta property=\"article:modified_time\" content=\"2023-09-15T16:31:55+00:00\" \/>\n<meta property=\"og:image\" content=\"https:\/\/lasatin-eshop.cz\/wp-content\/uploads\/2023\/01\/image00003-1.jpeg\" \/>\n\t<meta property=\"og:image:width\" content=\"1440\" \/>\n\t<meta property=\"og:image:height\" content=\"1800\" \/>\n\t<meta property=\"og:image:type\" content=\"image\/jpeg\" \/>\n<meta name=\"twitter:card\" content=\"summary_large_image\" \/>\n<meta name=\"twitter:label1\" content=\"Odhadovan\u00e1 doba \u010dten\u00ed\" \/>\n\t<meta name=\"twitter:data1\" content=\"1 minuta\" \/>\n<script type=\"application\/ld+json\" class=\"yoast-schema-graph\">{\"@context\":\"https:\/\/schema.org\",\"@graph\":[{\"@type\":\"WebPage\",\"@id\":\"https:\/\/lasatin-eshop.cz\/?product=sako-lasatin-s-paskem\",\"url\":\"https:\/\/lasatin-eshop.cz\/?product=sako-lasatin-s-paskem\",\"name\":\"Sako LASATIN s p\u00e1skem -\",\"isPartOf\":{\"@id\":\"https:\/\/lasatin-eshop.cz\/#website\"},\"primaryImageOfPage\":{\"@id\":\"https:\/\/lasatin-eshop.cz\/?product=sako-lasatin-s-paskem#primaryimage\"},\"image\":{\"@id\":\"https:\/\/lasatin-eshop.cz\/?product=sako-lasatin-s-paskem#primaryimage\"},\"thumbnailUrl\":\"https:\/\/lasatin-eshop.cz\/wp-content\/uploads\/2023\/01\/image00003-1.jpeg\",\"datePublished\":\"2023-01-19T08:35:06+00:00\",\"dateModified\":\"2023-09-15T16:31:55+00:00\",\"breadcrumb\":{\"@id\":\"https:\/\/lasatin-eshop.cz\/?product=sako-lasatin-s-paskem#breadcrumb\"},\"inLanguage\":\"cs\",\"potentialAction\":[{\"@type\":\"ReadAction\",\"target\":[\"https:\/\/lasatin-eshop.cz\/?product=sako-lasatin-s-paskem\"]}]},{\"@type\":\"ImageObject\",\"inLanguage\":\"cs\",\"@id\":\"https:\/\/lasatin-eshop.cz\/?product=sako-lasatin-s-paskem#primaryimage\",\"url\":\"https:\/\/lasatin-eshop.cz\/wp-content\/uploads\/2023\/01\/image00003-1.jpeg\",\"contentUrl\":\"https:\/\/lasatin-eshop.cz\/wp-content\/uploads\/2023\/01\/image00003-1.jpeg\",\"width\":1440,\"height\":1800,\"caption\":\"SAKO S P\u00c1SKEM\"},{\"@type\":\"BreadcrumbList\",\"@id\":\"https:\/\/lasatin-eshop.cz\/?product=sako-lasatin-s-paskem#breadcrumb\",\"itemListElement\":[{\"@type\":\"ListItem\",\"position\":1,\"name\":\"Dom\u016f\",\"item\":\"https:\/\/lasatin-eshop.cz\/\"},{\"@type\":\"ListItem\",\"position\":2,\"name\":\"Obchod\",\"item\":\"https:\/\/lasatin-eshop.cz\/?page_id=6\"},{\"@type\":\"ListItem\",\"position\":3,\"name\":\"Sako LASATIN s p\u00e1skem\"}]},{\"@type\":\"WebSite\",\"@id\":\"https:\/\/lasatin-eshop.cz\/#website\",\"url\":\"https:\/\/lasatin-eshop.cz\/\",\"name\":\"Lasatin\",\"description\":\"Produkty vyr\u00e1b\u011bn\u00e9 s l\u00e1skou a ohledem k p\u0159\u00edrod\u011b z luxusn\u00edho a udr\u017eiteln\u00e9ho sat\u00e9nu - Armani hedv\u00e1b\u00ed.\",\"publisher\":{\"@id\":\"https:\/\/lasatin-eshop.cz\/#organization\"},\"potentialAction\":[{\"@type\":\"SearchAction\",\"target\":{\"@type\":\"EntryPoint\",\"urlTemplate\":\"https:\/\/lasatin-eshop.cz\/?s={search_term_string}\"},\"query-input\":{\"@type\":\"PropertyValueSpecification\",\"valueRequired\":true,\"valueName\":\"search_term_string\"}}],\"inLanguage\":\"cs\"},{\"@type\":\"Organization\",\"@id\":\"https:\/\/lasatin-eshop.cz\/#organization\",\"name\":\"lasatin\",\"url\":\"https:\/\/lasatin-eshop.cz\/\",\"logo\":{\"@type\":\"ImageObject\",\"inLanguage\":\"cs\",\"@id\":\"https:\/\/lasatin-eshop.cz\/#\/schema\/logo\/image\/\",\"url\":\"https:\/\/lasatin-eshop.cz\/wp-content\/uploads\/2023\/06\/lasatin-logo-barevne-pruhledne-pozadi.png\",\"contentUrl\":\"https:\/\/lasatin-eshop.cz\/wp-content\/uploads\/2023\/06\/lasatin-logo-barevne-pruhledne-pozadi.png\",\"width\":512,\"height\":512,\"caption\":\"lasatin\"},\"image\":{\"@id\":\"https:\/\/lasatin-eshop.cz\/#\/schema\/logo\/image\/\"},\"sameAs\":[\"https:\/\/www.instagram.com\/lasatinofficial\/?hl=en\"]}]}<\/script>\n<!-- \/ Yoast SEO plugin. -->","yoast_head_json":{"title":"Sako LASATIN s p\u00e1skem -","robots":{"index":"index","follow":"follow","max-snippet":"max-snippet:-1","max-image-preview":"max-image-preview:large","max-video-preview":"max-video-preview:-1"},"canonical":"https:\/\/lasatin-eshop.cz\/?product=sako-lasatin-s-paskem","og_locale":"cs_CZ","og_type":"article","og_title":"Sako LASATIN s p\u00e1skem -","og_description":"Sat\u00e9nov\u00e9 sako dokonal\u00e9ho \u017eensk\u00e9ho st\u0159ihu, kter\u00e9 padne ka\u017ed\u00e9 postav\u011b. Sako m\u00e1 v\u0161it\u00fd \u0161irok\u00fd sat\u00e9nov\u00fd p\u00e1sek, d\u00edky kter\u00e9mu je st\u0159ih kr\u00e1sn\u011b vypasovan\u00fd a\u00a0podtrhne \u017eenskou siluetu. Sako m\u016f\u017eete nechat otev\u0159en\u00e9 a p\u00e1sek zav\u00e1zat v zadn\u00ed \u010d\u00e1sti. Univerz\u00e1ln\u00ed chic kousek, kter\u00fd by nem\u011bl chyb\u011bt v \u0161atn\u00edku \u017e\u00e1dn\u00e9 modern\u00ed \u017eeny. V tomto saku zap\u016fsob\u00edte na ka\u017ed\u00e9 akci a z\u00e1rove\u0148 &hellip; Sako LASATIN s p\u00e1skem Pokra\u010dovat ve \u010dten\u00ed &raquo;","og_url":"https:\/\/lasatin-eshop.cz\/?product=sako-lasatin-s-paskem","article_modified_time":"2023-09-15T16:31:55+00:00","og_image":[{"width":1440,"height":1800,"url":"https:\/\/lasatin-eshop.cz\/wp-content\/uploads\/2023\/01\/image00003-1.jpeg","type":"image\/jpeg"}],"twitter_card":"summary_large_image","twitter_misc":{"Odhadovan\u00e1 doba \u010dten\u00ed":"1 minuta"},"schema":{"@context":"https:\/\/schema.org","@graph":[{"@type":"WebPage","@id":"https:\/\/lasatin-eshop.cz\/?product=sako-lasatin-s-paskem","url":"https:\/\/lasatin-eshop.cz\/?product=sako-lasatin-s-paskem","name":"Sako LASATIN s p\u00e1skem -","isPartOf":{"@id":"https:\/\/lasatin-eshop.cz\/#website"},"primaryImageOfPage":{"@id":"https:\/\/lasatin-eshop.cz\/?product=sako-lasatin-s-paskem#primaryimage"},"image":{"@id":"https:\/\/lasatin-eshop.cz\/?product=sako-lasatin-s-paskem#primaryimage"},"thumbnailUrl":"https:\/\/lasatin-eshop.cz\/wp-content\/uploads\/2023\/01\/image00003-1.jpeg","datePublished":"2023-01-19T08:35:06+00:00","dateModified":"2023-09-15T16:31:55+00:00","breadcrumb":{"@id":"https:\/\/lasatin-eshop.cz\/?product=sako-lasatin-s-paskem#breadcrumb"},"inLanguage":"cs","potentialAction":[{"@type":"ReadAction","target":["https:\/\/lasatin-eshop.cz\/?product=sako-lasatin-s-paskem"]}]},{"@type":"ImageObject","inLanguage":"cs","@id":"https:\/\/lasatin-eshop.cz\/?product=sako-lasatin-s-paskem#primaryimage","url":"https:\/\/lasatin-eshop.cz\/wp-content\/uploads\/2023\/01\/image00003-1.jpeg","contentUrl":"https:\/\/lasatin-eshop.cz\/wp-content\/uploads\/2023\/01\/image00003-1.jpeg","width":1440,"height":1800,"caption":"SAKO S P\u00c1SKEM"},{"@type":"BreadcrumbList","@id":"https:\/\/lasatin-eshop.cz\/?product=sako-lasatin-s-paskem#breadcrumb","itemListElement":[{"@type":"ListItem","position":1,"name":"Dom\u016f","item":"https:\/\/lasatin-eshop.cz\/"},{"@type":"ListItem","position":2,"name":"Obchod","item":"https:\/\/lasatin-eshop.cz\/?page_id=6"},{"@type":"ListItem","position":3,"name":"Sako LASATIN s p\u00e1skem"}]},{"@type":"WebSite","@id":"https:\/\/lasatin-eshop.cz\/#website","url":"https:\/\/lasatin-eshop.cz\/","name":"Lasatin","description":"Produkty vyr\u00e1b\u011bn\u00e9 s l\u00e1skou a ohledem k p\u0159\u00edrod\u011b z luxusn\u00edho a udr\u017eiteln\u00e9ho sat\u00e9nu - Armani hedv\u00e1b\u00ed.","publisher":{"@id":"https:\/\/lasatin-eshop.cz\/#organization"},"potentialAction":[{"@type":"SearchAction","target":{"@type":"EntryPoint","urlTemplate":"https:\/\/lasatin-eshop.cz\/?s={search_term_string}"},"query-input":{"@type":"PropertyValueSpecification","valueRequired":true,"valueName":"search_term_string"}}],"inLanguage":"cs"},{"@type":"Organization","@id":"https:\/\/lasatin-eshop.cz\/#organization","name":"lasatin","url":"https:\/\/lasatin-eshop.cz\/","logo":{"@type":"ImageObject","inLanguage":"cs","@id":"https:\/\/lasatin-eshop.cz\/#\/schema\/logo\/image\/","url":"https:\/\/lasatin-eshop.cz\/wp-content\/uploads\/2023\/06\/lasatin-logo-barevne-pruhledne-pozadi.png","contentUrl":"https:\/\/lasatin-eshop.cz\/wp-content\/uploads\/2023\/06\/lasatin-logo-barevne-pruhledne-pozadi.png","width":512,"height":512,"caption":"lasatin"},"image":{"@id":"https:\/\/lasatin-eshop.cz\/#\/schema\/logo\/image\/"},"sameAs":["https:\/\/www.instagram.com\/lasatinofficial\/?hl=en"]}]}},"_links":{"self":[{"href":"https:\/\/lasatin-eshop.cz\/index.php?rest_route=\/wp\/v2\/product\/20","targetHints":{"allow":["GET"]}}],"collection":[{"href":"https:\/\/lasatin-eshop.cz\/index.php?rest_route=\/wp\/v2\/product"}],"about":[{"href":"https:\/\/lasatin-eshop.cz\/index.php?rest_route=\/wp\/v2\/types\/product"}],"replies":[{"embeddable":true,"href":"https:\/\/lasatin-eshop.cz\/index.php?rest_route=%2Fwp%2Fv2%2Fcomments&post=20"}],"wp:featuredmedia":[{"embeddable":true,"href":"https:\/\/lasatin-eshop.cz\/index.php?rest_route=\/wp\/v2\/media\/481"}],"wp:attachment":[{"href":"https:\/\/lasatin-eshop.cz\/index.php?rest_route=%2Fwp%2Fv2%2Fmedia&parent=20"}],"wp:term":[{"taxonomy":"product_brand","embeddable":true,"href":"https:\/\/lasatin-eshop.cz\/index.php?rest_route=%2Fwp%2Fv2%2Fproduct_brand&post=20"},{"taxonomy":"product_cat","embeddable":true,"href":"https:\/\/lasatin-eshop.cz\/index.php?rest_route=%2Fwp%2Fv2%2Fproduct_cat&post=20"},{"taxonomy":"product_tag","embeddable":true,"href":"https:\/\/lasatin-eshop.cz\/index.php?rest_route=%2Fwp%2Fv2%2Fproduct_tag&post=20"}],"curies":[{"name":"wp","href":"https:\/\/api.w.org\/{rel}","templated":true}]}}