{"id":23,"date":"2023-01-19T09:36:42","date_gmt":"2023-01-19T08:36:42","guid":{"rendered":"https:\/\/localhost\/lasatin3\/?post_type=product&#038;p=23"},"modified":"2023-09-15T18:52:54","modified_gmt":"2023-09-15T16:52:54","slug":"satenove-kalhoty-lasatin","status":"publish","type":"product","link":"https:\/\/lasatin-eshop.cz\/?product=satenove-kalhoty-lasatin","title":{"rendered":"Sat\u00e9nov\u00e9 kalhoty LASATIN"},"content":{"rendered":"<p>Sat\u00e9nov\u00e9 kalhoty s v\u00fdrazn\u00fdm pasem, zap\u00edn\u00e1n\u00edm na zip vep\u0159edu a s \u0161irok\u00fdmi nohavicemi s puky. Kalhoty V\u00e1m u\u0161ijeme na p\u0159\u00e1n\u00ed ve zkr\u00e1cen\u00e9, standardn\u00ed \u010di prodlou\u017een\u00e9 d\u00e9lce dle v\u00fd\u0161ky va\u0161\u00ed postavy.<\/p>\n<p>V kombinaci se sakem \u010di vestou vytvo\u0159\u00edte sat\u00e9nov\u00fd set\/kost\u00fdmek, kter\u00fd vynos\u00edte do kancel\u00e1\u0159e i na form\u00e1ln\u00ed ud\u00e1lost \u010di party. Kalhoty m\u016f\u017eete doplnit na\u0161\u00edm <a href=\"https:\/\/lasatin-eshop.cz\/?product=satenovy-multiway-top\">MULTIWAY TOP<\/a>em \u010di jedn\u00edm s tilek.<\/p>\n<p>Nad\u010dasov\u00e9, \u017eensk\u00e9, smysln\u00e9, sofistikovan\u00e9, elegantn\u00ed &#8211; to jsou sat\u00e9nov\u00e9 kalhoty LA SATIN. Vytvo\u0159\u00edte elegantn\u00ed i sexy look.<\/p>\n<p>\u00dadr\u017eba: pran\u00ed ru\u010dn\u011b nebo v pra\u010dce na 30\u00b0, lze \u017eehlit<br \/>\nSlo\u017een\u00ed: 96% polyester, 4% spandex<br \/>\nGram\u00e1\u017e: 85 g\/m2<\/p>\n<p><a href=\"https:\/\/lasatin-eshop.cz\/wp-content\/uploads\/2023\/01\/2-1.pdf\">Tabulka velikost\u00ed<\/a><\/p>\n","protected":false},"excerpt":{"rendered":"<p>Sat\u00e9nov\u00e9 kalhoty s v\u00fdrazn\u00fdm pasem, zap\u00edn\u00e1n\u00edm na zip vep\u0159edu a s \u0161irok\u00fdmi nohavicemi s puky. Kalhoty V\u00e1m u\u0161ijeme na p\u0159\u00e1n\u00ed ve zkr\u00e1cen\u00e9, standardn\u00ed \u010di prodlou\u017een\u00e9 d\u00e9lce dle v\u00fd\u0161ky va\u0161\u00ed postavy. V kombinaci se sakem \u010di vestou vytvo\u0159\u00edte sat\u00e9nov\u00fd set\/kost\u00fdmek, kter\u00fd vynos\u00edte do kancel\u00e1\u0159e i na form\u00e1ln\u00ed ud\u00e1lost \u010di party. Kalhoty m\u016f\u017eete doplnit na\u0161\u00edm MULTIWAY TOPem &hellip;<\/p>\n<p class=\"read-more\"> <a class=\"\" href=\"https:\/\/lasatin-eshop.cz\/?product=satenove-kalhoty-lasatin\"> <span class=\"screen-reader-text\">Sat\u00e9nov\u00e9 kalhoty LASATIN<\/span> Pokra\u010dovat ve \u010dten\u00ed &raquo;<\/a><\/p>\n","protected":false},"featured_media":472,"comment_status":"open","ping_status":"closed","template":"","meta":{"inline_featured_image":false,"site-sidebar-layout":"default","site-content-layout":"default","ast-global-header-display":"","ast-banner-title-visibility":"","ast-main-header-display":"","ast-hfb-above-header-display":"","ast-hfb-below-header-display":"","ast-hfb-mobile-header-display":"","site-post-title":"","ast-breadcrumbs-content":"","ast-featured-img":"","footer-sml-layout":"","theme-transparent-header-meta":"default","adv-header-id-meta":"","stick-header-meta":"","header-above-stick-meta":"","header-main-stick-meta":"","header-below-stick-meta":""},"product_brand":[],"product_cat":[16],"product_tag":[],"class_list":{"0":"post-23","1":"product","2":"type-product","3":"status-publish","4":"has-post-thumbnail","6":"product_cat-kalhoty","7":"desktop-align-left","8":"tablet-align-left","9":"mobile-align-left","11":"first","12":"instock","13":"shipping-taxable","14":"purchasable","15":"product-type-variable"},"yoast_head":"<!-- This site is optimized with the Yoast SEO plugin v25.0 - https:\/\/yoast.com\/wordpress\/plugins\/seo\/ -->\n<title>Sat\u00e9nov\u00e9 kalhoty LASATIN -<\/title>\n<meta name=\"robots\" content=\"index, follow, max-snippet:-1, max-image-preview:large, max-video-preview:-1\" \/>\n<link rel=\"canonical\" href=\"https:\/\/lasatin-eshop.cz\/?product=satenove-kalhoty-lasatin\" \/>\n<meta property=\"og:locale\" content=\"cs_CZ\" \/>\n<meta property=\"og:type\" content=\"article\" \/>\n<meta property=\"og:title\" content=\"Sat\u00e9nov\u00e9 kalhoty LASATIN -\" \/>\n<meta property=\"og:description\" content=\"Sat\u00e9nov\u00e9 kalhoty s v\u00fdrazn\u00fdm pasem, zap\u00edn\u00e1n\u00edm na zip vep\u0159edu a s \u0161irok\u00fdmi nohavicemi s puky. Kalhoty V\u00e1m u\u0161ijeme na p\u0159\u00e1n\u00ed ve zkr\u00e1cen\u00e9, standardn\u00ed \u010di prodlou\u017een\u00e9 d\u00e9lce dle v\u00fd\u0161ky va\u0161\u00ed postavy. V kombinaci se sakem \u010di vestou vytvo\u0159\u00edte sat\u00e9nov\u00fd set\/kost\u00fdmek, kter\u00fd vynos\u00edte do kancel\u00e1\u0159e i na form\u00e1ln\u00ed ud\u00e1lost \u010di party. Kalhoty m\u016f\u017eete doplnit na\u0161\u00edm MULTIWAY TOPem &hellip; Sat\u00e9nov\u00e9 kalhoty LASATIN Pokra\u010dovat ve \u010dten\u00ed &raquo;\" \/>\n<meta property=\"og:url\" content=\"https:\/\/lasatin-eshop.cz\/?product=satenove-kalhoty-lasatin\" \/>\n<meta property=\"article:modified_time\" content=\"2023-09-15T16:52:54+00:00\" \/>\n<meta property=\"og:image\" content=\"https:\/\/lasatin-eshop.cz\/wp-content\/uploads\/2023\/01\/Kopie-souboru-image00001.jpeg\" \/>\n\t<meta property=\"og:image:width\" content=\"1920\" \/>\n\t<meta property=\"og:image:height\" content=\"2400\" \/>\n\t<meta property=\"og:image:type\" content=\"image\/jpeg\" \/>\n<meta name=\"twitter:card\" content=\"summary_large_image\" \/>\n<meta name=\"twitter:label1\" content=\"Odhadovan\u00e1 doba \u010dten\u00ed\" \/>\n\t<meta name=\"twitter:data1\" content=\"1 minuta\" \/>\n<script type=\"application\/ld+json\" class=\"yoast-schema-graph\">{\"@context\":\"https:\/\/schema.org\",\"@graph\":[{\"@type\":\"WebPage\",\"@id\":\"https:\/\/lasatin-eshop.cz\/?product=satenove-kalhoty-lasatin\",\"url\":\"https:\/\/lasatin-eshop.cz\/?product=satenove-kalhoty-lasatin\",\"name\":\"Sat\u00e9nov\u00e9 kalhoty LASATIN -\",\"isPartOf\":{\"@id\":\"https:\/\/lasatin-eshop.cz\/#website\"},\"primaryImageOfPage\":{\"@id\":\"https:\/\/lasatin-eshop.cz\/?product=satenove-kalhoty-lasatin#primaryimage\"},\"image\":{\"@id\":\"https:\/\/lasatin-eshop.cz\/?product=satenove-kalhoty-lasatin#primaryimage\"},\"thumbnailUrl\":\"https:\/\/lasatin-eshop.cz\/wp-content\/uploads\/2023\/01\/Kopie-souboru-image00001.jpeg\",\"datePublished\":\"2023-01-19T08:36:42+00:00\",\"dateModified\":\"2023-09-15T16:52:54+00:00\",\"breadcrumb\":{\"@id\":\"https:\/\/lasatin-eshop.cz\/?product=satenove-kalhoty-lasatin#breadcrumb\"},\"inLanguage\":\"cs\",\"potentialAction\":[{\"@type\":\"ReadAction\",\"target\":[\"https:\/\/lasatin-eshop.cz\/?product=satenove-kalhoty-lasatin\"]}]},{\"@type\":\"ImageObject\",\"inLanguage\":\"cs\",\"@id\":\"https:\/\/lasatin-eshop.cz\/?product=satenove-kalhoty-lasatin#primaryimage\",\"url\":\"https:\/\/lasatin-eshop.cz\/wp-content\/uploads\/2023\/01\/Kopie-souboru-image00001.jpeg\",\"contentUrl\":\"https:\/\/lasatin-eshop.cz\/wp-content\/uploads\/2023\/01\/Kopie-souboru-image00001.jpeg\",\"width\":1920,\"height\":2400,\"caption\":\"LASATIN kalhoty\"},{\"@type\":\"BreadcrumbList\",\"@id\":\"https:\/\/lasatin-eshop.cz\/?product=satenove-kalhoty-lasatin#breadcrumb\",\"itemListElement\":[{\"@type\":\"ListItem\",\"position\":1,\"name\":\"Dom\u016f\",\"item\":\"https:\/\/lasatin-eshop.cz\/\"},{\"@type\":\"ListItem\",\"position\":2,\"name\":\"Obchod\",\"item\":\"https:\/\/lasatin-eshop.cz\/?page_id=6\"},{\"@type\":\"ListItem\",\"position\":3,\"name\":\"Sat\u00e9nov\u00e9 kalhoty LASATIN\"}]},{\"@type\":\"WebSite\",\"@id\":\"https:\/\/lasatin-eshop.cz\/#website\",\"url\":\"https:\/\/lasatin-eshop.cz\/\",\"name\":\"Lasatin\",\"description\":\"Produkty vyr\u00e1b\u011bn\u00e9 s l\u00e1skou a ohledem k p\u0159\u00edrod\u011b z luxusn\u00edho a udr\u017eiteln\u00e9ho sat\u00e9nu - Armani hedv\u00e1b\u00ed.\",\"publisher\":{\"@id\":\"https:\/\/lasatin-eshop.cz\/#organization\"},\"potentialAction\":[{\"@type\":\"SearchAction\",\"target\":{\"@type\":\"EntryPoint\",\"urlTemplate\":\"https:\/\/lasatin-eshop.cz\/?s={search_term_string}\"},\"query-input\":{\"@type\":\"PropertyValueSpecification\",\"valueRequired\":true,\"valueName\":\"search_term_string\"}}],\"inLanguage\":\"cs\"},{\"@type\":\"Organization\",\"@id\":\"https:\/\/lasatin-eshop.cz\/#organization\",\"name\":\"lasatin\",\"url\":\"https:\/\/lasatin-eshop.cz\/\",\"logo\":{\"@type\":\"ImageObject\",\"inLanguage\":\"cs\",\"@id\":\"https:\/\/lasatin-eshop.cz\/#\/schema\/logo\/image\/\",\"url\":\"https:\/\/lasatin-eshop.cz\/wp-content\/uploads\/2023\/06\/lasatin-logo-barevne-pruhledne-pozadi.png\",\"contentUrl\":\"https:\/\/lasatin-eshop.cz\/wp-content\/uploads\/2023\/06\/lasatin-logo-barevne-pruhledne-pozadi.png\",\"width\":512,\"height\":512,\"caption\":\"lasatin\"},\"image\":{\"@id\":\"https:\/\/lasatin-eshop.cz\/#\/schema\/logo\/image\/\"},\"sameAs\":[\"https:\/\/www.instagram.com\/lasatinofficial\/?hl=en\"]}]}<\/script>\n<!-- \/ Yoast SEO plugin. -->","yoast_head_json":{"title":"Sat\u00e9nov\u00e9 kalhoty LASATIN -","robots":{"index":"index","follow":"follow","max-snippet":"max-snippet:-1","max-image-preview":"max-image-preview:large","max-video-preview":"max-video-preview:-1"},"canonical":"https:\/\/lasatin-eshop.cz\/?product=satenove-kalhoty-lasatin","og_locale":"cs_CZ","og_type":"article","og_title":"Sat\u00e9nov\u00e9 kalhoty LASATIN -","og_description":"Sat\u00e9nov\u00e9 kalhoty s v\u00fdrazn\u00fdm pasem, zap\u00edn\u00e1n\u00edm na zip vep\u0159edu a s \u0161irok\u00fdmi nohavicemi s puky. Kalhoty V\u00e1m u\u0161ijeme na p\u0159\u00e1n\u00ed ve zkr\u00e1cen\u00e9, standardn\u00ed \u010di prodlou\u017een\u00e9 d\u00e9lce dle v\u00fd\u0161ky va\u0161\u00ed postavy. V kombinaci se sakem \u010di vestou vytvo\u0159\u00edte sat\u00e9nov\u00fd set\/kost\u00fdmek, kter\u00fd vynos\u00edte do kancel\u00e1\u0159e i na form\u00e1ln\u00ed ud\u00e1lost \u010di party. Kalhoty m\u016f\u017eete doplnit na\u0161\u00edm MULTIWAY TOPem &hellip; Sat\u00e9nov\u00e9 kalhoty LASATIN Pokra\u010dovat ve \u010dten\u00ed &raquo;","og_url":"https:\/\/lasatin-eshop.cz\/?product=satenove-kalhoty-lasatin","article_modified_time":"2023-09-15T16:52:54+00:00","og_image":[{"width":1920,"height":2400,"url":"https:\/\/lasatin-eshop.cz\/wp-content\/uploads\/2023\/01\/Kopie-souboru-image00001.jpeg","type":"image\/jpeg"}],"twitter_card":"summary_large_image","twitter_misc":{"Odhadovan\u00e1 doba \u010dten\u00ed":"1 minuta"},"schema":{"@context":"https:\/\/schema.org","@graph":[{"@type":"WebPage","@id":"https:\/\/lasatin-eshop.cz\/?product=satenove-kalhoty-lasatin","url":"https:\/\/lasatin-eshop.cz\/?product=satenove-kalhoty-lasatin","name":"Sat\u00e9nov\u00e9 kalhoty LASATIN -","isPartOf":{"@id":"https:\/\/lasatin-eshop.cz\/#website"},"primaryImageOfPage":{"@id":"https:\/\/lasatin-eshop.cz\/?product=satenove-kalhoty-lasatin#primaryimage"},"image":{"@id":"https:\/\/lasatin-eshop.cz\/?product=satenove-kalhoty-lasatin#primaryimage"},"thumbnailUrl":"https:\/\/lasatin-eshop.cz\/wp-content\/uploads\/2023\/01\/Kopie-souboru-image00001.jpeg","datePublished":"2023-01-19T08:36:42+00:00","dateModified":"2023-09-15T16:52:54+00:00","breadcrumb":{"@id":"https:\/\/lasatin-eshop.cz\/?product=satenove-kalhoty-lasatin#breadcrumb"},"inLanguage":"cs","potentialAction":[{"@type":"ReadAction","target":["https:\/\/lasatin-eshop.cz\/?product=satenove-kalhoty-lasatin"]}]},{"@type":"ImageObject","inLanguage":"cs","@id":"https:\/\/lasatin-eshop.cz\/?product=satenove-kalhoty-lasatin#primaryimage","url":"https:\/\/lasatin-eshop.cz\/wp-content\/uploads\/2023\/01\/Kopie-souboru-image00001.jpeg","contentUrl":"https:\/\/lasatin-eshop.cz\/wp-content\/uploads\/2023\/01\/Kopie-souboru-image00001.jpeg","width":1920,"height":2400,"caption":"LASATIN kalhoty"},{"@type":"BreadcrumbList","@id":"https:\/\/lasatin-eshop.cz\/?product=satenove-kalhoty-lasatin#breadcrumb","itemListElement":[{"@type":"ListItem","position":1,"name":"Dom\u016f","item":"https:\/\/lasatin-eshop.cz\/"},{"@type":"ListItem","position":2,"name":"Obchod","item":"https:\/\/lasatin-eshop.cz\/?page_id=6"},{"@type":"ListItem","position":3,"name":"Sat\u00e9nov\u00e9 kalhoty LASATIN"}]},{"@type":"WebSite","@id":"https:\/\/lasatin-eshop.cz\/#website","url":"https:\/\/lasatin-eshop.cz\/","name":"Lasatin","description":"Produkty vyr\u00e1b\u011bn\u00e9 s l\u00e1skou a ohledem k p\u0159\u00edrod\u011b z luxusn\u00edho a udr\u017eiteln\u00e9ho sat\u00e9nu - Armani hedv\u00e1b\u00ed.","publisher":{"@id":"https:\/\/lasatin-eshop.cz\/#organization"},"potentialAction":[{"@type":"SearchAction","target":{"@type":"EntryPoint","urlTemplate":"https:\/\/lasatin-eshop.cz\/?s={search_term_string}"},"query-input":{"@type":"PropertyValueSpecification","valueRequired":true,"valueName":"search_term_string"}}],"inLanguage":"cs"},{"@type":"Organization","@id":"https:\/\/lasatin-eshop.cz\/#organization","name":"lasatin","url":"https:\/\/lasatin-eshop.cz\/","logo":{"@type":"ImageObject","inLanguage":"cs","@id":"https:\/\/lasatin-eshop.cz\/#\/schema\/logo\/image\/","url":"https:\/\/lasatin-eshop.cz\/wp-content\/uploads\/2023\/06\/lasatin-logo-barevne-pruhledne-pozadi.png","contentUrl":"https:\/\/lasatin-eshop.cz\/wp-content\/uploads\/2023\/06\/lasatin-logo-barevne-pruhledne-pozadi.png","width":512,"height":512,"caption":"lasatin"},"image":{"@id":"https:\/\/lasatin-eshop.cz\/#\/schema\/logo\/image\/"},"sameAs":["https:\/\/www.instagram.com\/lasatinofficial\/?hl=en"]}]}},"_links":{"self":[{"href":"https:\/\/lasatin-eshop.cz\/index.php?rest_route=\/wp\/v2\/product\/23","targetHints":{"allow":["GET"]}}],"collection":[{"href":"https:\/\/lasatin-eshop.cz\/index.php?rest_route=\/wp\/v2\/product"}],"about":[{"href":"https:\/\/lasatin-eshop.cz\/index.php?rest_route=\/wp\/v2\/types\/product"}],"replies":[{"embeddable":true,"href":"https:\/\/lasatin-eshop.cz\/index.php?rest_route=%2Fwp%2Fv2%2Fcomments&post=23"}],"wp:featuredmedia":[{"embeddable":true,"href":"https:\/\/lasatin-eshop.cz\/index.php?rest_route=\/wp\/v2\/media\/472"}],"wp:attachment":[{"href":"https:\/\/lasatin-eshop.cz\/index.php?rest_route=%2Fwp%2Fv2%2Fmedia&parent=23"}],"wp:term":[{"taxonomy":"product_brand","embeddable":true,"href":"https:\/\/lasatin-eshop.cz\/index.php?rest_route=%2Fwp%2Fv2%2Fproduct_brand&post=23"},{"taxonomy":"product_cat","embeddable":true,"href":"https:\/\/lasatin-eshop.cz\/index.php?rest_route=%2Fwp%2Fv2%2Fproduct_cat&post=23"},{"taxonomy":"product_tag","embeddable":true,"href":"https:\/\/lasatin-eshop.cz\/index.php?rest_route=%2Fwp%2Fv2%2Fproduct_tag&post=23"}],"curies":[{"name":"wp","href":"https:\/\/api.w.org\/{rel}","templated":true}]}}