{"id":26,"date":"2023-01-19T09:38:28","date_gmt":"2023-01-19T08:38:28","guid":{"rendered":"https:\/\/localhost\/lasatin3\/?post_type=product&#038;p=26"},"modified":"2025-05-29T00:36:19","modified_gmt":"2025-05-28T22:36:19","slug":"satenovy-multiway-top","status":"publish","type":"product","link":"https:\/\/lasatin-eshop.cz\/?product=satenovy-multiway-top","title":{"rendered":"Sat\u00e9nov\u00fd multiway top"},"content":{"rendered":"<p>Sat\u00e9nov\u00fd top, kter\u00fd m\u016f\u017eete zav\u00e1zat na nespo\u010det zp\u016fsob\u016f tak, aby padl ka\u017ed\u00e9. V nab\u00eddce m\u00e1me 36 barev. S na\u0161imi kra\u0165asy, kalhoty \u010di sukn\u00ed vytvo\u0159\u00edte sexy rafinovan\u00fd outfit.<\/p>\n<p>Velikost UNI, d\u00e9lka 229, \u0161\u00ed\u0159ka 48<\/p>\n<p><a href=\"http:\/\/lasatin-eshop.cz\/wp-content\/uploads\/2023\/01\/Tabulka-velikosti.pdf\">Tabulka velikost\u00ed<\/a><\/p>\n<p>\u00dadr\u017eba: pran\u00ed ru\u010dn\u011b nebo v pra\u010dce na 30\u00b0, lze \u017eehlit<br \/>\nSlo\u017een\u00ed: 96% polyester, 4% spandex<br \/>\nGram\u00e1\u017e: 85 g\/m2<\/p>\n<div style=\"width: 480px;\" class=\"wp-video\"><video class=\"wp-video-shortcode\" id=\"video-26-1\" width=\"480\" height=\"854\" preload=\"metadata\" controls=\"controls\"><source type=\"video\/mp4\" src=\"https:\/\/lasatin-eshop.cz\/wp-content\/uploads\/2023\/01\/283402604_1088123128804497_8698506851368247857_n.mp4?_=1\" \/><a href=\"https:\/\/lasatin-eshop.cz\/wp-content\/uploads\/2023\/01\/283402604_1088123128804497_8698506851368247857_n.mp4\">https:\/\/lasatin-eshop.cz\/wp-content\/uploads\/2023\/01\/283402604_1088123128804497_8698506851368247857_n.mp4<\/a><\/video><\/div>\n","protected":false},"excerpt":{"rendered":"<p>Sat\u00e9nov\u00fd top, kter\u00fd m\u016f\u017eete zav\u00e1zat na nespo\u010det zp\u016fsob\u016f tak, aby padl ka\u017ed\u00e9. V nab\u00eddce m\u00e1me 36 barev. S na\u0161imi kra\u0165asy, kalhoty \u010di sukn\u00ed vytvo\u0159\u00edte sexy rafinovan\u00fd outfit. Velikost UNI, d\u00e9lka 229, \u0161\u00ed\u0159ka 48 Tabulka velikost\u00ed \u00dadr\u017eba: pran\u00ed ru\u010dn\u011b nebo v pra\u010dce na 30\u00b0, lze \u017eehlit Slo\u017een\u00ed: 96% polyester, 4% spandex Gram\u00e1\u017e: 85 g\/m2<\/p>\n","protected":false},"featured_media":470,"comment_status":"open","ping_status":"closed","template":"","meta":{"inline_featured_image":false,"site-sidebar-layout":"default","site-content-layout":"default","ast-global-header-display":"","ast-banner-title-visibility":"","ast-main-header-display":"","ast-hfb-above-header-display":"","ast-hfb-below-header-display":"","ast-hfb-mobile-header-display":"","site-post-title":"","ast-breadcrumbs-content":"","ast-featured-img":"","footer-sml-layout":"","theme-transparent-header-meta":"default","adv-header-id-meta":"","stick-header-meta":"","header-above-stick-meta":"","header-main-stick-meta":"","header-below-stick-meta":""},"product_brand":[],"product_cat":[24],"product_tag":[],"class_list":{"0":"post-26","1":"product","2":"type-product","3":"status-publish","4":"has-post-thumbnail","6":"product_cat-top","7":"desktop-align-left","8":"tablet-align-left","9":"mobile-align-left","11":"first","12":"instock","13":"shipping-taxable","14":"purchasable","15":"product-type-variable"},"yoast_head":"<!-- This site is optimized with the Yoast SEO plugin v25.0 - https:\/\/yoast.com\/wordpress\/plugins\/seo\/ -->\n<title>Sat\u00e9nov\u00fd multiway top -<\/title>\n<meta name=\"robots\" content=\"index, follow, max-snippet:-1, max-image-preview:large, max-video-preview:-1\" \/>\n<link rel=\"canonical\" href=\"https:\/\/lasatin-eshop.cz\/?product=satenovy-multiway-top\" \/>\n<meta property=\"og:locale\" content=\"cs_CZ\" \/>\n<meta property=\"og:type\" content=\"article\" \/>\n<meta property=\"og:title\" content=\"Sat\u00e9nov\u00fd multiway top -\" \/>\n<meta property=\"og:description\" content=\"Sat\u00e9nov\u00fd top, kter\u00fd m\u016f\u017eete zav\u00e1zat na nespo\u010det zp\u016fsob\u016f tak, aby padl ka\u017ed\u00e9. V nab\u00eddce m\u00e1me 36 barev. S na\u0161imi kra\u0165asy, kalhoty \u010di sukn\u00ed vytvo\u0159\u00edte sexy rafinovan\u00fd outfit. Velikost UNI, d\u00e9lka 229, \u0161\u00ed\u0159ka 48 Tabulka velikost\u00ed \u00dadr\u017eba: pran\u00ed ru\u010dn\u011b nebo v pra\u010dce na 30\u00b0, lze \u017eehlit Slo\u017een\u00ed: 96% polyester, 4% spandex Gram\u00e1\u017e: 85 g\/m2\" \/>\n<meta property=\"og:url\" content=\"https:\/\/lasatin-eshop.cz\/?product=satenovy-multiway-top\" \/>\n<meta property=\"article:modified_time\" content=\"2025-05-28T22:36:19+00:00\" \/>\n<meta property=\"og:image\" content=\"https:\/\/lasatin-eshop.cz\/wp-content\/uploads\/2023\/01\/B8077265-Edit-scaled.jpg\" \/>\n\t<meta property=\"og:image:width\" content=\"1919\" \/>\n\t<meta property=\"og:image:height\" content=\"2560\" \/>\n\t<meta property=\"og:image:type\" content=\"image\/jpeg\" \/>\n<meta name=\"twitter:card\" content=\"summary_large_image\" \/>\n<meta name=\"twitter:label1\" content=\"Odhadovan\u00e1 doba \u010dten\u00ed\" \/>\n\t<meta name=\"twitter:data1\" content=\"1 minuta\" \/>\n<script type=\"application\/ld+json\" class=\"yoast-schema-graph\">{\"@context\":\"https:\/\/schema.org\",\"@graph\":[{\"@type\":\"WebPage\",\"@id\":\"https:\/\/lasatin-eshop.cz\/?product=satenovy-multiway-top\",\"url\":\"https:\/\/lasatin-eshop.cz\/?product=satenovy-multiway-top\",\"name\":\"Sat\u00e9nov\u00fd multiway top -\",\"isPartOf\":{\"@id\":\"https:\/\/lasatin-eshop.cz\/#website\"},\"primaryImageOfPage\":{\"@id\":\"https:\/\/lasatin-eshop.cz\/?product=satenovy-multiway-top#primaryimage\"},\"image\":{\"@id\":\"https:\/\/lasatin-eshop.cz\/?product=satenovy-multiway-top#primaryimage\"},\"thumbnailUrl\":\"https:\/\/lasatin-eshop.cz\/wp-content\/uploads\/2023\/01\/B8077265-Edit-scaled.jpg\",\"datePublished\":\"2023-01-19T08:38:28+00:00\",\"dateModified\":\"2025-05-28T22:36:19+00:00\",\"breadcrumb\":{\"@id\":\"https:\/\/lasatin-eshop.cz\/?product=satenovy-multiway-top#breadcrumb\"},\"inLanguage\":\"cs\",\"potentialAction\":[{\"@type\":\"ReadAction\",\"target\":[\"https:\/\/lasatin-eshop.cz\/?product=satenovy-multiway-top\"]}]},{\"@type\":\"ImageObject\",\"inLanguage\":\"cs\",\"@id\":\"https:\/\/lasatin-eshop.cz\/?product=satenovy-multiway-top#primaryimage\",\"url\":\"https:\/\/lasatin-eshop.cz\/wp-content\/uploads\/2023\/01\/B8077265-Edit-scaled.jpg\",\"contentUrl\":\"https:\/\/lasatin-eshop.cz\/wp-content\/uploads\/2023\/01\/B8077265-Edit-scaled.jpg\",\"width\":1919,\"height\":2560,\"caption\":\"Palazzo kalhoty\"},{\"@type\":\"BreadcrumbList\",\"@id\":\"https:\/\/lasatin-eshop.cz\/?product=satenovy-multiway-top#breadcrumb\",\"itemListElement\":[{\"@type\":\"ListItem\",\"position\":1,\"name\":\"Dom\u016f\",\"item\":\"https:\/\/lasatin-eshop.cz\/\"},{\"@type\":\"ListItem\",\"position\":2,\"name\":\"Obchod\",\"item\":\"https:\/\/lasatin-eshop.cz\/?page_id=6\"},{\"@type\":\"ListItem\",\"position\":3,\"name\":\"Sat\u00e9nov\u00fd multiway top\"}]},{\"@type\":\"WebSite\",\"@id\":\"https:\/\/lasatin-eshop.cz\/#website\",\"url\":\"https:\/\/lasatin-eshop.cz\/\",\"name\":\"Lasatin\",\"description\":\"Produkty vyr\u00e1b\u011bn\u00e9 s l\u00e1skou a ohledem k p\u0159\u00edrod\u011b z luxusn\u00edho a udr\u017eiteln\u00e9ho sat\u00e9nu - Armani hedv\u00e1b\u00ed.\",\"publisher\":{\"@id\":\"https:\/\/lasatin-eshop.cz\/#organization\"},\"potentialAction\":[{\"@type\":\"SearchAction\",\"target\":{\"@type\":\"EntryPoint\",\"urlTemplate\":\"https:\/\/lasatin-eshop.cz\/?s={search_term_string}\"},\"query-input\":{\"@type\":\"PropertyValueSpecification\",\"valueRequired\":true,\"valueName\":\"search_term_string\"}}],\"inLanguage\":\"cs\"},{\"@type\":\"Organization\",\"@id\":\"https:\/\/lasatin-eshop.cz\/#organization\",\"name\":\"lasatin\",\"url\":\"https:\/\/lasatin-eshop.cz\/\",\"logo\":{\"@type\":\"ImageObject\",\"inLanguage\":\"cs\",\"@id\":\"https:\/\/lasatin-eshop.cz\/#\/schema\/logo\/image\/\",\"url\":\"https:\/\/lasatin-eshop.cz\/wp-content\/uploads\/2023\/06\/lasatin-logo-barevne-pruhledne-pozadi.png\",\"contentUrl\":\"https:\/\/lasatin-eshop.cz\/wp-content\/uploads\/2023\/06\/lasatin-logo-barevne-pruhledne-pozadi.png\",\"width\":512,\"height\":512,\"caption\":\"lasatin\"},\"image\":{\"@id\":\"https:\/\/lasatin-eshop.cz\/#\/schema\/logo\/image\/\"},\"sameAs\":[\"https:\/\/www.instagram.com\/lasatinofficial\/?hl=en\"]}]}<\/script>\n<!-- \/ Yoast SEO plugin. -->","yoast_head_json":{"title":"Sat\u00e9nov\u00fd multiway top -","robots":{"index":"index","follow":"follow","max-snippet":"max-snippet:-1","max-image-preview":"max-image-preview:large","max-video-preview":"max-video-preview:-1"},"canonical":"https:\/\/lasatin-eshop.cz\/?product=satenovy-multiway-top","og_locale":"cs_CZ","og_type":"article","og_title":"Sat\u00e9nov\u00fd multiway top -","og_description":"Sat\u00e9nov\u00fd top, kter\u00fd m\u016f\u017eete zav\u00e1zat na nespo\u010det zp\u016fsob\u016f tak, aby padl ka\u017ed\u00e9. V nab\u00eddce m\u00e1me 36 barev. S na\u0161imi kra\u0165asy, kalhoty \u010di sukn\u00ed vytvo\u0159\u00edte sexy rafinovan\u00fd outfit. Velikost UNI, d\u00e9lka 229, \u0161\u00ed\u0159ka 48 Tabulka velikost\u00ed \u00dadr\u017eba: pran\u00ed ru\u010dn\u011b nebo v pra\u010dce na 30\u00b0, lze \u017eehlit Slo\u017een\u00ed: 96% polyester, 4% spandex Gram\u00e1\u017e: 85 g\/m2","og_url":"https:\/\/lasatin-eshop.cz\/?product=satenovy-multiway-top","article_modified_time":"2025-05-28T22:36:19+00:00","og_image":[{"width":1919,"height":2560,"url":"https:\/\/lasatin-eshop.cz\/wp-content\/uploads\/2023\/01\/B8077265-Edit-scaled.jpg","type":"image\/jpeg"}],"twitter_card":"summary_large_image","twitter_misc":{"Odhadovan\u00e1 doba \u010dten\u00ed":"1 minuta"},"schema":{"@context":"https:\/\/schema.org","@graph":[{"@type":"WebPage","@id":"https:\/\/lasatin-eshop.cz\/?product=satenovy-multiway-top","url":"https:\/\/lasatin-eshop.cz\/?product=satenovy-multiway-top","name":"Sat\u00e9nov\u00fd multiway top -","isPartOf":{"@id":"https:\/\/lasatin-eshop.cz\/#website"},"primaryImageOfPage":{"@id":"https:\/\/lasatin-eshop.cz\/?product=satenovy-multiway-top#primaryimage"},"image":{"@id":"https:\/\/lasatin-eshop.cz\/?product=satenovy-multiway-top#primaryimage"},"thumbnailUrl":"https:\/\/lasatin-eshop.cz\/wp-content\/uploads\/2023\/01\/B8077265-Edit-scaled.jpg","datePublished":"2023-01-19T08:38:28+00:00","dateModified":"2025-05-28T22:36:19+00:00","breadcrumb":{"@id":"https:\/\/lasatin-eshop.cz\/?product=satenovy-multiway-top#breadcrumb"},"inLanguage":"cs","potentialAction":[{"@type":"ReadAction","target":["https:\/\/lasatin-eshop.cz\/?product=satenovy-multiway-top"]}]},{"@type":"ImageObject","inLanguage":"cs","@id":"https:\/\/lasatin-eshop.cz\/?product=satenovy-multiway-top#primaryimage","url":"https:\/\/lasatin-eshop.cz\/wp-content\/uploads\/2023\/01\/B8077265-Edit-scaled.jpg","contentUrl":"https:\/\/lasatin-eshop.cz\/wp-content\/uploads\/2023\/01\/B8077265-Edit-scaled.jpg","width":1919,"height":2560,"caption":"Palazzo kalhoty"},{"@type":"BreadcrumbList","@id":"https:\/\/lasatin-eshop.cz\/?product=satenovy-multiway-top#breadcrumb","itemListElement":[{"@type":"ListItem","position":1,"name":"Dom\u016f","item":"https:\/\/lasatin-eshop.cz\/"},{"@type":"ListItem","position":2,"name":"Obchod","item":"https:\/\/lasatin-eshop.cz\/?page_id=6"},{"@type":"ListItem","position":3,"name":"Sat\u00e9nov\u00fd multiway top"}]},{"@type":"WebSite","@id":"https:\/\/lasatin-eshop.cz\/#website","url":"https:\/\/lasatin-eshop.cz\/","name":"Lasatin","description":"Produkty vyr\u00e1b\u011bn\u00e9 s l\u00e1skou a ohledem k p\u0159\u00edrod\u011b z luxusn\u00edho a udr\u017eiteln\u00e9ho sat\u00e9nu - Armani hedv\u00e1b\u00ed.","publisher":{"@id":"https:\/\/lasatin-eshop.cz\/#organization"},"potentialAction":[{"@type":"SearchAction","target":{"@type":"EntryPoint","urlTemplate":"https:\/\/lasatin-eshop.cz\/?s={search_term_string}"},"query-input":{"@type":"PropertyValueSpecification","valueRequired":true,"valueName":"search_term_string"}}],"inLanguage":"cs"},{"@type":"Organization","@id":"https:\/\/lasatin-eshop.cz\/#organization","name":"lasatin","url":"https:\/\/lasatin-eshop.cz\/","logo":{"@type":"ImageObject","inLanguage":"cs","@id":"https:\/\/lasatin-eshop.cz\/#\/schema\/logo\/image\/","url":"https:\/\/lasatin-eshop.cz\/wp-content\/uploads\/2023\/06\/lasatin-logo-barevne-pruhledne-pozadi.png","contentUrl":"https:\/\/lasatin-eshop.cz\/wp-content\/uploads\/2023\/06\/lasatin-logo-barevne-pruhledne-pozadi.png","width":512,"height":512,"caption":"lasatin"},"image":{"@id":"https:\/\/lasatin-eshop.cz\/#\/schema\/logo\/image\/"},"sameAs":["https:\/\/www.instagram.com\/lasatinofficial\/?hl=en"]}]}},"_links":{"self":[{"href":"https:\/\/lasatin-eshop.cz\/index.php?rest_route=\/wp\/v2\/product\/26","targetHints":{"allow":["GET"]}}],"collection":[{"href":"https:\/\/lasatin-eshop.cz\/index.php?rest_route=\/wp\/v2\/product"}],"about":[{"href":"https:\/\/lasatin-eshop.cz\/index.php?rest_route=\/wp\/v2\/types\/product"}],"replies":[{"embeddable":true,"href":"https:\/\/lasatin-eshop.cz\/index.php?rest_route=%2Fwp%2Fv2%2Fcomments&post=26"}],"wp:featuredmedia":[{"embeddable":true,"href":"https:\/\/lasatin-eshop.cz\/index.php?rest_route=\/wp\/v2\/media\/470"}],"wp:attachment":[{"href":"https:\/\/lasatin-eshop.cz\/index.php?rest_route=%2Fwp%2Fv2%2Fmedia&parent=26"}],"wp:term":[{"taxonomy":"product_brand","embeddable":true,"href":"https:\/\/lasatin-eshop.cz\/index.php?rest_route=%2Fwp%2Fv2%2Fproduct_brand&post=26"},{"taxonomy":"product_cat","embeddable":true,"href":"https:\/\/lasatin-eshop.cz\/index.php?rest_route=%2Fwp%2Fv2%2Fproduct_cat&post=26"},{"taxonomy":"product_tag","embeddable":true,"href":"https:\/\/lasatin-eshop.cz\/index.php?rest_route=%2Fwp%2Fv2%2Fproduct_tag&post=26"}],"curies":[{"name":"wp","href":"https:\/\/api.w.org\/{rel}","templated":true}]}}