{"id":27,"date":"2023-01-19T09:38:58","date_gmt":"2023-01-19T08:38:58","guid":{"rendered":"https:\/\/localhost\/lasatin3\/?post_type=product&#038;p=27"},"modified":"2025-05-21T15:03:28","modified_gmt":"2025-05-21T13:03:28","slug":"skinny-saty-s-vystrihem-s-vodou","status":"publish","type":"product","link":"https:\/\/lasatin-eshop.cz\/?product=skinny-saty-s-vystrihem-s-vodou","title":{"rendered":"Skinny \u0161aty s v\u00fdst\u0159ihem s vodou"},"content":{"rendered":"<p>Slip \u0161aty u\u0161it\u00e9 z \u0161ikmo st\u0159i\u017een\u00e9ho hedv\u00e1bn\u011b jemn\u00e9ho sat\u00e9nu &#8211; Armani hedv\u00e1b\u00ed z Dubaje. V\u00fdst\u0159ih s vodou, tenk\u00e9 posuvn\u00e9 ram\u00ednka, zdvojen\u00e1 l\u00e1tka na poprs\u00ed a obepnut\u00fd st\u0159ih. D\u00edky sv\u00e9mu dokonal\u00e9mu st\u0159ihu a lehou\u010dk\u00e9mu materi\u00e1lu s p\u0159\u00edm\u011bs\u00ed elastanu se p\u0159izp\u016fsob\u00ed ka\u017ed\u00e9 postav\u011b s respektem k \u017eensk\u00e9 siluet\u011b. Budete se v nich c\u00edtit sexy, \u017eensky a z\u00e1rove\u0148 pohodln\u011b. Praktick\u00e9 a neuv\u011b\u0159iteln\u011b variabiln\u00ed &#8211; unos\u00edte je nez\u00e1visle na ro\u010dn\u00edm obdob\u00ed a vytvo\u0159\u00edte nekone\u010dn\u00e9 mno\u017estv\u00ed outfit\u016f r\u016fzn\u00e9ho stylu.<\/p>\n<p><strong>K dispozici v d\u00e9lk\u00e1ch:<\/strong><\/p>\n<p>\u2022 MINI (nad kolena)<br \/>\n\u2022 LADY (t\u011bsn\u011b pod kolena) +200,-<br \/>\n\u2022 MIDI (do poloviny l\u00fdtka) +400,-<br \/>\n\u2022 ANKLE (ke kotn\u00edk\u016fm) +600,-<\/p>\n<p><a href=\"http:\/\/lasatin-eshop.cz\/wp-content\/uploads\/2023\/01\/89798.pdf\">Tabulka velikost\u00ed<\/a><\/p>\n<p>\u00dadr\u017eba: pran\u00ed ru\u010dn\u011b nebo v pra\u010dce na 30\u00b0, lze \u017eehlit<br \/>\nSlo\u017een\u00ed: 96% polyester, 4% spandex<br \/>\nGram\u00e1\u017e: 85 g\/m2<\/p>\n<p><strong>Formul\u00e1\u0159 pro objedn\u00e1n\u00ed na zak\u00e1zku<\/strong><\/p>\n<div class=\"wpforms-container wpforms-container-full\" id=\"wpforms-657\"><form id=\"wpforms-form-657\" class=\"wpforms-validate wpforms-form wpforms-ajax-form\" data-formid=\"657\" method=\"post\" enctype=\"multipart\/form-data\" action=\"\/index.php?rest_route=%2Fwp%2Fv2%2Fproduct%2F27\" data-token=\"924b75c472f940f927a6dd7f736bdbc4\" data-token-time=\"1775307921\"><noscript class=\"wpforms-error-noscript\">Chcete-li vyplnit tento formul\u00e1\u0159, pros\u00edm povolte v prohl\u00ed\u017ee\u010di JavaScript.<\/noscript><div class=\"wpforms-field-container\"><div id=\"wpforms-657-field_1-container\" class=\"wpforms-field wpforms-field-name\" data-field-id=\"1\"><label class=\"wpforms-field-label wpforms-label-hide\" for=\"wpforms-657-field_1\">Jm\u00e9no <span class=\"wpforms-required-label\">*<\/span><\/label><input type=\"text\" id=\"wpforms-657-field_1\" class=\"wpforms-field-medium wpforms-field-required\" name=\"wpforms[fields][1]\" placeholder=\"Jm\u00e9no\" required><\/div><div id=\"wpforms-657-field_2-container\" class=\"wpforms-field wpforms-field-email\" data-field-id=\"2\"><label class=\"wpforms-field-label wpforms-label-hide\" for=\"wpforms-657-field_2\">E-mail <span class=\"wpforms-required-label\">*<\/span><\/label><input type=\"email\" id=\"wpforms-657-field_2\" class=\"wpforms-field-medium wpforms-field-required\" name=\"wpforms[fields][2]\" placeholder=\"E-mail\" spellcheck=\"false\" required><\/div><div id=\"wpforms-657-field_3-container\" class=\"wpforms-field wpforms-field-select wpforms-field-select-style-classic\" data-field-id=\"3\"><label class=\"wpforms-field-label wpforms-label-hide\" for=\"wpforms-657-field_3\">Barva<\/label><select id=\"wpforms-657-field_3\" class=\"wpforms-field-medium\" name=\"wpforms[fields][3]\"><option value=\"\" class=\"placeholder\" disabled  selected='selected'>Barva<\/option><option value=\"Ivory\" >Ivory<\/option><option value=\"Skin\" >Skin<\/option><option value=\"Light beige\" >Light beige<\/option><option value=\"Mild brown\" >Mild brown<\/option><option value=\"Chocolate brown\" >Chocolate brown<\/option><option value=\"Dark chocolate\" >Dark chocolate<\/option><option value=\"Dull gold\" >Dull gold<\/option><option value=\"Light mustard\" >Light mustard<\/option><option value=\"Lemon yellow\" >Lemon yellow<\/option><option value=\"Olive green\" >Olive green<\/option><option value=\"Light olive\" >Light olive<\/option><option value=\"Regular green\" >Regular green<\/option><option value=\"Sandy pistachio\" >Sandy pistachio<\/option><option value=\"Tiffany green\" >Tiffany green<\/option><option value=\"Teal green\" >Teal green<\/option><option value=\"Teal\" >Teal<\/option><option value=\"Blue\" >Blue<\/option><option value=\"Royal blue\" >Royal blue<\/option><option value=\"Chrome\" >Chrome<\/option><option value=\"Maroon\" >Maroon<\/option><option value=\"Levander\" >Levander<\/option><option value=\"Purple\" >Purple<\/option><option value=\"Magenta\" >Magenta<\/option><option value=\"Fuchsia\" >Fuchsia<\/option><option value=\"Barbie pink\" >Barbie pink<\/option><option value=\"Pinky peach\" >Pinky peach<\/option><option value=\"Elegant peach\" >Elegant peach<\/option><option value=\"Coral\" >Coral<\/option><option value=\"Light coral\" >Light coral<\/option><option value=\"Dracula red\" >Dracula red<\/option><option value=\"Ferrari red\" >Ferrari red<\/option><option value=\"Cherry red\" >Cherry red<\/option><option value=\"Elegant copper\" >Elegant copper<\/option><option value=\"Light gray\" >Light gray<\/option><option value=\"Black\" >Black<\/option><\/select><\/div><div id=\"wpforms-657-field_4-container\" class=\"wpforms-field wpforms-field-text\" data-field-id=\"4\"><label class=\"wpforms-field-label wpforms-label-hide\" for=\"wpforms-657-field_4\">Va\u0161e v\u00fd\u0161ka<\/label><input type=\"text\" id=\"wpforms-657-field_4\" class=\"wpforms-field-medium\" name=\"wpforms[fields][4]\" placeholder=\"Va\u0161e v\u00fd\u0161ka\" ><\/div><div id=\"wpforms-657-field_5-container\" class=\"wpforms-field wpforms-field-select wpforms-field-select-style-classic\" data-field-id=\"5\"><label class=\"wpforms-field-label wpforms-label-hide\" for=\"wpforms-657-field_5\">Velikost <span class=\"wpforms-required-label\">*<\/span><\/label><select id=\"wpforms-657-field_5\" class=\"wpforms-field-medium wpforms-field-required\" name=\"wpforms[fields][5]\" required=\"required\"><option value=\"\" class=\"placeholder\" disabled  selected='selected'>Velikost<\/option><option value=\"XS\" >XS<\/option><option value=\"S\" >S<\/option><option value=\"M\" >M<\/option><option value=\"L\" >L<\/option><\/select><\/div><div id=\"wpforms-657-field_6-container\" class=\"wpforms-field wpforms-field-select wpforms-field-select-style-classic\" data-field-id=\"6\"><label class=\"wpforms-field-label wpforms-label-hide\" for=\"wpforms-657-field_6\">D\u00e9lka <span class=\"wpforms-required-label\">*<\/span><\/label><select id=\"wpforms-657-field_6\" class=\"wpforms-field-medium wpforms-field-required\" name=\"wpforms[fields][6]\" required=\"required\"><option value=\"\" class=\"placeholder\" disabled  selected='selected'>D\u00e9lka<\/option><option value=\"MINI\" >MINI<\/option><option value=\"LADY\" >LADY<\/option><option value=\"MIDI\" >MIDI<\/option><option value=\"ANKLE\" >ANKLE<\/option><option value=\"MAXI\" >MAXI<\/option><\/select><\/div><div id=\"wpforms-657-field_8-container\" class=\"wpforms-field wpforms-field-radio\" data-field-id=\"8\"><label class=\"wpforms-field-label\">Doprava <span class=\"wpforms-required-label\">*<\/span><\/label><ul id=\"wpforms-657-field_8\" class=\"wpforms-field-required\"><li class=\"choice-1 depth-1\"><input type=\"radio\" id=\"wpforms-657-field_8_1\" name=\"wpforms[fields][8]\" value=\"Z\u00e1silkovna\" required ><label class=\"wpforms-field-label-inline\" for=\"wpforms-657-field_8_1\">Z\u00e1silkovna<\/label><\/li><li class=\"choice-2 depth-1\"><input type=\"radio\" id=\"wpforms-657-field_8_2\" name=\"wpforms[fields][8]\" value=\"\u010cesk\u00e1 po\u0161ta\" required ><label class=\"wpforms-field-label-inline\" for=\"wpforms-657-field_8_2\">\u010cesk\u00e1 po\u0161ta<\/label><\/li><li class=\"choice-3 depth-1\"><input type=\"radio\" id=\"wpforms-657-field_8_3\" name=\"wpforms[fields][8]\" value=\"PPL\" required ><label class=\"wpforms-field-label-inline\" for=\"wpforms-657-field_8_3\">PPL<\/label><\/li><\/ul><\/div><div id=\"wpforms-657-field_9-container\" class=\"wpforms-field wpforms-field-textarea\" data-field-id=\"9\"><label class=\"wpforms-field-label\" for=\"wpforms-657-field_9\">Vlastn\u00ed zpr\u00e1va<\/label><textarea id=\"wpforms-657-field_9\" class=\"wpforms-field-medium\" name=\"wpforms[fields][9]\" ><\/textarea><\/div><\/div><!-- .wpforms-field-container --><div class=\"wpforms-submit-container\" ><input type=\"hidden\" name=\"wpforms[id]\" value=\"657\"><input type=\"hidden\" name=\"page_title\" value=\"\"><input type=\"hidden\" name=\"page_url\" value=\"https:\/\/lasatin-eshop.cz\/index.php?rest_route=\/wp\/v2\/product\/27\"><input type=\"hidden\" name=\"url_referer\" value=\"\"><button type=\"submit\" name=\"wpforms[submit]\" id=\"wpforms-submit-657\" class=\"wpforms-submit\" data-alt-text=\"Odes\u00edl\u00e1ni...\" data-submit-text=\"Odeslat\" aria-live=\"assertive\" value=\"wpforms-submit\">Odeslat<\/button><img decoding=\"async\" src=\"https:\/\/lasatin-eshop.cz\/wp-content\/plugins\/wpforms-lite\/assets\/images\/submit-spin.svg\" class=\"wpforms-submit-spinner\" style=\"display: none;\" width=\"26\" height=\"26\" alt=\"Na\u010d\u00edt\u00e1n\u00ed\"><\/div><\/form><\/div>  <!-- .wpforms-container -->\n","protected":false},"excerpt":{"rendered":"<p>Slip \u0161aty u\u0161it\u00e9 z \u0161ikmo st\u0159i\u017een\u00e9ho hedv\u00e1bn\u011b jemn\u00e9ho sat\u00e9nu &#8211; Armani hedv\u00e1b\u00ed z Dubaje. V\u00fdst\u0159ih s vodou, tenk\u00e9 posuvn\u00e9 ram\u00ednka, zdvojen\u00e1 l\u00e1tka na poprs\u00ed a obepnut\u00fd st\u0159ih. D\u00edky sv\u00e9mu dokonal\u00e9mu st\u0159ihu a lehou\u010dk\u00e9mu materi\u00e1lu s p\u0159\u00edm\u011bs\u00ed elastanu se p\u0159izp\u016fsob\u00ed ka\u017ed\u00e9 postav\u011b s respektem k \u017eensk\u00e9 siluet\u011b. Budete se v nich c\u00edtit sexy, \u017eensky a z\u00e1rove\u0148 &hellip;<\/p>\n<p class=\"read-more\"> <a class=\"\" href=\"https:\/\/lasatin-eshop.cz\/?product=skinny-saty-s-vystrihem-s-vodou\"> <span class=\"screen-reader-text\">Skinny \u0161aty s v\u00fdst\u0159ihem s vodou<\/span> Pokra\u010dovat ve \u010dten\u00ed &raquo;<\/a><\/p>\n","protected":false},"featured_media":4968,"comment_status":"open","ping_status":"closed","template":"","meta":{"inline_featured_image":false,"site-sidebar-layout":"default","site-content-layout":"default","ast-global-header-display":"","ast-banner-title-visibility":"","ast-main-header-display":"","ast-hfb-above-header-display":"","ast-hfb-below-header-display":"","ast-hfb-mobile-header-display":"","site-post-title":"","ast-breadcrumbs-content":"","ast-featured-img":"","footer-sml-layout":"","theme-transparent-header-meta":"default","adv-header-id-meta":"","stick-header-meta":"","header-above-stick-meta":"","header-main-stick-meta":"","header-below-stick-meta":""},"product_brand":[],"product_cat":[22],"product_tag":[],"class_list":{"0":"post-27","1":"product","2":"type-product","3":"status-publish","4":"has-post-thumbnail","6":"product_cat-saty","7":"desktop-align-left","8":"tablet-align-left","9":"mobile-align-left","11":"first","12":"instock","13":"shipping-taxable","14":"purchasable","15":"product-type-simple"},"yoast_head":"<!-- This site is optimized with the Yoast SEO plugin v25.0 - https:\/\/yoast.com\/wordpress\/plugins\/seo\/ -->\n<title>Skinny \u0161aty s v\u00fdst\u0159ihem s vodou -<\/title>\n<meta name=\"robots\" content=\"index, follow, max-snippet:-1, max-image-preview:large, max-video-preview:-1\" \/>\n<link rel=\"canonical\" href=\"https:\/\/lasatin-eshop.cz\/?product=skinny-saty-s-vystrihem-s-vodou\" \/>\n<meta property=\"og:locale\" content=\"cs_CZ\" \/>\n<meta property=\"og:type\" content=\"article\" \/>\n<meta property=\"og:title\" content=\"Skinny \u0161aty s v\u00fdst\u0159ihem s vodou -\" \/>\n<meta property=\"og:description\" content=\"Slip \u0161aty u\u0161it\u00e9 z \u0161ikmo st\u0159i\u017een\u00e9ho hedv\u00e1bn\u011b jemn\u00e9ho sat\u00e9nu &#8211; Armani hedv\u00e1b\u00ed z Dubaje. V\u00fdst\u0159ih s vodou, tenk\u00e9 posuvn\u00e9 ram\u00ednka, zdvojen\u00e1 l\u00e1tka na poprs\u00ed a obepnut\u00fd st\u0159ih. D\u00edky sv\u00e9mu dokonal\u00e9mu st\u0159ihu a lehou\u010dk\u00e9mu materi\u00e1lu s p\u0159\u00edm\u011bs\u00ed elastanu se p\u0159izp\u016fsob\u00ed ka\u017ed\u00e9 postav\u011b s respektem k \u017eensk\u00e9 siluet\u011b. Budete se v nich c\u00edtit sexy, \u017eensky a z\u00e1rove\u0148 &hellip; Skinny \u0161aty s v\u00fdst\u0159ihem s vodou Pokra\u010dovat ve \u010dten\u00ed &raquo;\" \/>\n<meta property=\"og:url\" content=\"https:\/\/lasatin-eshop.cz\/?product=skinny-saty-s-vystrihem-s-vodou\" \/>\n<meta property=\"article:modified_time\" content=\"2025-05-21T13:03:28+00:00\" \/>\n<meta property=\"og:image\" content=\"https:\/\/lasatin-eshop.cz\/wp-content\/uploads\/2023\/01\/IMG-7932-scaled.jpg\" \/>\n\t<meta property=\"og:image:width\" content=\"1708\" \/>\n\t<meta property=\"og:image:height\" content=\"2560\" \/>\n\t<meta property=\"og:image:type\" content=\"image\/jpeg\" \/>\n<meta name=\"twitter:card\" content=\"summary_large_image\" \/>\n<meta name=\"twitter:label1\" content=\"Odhadovan\u00e1 doba \u010dten\u00ed\" \/>\n\t<meta name=\"twitter:data1\" content=\"1 minuta\" \/>\n<script type=\"application\/ld+json\" class=\"yoast-schema-graph\">{\"@context\":\"https:\/\/schema.org\",\"@graph\":[{\"@type\":\"WebPage\",\"@id\":\"https:\/\/lasatin-eshop.cz\/?product=skinny-saty-s-vystrihem-s-vodou\",\"url\":\"https:\/\/lasatin-eshop.cz\/?product=skinny-saty-s-vystrihem-s-vodou\",\"name\":\"Skinny \u0161aty s v\u00fdst\u0159ihem s vodou -\",\"isPartOf\":{\"@id\":\"https:\/\/lasatin-eshop.cz\/#website\"},\"primaryImageOfPage\":{\"@id\":\"https:\/\/lasatin-eshop.cz\/?product=skinny-saty-s-vystrihem-s-vodou#primaryimage\"},\"image\":{\"@id\":\"https:\/\/lasatin-eshop.cz\/?product=skinny-saty-s-vystrihem-s-vodou#primaryimage\"},\"thumbnailUrl\":\"https:\/\/lasatin-eshop.cz\/wp-content\/uploads\/2023\/01\/IMG-7932-scaled.jpg\",\"datePublished\":\"2023-01-19T08:38:58+00:00\",\"dateModified\":\"2025-05-21T13:03:28+00:00\",\"breadcrumb\":{\"@id\":\"https:\/\/lasatin-eshop.cz\/?product=skinny-saty-s-vystrihem-s-vodou#breadcrumb\"},\"inLanguage\":\"cs\",\"potentialAction\":[{\"@type\":\"ReadAction\",\"target\":[\"https:\/\/lasatin-eshop.cz\/?product=skinny-saty-s-vystrihem-s-vodou\"]}]},{\"@type\":\"ImageObject\",\"inLanguage\":\"cs\",\"@id\":\"https:\/\/lasatin-eshop.cz\/?product=skinny-saty-s-vystrihem-s-vodou#primaryimage\",\"url\":\"https:\/\/lasatin-eshop.cz\/wp-content\/uploads\/2023\/01\/IMG-7932-scaled.jpg\",\"contentUrl\":\"https:\/\/lasatin-eshop.cz\/wp-content\/uploads\/2023\/01\/IMG-7932-scaled.jpg\",\"width\":1708,\"height\":2560},{\"@type\":\"BreadcrumbList\",\"@id\":\"https:\/\/lasatin-eshop.cz\/?product=skinny-saty-s-vystrihem-s-vodou#breadcrumb\",\"itemListElement\":[{\"@type\":\"ListItem\",\"position\":1,\"name\":\"Dom\u016f\",\"item\":\"https:\/\/lasatin-eshop.cz\/\"},{\"@type\":\"ListItem\",\"position\":2,\"name\":\"Obchod\",\"item\":\"https:\/\/lasatin-eshop.cz\/?page_id=6\"},{\"@type\":\"ListItem\",\"position\":3,\"name\":\"Skinny \u0161aty s v\u00fdst\u0159ihem s vodou\"}]},{\"@type\":\"WebSite\",\"@id\":\"https:\/\/lasatin-eshop.cz\/#website\",\"url\":\"https:\/\/lasatin-eshop.cz\/\",\"name\":\"Lasatin\",\"description\":\"Produkty vyr\u00e1b\u011bn\u00e9 s l\u00e1skou a ohledem k p\u0159\u00edrod\u011b z luxusn\u00edho a udr\u017eiteln\u00e9ho sat\u00e9nu - Armani hedv\u00e1b\u00ed.\",\"publisher\":{\"@id\":\"https:\/\/lasatin-eshop.cz\/#organization\"},\"potentialAction\":[{\"@type\":\"SearchAction\",\"target\":{\"@type\":\"EntryPoint\",\"urlTemplate\":\"https:\/\/lasatin-eshop.cz\/?s={search_term_string}\"},\"query-input\":{\"@type\":\"PropertyValueSpecification\",\"valueRequired\":true,\"valueName\":\"search_term_string\"}}],\"inLanguage\":\"cs\"},{\"@type\":\"Organization\",\"@id\":\"https:\/\/lasatin-eshop.cz\/#organization\",\"name\":\"lasatin\",\"url\":\"https:\/\/lasatin-eshop.cz\/\",\"logo\":{\"@type\":\"ImageObject\",\"inLanguage\":\"cs\",\"@id\":\"https:\/\/lasatin-eshop.cz\/#\/schema\/logo\/image\/\",\"url\":\"https:\/\/lasatin-eshop.cz\/wp-content\/uploads\/2023\/06\/lasatin-logo-barevne-pruhledne-pozadi.png\",\"contentUrl\":\"https:\/\/lasatin-eshop.cz\/wp-content\/uploads\/2023\/06\/lasatin-logo-barevne-pruhledne-pozadi.png\",\"width\":512,\"height\":512,\"caption\":\"lasatin\"},\"image\":{\"@id\":\"https:\/\/lasatin-eshop.cz\/#\/schema\/logo\/image\/\"},\"sameAs\":[\"https:\/\/www.instagram.com\/lasatinofficial\/?hl=en\"]}]}<\/script>\n<!-- \/ Yoast SEO plugin. -->","yoast_head_json":{"title":"Skinny \u0161aty s v\u00fdst\u0159ihem s vodou -","robots":{"index":"index","follow":"follow","max-snippet":"max-snippet:-1","max-image-preview":"max-image-preview:large","max-video-preview":"max-video-preview:-1"},"canonical":"https:\/\/lasatin-eshop.cz\/?product=skinny-saty-s-vystrihem-s-vodou","og_locale":"cs_CZ","og_type":"article","og_title":"Skinny \u0161aty s v\u00fdst\u0159ihem s vodou -","og_description":"Slip \u0161aty u\u0161it\u00e9 z \u0161ikmo st\u0159i\u017een\u00e9ho hedv\u00e1bn\u011b jemn\u00e9ho sat\u00e9nu &#8211; Armani hedv\u00e1b\u00ed z Dubaje. V\u00fdst\u0159ih s vodou, tenk\u00e9 posuvn\u00e9 ram\u00ednka, zdvojen\u00e1 l\u00e1tka na poprs\u00ed a obepnut\u00fd st\u0159ih. D\u00edky sv\u00e9mu dokonal\u00e9mu st\u0159ihu a lehou\u010dk\u00e9mu materi\u00e1lu s p\u0159\u00edm\u011bs\u00ed elastanu se p\u0159izp\u016fsob\u00ed ka\u017ed\u00e9 postav\u011b s respektem k \u017eensk\u00e9 siluet\u011b. Budete se v nich c\u00edtit sexy, \u017eensky a z\u00e1rove\u0148 &hellip; Skinny \u0161aty s v\u00fdst\u0159ihem s vodou Pokra\u010dovat ve \u010dten\u00ed &raquo;","og_url":"https:\/\/lasatin-eshop.cz\/?product=skinny-saty-s-vystrihem-s-vodou","article_modified_time":"2025-05-21T13:03:28+00:00","og_image":[{"width":1708,"height":2560,"url":"https:\/\/lasatin-eshop.cz\/wp-content\/uploads\/2023\/01\/IMG-7932-scaled.jpg","type":"image\/jpeg"}],"twitter_card":"summary_large_image","twitter_misc":{"Odhadovan\u00e1 doba \u010dten\u00ed":"1 minuta"},"schema":{"@context":"https:\/\/schema.org","@graph":[{"@type":"WebPage","@id":"https:\/\/lasatin-eshop.cz\/?product=skinny-saty-s-vystrihem-s-vodou","url":"https:\/\/lasatin-eshop.cz\/?product=skinny-saty-s-vystrihem-s-vodou","name":"Skinny \u0161aty s v\u00fdst\u0159ihem s vodou -","isPartOf":{"@id":"https:\/\/lasatin-eshop.cz\/#website"},"primaryImageOfPage":{"@id":"https:\/\/lasatin-eshop.cz\/?product=skinny-saty-s-vystrihem-s-vodou#primaryimage"},"image":{"@id":"https:\/\/lasatin-eshop.cz\/?product=skinny-saty-s-vystrihem-s-vodou#primaryimage"},"thumbnailUrl":"https:\/\/lasatin-eshop.cz\/wp-content\/uploads\/2023\/01\/IMG-7932-scaled.jpg","datePublished":"2023-01-19T08:38:58+00:00","dateModified":"2025-05-21T13:03:28+00:00","breadcrumb":{"@id":"https:\/\/lasatin-eshop.cz\/?product=skinny-saty-s-vystrihem-s-vodou#breadcrumb"},"inLanguage":"cs","potentialAction":[{"@type":"ReadAction","target":["https:\/\/lasatin-eshop.cz\/?product=skinny-saty-s-vystrihem-s-vodou"]}]},{"@type":"ImageObject","inLanguage":"cs","@id":"https:\/\/lasatin-eshop.cz\/?product=skinny-saty-s-vystrihem-s-vodou#primaryimage","url":"https:\/\/lasatin-eshop.cz\/wp-content\/uploads\/2023\/01\/IMG-7932-scaled.jpg","contentUrl":"https:\/\/lasatin-eshop.cz\/wp-content\/uploads\/2023\/01\/IMG-7932-scaled.jpg","width":1708,"height":2560},{"@type":"BreadcrumbList","@id":"https:\/\/lasatin-eshop.cz\/?product=skinny-saty-s-vystrihem-s-vodou#breadcrumb","itemListElement":[{"@type":"ListItem","position":1,"name":"Dom\u016f","item":"https:\/\/lasatin-eshop.cz\/"},{"@type":"ListItem","position":2,"name":"Obchod","item":"https:\/\/lasatin-eshop.cz\/?page_id=6"},{"@type":"ListItem","position":3,"name":"Skinny \u0161aty s v\u00fdst\u0159ihem s vodou"}]},{"@type":"WebSite","@id":"https:\/\/lasatin-eshop.cz\/#website","url":"https:\/\/lasatin-eshop.cz\/","name":"Lasatin","description":"Produkty vyr\u00e1b\u011bn\u00e9 s l\u00e1skou a ohledem k p\u0159\u00edrod\u011b z luxusn\u00edho a udr\u017eiteln\u00e9ho sat\u00e9nu - Armani hedv\u00e1b\u00ed.","publisher":{"@id":"https:\/\/lasatin-eshop.cz\/#organization"},"potentialAction":[{"@type":"SearchAction","target":{"@type":"EntryPoint","urlTemplate":"https:\/\/lasatin-eshop.cz\/?s={search_term_string}"},"query-input":{"@type":"PropertyValueSpecification","valueRequired":true,"valueName":"search_term_string"}}],"inLanguage":"cs"},{"@type":"Organization","@id":"https:\/\/lasatin-eshop.cz\/#organization","name":"lasatin","url":"https:\/\/lasatin-eshop.cz\/","logo":{"@type":"ImageObject","inLanguage":"cs","@id":"https:\/\/lasatin-eshop.cz\/#\/schema\/logo\/image\/","url":"https:\/\/lasatin-eshop.cz\/wp-content\/uploads\/2023\/06\/lasatin-logo-barevne-pruhledne-pozadi.png","contentUrl":"https:\/\/lasatin-eshop.cz\/wp-content\/uploads\/2023\/06\/lasatin-logo-barevne-pruhledne-pozadi.png","width":512,"height":512,"caption":"lasatin"},"image":{"@id":"https:\/\/lasatin-eshop.cz\/#\/schema\/logo\/image\/"},"sameAs":["https:\/\/www.instagram.com\/lasatinofficial\/?hl=en"]}]}},"_links":{"self":[{"href":"https:\/\/lasatin-eshop.cz\/index.php?rest_route=\/wp\/v2\/product\/27","targetHints":{"allow":["GET"]}}],"collection":[{"href":"https:\/\/lasatin-eshop.cz\/index.php?rest_route=\/wp\/v2\/product"}],"about":[{"href":"https:\/\/lasatin-eshop.cz\/index.php?rest_route=\/wp\/v2\/types\/product"}],"replies":[{"embeddable":true,"href":"https:\/\/lasatin-eshop.cz\/index.php?rest_route=%2Fwp%2Fv2%2Fcomments&post=27"}],"wp:featuredmedia":[{"embeddable":true,"href":"https:\/\/lasatin-eshop.cz\/index.php?rest_route=\/wp\/v2\/media\/4968"}],"wp:attachment":[{"href":"https:\/\/lasatin-eshop.cz\/index.php?rest_route=%2Fwp%2Fv2%2Fmedia&parent=27"}],"wp:term":[{"taxonomy":"product_brand","embeddable":true,"href":"https:\/\/lasatin-eshop.cz\/index.php?rest_route=%2Fwp%2Fv2%2Fproduct_brand&post=27"},{"taxonomy":"product_cat","embeddable":true,"href":"https:\/\/lasatin-eshop.cz\/index.php?rest_route=%2Fwp%2Fv2%2Fproduct_cat&post=27"},{"taxonomy":"product_tag","embeddable":true,"href":"https:\/\/lasatin-eshop.cz\/index.php?rest_route=%2Fwp%2Fv2%2Fproduct_tag&post=27"}],"curies":[{"name":"wp","href":"https:\/\/api.w.org\/{rel}","templated":true}]}}