{"id":397,"date":"2023-01-27T16:05:35","date_gmt":"2023-01-27T15:05:35","guid":{"rendered":"https:\/\/localhost\/lasatin3\/?post_type=product&#038;p=397"},"modified":"2023-09-03T22:49:03","modified_gmt":"2023-09-03T20:49:03","slug":"satenove-basic-tilko-s-vystrihem-do-v","status":"publish","type":"product","link":"https:\/\/lasatin-eshop.cz\/?product=satenove-basic-tilko-s-vystrihem-do-v","title":{"rendered":"Sat\u00e9nov\u00e9 basic t\u00edlko s v\u00fdst\u0159ihem do V"},"content":{"rendered":"<p>Sat\u00e9nov\u00fd top s \u0161irok\u00fdmi ram\u00ednky a s v\u00fdst\u0159ihem do V a pln\u00fdm zadn\u00edm d\u00edlem. Zdvojen\u00e1 l\u00e1tka na poprs\u00ed. Z\u00e1kladn\u00ed kousek, kter\u00fd by nem\u011bl chyb\u011bt \u017e\u00e1dn\u00e9 \u017een\u011b. V nab\u00eddce ve 36 barv\u00e1ch.<\/p>\n<p><a href=\"https:\/\/lasatin-eshop.cz\/wp-content\/uploads\/2023\/01\/LA-SATIN-TS274-damske-tilko-se-sirokymi-raminky-BASIC.pdf\">Tabulka velikost\u00ed<\/a><\/p>\n<p>\u00dadr\u017eba: pran\u00ed ru\u010dn\u011b nebo v pra\u010dce na 30\u00b0, lze \u017eehlit<br \/>\nSlo\u017een\u00ed: 96% polyester, 4% spandex<br \/>\nGram\u00e1\u017e: 85 g\/m2<\/p>\n","protected":false},"excerpt":{"rendered":"<p>Sat\u00e9nov\u00fd top s \u0161irok\u00fdmi ram\u00ednky a s v\u00fdst\u0159ihem do V a pln\u00fdm zadn\u00edm d\u00edlem. Zdvojen\u00e1 l\u00e1tka na poprs\u00ed. Z\u00e1kladn\u00ed kousek, kter\u00fd by nem\u011bl chyb\u011bt \u017e\u00e1dn\u00e9 \u017een\u011b. V nab\u00eddce ve 36 barv\u00e1ch. Tabulka velikost\u00ed \u00dadr\u017eba: pran\u00ed ru\u010dn\u011b nebo v pra\u010dce na 30\u00b0, lze \u017eehlit Slo\u017een\u00ed: 96% polyester, 4% spandex Gram\u00e1\u017e: 85 g\/m2<\/p>\n","protected":false},"featured_media":568,"comment_status":"open","ping_status":"closed","template":"","meta":{"inline_featured_image":false,"site-sidebar-layout":"default","site-content-layout":"default","ast-global-header-display":"","ast-banner-title-visibility":"","ast-main-header-display":"","ast-hfb-above-header-display":"","ast-hfb-below-header-display":"","ast-hfb-mobile-header-display":"","site-post-title":"","ast-breadcrumbs-content":"","ast-featured-img":"","footer-sml-layout":"","theme-transparent-header-meta":"default","adv-header-id-meta":"","stick-header-meta":"","header-above-stick-meta":"","header-main-stick-meta":"","header-below-stick-meta":""},"product_brand":[],"product_cat":[24],"product_tag":[],"class_list":{"0":"post-397","1":"product","2":"type-product","3":"status-publish","4":"has-post-thumbnail","6":"product_cat-top","7":"desktop-align-left","8":"tablet-align-left","9":"mobile-align-left","11":"first","12":"instock","13":"shipping-taxable","14":"purchasable","15":"product-type-variable"},"yoast_head":"<!-- This site is optimized with the Yoast SEO plugin v25.0 - https:\/\/yoast.com\/wordpress\/plugins\/seo\/ -->\n<title>Sat\u00e9nov\u00e9 basic t\u00edlko s v\u00fdst\u0159ihem do V -<\/title>\n<meta name=\"robots\" content=\"index, follow, max-snippet:-1, max-image-preview:large, max-video-preview:-1\" \/>\n<link rel=\"canonical\" href=\"https:\/\/lasatin-eshop.cz\/?product=satenove-basic-tilko-s-vystrihem-do-v\" \/>\n<meta property=\"og:locale\" content=\"cs_CZ\" \/>\n<meta property=\"og:type\" content=\"article\" \/>\n<meta property=\"og:title\" content=\"Sat\u00e9nov\u00e9 basic t\u00edlko s v\u00fdst\u0159ihem do V -\" \/>\n<meta property=\"og:description\" content=\"Sat\u00e9nov\u00fd top s \u0161irok\u00fdmi ram\u00ednky a s v\u00fdst\u0159ihem do V a pln\u00fdm zadn\u00edm d\u00edlem. Zdvojen\u00e1 l\u00e1tka na poprs\u00ed. Z\u00e1kladn\u00ed kousek, kter\u00fd by nem\u011bl chyb\u011bt \u017e\u00e1dn\u00e9 \u017een\u011b. V nab\u00eddce ve 36 barv\u00e1ch. Tabulka velikost\u00ed \u00dadr\u017eba: pran\u00ed ru\u010dn\u011b nebo v pra\u010dce na 30\u00b0, lze \u017eehlit Slo\u017een\u00ed: 96% polyester, 4% spandex Gram\u00e1\u017e: 85 g\/m2\" \/>\n<meta property=\"og:url\" content=\"https:\/\/lasatin-eshop.cz\/?product=satenove-basic-tilko-s-vystrihem-do-v\" \/>\n<meta property=\"article:modified_time\" content=\"2023-09-03T20:49:03+00:00\" \/>\n<meta property=\"og:image\" content=\"https:\/\/lasatin-eshop.cz\/wp-content\/uploads\/2023\/01\/LaSatin_2_73-1.jpg\" \/>\n\t<meta property=\"og:image:width\" content=\"750\" \/>\n\t<meta property=\"og:image:height\" content=\"1000\" \/>\n\t<meta property=\"og:image:type\" content=\"image\/jpeg\" \/>\n<meta name=\"twitter:card\" content=\"summary_large_image\" \/>\n<meta name=\"twitter:label1\" content=\"Odhadovan\u00e1 doba \u010dten\u00ed\" \/>\n\t<meta name=\"twitter:data1\" content=\"1 minuta\" \/>\n<script type=\"application\/ld+json\" class=\"yoast-schema-graph\">{\"@context\":\"https:\/\/schema.org\",\"@graph\":[{\"@type\":\"WebPage\",\"@id\":\"https:\/\/lasatin-eshop.cz\/?product=satenove-basic-tilko-s-vystrihem-do-v\",\"url\":\"https:\/\/lasatin-eshop.cz\/?product=satenove-basic-tilko-s-vystrihem-do-v\",\"name\":\"Sat\u00e9nov\u00e9 basic t\u00edlko s v\u00fdst\u0159ihem do V -\",\"isPartOf\":{\"@id\":\"https:\/\/lasatin-eshop.cz\/#website\"},\"primaryImageOfPage\":{\"@id\":\"https:\/\/lasatin-eshop.cz\/?product=satenove-basic-tilko-s-vystrihem-do-v#primaryimage\"},\"image\":{\"@id\":\"https:\/\/lasatin-eshop.cz\/?product=satenove-basic-tilko-s-vystrihem-do-v#primaryimage\"},\"thumbnailUrl\":\"https:\/\/lasatin-eshop.cz\/wp-content\/uploads\/2023\/01\/LaSatin_2_73-1.jpg\",\"datePublished\":\"2023-01-27T15:05:35+00:00\",\"dateModified\":\"2023-09-03T20:49:03+00:00\",\"breadcrumb\":{\"@id\":\"https:\/\/lasatin-eshop.cz\/?product=satenove-basic-tilko-s-vystrihem-do-v#breadcrumb\"},\"inLanguage\":\"cs\",\"potentialAction\":[{\"@type\":\"ReadAction\",\"target\":[\"https:\/\/lasatin-eshop.cz\/?product=satenove-basic-tilko-s-vystrihem-do-v\"]}]},{\"@type\":\"ImageObject\",\"inLanguage\":\"cs\",\"@id\":\"https:\/\/lasatin-eshop.cz\/?product=satenove-basic-tilko-s-vystrihem-do-v#primaryimage\",\"url\":\"https:\/\/lasatin-eshop.cz\/wp-content\/uploads\/2023\/01\/LaSatin_2_73-1.jpg\",\"contentUrl\":\"https:\/\/lasatin-eshop.cz\/wp-content\/uploads\/2023\/01\/LaSatin_2_73-1.jpg\",\"width\":750,\"height\":1000},{\"@type\":\"BreadcrumbList\",\"@id\":\"https:\/\/lasatin-eshop.cz\/?product=satenove-basic-tilko-s-vystrihem-do-v#breadcrumb\",\"itemListElement\":[{\"@type\":\"ListItem\",\"position\":1,\"name\":\"Dom\u016f\",\"item\":\"https:\/\/lasatin-eshop.cz\/\"},{\"@type\":\"ListItem\",\"position\":2,\"name\":\"Obchod\",\"item\":\"https:\/\/lasatin-eshop.cz\/?page_id=6\"},{\"@type\":\"ListItem\",\"position\":3,\"name\":\"Sat\u00e9nov\u00e9 basic t\u00edlko s v\u00fdst\u0159ihem do V\"}]},{\"@type\":\"WebSite\",\"@id\":\"https:\/\/lasatin-eshop.cz\/#website\",\"url\":\"https:\/\/lasatin-eshop.cz\/\",\"name\":\"Lasatin\",\"description\":\"Produkty vyr\u00e1b\u011bn\u00e9 s l\u00e1skou a ohledem k p\u0159\u00edrod\u011b z luxusn\u00edho a udr\u017eiteln\u00e9ho sat\u00e9nu - Armani hedv\u00e1b\u00ed.\",\"publisher\":{\"@id\":\"https:\/\/lasatin-eshop.cz\/#organization\"},\"potentialAction\":[{\"@type\":\"SearchAction\",\"target\":{\"@type\":\"EntryPoint\",\"urlTemplate\":\"https:\/\/lasatin-eshop.cz\/?s={search_term_string}\"},\"query-input\":{\"@type\":\"PropertyValueSpecification\",\"valueRequired\":true,\"valueName\":\"search_term_string\"}}],\"inLanguage\":\"cs\"},{\"@type\":\"Organization\",\"@id\":\"https:\/\/lasatin-eshop.cz\/#organization\",\"name\":\"lasatin\",\"url\":\"https:\/\/lasatin-eshop.cz\/\",\"logo\":{\"@type\":\"ImageObject\",\"inLanguage\":\"cs\",\"@id\":\"https:\/\/lasatin-eshop.cz\/#\/schema\/logo\/image\/\",\"url\":\"https:\/\/lasatin-eshop.cz\/wp-content\/uploads\/2023\/06\/lasatin-logo-barevne-pruhledne-pozadi.png\",\"contentUrl\":\"https:\/\/lasatin-eshop.cz\/wp-content\/uploads\/2023\/06\/lasatin-logo-barevne-pruhledne-pozadi.png\",\"width\":512,\"height\":512,\"caption\":\"lasatin\"},\"image\":{\"@id\":\"https:\/\/lasatin-eshop.cz\/#\/schema\/logo\/image\/\"},\"sameAs\":[\"https:\/\/www.instagram.com\/lasatinofficial\/?hl=en\"]}]}<\/script>\n<!-- \/ Yoast SEO plugin. -->","yoast_head_json":{"title":"Sat\u00e9nov\u00e9 basic t\u00edlko s v\u00fdst\u0159ihem do V -","robots":{"index":"index","follow":"follow","max-snippet":"max-snippet:-1","max-image-preview":"max-image-preview:large","max-video-preview":"max-video-preview:-1"},"canonical":"https:\/\/lasatin-eshop.cz\/?product=satenove-basic-tilko-s-vystrihem-do-v","og_locale":"cs_CZ","og_type":"article","og_title":"Sat\u00e9nov\u00e9 basic t\u00edlko s v\u00fdst\u0159ihem do V -","og_description":"Sat\u00e9nov\u00fd top s \u0161irok\u00fdmi ram\u00ednky a s v\u00fdst\u0159ihem do V a pln\u00fdm zadn\u00edm d\u00edlem. Zdvojen\u00e1 l\u00e1tka na poprs\u00ed. Z\u00e1kladn\u00ed kousek, kter\u00fd by nem\u011bl chyb\u011bt \u017e\u00e1dn\u00e9 \u017een\u011b. V nab\u00eddce ve 36 barv\u00e1ch. Tabulka velikost\u00ed \u00dadr\u017eba: pran\u00ed ru\u010dn\u011b nebo v pra\u010dce na 30\u00b0, lze \u017eehlit Slo\u017een\u00ed: 96% polyester, 4% spandex Gram\u00e1\u017e: 85 g\/m2","og_url":"https:\/\/lasatin-eshop.cz\/?product=satenove-basic-tilko-s-vystrihem-do-v","article_modified_time":"2023-09-03T20:49:03+00:00","og_image":[{"width":750,"height":1000,"url":"https:\/\/lasatin-eshop.cz\/wp-content\/uploads\/2023\/01\/LaSatin_2_73-1.jpg","type":"image\/jpeg"}],"twitter_card":"summary_large_image","twitter_misc":{"Odhadovan\u00e1 doba \u010dten\u00ed":"1 minuta"},"schema":{"@context":"https:\/\/schema.org","@graph":[{"@type":"WebPage","@id":"https:\/\/lasatin-eshop.cz\/?product=satenove-basic-tilko-s-vystrihem-do-v","url":"https:\/\/lasatin-eshop.cz\/?product=satenove-basic-tilko-s-vystrihem-do-v","name":"Sat\u00e9nov\u00e9 basic t\u00edlko s v\u00fdst\u0159ihem do V -","isPartOf":{"@id":"https:\/\/lasatin-eshop.cz\/#website"},"primaryImageOfPage":{"@id":"https:\/\/lasatin-eshop.cz\/?product=satenove-basic-tilko-s-vystrihem-do-v#primaryimage"},"image":{"@id":"https:\/\/lasatin-eshop.cz\/?product=satenove-basic-tilko-s-vystrihem-do-v#primaryimage"},"thumbnailUrl":"https:\/\/lasatin-eshop.cz\/wp-content\/uploads\/2023\/01\/LaSatin_2_73-1.jpg","datePublished":"2023-01-27T15:05:35+00:00","dateModified":"2023-09-03T20:49:03+00:00","breadcrumb":{"@id":"https:\/\/lasatin-eshop.cz\/?product=satenove-basic-tilko-s-vystrihem-do-v#breadcrumb"},"inLanguage":"cs","potentialAction":[{"@type":"ReadAction","target":["https:\/\/lasatin-eshop.cz\/?product=satenove-basic-tilko-s-vystrihem-do-v"]}]},{"@type":"ImageObject","inLanguage":"cs","@id":"https:\/\/lasatin-eshop.cz\/?product=satenove-basic-tilko-s-vystrihem-do-v#primaryimage","url":"https:\/\/lasatin-eshop.cz\/wp-content\/uploads\/2023\/01\/LaSatin_2_73-1.jpg","contentUrl":"https:\/\/lasatin-eshop.cz\/wp-content\/uploads\/2023\/01\/LaSatin_2_73-1.jpg","width":750,"height":1000},{"@type":"BreadcrumbList","@id":"https:\/\/lasatin-eshop.cz\/?product=satenove-basic-tilko-s-vystrihem-do-v#breadcrumb","itemListElement":[{"@type":"ListItem","position":1,"name":"Dom\u016f","item":"https:\/\/lasatin-eshop.cz\/"},{"@type":"ListItem","position":2,"name":"Obchod","item":"https:\/\/lasatin-eshop.cz\/?page_id=6"},{"@type":"ListItem","position":3,"name":"Sat\u00e9nov\u00e9 basic t\u00edlko s v\u00fdst\u0159ihem do V"}]},{"@type":"WebSite","@id":"https:\/\/lasatin-eshop.cz\/#website","url":"https:\/\/lasatin-eshop.cz\/","name":"Lasatin","description":"Produkty vyr\u00e1b\u011bn\u00e9 s l\u00e1skou a ohledem k p\u0159\u00edrod\u011b z luxusn\u00edho a udr\u017eiteln\u00e9ho sat\u00e9nu - Armani hedv\u00e1b\u00ed.","publisher":{"@id":"https:\/\/lasatin-eshop.cz\/#organization"},"potentialAction":[{"@type":"SearchAction","target":{"@type":"EntryPoint","urlTemplate":"https:\/\/lasatin-eshop.cz\/?s={search_term_string}"},"query-input":{"@type":"PropertyValueSpecification","valueRequired":true,"valueName":"search_term_string"}}],"inLanguage":"cs"},{"@type":"Organization","@id":"https:\/\/lasatin-eshop.cz\/#organization","name":"lasatin","url":"https:\/\/lasatin-eshop.cz\/","logo":{"@type":"ImageObject","inLanguage":"cs","@id":"https:\/\/lasatin-eshop.cz\/#\/schema\/logo\/image\/","url":"https:\/\/lasatin-eshop.cz\/wp-content\/uploads\/2023\/06\/lasatin-logo-barevne-pruhledne-pozadi.png","contentUrl":"https:\/\/lasatin-eshop.cz\/wp-content\/uploads\/2023\/06\/lasatin-logo-barevne-pruhledne-pozadi.png","width":512,"height":512,"caption":"lasatin"},"image":{"@id":"https:\/\/lasatin-eshop.cz\/#\/schema\/logo\/image\/"},"sameAs":["https:\/\/www.instagram.com\/lasatinofficial\/?hl=en"]}]}},"_links":{"self":[{"href":"https:\/\/lasatin-eshop.cz\/index.php?rest_route=\/wp\/v2\/product\/397","targetHints":{"allow":["GET"]}}],"collection":[{"href":"https:\/\/lasatin-eshop.cz\/index.php?rest_route=\/wp\/v2\/product"}],"about":[{"href":"https:\/\/lasatin-eshop.cz\/index.php?rest_route=\/wp\/v2\/types\/product"}],"replies":[{"embeddable":true,"href":"https:\/\/lasatin-eshop.cz\/index.php?rest_route=%2Fwp%2Fv2%2Fcomments&post=397"}],"wp:featuredmedia":[{"embeddable":true,"href":"https:\/\/lasatin-eshop.cz\/index.php?rest_route=\/wp\/v2\/media\/568"}],"wp:attachment":[{"href":"https:\/\/lasatin-eshop.cz\/index.php?rest_route=%2Fwp%2Fv2%2Fmedia&parent=397"}],"wp:term":[{"taxonomy":"product_brand","embeddable":true,"href":"https:\/\/lasatin-eshop.cz\/index.php?rest_route=%2Fwp%2Fv2%2Fproduct_brand&post=397"},{"taxonomy":"product_cat","embeddable":true,"href":"https:\/\/lasatin-eshop.cz\/index.php?rest_route=%2Fwp%2Fv2%2Fproduct_cat&post=397"},{"taxonomy":"product_tag","embeddable":true,"href":"https:\/\/lasatin-eshop.cz\/index.php?rest_route=%2Fwp%2Fv2%2Fproduct_tag&post=397"}],"curies":[{"name":"wp","href":"https:\/\/api.w.org\/{rel}","templated":true}]}}