{"id":398,"date":"2023-01-27T16:08:24","date_gmt":"2023-01-27T15:08:24","guid":{"rendered":"https:\/\/localhost\/lasatin3\/?post_type=product&#038;p=398"},"modified":"2024-03-06T09:24:24","modified_gmt":"2024-03-06T08:24:24","slug":"satenove-saty-flow","status":"publish","type":"product","link":"https:\/\/lasatin-eshop.cz\/?product=satenove-saty-flow","title":{"rendered":"Sat\u00e9nov\u00e9 \u0161aty flow"},"content":{"rendered":"<p>Flow \u0161aty, jak u\u017e jejich n\u00e1zev napov\u00edd\u00e1 jsou vzdu\u0161n\u00e9 a lehk\u00e9 jako v\u00e1nek. Sexy a rafinovan\u00e9 v maxi d\u00e9lce na zem. S hlubok\u00fdm z\u00e1dov\u00fdm v\u00fdst\u0159ihem na kovov\u00e1 posuvn\u00e1 ram\u00ednka, s komponenty ve st\u0159\u00edbrn\u00e9 a zlat\u00e9 barv\u011b. Vyu\u017eijte na gala ve\u010der, na party i do beach clubu, dovolte si b\u00fdt oslniv\u00e1 a nep\u0159ehl\u00e9dnuteln\u00e1. \u0160aty jsou u\u0161it\u00e9 z hedv\u00e1bn\u011b jemn\u00e9ho sat\u00e9nu s elastanem &#8211; armani hedv\u00e1b\u00ed z Dubaje. Ve 36ti barv\u00e1ch a UNI velikosti.<\/p>\n<p><a href=\"https:\/\/lasatin-eshop.cz\/wp-content\/uploads\/2023\/01\/LA-SATIN-D345-FLOW-damske-saty-s-podsivkou-1-1.pdf\">Tabulka velikost\u00ed<\/a><\/p>\n<p>\u00dadr\u017eba: pran\u00ed ru\u010dn\u011b nebo v pra\u010dce na 30\u00b0, lze \u017eehlit<br \/>\nSlo\u017een\u00ed: 96% polyester, 4% spandex<br \/>\nGram\u00e1\u017e: 85 g\/m2<\/p>\n<div style=\"width: 480px;\" class=\"wp-video\"><video class=\"wp-video-shortcode\" id=\"video-398-1\" width=\"480\" height=\"848\" preload=\"metadata\" controls=\"controls\"><source type=\"video\/mp4\" src=\"https:\/\/lasatin-eshop.cz\/wp-content\/uploads\/2023\/01\/Video-WhatsApp-2023-09-03-v-22.52.53.mp4?_=1\" \/><a href=\"https:\/\/lasatin-eshop.cz\/wp-content\/uploads\/2023\/01\/Video-WhatsApp-2023-09-03-v-22.52.53.mp4\">https:\/\/lasatin-eshop.cz\/wp-content\/uploads\/2023\/01\/Video-WhatsApp-2023-09-03-v-22.52.53.mp4<\/a><\/video><\/div>\n<p>&nbsp;<\/p>\n<p>&nbsp;<\/p>\n","protected":false},"excerpt":{"rendered":"<p>Flow \u0161aty, jak u\u017e jejich n\u00e1zev napov\u00edd\u00e1 jsou vzdu\u0161n\u00e9 a lehk\u00e9 jako v\u00e1nek. Sexy a rafinovan\u00e9 v maxi d\u00e9lce na zem. S hlubok\u00fdm z\u00e1dov\u00fdm v\u00fdst\u0159ihem na kovov\u00e1 posuvn\u00e1 ram\u00ednka, s komponenty ve st\u0159\u00edbrn\u00e9 a zlat\u00e9 barv\u011b. Vyu\u017eijte na gala ve\u010der, na party i do beach clubu, dovolte si b\u00fdt oslniv\u00e1 a nep\u0159ehl\u00e9dnuteln\u00e1. \u0160aty jsou u\u0161it\u00e9 &hellip;<\/p>\n<p class=\"read-more\"> <a class=\"\" href=\"https:\/\/lasatin-eshop.cz\/?product=satenove-saty-flow\"> <span class=\"screen-reader-text\">Sat\u00e9nov\u00e9 \u0161aty flow<\/span> Pokra\u010dovat ve \u010dten\u00ed &raquo;<\/a><\/p>\n","protected":false},"featured_media":766,"comment_status":"open","ping_status":"closed","template":"","meta":{"inline_featured_image":false,"site-sidebar-layout":"default","site-content-layout":"default","ast-global-header-display":"","ast-banner-title-visibility":"","ast-main-header-display":"","ast-hfb-above-header-display":"","ast-hfb-below-header-display":"","ast-hfb-mobile-header-display":"","site-post-title":"","ast-breadcrumbs-content":"","ast-featured-img":"","footer-sml-layout":"","theme-transparent-header-meta":"default","adv-header-id-meta":"","stick-header-meta":"","header-above-stick-meta":"","header-main-stick-meta":"","header-below-stick-meta":""},"product_brand":[],"product_cat":[22],"product_tag":[],"class_list":{"0":"post-398","1":"product","2":"type-product","3":"status-publish","4":"has-post-thumbnail","6":"product_cat-saty","7":"desktop-align-left","8":"tablet-align-left","9":"mobile-align-left","11":"first","12":"instock","13":"shipping-taxable","14":"purchasable","15":"product-type-variable"},"yoast_head":"<!-- This site is optimized with the Yoast SEO plugin v25.0 - https:\/\/yoast.com\/wordpress\/plugins\/seo\/ -->\n<title>Sat\u00e9nov\u00e9 \u0161aty flow -<\/title>\n<meta name=\"robots\" content=\"index, follow, max-snippet:-1, max-image-preview:large, max-video-preview:-1\" \/>\n<link rel=\"canonical\" href=\"https:\/\/lasatin-eshop.cz\/?product=satenove-saty-flow\" \/>\n<meta property=\"og:locale\" content=\"cs_CZ\" \/>\n<meta property=\"og:type\" content=\"article\" \/>\n<meta property=\"og:title\" content=\"Sat\u00e9nov\u00e9 \u0161aty flow -\" \/>\n<meta property=\"og:description\" content=\"Flow \u0161aty, jak u\u017e jejich n\u00e1zev napov\u00edd\u00e1 jsou vzdu\u0161n\u00e9 a lehk\u00e9 jako v\u00e1nek. Sexy a rafinovan\u00e9 v maxi d\u00e9lce na zem. S hlubok\u00fdm z\u00e1dov\u00fdm v\u00fdst\u0159ihem na kovov\u00e1 posuvn\u00e1 ram\u00ednka, s komponenty ve st\u0159\u00edbrn\u00e9 a zlat\u00e9 barv\u011b. Vyu\u017eijte na gala ve\u010der, na party i do beach clubu, dovolte si b\u00fdt oslniv\u00e1 a nep\u0159ehl\u00e9dnuteln\u00e1. \u0160aty jsou u\u0161it\u00e9 &hellip; Sat\u00e9nov\u00e9 \u0161aty flow Pokra\u010dovat ve \u010dten\u00ed &raquo;\" \/>\n<meta property=\"og:url\" content=\"https:\/\/lasatin-eshop.cz\/?product=satenove-saty-flow\" \/>\n<meta property=\"article:modified_time\" content=\"2024-03-06T08:24:24+00:00\" \/>\n<meta property=\"og:image\" content=\"https:\/\/lasatin-eshop.cz\/wp-content\/uploads\/2023\/01\/1-1.jpg\" \/>\n\t<meta property=\"og:image:width\" content=\"384\" \/>\n\t<meta property=\"og:image:height\" content=\"512\" \/>\n\t<meta property=\"og:image:type\" content=\"image\/jpeg\" \/>\n<meta name=\"twitter:card\" content=\"summary_large_image\" \/>\n<meta name=\"twitter:label1\" content=\"Odhadovan\u00e1 doba \u010dten\u00ed\" \/>\n\t<meta name=\"twitter:data1\" content=\"1 minuta\" \/>\n<script type=\"application\/ld+json\" class=\"yoast-schema-graph\">{\"@context\":\"https:\/\/schema.org\",\"@graph\":[{\"@type\":\"WebPage\",\"@id\":\"https:\/\/lasatin-eshop.cz\/?product=satenove-saty-flow\",\"url\":\"https:\/\/lasatin-eshop.cz\/?product=satenove-saty-flow\",\"name\":\"Sat\u00e9nov\u00e9 \u0161aty flow -\",\"isPartOf\":{\"@id\":\"https:\/\/lasatin-eshop.cz\/#website\"},\"primaryImageOfPage\":{\"@id\":\"https:\/\/lasatin-eshop.cz\/?product=satenove-saty-flow#primaryimage\"},\"image\":{\"@id\":\"https:\/\/lasatin-eshop.cz\/?product=satenove-saty-flow#primaryimage\"},\"thumbnailUrl\":\"https:\/\/lasatin-eshop.cz\/wp-content\/uploads\/2023\/01\/1-1.jpg\",\"datePublished\":\"2023-01-27T15:08:24+00:00\",\"dateModified\":\"2024-03-06T08:24:24+00:00\",\"breadcrumb\":{\"@id\":\"https:\/\/lasatin-eshop.cz\/?product=satenove-saty-flow#breadcrumb\"},\"inLanguage\":\"cs\",\"potentialAction\":[{\"@type\":\"ReadAction\",\"target\":[\"https:\/\/lasatin-eshop.cz\/?product=satenove-saty-flow\"]}]},{\"@type\":\"ImageObject\",\"inLanguage\":\"cs\",\"@id\":\"https:\/\/lasatin-eshop.cz\/?product=satenove-saty-flow#primaryimage\",\"url\":\"https:\/\/lasatin-eshop.cz\/wp-content\/uploads\/2023\/01\/1-1.jpg\",\"contentUrl\":\"https:\/\/lasatin-eshop.cz\/wp-content\/uploads\/2023\/01\/1-1.jpg\",\"width\":384,\"height\":512,\"caption\":\"Lasatin flow \u0161aty\"},{\"@type\":\"BreadcrumbList\",\"@id\":\"https:\/\/lasatin-eshop.cz\/?product=satenove-saty-flow#breadcrumb\",\"itemListElement\":[{\"@type\":\"ListItem\",\"position\":1,\"name\":\"Dom\u016f\",\"item\":\"https:\/\/lasatin-eshop.cz\/\"},{\"@type\":\"ListItem\",\"position\":2,\"name\":\"Obchod\",\"item\":\"https:\/\/lasatin-eshop.cz\/?page_id=6\"},{\"@type\":\"ListItem\",\"position\":3,\"name\":\"Sat\u00e9nov\u00e9 \u0161aty flow\"}]},{\"@type\":\"WebSite\",\"@id\":\"https:\/\/lasatin-eshop.cz\/#website\",\"url\":\"https:\/\/lasatin-eshop.cz\/\",\"name\":\"Lasatin\",\"description\":\"Produkty vyr\u00e1b\u011bn\u00e9 s l\u00e1skou a ohledem k p\u0159\u00edrod\u011b z luxusn\u00edho a udr\u017eiteln\u00e9ho sat\u00e9nu - Armani hedv\u00e1b\u00ed.\",\"publisher\":{\"@id\":\"https:\/\/lasatin-eshop.cz\/#organization\"},\"potentialAction\":[{\"@type\":\"SearchAction\",\"target\":{\"@type\":\"EntryPoint\",\"urlTemplate\":\"https:\/\/lasatin-eshop.cz\/?s={search_term_string}\"},\"query-input\":{\"@type\":\"PropertyValueSpecification\",\"valueRequired\":true,\"valueName\":\"search_term_string\"}}],\"inLanguage\":\"cs\"},{\"@type\":\"Organization\",\"@id\":\"https:\/\/lasatin-eshop.cz\/#organization\",\"name\":\"lasatin\",\"url\":\"https:\/\/lasatin-eshop.cz\/\",\"logo\":{\"@type\":\"ImageObject\",\"inLanguage\":\"cs\",\"@id\":\"https:\/\/lasatin-eshop.cz\/#\/schema\/logo\/image\/\",\"url\":\"https:\/\/lasatin-eshop.cz\/wp-content\/uploads\/2023\/06\/lasatin-logo-barevne-pruhledne-pozadi.png\",\"contentUrl\":\"https:\/\/lasatin-eshop.cz\/wp-content\/uploads\/2023\/06\/lasatin-logo-barevne-pruhledne-pozadi.png\",\"width\":512,\"height\":512,\"caption\":\"lasatin\"},\"image\":{\"@id\":\"https:\/\/lasatin-eshop.cz\/#\/schema\/logo\/image\/\"},\"sameAs\":[\"https:\/\/www.instagram.com\/lasatinofficial\/?hl=en\"]}]}<\/script>\n<!-- \/ Yoast SEO plugin. -->","yoast_head_json":{"title":"Sat\u00e9nov\u00e9 \u0161aty flow -","robots":{"index":"index","follow":"follow","max-snippet":"max-snippet:-1","max-image-preview":"max-image-preview:large","max-video-preview":"max-video-preview:-1"},"canonical":"https:\/\/lasatin-eshop.cz\/?product=satenove-saty-flow","og_locale":"cs_CZ","og_type":"article","og_title":"Sat\u00e9nov\u00e9 \u0161aty flow -","og_description":"Flow \u0161aty, jak u\u017e jejich n\u00e1zev napov\u00edd\u00e1 jsou vzdu\u0161n\u00e9 a lehk\u00e9 jako v\u00e1nek. Sexy a rafinovan\u00e9 v maxi d\u00e9lce na zem. S hlubok\u00fdm z\u00e1dov\u00fdm v\u00fdst\u0159ihem na kovov\u00e1 posuvn\u00e1 ram\u00ednka, s komponenty ve st\u0159\u00edbrn\u00e9 a zlat\u00e9 barv\u011b. Vyu\u017eijte na gala ve\u010der, na party i do beach clubu, dovolte si b\u00fdt oslniv\u00e1 a nep\u0159ehl\u00e9dnuteln\u00e1. \u0160aty jsou u\u0161it\u00e9 &hellip; Sat\u00e9nov\u00e9 \u0161aty flow Pokra\u010dovat ve \u010dten\u00ed &raquo;","og_url":"https:\/\/lasatin-eshop.cz\/?product=satenove-saty-flow","article_modified_time":"2024-03-06T08:24:24+00:00","og_image":[{"width":384,"height":512,"url":"https:\/\/lasatin-eshop.cz\/wp-content\/uploads\/2023\/01\/1-1.jpg","type":"image\/jpeg"}],"twitter_card":"summary_large_image","twitter_misc":{"Odhadovan\u00e1 doba \u010dten\u00ed":"1 minuta"},"schema":{"@context":"https:\/\/schema.org","@graph":[{"@type":"WebPage","@id":"https:\/\/lasatin-eshop.cz\/?product=satenove-saty-flow","url":"https:\/\/lasatin-eshop.cz\/?product=satenove-saty-flow","name":"Sat\u00e9nov\u00e9 \u0161aty flow -","isPartOf":{"@id":"https:\/\/lasatin-eshop.cz\/#website"},"primaryImageOfPage":{"@id":"https:\/\/lasatin-eshop.cz\/?product=satenove-saty-flow#primaryimage"},"image":{"@id":"https:\/\/lasatin-eshop.cz\/?product=satenove-saty-flow#primaryimage"},"thumbnailUrl":"https:\/\/lasatin-eshop.cz\/wp-content\/uploads\/2023\/01\/1-1.jpg","datePublished":"2023-01-27T15:08:24+00:00","dateModified":"2024-03-06T08:24:24+00:00","breadcrumb":{"@id":"https:\/\/lasatin-eshop.cz\/?product=satenove-saty-flow#breadcrumb"},"inLanguage":"cs","potentialAction":[{"@type":"ReadAction","target":["https:\/\/lasatin-eshop.cz\/?product=satenove-saty-flow"]}]},{"@type":"ImageObject","inLanguage":"cs","@id":"https:\/\/lasatin-eshop.cz\/?product=satenove-saty-flow#primaryimage","url":"https:\/\/lasatin-eshop.cz\/wp-content\/uploads\/2023\/01\/1-1.jpg","contentUrl":"https:\/\/lasatin-eshop.cz\/wp-content\/uploads\/2023\/01\/1-1.jpg","width":384,"height":512,"caption":"Lasatin flow \u0161aty"},{"@type":"BreadcrumbList","@id":"https:\/\/lasatin-eshop.cz\/?product=satenove-saty-flow#breadcrumb","itemListElement":[{"@type":"ListItem","position":1,"name":"Dom\u016f","item":"https:\/\/lasatin-eshop.cz\/"},{"@type":"ListItem","position":2,"name":"Obchod","item":"https:\/\/lasatin-eshop.cz\/?page_id=6"},{"@type":"ListItem","position":3,"name":"Sat\u00e9nov\u00e9 \u0161aty flow"}]},{"@type":"WebSite","@id":"https:\/\/lasatin-eshop.cz\/#website","url":"https:\/\/lasatin-eshop.cz\/","name":"Lasatin","description":"Produkty vyr\u00e1b\u011bn\u00e9 s l\u00e1skou a ohledem k p\u0159\u00edrod\u011b z luxusn\u00edho a udr\u017eiteln\u00e9ho sat\u00e9nu - Armani hedv\u00e1b\u00ed.","publisher":{"@id":"https:\/\/lasatin-eshop.cz\/#organization"},"potentialAction":[{"@type":"SearchAction","target":{"@type":"EntryPoint","urlTemplate":"https:\/\/lasatin-eshop.cz\/?s={search_term_string}"},"query-input":{"@type":"PropertyValueSpecification","valueRequired":true,"valueName":"search_term_string"}}],"inLanguage":"cs"},{"@type":"Organization","@id":"https:\/\/lasatin-eshop.cz\/#organization","name":"lasatin","url":"https:\/\/lasatin-eshop.cz\/","logo":{"@type":"ImageObject","inLanguage":"cs","@id":"https:\/\/lasatin-eshop.cz\/#\/schema\/logo\/image\/","url":"https:\/\/lasatin-eshop.cz\/wp-content\/uploads\/2023\/06\/lasatin-logo-barevne-pruhledne-pozadi.png","contentUrl":"https:\/\/lasatin-eshop.cz\/wp-content\/uploads\/2023\/06\/lasatin-logo-barevne-pruhledne-pozadi.png","width":512,"height":512,"caption":"lasatin"},"image":{"@id":"https:\/\/lasatin-eshop.cz\/#\/schema\/logo\/image\/"},"sameAs":["https:\/\/www.instagram.com\/lasatinofficial\/?hl=en"]}]}},"_links":{"self":[{"href":"https:\/\/lasatin-eshop.cz\/index.php?rest_route=\/wp\/v2\/product\/398","targetHints":{"allow":["GET"]}}],"collection":[{"href":"https:\/\/lasatin-eshop.cz\/index.php?rest_route=\/wp\/v2\/product"}],"about":[{"href":"https:\/\/lasatin-eshop.cz\/index.php?rest_route=\/wp\/v2\/types\/product"}],"replies":[{"embeddable":true,"href":"https:\/\/lasatin-eshop.cz\/index.php?rest_route=%2Fwp%2Fv2%2Fcomments&post=398"}],"wp:featuredmedia":[{"embeddable":true,"href":"https:\/\/lasatin-eshop.cz\/index.php?rest_route=\/wp\/v2\/media\/766"}],"wp:attachment":[{"href":"https:\/\/lasatin-eshop.cz\/index.php?rest_route=%2Fwp%2Fv2%2Fmedia&parent=398"}],"wp:term":[{"taxonomy":"product_brand","embeddable":true,"href":"https:\/\/lasatin-eshop.cz\/index.php?rest_route=%2Fwp%2Fv2%2Fproduct_brand&post=398"},{"taxonomy":"product_cat","embeddable":true,"href":"https:\/\/lasatin-eshop.cz\/index.php?rest_route=%2Fwp%2Fv2%2Fproduct_cat&post=398"},{"taxonomy":"product_tag","embeddable":true,"href":"https:\/\/lasatin-eshop.cz\/index.php?rest_route=%2Fwp%2Fv2%2Fproduct_tag&post=398"}],"curies":[{"name":"wp","href":"https:\/\/api.w.org\/{rel}","templated":true}]}}