{"id":402,"date":"2023-01-27T16:17:23","date_gmt":"2023-01-27T15:17:23","guid":{"rendered":"https:\/\/localhost\/lasatin3\/?post_type=product&#038;p=402"},"modified":"2025-05-21T14:58:12","modified_gmt":"2025-05-21T12:58:12","slug":"vesta-classic","status":"publish","type":"product","link":"https:\/\/lasatin-eshop.cz\/?product=vesta-classic","title":{"rendered":"Vesta Classic"},"content":{"rendered":"<p>Classic vesta si najde m\u00edsto ve va\u0161em \u0161atn\u00edku \ud83e\udd0d do pr\u00e1ce, na ve\u010de\u0159i, ke kalhot\u00e1m, k sukni, tady jsou v\u0161echny kombinace povolen\u00e9<\/p>\n<p><a href=\"https:\/\/lasatin-eshop.cz\/wp-content\/uploads\/2023\/07\/LA-SATIN-W328B-damska-vesta.xlsx\" target=\"_blank\" rel=\"noopener\">Tabulka velikost\u00ed<\/a><\/p>\n<div style=\"width: 480px;\" class=\"wp-video\"><video class=\"wp-video-shortcode\" id=\"video-402-1\" width=\"480\" height=\"848\" preload=\"metadata\" controls=\"controls\"><source type=\"video\/mp4\" src=\"https:\/\/lasatin-eshop.cz\/wp-content\/uploads\/2023\/01\/Video-WhatsApp-2023-09-14-v-11.03.00.mp4?_=1\" \/><a href=\"https:\/\/lasatin-eshop.cz\/wp-content\/uploads\/2023\/01\/Video-WhatsApp-2023-09-14-v-11.03.00.mp4\">https:\/\/lasatin-eshop.cz\/wp-content\/uploads\/2023\/01\/Video-WhatsApp-2023-09-14-v-11.03.00.mp4<\/a><\/video><\/div>\n","protected":false},"excerpt":{"rendered":"<p>Classic vesta si najde m\u00edsto ve va\u0161em \u0161atn\u00edku \ud83e\udd0d do pr\u00e1ce, na ve\u010de\u0159i, ke kalhot\u00e1m, k sukni, tady jsou v\u0161echny kombinace povolen\u00e9 Tabulka velikost\u00ed<\/p>\n","protected":false},"featured_media":4978,"comment_status":"open","ping_status":"closed","template":"","meta":{"inline_featured_image":false,"site-sidebar-layout":"default","site-content-layout":"default","ast-global-header-display":"","ast-banner-title-visibility":"","ast-main-header-display":"","ast-hfb-above-header-display":"","ast-hfb-below-header-display":"","ast-hfb-mobile-header-display":"","site-post-title":"","ast-breadcrumbs-content":"","ast-featured-img":"","footer-sml-layout":"","theme-transparent-header-meta":"default","adv-header-id-meta":"","stick-header-meta":"","header-above-stick-meta":"","header-main-stick-meta":"","header-below-stick-meta":""},"product_brand":[],"product_cat":[66],"product_tag":[],"class_list":{"0":"post-402","1":"product","2":"type-product","3":"status-publish","4":"has-post-thumbnail","6":"product_cat-vesta","7":"desktop-align-left","8":"tablet-align-left","9":"mobile-align-left","11":"first","12":"instock","13":"shipping-taxable","14":"purchasable","15":"product-type-variable"},"yoast_head":"<!-- This site is optimized with the Yoast SEO plugin v25.0 - https:\/\/yoast.com\/wordpress\/plugins\/seo\/ -->\n<title>Vesta Classic -<\/title>\n<meta name=\"robots\" content=\"index, follow, max-snippet:-1, max-image-preview:large, max-video-preview:-1\" \/>\n<link rel=\"canonical\" href=\"https:\/\/lasatin-eshop.cz\/?product=vesta-classic\" \/>\n<meta property=\"og:locale\" content=\"cs_CZ\" \/>\n<meta property=\"og:type\" content=\"article\" \/>\n<meta property=\"og:title\" content=\"Vesta Classic -\" \/>\n<meta property=\"og:description\" content=\"Classic vesta si najde m\u00edsto ve va\u0161em \u0161atn\u00edku \ud83e\udd0d do pr\u00e1ce, na ve\u010de\u0159i, ke kalhot\u00e1m, k sukni, tady jsou v\u0161echny kombinace povolen\u00e9 Tabulka velikost\u00ed\" \/>\n<meta property=\"og:url\" content=\"https:\/\/lasatin-eshop.cz\/?product=vesta-classic\" \/>\n<meta property=\"article:modified_time\" content=\"2025-05-21T12:58:12+00:00\" \/>\n<meta property=\"og:image\" content=\"https:\/\/lasatin-eshop.cz\/wp-content\/uploads\/2023\/01\/IMG-7986.jpg\" \/>\n\t<meta property=\"og:image:width\" content=\"1000\" \/>\n\t<meta property=\"og:image:height\" content=\"1499\" \/>\n\t<meta property=\"og:image:type\" content=\"image\/jpeg\" \/>\n<meta name=\"twitter:card\" content=\"summary_large_image\" \/>\n<meta name=\"twitter:label1\" content=\"Odhadovan\u00e1 doba \u010dten\u00ed\" \/>\n\t<meta name=\"twitter:data1\" content=\"1 minuta\" \/>\n<script type=\"application\/ld+json\" class=\"yoast-schema-graph\">{\"@context\":\"https:\/\/schema.org\",\"@graph\":[{\"@type\":\"WebPage\",\"@id\":\"https:\/\/lasatin-eshop.cz\/?product=vesta-classic\",\"url\":\"https:\/\/lasatin-eshop.cz\/?product=vesta-classic\",\"name\":\"Vesta Classic -\",\"isPartOf\":{\"@id\":\"https:\/\/lasatin-eshop.cz\/#website\"},\"primaryImageOfPage\":{\"@id\":\"https:\/\/lasatin-eshop.cz\/?product=vesta-classic#primaryimage\"},\"image\":{\"@id\":\"https:\/\/lasatin-eshop.cz\/?product=vesta-classic#primaryimage\"},\"thumbnailUrl\":\"https:\/\/lasatin-eshop.cz\/wp-content\/uploads\/2023\/01\/IMG-7986.jpg\",\"datePublished\":\"2023-01-27T15:17:23+00:00\",\"dateModified\":\"2025-05-21T12:58:12+00:00\",\"breadcrumb\":{\"@id\":\"https:\/\/lasatin-eshop.cz\/?product=vesta-classic#breadcrumb\"},\"inLanguage\":\"cs\",\"potentialAction\":[{\"@type\":\"ReadAction\",\"target\":[\"https:\/\/lasatin-eshop.cz\/?product=vesta-classic\"]}]},{\"@type\":\"ImageObject\",\"inLanguage\":\"cs\",\"@id\":\"https:\/\/lasatin-eshop.cz\/?product=vesta-classic#primaryimage\",\"url\":\"https:\/\/lasatin-eshop.cz\/wp-content\/uploads\/2023\/01\/IMG-7986.jpg\",\"contentUrl\":\"https:\/\/lasatin-eshop.cz\/wp-content\/uploads\/2023\/01\/IMG-7986.jpg\",\"width\":1000,\"height\":1499},{\"@type\":\"BreadcrumbList\",\"@id\":\"https:\/\/lasatin-eshop.cz\/?product=vesta-classic#breadcrumb\",\"itemListElement\":[{\"@type\":\"ListItem\",\"position\":1,\"name\":\"Dom\u016f\",\"item\":\"https:\/\/lasatin-eshop.cz\/\"},{\"@type\":\"ListItem\",\"position\":2,\"name\":\"Obchod\",\"item\":\"https:\/\/lasatin-eshop.cz\/?page_id=6\"},{\"@type\":\"ListItem\",\"position\":3,\"name\":\"Vesta Classic\"}]},{\"@type\":\"WebSite\",\"@id\":\"https:\/\/lasatin-eshop.cz\/#website\",\"url\":\"https:\/\/lasatin-eshop.cz\/\",\"name\":\"Lasatin\",\"description\":\"Produkty vyr\u00e1b\u011bn\u00e9 s l\u00e1skou a ohledem k p\u0159\u00edrod\u011b z luxusn\u00edho a udr\u017eiteln\u00e9ho sat\u00e9nu - Armani hedv\u00e1b\u00ed.\",\"publisher\":{\"@id\":\"https:\/\/lasatin-eshop.cz\/#organization\"},\"potentialAction\":[{\"@type\":\"SearchAction\",\"target\":{\"@type\":\"EntryPoint\",\"urlTemplate\":\"https:\/\/lasatin-eshop.cz\/?s={search_term_string}\"},\"query-input\":{\"@type\":\"PropertyValueSpecification\",\"valueRequired\":true,\"valueName\":\"search_term_string\"}}],\"inLanguage\":\"cs\"},{\"@type\":\"Organization\",\"@id\":\"https:\/\/lasatin-eshop.cz\/#organization\",\"name\":\"lasatin\",\"url\":\"https:\/\/lasatin-eshop.cz\/\",\"logo\":{\"@type\":\"ImageObject\",\"inLanguage\":\"cs\",\"@id\":\"https:\/\/lasatin-eshop.cz\/#\/schema\/logo\/image\/\",\"url\":\"https:\/\/lasatin-eshop.cz\/wp-content\/uploads\/2023\/06\/lasatin-logo-barevne-pruhledne-pozadi.png\",\"contentUrl\":\"https:\/\/lasatin-eshop.cz\/wp-content\/uploads\/2023\/06\/lasatin-logo-barevne-pruhledne-pozadi.png\",\"width\":512,\"height\":512,\"caption\":\"lasatin\"},\"image\":{\"@id\":\"https:\/\/lasatin-eshop.cz\/#\/schema\/logo\/image\/\"},\"sameAs\":[\"https:\/\/www.instagram.com\/lasatinofficial\/?hl=en\"]}]}<\/script>\n<!-- \/ Yoast SEO plugin. -->","yoast_head_json":{"title":"Vesta Classic -","robots":{"index":"index","follow":"follow","max-snippet":"max-snippet:-1","max-image-preview":"max-image-preview:large","max-video-preview":"max-video-preview:-1"},"canonical":"https:\/\/lasatin-eshop.cz\/?product=vesta-classic","og_locale":"cs_CZ","og_type":"article","og_title":"Vesta Classic -","og_description":"Classic vesta si najde m\u00edsto ve va\u0161em \u0161atn\u00edku \ud83e\udd0d do pr\u00e1ce, na ve\u010de\u0159i, ke kalhot\u00e1m, k sukni, tady jsou v\u0161echny kombinace povolen\u00e9 Tabulka velikost\u00ed","og_url":"https:\/\/lasatin-eshop.cz\/?product=vesta-classic","article_modified_time":"2025-05-21T12:58:12+00:00","og_image":[{"width":1000,"height":1499,"url":"https:\/\/lasatin-eshop.cz\/wp-content\/uploads\/2023\/01\/IMG-7986.jpg","type":"image\/jpeg"}],"twitter_card":"summary_large_image","twitter_misc":{"Odhadovan\u00e1 doba \u010dten\u00ed":"1 minuta"},"schema":{"@context":"https:\/\/schema.org","@graph":[{"@type":"WebPage","@id":"https:\/\/lasatin-eshop.cz\/?product=vesta-classic","url":"https:\/\/lasatin-eshop.cz\/?product=vesta-classic","name":"Vesta Classic -","isPartOf":{"@id":"https:\/\/lasatin-eshop.cz\/#website"},"primaryImageOfPage":{"@id":"https:\/\/lasatin-eshop.cz\/?product=vesta-classic#primaryimage"},"image":{"@id":"https:\/\/lasatin-eshop.cz\/?product=vesta-classic#primaryimage"},"thumbnailUrl":"https:\/\/lasatin-eshop.cz\/wp-content\/uploads\/2023\/01\/IMG-7986.jpg","datePublished":"2023-01-27T15:17:23+00:00","dateModified":"2025-05-21T12:58:12+00:00","breadcrumb":{"@id":"https:\/\/lasatin-eshop.cz\/?product=vesta-classic#breadcrumb"},"inLanguage":"cs","potentialAction":[{"@type":"ReadAction","target":["https:\/\/lasatin-eshop.cz\/?product=vesta-classic"]}]},{"@type":"ImageObject","inLanguage":"cs","@id":"https:\/\/lasatin-eshop.cz\/?product=vesta-classic#primaryimage","url":"https:\/\/lasatin-eshop.cz\/wp-content\/uploads\/2023\/01\/IMG-7986.jpg","contentUrl":"https:\/\/lasatin-eshop.cz\/wp-content\/uploads\/2023\/01\/IMG-7986.jpg","width":1000,"height":1499},{"@type":"BreadcrumbList","@id":"https:\/\/lasatin-eshop.cz\/?product=vesta-classic#breadcrumb","itemListElement":[{"@type":"ListItem","position":1,"name":"Dom\u016f","item":"https:\/\/lasatin-eshop.cz\/"},{"@type":"ListItem","position":2,"name":"Obchod","item":"https:\/\/lasatin-eshop.cz\/?page_id=6"},{"@type":"ListItem","position":3,"name":"Vesta Classic"}]},{"@type":"WebSite","@id":"https:\/\/lasatin-eshop.cz\/#website","url":"https:\/\/lasatin-eshop.cz\/","name":"Lasatin","description":"Produkty vyr\u00e1b\u011bn\u00e9 s l\u00e1skou a ohledem k p\u0159\u00edrod\u011b z luxusn\u00edho a udr\u017eiteln\u00e9ho sat\u00e9nu - Armani hedv\u00e1b\u00ed.","publisher":{"@id":"https:\/\/lasatin-eshop.cz\/#organization"},"potentialAction":[{"@type":"SearchAction","target":{"@type":"EntryPoint","urlTemplate":"https:\/\/lasatin-eshop.cz\/?s={search_term_string}"},"query-input":{"@type":"PropertyValueSpecification","valueRequired":true,"valueName":"search_term_string"}}],"inLanguage":"cs"},{"@type":"Organization","@id":"https:\/\/lasatin-eshop.cz\/#organization","name":"lasatin","url":"https:\/\/lasatin-eshop.cz\/","logo":{"@type":"ImageObject","inLanguage":"cs","@id":"https:\/\/lasatin-eshop.cz\/#\/schema\/logo\/image\/","url":"https:\/\/lasatin-eshop.cz\/wp-content\/uploads\/2023\/06\/lasatin-logo-barevne-pruhledne-pozadi.png","contentUrl":"https:\/\/lasatin-eshop.cz\/wp-content\/uploads\/2023\/06\/lasatin-logo-barevne-pruhledne-pozadi.png","width":512,"height":512,"caption":"lasatin"},"image":{"@id":"https:\/\/lasatin-eshop.cz\/#\/schema\/logo\/image\/"},"sameAs":["https:\/\/www.instagram.com\/lasatinofficial\/?hl=en"]}]}},"_links":{"self":[{"href":"https:\/\/lasatin-eshop.cz\/index.php?rest_route=\/wp\/v2\/product\/402","targetHints":{"allow":["GET"]}}],"collection":[{"href":"https:\/\/lasatin-eshop.cz\/index.php?rest_route=\/wp\/v2\/product"}],"about":[{"href":"https:\/\/lasatin-eshop.cz\/index.php?rest_route=\/wp\/v2\/types\/product"}],"replies":[{"embeddable":true,"href":"https:\/\/lasatin-eshop.cz\/index.php?rest_route=%2Fwp%2Fv2%2Fcomments&post=402"}],"wp:featuredmedia":[{"embeddable":true,"href":"https:\/\/lasatin-eshop.cz\/index.php?rest_route=\/wp\/v2\/media\/4978"}],"wp:attachment":[{"href":"https:\/\/lasatin-eshop.cz\/index.php?rest_route=%2Fwp%2Fv2%2Fmedia&parent=402"}],"wp:term":[{"taxonomy":"product_brand","embeddable":true,"href":"https:\/\/lasatin-eshop.cz\/index.php?rest_route=%2Fwp%2Fv2%2Fproduct_brand&post=402"},{"taxonomy":"product_cat","embeddable":true,"href":"https:\/\/lasatin-eshop.cz\/index.php?rest_route=%2Fwp%2Fv2%2Fproduct_cat&post=402"},{"taxonomy":"product_tag","embeddable":true,"href":"https:\/\/lasatin-eshop.cz\/index.php?rest_route=%2Fwp%2Fv2%2Fproduct_tag&post=402"}],"curies":[{"name":"wp","href":"https:\/\/api.w.org\/{rel}","templated":true}]}}