{"id":404,"date":"2023-01-27T16:17:53","date_gmt":"2023-01-27T15:17:53","guid":{"rendered":"https:\/\/localhost\/lasatin3\/?post_type=product&#038;p=404"},"modified":"2025-05-21T14:56:37","modified_gmt":"2025-05-21T12:56:37","slug":"vesta-long","status":"publish","type":"product","link":"https:\/\/lasatin-eshop.cz\/?product=vesta-long","title":{"rendered":"Vesta LASATIN Long"},"content":{"rendered":"<p>Dlouh\u00e1 stylov\u00e1 vesta LASATIN v elegantn\u00edm proveden\u00ed. V\u00fdrazn\u00fd l\u00edmec s klopami. Univerz\u00e1ln\u00ed chic kousek, kter\u00fd by nem\u011bl chyb\u011bt v \u0161atn\u00edku \u017e\u00e1dn\u00e9 modern\u00ed \u017eeny. Vynos\u00edte jak do pr\u00e1ce \u2013 elegantn\u00ed business look, tak i na ve\u010de\u0159i \u010di na party. Ke kra\u0165as\u016fm, palazzo kalhot\u00e1m, LASATIN kalhot\u00e1m \u010di jeans\u016fm.<\/p>\n<p>&nbsp;<\/p>\n<p>\u00dadr\u017eba: pran\u00ed ru\u010dn\u011b nebo v pra\u010dce na 30\u00b0, lze \u017eehlit<br \/>\nSlo\u017een\u00ed: 96% polyester, 4% spandex<br \/>\nGram\u00e1\u017e: 85 g\/m2<\/p>\n<p>&nbsp;<\/p>\n","protected":false},"excerpt":{"rendered":"<p>Dlouh\u00e1 stylov\u00e1 vesta LASATIN v elegantn\u00edm proveden\u00ed. V\u00fdrazn\u00fd l\u00edmec s klopami. Univerz\u00e1ln\u00ed chic kousek, kter\u00fd by nem\u011bl chyb\u011bt v \u0161atn\u00edku \u017e\u00e1dn\u00e9 modern\u00ed \u017eeny. Vynos\u00edte jak do pr\u00e1ce \u2013 elegantn\u00ed business look, tak i na ve\u010de\u0159i \u010di na party. Ke kra\u0165as\u016fm, palazzo kalhot\u00e1m, LASATIN kalhot\u00e1m \u010di jeans\u016fm. &nbsp; \u00dadr\u017eba: pran\u00ed ru\u010dn\u011b nebo v pra\u010dce na 30\u00b0, &hellip;<\/p>\n<p class=\"read-more\"> <a class=\"\" href=\"https:\/\/lasatin-eshop.cz\/?product=vesta-long\"> <span class=\"screen-reader-text\">Vesta LASATIN Long<\/span> Pokra\u010dovat ve \u010dten\u00ed &raquo;<\/a><\/p>\n","protected":false},"featured_media":6166,"comment_status":"open","ping_status":"closed","template":"","meta":{"inline_featured_image":false,"site-sidebar-layout":"default","site-content-layout":"default","ast-global-header-display":"","ast-banner-title-visibility":"","ast-main-header-display":"","ast-hfb-above-header-display":"","ast-hfb-below-header-display":"","ast-hfb-mobile-header-display":"","site-post-title":"","ast-breadcrumbs-content":"","ast-featured-img":"","footer-sml-layout":"","theme-transparent-header-meta":"default","adv-header-id-meta":"","stick-header-meta":"","header-above-stick-meta":"","header-main-stick-meta":"","header-below-stick-meta":""},"product_brand":[],"product_cat":[66],"product_tag":[],"class_list":{"0":"post-404","1":"product","2":"type-product","3":"status-publish","4":"has-post-thumbnail","6":"product_cat-vesta","7":"desktop-align-left","8":"tablet-align-left","9":"mobile-align-left","11":"first","12":"instock","13":"shipping-taxable","14":"purchasable","15":"product-type-simple"},"yoast_head":"<!-- This site is optimized with the Yoast SEO plugin v25.0 - https:\/\/yoast.com\/wordpress\/plugins\/seo\/ -->\n<title>Vesta LASATIN Long -<\/title>\n<meta name=\"description\" content=\"Dlouh\u00e1 stylov\u00e1 vesta LASATIN v elegantn\u00edm proveden\u00ed. V\u00fdrazn\u00fd l\u00edmec s klopami. Univerz\u00e1ln\u00ed chic kousek, kter\u00fd by nem\u011bl chyb\u011bt v \u0161atn\u00edku \u017e\u00e1dn\u00e9 modern\u00ed \u017eeny. Vynos\u00edte jak do pr\u00e1ce \u2013 elegantn\u00ed business look, tak i na ve\u010de\u0159i \u010di na party. Ke kra\u0165as\u016fm, palazzo kalhot\u00e1m, LASATIN kalhot\u00e1m \u010di jeans\u016fm.\" \/>\n<meta name=\"robots\" content=\"index, follow, max-snippet:-1, max-image-preview:large, max-video-preview:-1\" \/>\n<link rel=\"canonical\" href=\"https:\/\/lasatin-eshop.cz\/?product=vesta-long\" \/>\n<meta property=\"og:locale\" content=\"cs_CZ\" \/>\n<meta property=\"og:type\" content=\"article\" \/>\n<meta property=\"og:title\" content=\"Vesta LASATIN Long -\" \/>\n<meta property=\"og:description\" content=\"Dlouh\u00e1 stylov\u00e1 vesta LASATIN v elegantn\u00edm proveden\u00ed. V\u00fdrazn\u00fd l\u00edmec s klopami. Univerz\u00e1ln\u00ed chic kousek, kter\u00fd by nem\u011bl chyb\u011bt v \u0161atn\u00edku \u017e\u00e1dn\u00e9 modern\u00ed \u017eeny. Vynos\u00edte jak do pr\u00e1ce \u2013 elegantn\u00ed business look, tak i na ve\u010de\u0159i \u010di na party. Ke kra\u0165as\u016fm, palazzo kalhot\u00e1m, LASATIN kalhot\u00e1m \u010di jeans\u016fm.\" \/>\n<meta property=\"og:url\" content=\"https:\/\/lasatin-eshop.cz\/?product=vesta-long\" \/>\n<meta property=\"article:modified_time\" content=\"2025-05-21T12:56:37+00:00\" \/>\n<meta property=\"og:image\" content=\"https:\/\/lasatin-eshop.cz\/wp-content\/uploads\/2023\/01\/IMG_4677-1.jpg\" \/>\n\t<meta property=\"og:image:width\" content=\"750\" \/>\n\t<meta property=\"og:image:height\" content=\"1000\" \/>\n\t<meta property=\"og:image:type\" content=\"image\/jpeg\" \/>\n<meta name=\"twitter:card\" content=\"summary_large_image\" \/>\n<meta name=\"twitter:label1\" content=\"Odhadovan\u00e1 doba \u010dten\u00ed\" \/>\n\t<meta name=\"twitter:data1\" content=\"1 minuta\" \/>\n<script type=\"application\/ld+json\" class=\"yoast-schema-graph\">{\"@context\":\"https:\/\/schema.org\",\"@graph\":[{\"@type\":\"WebPage\",\"@id\":\"https:\/\/lasatin-eshop.cz\/?product=vesta-long\",\"url\":\"https:\/\/lasatin-eshop.cz\/?product=vesta-long\",\"name\":\"Vesta LASATIN Long -\",\"isPartOf\":{\"@id\":\"https:\/\/lasatin-eshop.cz\/#website\"},\"primaryImageOfPage\":{\"@id\":\"https:\/\/lasatin-eshop.cz\/?product=vesta-long#primaryimage\"},\"image\":{\"@id\":\"https:\/\/lasatin-eshop.cz\/?product=vesta-long#primaryimage\"},\"thumbnailUrl\":\"https:\/\/lasatin-eshop.cz\/wp-content\/uploads\/2023\/01\/IMG_4677-1.jpg\",\"datePublished\":\"2023-01-27T15:17:53+00:00\",\"dateModified\":\"2025-05-21T12:56:37+00:00\",\"description\":\"Dlouh\u00e1 stylov\u00e1 vesta LASATIN v elegantn\u00edm proveden\u00ed. V\u00fdrazn\u00fd l\u00edmec s klopami. Univerz\u00e1ln\u00ed chic kousek, kter\u00fd by nem\u011bl chyb\u011bt v \u0161atn\u00edku \u017e\u00e1dn\u00e9 modern\u00ed \u017eeny. Vynos\u00edte jak do pr\u00e1ce \u2013 elegantn\u00ed business look, tak i na ve\u010de\u0159i \u010di na party. Ke kra\u0165as\u016fm, palazzo kalhot\u00e1m, LASATIN kalhot\u00e1m \u010di jeans\u016fm.\",\"breadcrumb\":{\"@id\":\"https:\/\/lasatin-eshop.cz\/?product=vesta-long#breadcrumb\"},\"inLanguage\":\"cs\",\"potentialAction\":[{\"@type\":\"ReadAction\",\"target\":[\"https:\/\/lasatin-eshop.cz\/?product=vesta-long\"]}]},{\"@type\":\"ImageObject\",\"inLanguage\":\"cs\",\"@id\":\"https:\/\/lasatin-eshop.cz\/?product=vesta-long#primaryimage\",\"url\":\"https:\/\/lasatin-eshop.cz\/wp-content\/uploads\/2023\/01\/IMG_4677-1.jpg\",\"contentUrl\":\"https:\/\/lasatin-eshop.cz\/wp-content\/uploads\/2023\/01\/IMG_4677-1.jpg\",\"width\":750,\"height\":1000},{\"@type\":\"BreadcrumbList\",\"@id\":\"https:\/\/lasatin-eshop.cz\/?product=vesta-long#breadcrumb\",\"itemListElement\":[{\"@type\":\"ListItem\",\"position\":1,\"name\":\"Dom\u016f\",\"item\":\"https:\/\/lasatin-eshop.cz\/\"},{\"@type\":\"ListItem\",\"position\":2,\"name\":\"Obchod\",\"item\":\"https:\/\/lasatin-eshop.cz\/?page_id=6\"},{\"@type\":\"ListItem\",\"position\":3,\"name\":\"Vesta LASATIN Long\"}]},{\"@type\":\"WebSite\",\"@id\":\"https:\/\/lasatin-eshop.cz\/#website\",\"url\":\"https:\/\/lasatin-eshop.cz\/\",\"name\":\"Lasatin\",\"description\":\"Produkty vyr\u00e1b\u011bn\u00e9 s l\u00e1skou a ohledem k p\u0159\u00edrod\u011b z luxusn\u00edho a udr\u017eiteln\u00e9ho sat\u00e9nu - Armani hedv\u00e1b\u00ed.\",\"publisher\":{\"@id\":\"https:\/\/lasatin-eshop.cz\/#organization\"},\"potentialAction\":[{\"@type\":\"SearchAction\",\"target\":{\"@type\":\"EntryPoint\",\"urlTemplate\":\"https:\/\/lasatin-eshop.cz\/?s={search_term_string}\"},\"query-input\":{\"@type\":\"PropertyValueSpecification\",\"valueRequired\":true,\"valueName\":\"search_term_string\"}}],\"inLanguage\":\"cs\"},{\"@type\":\"Organization\",\"@id\":\"https:\/\/lasatin-eshop.cz\/#organization\",\"name\":\"lasatin\",\"url\":\"https:\/\/lasatin-eshop.cz\/\",\"logo\":{\"@type\":\"ImageObject\",\"inLanguage\":\"cs\",\"@id\":\"https:\/\/lasatin-eshop.cz\/#\/schema\/logo\/image\/\",\"url\":\"https:\/\/lasatin-eshop.cz\/wp-content\/uploads\/2023\/06\/lasatin-logo-barevne-pruhledne-pozadi.png\",\"contentUrl\":\"https:\/\/lasatin-eshop.cz\/wp-content\/uploads\/2023\/06\/lasatin-logo-barevne-pruhledne-pozadi.png\",\"width\":512,\"height\":512,\"caption\":\"lasatin\"},\"image\":{\"@id\":\"https:\/\/lasatin-eshop.cz\/#\/schema\/logo\/image\/\"},\"sameAs\":[\"https:\/\/www.instagram.com\/lasatinofficial\/?hl=en\"]}]}<\/script>\n<!-- \/ Yoast SEO plugin. -->","yoast_head_json":{"title":"Vesta LASATIN Long -","description":"Dlouh\u00e1 stylov\u00e1 vesta LASATIN v elegantn\u00edm proveden\u00ed. V\u00fdrazn\u00fd l\u00edmec s klopami. Univerz\u00e1ln\u00ed chic kousek, kter\u00fd by nem\u011bl chyb\u011bt v \u0161atn\u00edku \u017e\u00e1dn\u00e9 modern\u00ed \u017eeny. Vynos\u00edte jak do pr\u00e1ce \u2013 elegantn\u00ed business look, tak i na ve\u010de\u0159i \u010di na party. Ke kra\u0165as\u016fm, palazzo kalhot\u00e1m, LASATIN kalhot\u00e1m \u010di jeans\u016fm.","robots":{"index":"index","follow":"follow","max-snippet":"max-snippet:-1","max-image-preview":"max-image-preview:large","max-video-preview":"max-video-preview:-1"},"canonical":"https:\/\/lasatin-eshop.cz\/?product=vesta-long","og_locale":"cs_CZ","og_type":"article","og_title":"Vesta LASATIN Long -","og_description":"Dlouh\u00e1 stylov\u00e1 vesta LASATIN v elegantn\u00edm proveden\u00ed. V\u00fdrazn\u00fd l\u00edmec s klopami. Univerz\u00e1ln\u00ed chic kousek, kter\u00fd by nem\u011bl chyb\u011bt v \u0161atn\u00edku \u017e\u00e1dn\u00e9 modern\u00ed \u017eeny. Vynos\u00edte jak do pr\u00e1ce \u2013 elegantn\u00ed business look, tak i na ve\u010de\u0159i \u010di na party. Ke kra\u0165as\u016fm, palazzo kalhot\u00e1m, LASATIN kalhot\u00e1m \u010di jeans\u016fm.","og_url":"https:\/\/lasatin-eshop.cz\/?product=vesta-long","article_modified_time":"2025-05-21T12:56:37+00:00","og_image":[{"width":750,"height":1000,"url":"https:\/\/lasatin-eshop.cz\/wp-content\/uploads\/2023\/01\/IMG_4677-1.jpg","type":"image\/jpeg"}],"twitter_card":"summary_large_image","twitter_misc":{"Odhadovan\u00e1 doba \u010dten\u00ed":"1 minuta"},"schema":{"@context":"https:\/\/schema.org","@graph":[{"@type":"WebPage","@id":"https:\/\/lasatin-eshop.cz\/?product=vesta-long","url":"https:\/\/lasatin-eshop.cz\/?product=vesta-long","name":"Vesta LASATIN Long -","isPartOf":{"@id":"https:\/\/lasatin-eshop.cz\/#website"},"primaryImageOfPage":{"@id":"https:\/\/lasatin-eshop.cz\/?product=vesta-long#primaryimage"},"image":{"@id":"https:\/\/lasatin-eshop.cz\/?product=vesta-long#primaryimage"},"thumbnailUrl":"https:\/\/lasatin-eshop.cz\/wp-content\/uploads\/2023\/01\/IMG_4677-1.jpg","datePublished":"2023-01-27T15:17:53+00:00","dateModified":"2025-05-21T12:56:37+00:00","description":"Dlouh\u00e1 stylov\u00e1 vesta LASATIN v elegantn\u00edm proveden\u00ed. V\u00fdrazn\u00fd l\u00edmec s klopami. Univerz\u00e1ln\u00ed chic kousek, kter\u00fd by nem\u011bl chyb\u011bt v \u0161atn\u00edku \u017e\u00e1dn\u00e9 modern\u00ed \u017eeny. Vynos\u00edte jak do pr\u00e1ce \u2013 elegantn\u00ed business look, tak i na ve\u010de\u0159i \u010di na party. Ke kra\u0165as\u016fm, palazzo kalhot\u00e1m, LASATIN kalhot\u00e1m \u010di jeans\u016fm.","breadcrumb":{"@id":"https:\/\/lasatin-eshop.cz\/?product=vesta-long#breadcrumb"},"inLanguage":"cs","potentialAction":[{"@type":"ReadAction","target":["https:\/\/lasatin-eshop.cz\/?product=vesta-long"]}]},{"@type":"ImageObject","inLanguage":"cs","@id":"https:\/\/lasatin-eshop.cz\/?product=vesta-long#primaryimage","url":"https:\/\/lasatin-eshop.cz\/wp-content\/uploads\/2023\/01\/IMG_4677-1.jpg","contentUrl":"https:\/\/lasatin-eshop.cz\/wp-content\/uploads\/2023\/01\/IMG_4677-1.jpg","width":750,"height":1000},{"@type":"BreadcrumbList","@id":"https:\/\/lasatin-eshop.cz\/?product=vesta-long#breadcrumb","itemListElement":[{"@type":"ListItem","position":1,"name":"Dom\u016f","item":"https:\/\/lasatin-eshop.cz\/"},{"@type":"ListItem","position":2,"name":"Obchod","item":"https:\/\/lasatin-eshop.cz\/?page_id=6"},{"@type":"ListItem","position":3,"name":"Vesta LASATIN Long"}]},{"@type":"WebSite","@id":"https:\/\/lasatin-eshop.cz\/#website","url":"https:\/\/lasatin-eshop.cz\/","name":"Lasatin","description":"Produkty vyr\u00e1b\u011bn\u00e9 s l\u00e1skou a ohledem k p\u0159\u00edrod\u011b z luxusn\u00edho a udr\u017eiteln\u00e9ho sat\u00e9nu - Armani hedv\u00e1b\u00ed.","publisher":{"@id":"https:\/\/lasatin-eshop.cz\/#organization"},"potentialAction":[{"@type":"SearchAction","target":{"@type":"EntryPoint","urlTemplate":"https:\/\/lasatin-eshop.cz\/?s={search_term_string}"},"query-input":{"@type":"PropertyValueSpecification","valueRequired":true,"valueName":"search_term_string"}}],"inLanguage":"cs"},{"@type":"Organization","@id":"https:\/\/lasatin-eshop.cz\/#organization","name":"lasatin","url":"https:\/\/lasatin-eshop.cz\/","logo":{"@type":"ImageObject","inLanguage":"cs","@id":"https:\/\/lasatin-eshop.cz\/#\/schema\/logo\/image\/","url":"https:\/\/lasatin-eshop.cz\/wp-content\/uploads\/2023\/06\/lasatin-logo-barevne-pruhledne-pozadi.png","contentUrl":"https:\/\/lasatin-eshop.cz\/wp-content\/uploads\/2023\/06\/lasatin-logo-barevne-pruhledne-pozadi.png","width":512,"height":512,"caption":"lasatin"},"image":{"@id":"https:\/\/lasatin-eshop.cz\/#\/schema\/logo\/image\/"},"sameAs":["https:\/\/www.instagram.com\/lasatinofficial\/?hl=en"]}]}},"_links":{"self":[{"href":"https:\/\/lasatin-eshop.cz\/index.php?rest_route=\/wp\/v2\/product\/404","targetHints":{"allow":["GET"]}}],"collection":[{"href":"https:\/\/lasatin-eshop.cz\/index.php?rest_route=\/wp\/v2\/product"}],"about":[{"href":"https:\/\/lasatin-eshop.cz\/index.php?rest_route=\/wp\/v2\/types\/product"}],"replies":[{"embeddable":true,"href":"https:\/\/lasatin-eshop.cz\/index.php?rest_route=%2Fwp%2Fv2%2Fcomments&post=404"}],"wp:featuredmedia":[{"embeddable":true,"href":"https:\/\/lasatin-eshop.cz\/index.php?rest_route=\/wp\/v2\/media\/6166"}],"wp:attachment":[{"href":"https:\/\/lasatin-eshop.cz\/index.php?rest_route=%2Fwp%2Fv2%2Fmedia&parent=404"}],"wp:term":[{"taxonomy":"product_brand","embeddable":true,"href":"https:\/\/lasatin-eshop.cz\/index.php?rest_route=%2Fwp%2Fv2%2Fproduct_brand&post=404"},{"taxonomy":"product_cat","embeddable":true,"href":"https:\/\/lasatin-eshop.cz\/index.php?rest_route=%2Fwp%2Fv2%2Fproduct_cat&post=404"},{"taxonomy":"product_tag","embeddable":true,"href":"https:\/\/lasatin-eshop.cz\/index.php?rest_route=%2Fwp%2Fv2%2Fproduct_tag&post=404"}],"curies":[{"name":"wp","href":"https:\/\/api.w.org\/{rel}","templated":true}]}}