{"id":523,"date":"2023-02-20T12:33:48","date_gmt":"2023-02-20T11:33:48","guid":{"rendered":"https:\/\/las.huffy.cz\/?post_type=product&#038;p=523"},"modified":"2023-09-03T22:56:57","modified_gmt":"2023-09-03T20:56:57","slug":"lasatin-diva-saty","status":"publish","type":"product","link":"https:\/\/lasatin-eshop.cz\/?product=lasatin-diva-saty","title":{"rendered":"LASATIN Diva \u0161aty"},"content":{"rendered":"<p>V plesov\u00fdch \u0161atech Diva se budete c\u00edtit sebejist\u011b a pohodln\u011b. \ud83d\udca5 Armani hedv\u00e1b\u00ed, ze kter\u00e9ho vyr\u00e1b\u00edme na\u0161e kousky je velmi lehk\u00e9, p\u0159\u00edjemn\u00e9 na dotek a z\u00e1rove\u0148 kr\u00e1sn\u011b kop\u00edruje va\u0161e k\u0159ivky. \u2728<\/p>\n<p><strong>K dispozici v d\u00e9lk\u00e1ch:<br \/>\n<\/strong>\u2022 MAXI<\/p>\n<p><a href=\"https:\/\/lasatin-eshop.cz\/wp-content\/uploads\/2023\/02\/LA-SATIN-D370-damska-saty-DIVA.pdf\">Tabulka velikost\u00ed<\/a><\/p>\n<p>\u00dadr\u017eba: pran\u00ed ru\u010dn\u011b nebo v pra\u010dce na 30\u00b0, lze \u017eehlit<br \/>\nSlo\u017een\u00ed: 96% polyester, 4% spandex<br \/>\nGram\u00e1\u017e: 85 g\/m2<\/p>\n<div style=\"width: 720px;\" class=\"wp-video\"><video class=\"wp-video-shortcode\" id=\"video-523-1\" width=\"720\" height=\"1280\" preload=\"metadata\" controls=\"controls\"><source type=\"video\/mp4\" src=\"https:\/\/lasatin-eshop.cz\/wp-content\/uploads\/2023\/02\/B24CE67DB00B5EAB597D8DB1454B43B4_video_dashinit.mp4?_=1\" \/><a href=\"https:\/\/lasatin-eshop.cz\/wp-content\/uploads\/2023\/02\/B24CE67DB00B5EAB597D8DB1454B43B4_video_dashinit.mp4\">https:\/\/lasatin-eshop.cz\/wp-content\/uploads\/2023\/02\/B24CE67DB00B5EAB597D8DB1454B43B4_video_dashinit.mp4<\/a><\/video><\/div>\n","protected":false},"excerpt":{"rendered":"<p>V plesov\u00fdch \u0161atech Diva se budete c\u00edtit sebejist\u011b a pohodln\u011b. \ud83d\udca5 Armani hedv\u00e1b\u00ed, ze kter\u00e9ho vyr\u00e1b\u00edme na\u0161e kousky je velmi lehk\u00e9, p\u0159\u00edjemn\u00e9 na dotek a z\u00e1rove\u0148 kr\u00e1sn\u011b kop\u00edruje va\u0161e k\u0159ivky. \u2728 K dispozici v d\u00e9lk\u00e1ch: \u2022 MAXI Tabulka velikost\u00ed \u00dadr\u017eba: pran\u00ed ru\u010dn\u011b nebo v pra\u010dce na 30\u00b0, lze \u017eehlit Slo\u017een\u00ed: 96% polyester, 4% spandex Gram\u00e1\u017e: &hellip;<\/p>\n<p class=\"read-more\"> <a class=\"\" href=\"https:\/\/lasatin-eshop.cz\/?product=lasatin-diva-saty\"> <span class=\"screen-reader-text\">LASATIN Diva \u0161aty<\/span> Pokra\u010dovat ve \u010dten\u00ed &raquo;<\/a><\/p>\n","protected":false},"featured_media":524,"comment_status":"open","ping_status":"closed","template":"","meta":{"inline_featured_image":false,"site-sidebar-layout":"default","site-content-layout":"default","ast-global-header-display":"","ast-banner-title-visibility":"","ast-main-header-display":"","ast-hfb-above-header-display":"","ast-hfb-below-header-display":"","ast-hfb-mobile-header-display":"","site-post-title":"","ast-breadcrumbs-content":"","ast-featured-img":"","footer-sml-layout":"","theme-transparent-header-meta":"default","adv-header-id-meta":"","stick-header-meta":"","header-above-stick-meta":"","header-main-stick-meta":"","header-below-stick-meta":""},"product_brand":[],"product_cat":[22],"product_tag":[],"class_list":{"0":"post-523","1":"product","2":"type-product","3":"status-publish","4":"has-post-thumbnail","6":"product_cat-saty","7":"desktop-align-left","8":"tablet-align-left","9":"mobile-align-left","11":"first","12":"instock","13":"shipping-taxable","14":"purchasable","15":"product-type-variable"},"yoast_head":"<!-- This site is optimized with the Yoast SEO plugin v25.0 - https:\/\/yoast.com\/wordpress\/plugins\/seo\/ -->\n<title>LASATIN Diva \u0161aty -<\/title>\n<meta name=\"robots\" content=\"index, follow, max-snippet:-1, max-image-preview:large, max-video-preview:-1\" \/>\n<link rel=\"canonical\" href=\"https:\/\/lasatin-eshop.cz\/?product=lasatin-diva-saty\" \/>\n<meta property=\"og:locale\" content=\"cs_CZ\" \/>\n<meta property=\"og:type\" content=\"article\" \/>\n<meta property=\"og:title\" content=\"LASATIN Diva \u0161aty -\" \/>\n<meta property=\"og:description\" content=\"V plesov\u00fdch \u0161atech Diva se budete c\u00edtit sebejist\u011b a pohodln\u011b. \ud83d\udca5 Armani hedv\u00e1b\u00ed, ze kter\u00e9ho vyr\u00e1b\u00edme na\u0161e kousky je velmi lehk\u00e9, p\u0159\u00edjemn\u00e9 na dotek a z\u00e1rove\u0148 kr\u00e1sn\u011b kop\u00edruje va\u0161e k\u0159ivky. \u2728 K dispozici v d\u00e9lk\u00e1ch: \u2022 MAXI Tabulka velikost\u00ed \u00dadr\u017eba: pran\u00ed ru\u010dn\u011b nebo v pra\u010dce na 30\u00b0, lze \u017eehlit Slo\u017een\u00ed: 96% polyester, 4% spandex Gram\u00e1\u017e: &hellip; LASATIN Diva \u0161aty Pokra\u010dovat ve \u010dten\u00ed &raquo;\" \/>\n<meta property=\"og:url\" content=\"https:\/\/lasatin-eshop.cz\/?product=lasatin-diva-saty\" \/>\n<meta property=\"article:modified_time\" content=\"2023-09-03T20:56:57+00:00\" \/>\n<meta property=\"og:image\" content=\"https:\/\/lasatin-eshop.cz\/wp-content\/uploads\/2023\/02\/329786054_728490638674158_7808337724441814579_n.jpg\" \/>\n\t<meta property=\"og:image:width\" content=\"763\" \/>\n\t<meta property=\"og:image:height\" content=\"808\" \/>\n\t<meta property=\"og:image:type\" content=\"image\/jpeg\" \/>\n<meta name=\"twitter:card\" content=\"summary_large_image\" \/>\n<meta name=\"twitter:label1\" content=\"Odhadovan\u00e1 doba \u010dten\u00ed\" \/>\n\t<meta name=\"twitter:data1\" content=\"1 minuta\" \/>\n<script type=\"application\/ld+json\" class=\"yoast-schema-graph\">{\"@context\":\"https:\/\/schema.org\",\"@graph\":[{\"@type\":\"WebPage\",\"@id\":\"https:\/\/lasatin-eshop.cz\/?product=lasatin-diva-saty\",\"url\":\"https:\/\/lasatin-eshop.cz\/?product=lasatin-diva-saty\",\"name\":\"LASATIN Diva \u0161aty -\",\"isPartOf\":{\"@id\":\"https:\/\/lasatin-eshop.cz\/#website\"},\"primaryImageOfPage\":{\"@id\":\"https:\/\/lasatin-eshop.cz\/?product=lasatin-diva-saty#primaryimage\"},\"image\":{\"@id\":\"https:\/\/lasatin-eshop.cz\/?product=lasatin-diva-saty#primaryimage\"},\"thumbnailUrl\":\"https:\/\/lasatin-eshop.cz\/wp-content\/uploads\/2023\/02\/329786054_728490638674158_7808337724441814579_n.jpg\",\"datePublished\":\"2023-02-20T11:33:48+00:00\",\"dateModified\":\"2023-09-03T20:56:57+00:00\",\"breadcrumb\":{\"@id\":\"https:\/\/lasatin-eshop.cz\/?product=lasatin-diva-saty#breadcrumb\"},\"inLanguage\":\"cs\",\"potentialAction\":[{\"@type\":\"ReadAction\",\"target\":[\"https:\/\/lasatin-eshop.cz\/?product=lasatin-diva-saty\"]}]},{\"@type\":\"ImageObject\",\"inLanguage\":\"cs\",\"@id\":\"https:\/\/lasatin-eshop.cz\/?product=lasatin-diva-saty#primaryimage\",\"url\":\"https:\/\/lasatin-eshop.cz\/wp-content\/uploads\/2023\/02\/329786054_728490638674158_7808337724441814579_n.jpg\",\"contentUrl\":\"https:\/\/lasatin-eshop.cz\/wp-content\/uploads\/2023\/02\/329786054_728490638674158_7808337724441814579_n.jpg\",\"width\":763,\"height\":808},{\"@type\":\"BreadcrumbList\",\"@id\":\"https:\/\/lasatin-eshop.cz\/?product=lasatin-diva-saty#breadcrumb\",\"itemListElement\":[{\"@type\":\"ListItem\",\"position\":1,\"name\":\"Dom\u016f\",\"item\":\"https:\/\/lasatin-eshop.cz\/\"},{\"@type\":\"ListItem\",\"position\":2,\"name\":\"Obchod\",\"item\":\"https:\/\/lasatin-eshop.cz\/?page_id=6\"},{\"@type\":\"ListItem\",\"position\":3,\"name\":\"LASATIN Diva \u0161aty\"}]},{\"@type\":\"WebSite\",\"@id\":\"https:\/\/lasatin-eshop.cz\/#website\",\"url\":\"https:\/\/lasatin-eshop.cz\/\",\"name\":\"Lasatin\",\"description\":\"Produkty vyr\u00e1b\u011bn\u00e9 s l\u00e1skou a ohledem k p\u0159\u00edrod\u011b z luxusn\u00edho a udr\u017eiteln\u00e9ho sat\u00e9nu - Armani hedv\u00e1b\u00ed.\",\"publisher\":{\"@id\":\"https:\/\/lasatin-eshop.cz\/#organization\"},\"potentialAction\":[{\"@type\":\"SearchAction\",\"target\":{\"@type\":\"EntryPoint\",\"urlTemplate\":\"https:\/\/lasatin-eshop.cz\/?s={search_term_string}\"},\"query-input\":{\"@type\":\"PropertyValueSpecification\",\"valueRequired\":true,\"valueName\":\"search_term_string\"}}],\"inLanguage\":\"cs\"},{\"@type\":\"Organization\",\"@id\":\"https:\/\/lasatin-eshop.cz\/#organization\",\"name\":\"lasatin\",\"url\":\"https:\/\/lasatin-eshop.cz\/\",\"logo\":{\"@type\":\"ImageObject\",\"inLanguage\":\"cs\",\"@id\":\"https:\/\/lasatin-eshop.cz\/#\/schema\/logo\/image\/\",\"url\":\"https:\/\/lasatin-eshop.cz\/wp-content\/uploads\/2023\/06\/lasatin-logo-barevne-pruhledne-pozadi.png\",\"contentUrl\":\"https:\/\/lasatin-eshop.cz\/wp-content\/uploads\/2023\/06\/lasatin-logo-barevne-pruhledne-pozadi.png\",\"width\":512,\"height\":512,\"caption\":\"lasatin\"},\"image\":{\"@id\":\"https:\/\/lasatin-eshop.cz\/#\/schema\/logo\/image\/\"},\"sameAs\":[\"https:\/\/www.instagram.com\/lasatinofficial\/?hl=en\"]}]}<\/script>\n<!-- \/ Yoast SEO plugin. -->","yoast_head_json":{"title":"LASATIN Diva \u0161aty -","robots":{"index":"index","follow":"follow","max-snippet":"max-snippet:-1","max-image-preview":"max-image-preview:large","max-video-preview":"max-video-preview:-1"},"canonical":"https:\/\/lasatin-eshop.cz\/?product=lasatin-diva-saty","og_locale":"cs_CZ","og_type":"article","og_title":"LASATIN Diva \u0161aty -","og_description":"V plesov\u00fdch \u0161atech Diva se budete c\u00edtit sebejist\u011b a pohodln\u011b. \ud83d\udca5 Armani hedv\u00e1b\u00ed, ze kter\u00e9ho vyr\u00e1b\u00edme na\u0161e kousky je velmi lehk\u00e9, p\u0159\u00edjemn\u00e9 na dotek a z\u00e1rove\u0148 kr\u00e1sn\u011b kop\u00edruje va\u0161e k\u0159ivky. \u2728 K dispozici v d\u00e9lk\u00e1ch: \u2022 MAXI Tabulka velikost\u00ed \u00dadr\u017eba: pran\u00ed ru\u010dn\u011b nebo v pra\u010dce na 30\u00b0, lze \u017eehlit Slo\u017een\u00ed: 96% polyester, 4% spandex Gram\u00e1\u017e: &hellip; LASATIN Diva \u0161aty Pokra\u010dovat ve \u010dten\u00ed &raquo;","og_url":"https:\/\/lasatin-eshop.cz\/?product=lasatin-diva-saty","article_modified_time":"2023-09-03T20:56:57+00:00","og_image":[{"width":763,"height":808,"url":"https:\/\/lasatin-eshop.cz\/wp-content\/uploads\/2023\/02\/329786054_728490638674158_7808337724441814579_n.jpg","type":"image\/jpeg"}],"twitter_card":"summary_large_image","twitter_misc":{"Odhadovan\u00e1 doba \u010dten\u00ed":"1 minuta"},"schema":{"@context":"https:\/\/schema.org","@graph":[{"@type":"WebPage","@id":"https:\/\/lasatin-eshop.cz\/?product=lasatin-diva-saty","url":"https:\/\/lasatin-eshop.cz\/?product=lasatin-diva-saty","name":"LASATIN Diva \u0161aty -","isPartOf":{"@id":"https:\/\/lasatin-eshop.cz\/#website"},"primaryImageOfPage":{"@id":"https:\/\/lasatin-eshop.cz\/?product=lasatin-diva-saty#primaryimage"},"image":{"@id":"https:\/\/lasatin-eshop.cz\/?product=lasatin-diva-saty#primaryimage"},"thumbnailUrl":"https:\/\/lasatin-eshop.cz\/wp-content\/uploads\/2023\/02\/329786054_728490638674158_7808337724441814579_n.jpg","datePublished":"2023-02-20T11:33:48+00:00","dateModified":"2023-09-03T20:56:57+00:00","breadcrumb":{"@id":"https:\/\/lasatin-eshop.cz\/?product=lasatin-diva-saty#breadcrumb"},"inLanguage":"cs","potentialAction":[{"@type":"ReadAction","target":["https:\/\/lasatin-eshop.cz\/?product=lasatin-diva-saty"]}]},{"@type":"ImageObject","inLanguage":"cs","@id":"https:\/\/lasatin-eshop.cz\/?product=lasatin-diva-saty#primaryimage","url":"https:\/\/lasatin-eshop.cz\/wp-content\/uploads\/2023\/02\/329786054_728490638674158_7808337724441814579_n.jpg","contentUrl":"https:\/\/lasatin-eshop.cz\/wp-content\/uploads\/2023\/02\/329786054_728490638674158_7808337724441814579_n.jpg","width":763,"height":808},{"@type":"BreadcrumbList","@id":"https:\/\/lasatin-eshop.cz\/?product=lasatin-diva-saty#breadcrumb","itemListElement":[{"@type":"ListItem","position":1,"name":"Dom\u016f","item":"https:\/\/lasatin-eshop.cz\/"},{"@type":"ListItem","position":2,"name":"Obchod","item":"https:\/\/lasatin-eshop.cz\/?page_id=6"},{"@type":"ListItem","position":3,"name":"LASATIN Diva \u0161aty"}]},{"@type":"WebSite","@id":"https:\/\/lasatin-eshop.cz\/#website","url":"https:\/\/lasatin-eshop.cz\/","name":"Lasatin","description":"Produkty vyr\u00e1b\u011bn\u00e9 s l\u00e1skou a ohledem k p\u0159\u00edrod\u011b z luxusn\u00edho a udr\u017eiteln\u00e9ho sat\u00e9nu - Armani hedv\u00e1b\u00ed.","publisher":{"@id":"https:\/\/lasatin-eshop.cz\/#organization"},"potentialAction":[{"@type":"SearchAction","target":{"@type":"EntryPoint","urlTemplate":"https:\/\/lasatin-eshop.cz\/?s={search_term_string}"},"query-input":{"@type":"PropertyValueSpecification","valueRequired":true,"valueName":"search_term_string"}}],"inLanguage":"cs"},{"@type":"Organization","@id":"https:\/\/lasatin-eshop.cz\/#organization","name":"lasatin","url":"https:\/\/lasatin-eshop.cz\/","logo":{"@type":"ImageObject","inLanguage":"cs","@id":"https:\/\/lasatin-eshop.cz\/#\/schema\/logo\/image\/","url":"https:\/\/lasatin-eshop.cz\/wp-content\/uploads\/2023\/06\/lasatin-logo-barevne-pruhledne-pozadi.png","contentUrl":"https:\/\/lasatin-eshop.cz\/wp-content\/uploads\/2023\/06\/lasatin-logo-barevne-pruhledne-pozadi.png","width":512,"height":512,"caption":"lasatin"},"image":{"@id":"https:\/\/lasatin-eshop.cz\/#\/schema\/logo\/image\/"},"sameAs":["https:\/\/www.instagram.com\/lasatinofficial\/?hl=en"]}]}},"_links":{"self":[{"href":"https:\/\/lasatin-eshop.cz\/index.php?rest_route=\/wp\/v2\/product\/523","targetHints":{"allow":["GET"]}}],"collection":[{"href":"https:\/\/lasatin-eshop.cz\/index.php?rest_route=\/wp\/v2\/product"}],"about":[{"href":"https:\/\/lasatin-eshop.cz\/index.php?rest_route=\/wp\/v2\/types\/product"}],"replies":[{"embeddable":true,"href":"https:\/\/lasatin-eshop.cz\/index.php?rest_route=%2Fwp%2Fv2%2Fcomments&post=523"}],"wp:featuredmedia":[{"embeddable":true,"href":"https:\/\/lasatin-eshop.cz\/index.php?rest_route=\/wp\/v2\/media\/524"}],"wp:attachment":[{"href":"https:\/\/lasatin-eshop.cz\/index.php?rest_route=%2Fwp%2Fv2%2Fmedia&parent=523"}],"wp:term":[{"taxonomy":"product_brand","embeddable":true,"href":"https:\/\/lasatin-eshop.cz\/index.php?rest_route=%2Fwp%2Fv2%2Fproduct_brand&post=523"},{"taxonomy":"product_cat","embeddable":true,"href":"https:\/\/lasatin-eshop.cz\/index.php?rest_route=%2Fwp%2Fv2%2Fproduct_cat&post=523"},{"taxonomy":"product_tag","embeddable":true,"href":"https:\/\/lasatin-eshop.cz\/index.php?rest_route=%2Fwp%2Fv2%2Fproduct_tag&post=523"}],"curies":[{"name":"wp","href":"https:\/\/api.w.org\/{rel}","templated":true}]}}