{"id":6151,"date":"2024-02-13T17:42:33","date_gmt":"2024-02-13T16:42:33","guid":{"rendered":"https:\/\/lasatin-eshop.cz\/?post_type=product&#038;p=6151"},"modified":"2024-03-06T09:28:48","modified_gmt":"2024-03-06T08:28:48","slug":"lasatin-bomber","status":"publish","type":"product","link":"https:\/\/lasatin-eshop.cz\/?product=lasatin-bomber","title":{"rendered":"LASATIN bomber"},"content":{"rendered":"<p><em>LASATIN bomber<\/em> je nezam\u011bniteln\u00fdm kouskem, kter\u00fd dod\u00e1v\u00e1 va\u0161emu outfitu okam\u017eit\u00fd styl a osobitost. Ide\u00e1ln\u00ed bunda na jaro.<\/p>\n<p>D\u00e1 se kombinovat s ostatn\u00edmi LASATIN outfity nap\u0159. bell sukn\u00ed, palazzo kalhotami, LASATIN kalhotami a \u0161ortkami. M\u00e1 kr\u00e1tk\u00fd \u017eebrovan\u00fd l\u00edmec a p\u0159edn\u00ed zip. Voln\u00fd st\u0159ih. Spu\u0161t\u011bn\u00e1 ramena, nen\u00e1padn\u00e9 p\u0159edn\u00ed kapsy a \u017eebrovan\u00e9 lemy ruk\u00e1v\u016f u doln\u00edho okraje. S pod\u0161\u00edvkou.<\/p>\n","protected":false},"excerpt":{"rendered":"<p>LASATIN bomber je nezam\u011bniteln\u00fdm kouskem, kter\u00fd dod\u00e1v\u00e1 va\u0161emu outfitu okam\u017eit\u00fd styl a osobitost. Ide\u00e1ln\u00ed bunda na jaro. D\u00e1 se kombinovat s ostatn\u00edmi LASATIN outfity nap\u0159. bell sukn\u00ed, palazzo kalhotami, LASATIN kalhotami a \u0161ortkami. M\u00e1 kr\u00e1tk\u00fd \u017eebrovan\u00fd l\u00edmec a p\u0159edn\u00ed zip. Voln\u00fd st\u0159ih. Spu\u0161t\u011bn\u00e1 ramena, nen\u00e1padn\u00e9 p\u0159edn\u00ed kapsy a \u017eebrovan\u00e9 lemy ruk\u00e1v\u016f a doln\u00edho okraje. S pod\u0161\u00edvkou.<\/p>\n","protected":false},"featured_media":6155,"comment_status":"open","ping_status":"closed","template":"","meta":{"inline_featured_image":false,"site-sidebar-layout":"default","site-content-layout":"default","ast-global-header-display":"","ast-banner-title-visibility":"","ast-main-header-display":"","ast-hfb-above-header-display":"","ast-hfb-below-header-display":"","ast-hfb-mobile-header-display":"","site-post-title":"","ast-breadcrumbs-content":"","ast-featured-img":"","footer-sml-layout":"","theme-transparent-header-meta":"default","adv-header-id-meta":"","stick-header-meta":"","header-above-stick-meta":"","header-main-stick-meta":"","header-below-stick-meta":""},"product_brand":[],"product_cat":[120],"product_tag":[],"class_list":{"0":"post-6151","1":"product","2":"type-product","3":"status-publish","4":"has-post-thumbnail","6":"product_cat-lasatin-bomber","7":"desktop-align-left","8":"tablet-align-left","9":"mobile-align-left","11":"first","12":"instock","13":"shipping-taxable","14":"purchasable","15":"product-type-variable"},"yoast_head":"<!-- This site is optimized with the Yoast SEO plugin v25.0 - https:\/\/yoast.com\/wordpress\/plugins\/seo\/ -->\n<title>LASATIN bomber -<\/title>\n<meta name=\"description\" content=\"LASATIN bomber je nezam\u011bniteln\u00fdm kouskem, kter\u00fd dod\u00e1v\u00e1 va\u0161emu outfitu okam\u017eit\u00fd styl a osobitost. Ide\u00e1ln\u00ed bunda na jaro. D\u00e1 se kombinovat s ostatn\u00edmi LASATIN outfity nap\u0159. bell sukn\u00ed, palazzo kalhotami, LASATIN kalhotami a \u0161ortkami. M\u00e1 kr\u00e1tk\u00fd \u017eebrovan\u00fd l\u00edmec a p\u0159edn\u00ed zip. Voln\u00fd st\u0159ih. Spu\u0161t\u011bn\u00e1 ramena, nen\u00e1padn\u00e9 p\u0159edn\u00ed kapsy a \u017eebrovan\u00e9 lemy ruk\u00e1v\u016f a doln\u00edho okraje. S pod\u0161\u00edvkou.\" \/>\n<meta name=\"robots\" content=\"index, follow, max-snippet:-1, max-image-preview:large, max-video-preview:-1\" \/>\n<link rel=\"canonical\" href=\"https:\/\/lasatin-eshop.cz\/?product=lasatin-bomber\" \/>\n<meta property=\"og:locale\" content=\"cs_CZ\" \/>\n<meta property=\"og:type\" content=\"article\" \/>\n<meta property=\"og:title\" content=\"LASATIN bomber -\" \/>\n<meta property=\"og:description\" content=\"LASATIN bomber je nezam\u011bniteln\u00fdm kouskem, kter\u00fd dod\u00e1v\u00e1 va\u0161emu outfitu okam\u017eit\u00fd styl a osobitost. Ide\u00e1ln\u00ed bunda na jaro. D\u00e1 se kombinovat s ostatn\u00edmi LASATIN outfity nap\u0159. bell sukn\u00ed, palazzo kalhotami, LASATIN kalhotami a \u0161ortkami. M\u00e1 kr\u00e1tk\u00fd \u017eebrovan\u00fd l\u00edmec a p\u0159edn\u00ed zip. Voln\u00fd st\u0159ih. Spu\u0161t\u011bn\u00e1 ramena, nen\u00e1padn\u00e9 p\u0159edn\u00ed kapsy a \u017eebrovan\u00e9 lemy ruk\u00e1v\u016f a doln\u00edho okraje. S pod\u0161\u00edvkou.\" \/>\n<meta property=\"og:url\" content=\"https:\/\/lasatin-eshop.cz\/?product=lasatin-bomber\" \/>\n<meta property=\"article:modified_time\" content=\"2024-03-06T08:28:48+00:00\" \/>\n<meta property=\"og:image\" content=\"https:\/\/lasatin-eshop.cz\/wp-content\/uploads\/2024\/02\/stazeny-soubor.jpg\" \/>\n\t<meta property=\"og:image:width\" content=\"620\" \/>\n\t<meta property=\"og:image:height\" content=\"827\" \/>\n\t<meta property=\"og:image:type\" content=\"image\/jpeg\" \/>\n<meta name=\"twitter:card\" content=\"summary_large_image\" \/>\n<meta name=\"twitter:label1\" content=\"Odhadovan\u00e1 doba \u010dten\u00ed\" \/>\n\t<meta name=\"twitter:data1\" content=\"1 minuta\" \/>\n<script type=\"application\/ld+json\" class=\"yoast-schema-graph\">{\"@context\":\"https:\/\/schema.org\",\"@graph\":[{\"@type\":\"WebPage\",\"@id\":\"https:\/\/lasatin-eshop.cz\/?product=lasatin-bomber\",\"url\":\"https:\/\/lasatin-eshop.cz\/?product=lasatin-bomber\",\"name\":\"LASATIN bomber -\",\"isPartOf\":{\"@id\":\"https:\/\/lasatin-eshop.cz\/#website\"},\"primaryImageOfPage\":{\"@id\":\"https:\/\/lasatin-eshop.cz\/?product=lasatin-bomber#primaryimage\"},\"image\":{\"@id\":\"https:\/\/lasatin-eshop.cz\/?product=lasatin-bomber#primaryimage\"},\"thumbnailUrl\":\"https:\/\/lasatin-eshop.cz\/wp-content\/uploads\/2024\/02\/stazeny-soubor.jpg\",\"datePublished\":\"2024-02-13T16:42:33+00:00\",\"dateModified\":\"2024-03-06T08:28:48+00:00\",\"description\":\"LASATIN bomber je nezam\u011bniteln\u00fdm kouskem, kter\u00fd dod\u00e1v\u00e1 va\u0161emu outfitu okam\u017eit\u00fd styl a osobitost. Ide\u00e1ln\u00ed bunda na jaro. D\u00e1 se kombinovat s ostatn\u00edmi LASATIN outfity nap\u0159. bell sukn\u00ed, palazzo kalhotami, LASATIN kalhotami a \u0161ortkami. M\u00e1 kr\u00e1tk\u00fd \u017eebrovan\u00fd l\u00edmec a p\u0159edn\u00ed zip. Voln\u00fd st\u0159ih. Spu\u0161t\u011bn\u00e1 ramena, nen\u00e1padn\u00e9 p\u0159edn\u00ed kapsy a \u017eebrovan\u00e9 lemy ruk\u00e1v\u016f a doln\u00edho okraje. S pod\u0161\u00edvkou.\",\"breadcrumb\":{\"@id\":\"https:\/\/lasatin-eshop.cz\/?product=lasatin-bomber#breadcrumb\"},\"inLanguage\":\"cs\",\"potentialAction\":[{\"@type\":\"ReadAction\",\"target\":[\"https:\/\/lasatin-eshop.cz\/?product=lasatin-bomber\"]}]},{\"@type\":\"ImageObject\",\"inLanguage\":\"cs\",\"@id\":\"https:\/\/lasatin-eshop.cz\/?product=lasatin-bomber#primaryimage\",\"url\":\"https:\/\/lasatin-eshop.cz\/wp-content\/uploads\/2024\/02\/stazeny-soubor.jpg\",\"contentUrl\":\"https:\/\/lasatin-eshop.cz\/wp-content\/uploads\/2024\/02\/stazeny-soubor.jpg\",\"width\":620,\"height\":827},{\"@type\":\"BreadcrumbList\",\"@id\":\"https:\/\/lasatin-eshop.cz\/?product=lasatin-bomber#breadcrumb\",\"itemListElement\":[{\"@type\":\"ListItem\",\"position\":1,\"name\":\"Dom\u016f\",\"item\":\"https:\/\/lasatin-eshop.cz\/\"},{\"@type\":\"ListItem\",\"position\":2,\"name\":\"Obchod\",\"item\":\"https:\/\/lasatin-eshop.cz\/?page_id=6\"},{\"@type\":\"ListItem\",\"position\":3,\"name\":\"LASATIN bomber\"}]},{\"@type\":\"WebSite\",\"@id\":\"https:\/\/lasatin-eshop.cz\/#website\",\"url\":\"https:\/\/lasatin-eshop.cz\/\",\"name\":\"Lasatin\",\"description\":\"Produkty vyr\u00e1b\u011bn\u00e9 s l\u00e1skou a ohledem k p\u0159\u00edrod\u011b z luxusn\u00edho a udr\u017eiteln\u00e9ho sat\u00e9nu - Armani hedv\u00e1b\u00ed.\",\"publisher\":{\"@id\":\"https:\/\/lasatin-eshop.cz\/#organization\"},\"potentialAction\":[{\"@type\":\"SearchAction\",\"target\":{\"@type\":\"EntryPoint\",\"urlTemplate\":\"https:\/\/lasatin-eshop.cz\/?s={search_term_string}\"},\"query-input\":{\"@type\":\"PropertyValueSpecification\",\"valueRequired\":true,\"valueName\":\"search_term_string\"}}],\"inLanguage\":\"cs\"},{\"@type\":\"Organization\",\"@id\":\"https:\/\/lasatin-eshop.cz\/#organization\",\"name\":\"lasatin\",\"url\":\"https:\/\/lasatin-eshop.cz\/\",\"logo\":{\"@type\":\"ImageObject\",\"inLanguage\":\"cs\",\"@id\":\"https:\/\/lasatin-eshop.cz\/#\/schema\/logo\/image\/\",\"url\":\"https:\/\/lasatin-eshop.cz\/wp-content\/uploads\/2023\/06\/lasatin-logo-barevne-pruhledne-pozadi.png\",\"contentUrl\":\"https:\/\/lasatin-eshop.cz\/wp-content\/uploads\/2023\/06\/lasatin-logo-barevne-pruhledne-pozadi.png\",\"width\":512,\"height\":512,\"caption\":\"lasatin\"},\"image\":{\"@id\":\"https:\/\/lasatin-eshop.cz\/#\/schema\/logo\/image\/\"},\"sameAs\":[\"https:\/\/www.instagram.com\/lasatinofficial\/?hl=en\"]}]}<\/script>\n<!-- \/ Yoast SEO plugin. -->","yoast_head_json":{"title":"LASATIN bomber -","description":"LASATIN bomber je nezam\u011bniteln\u00fdm kouskem, kter\u00fd dod\u00e1v\u00e1 va\u0161emu outfitu okam\u017eit\u00fd styl a osobitost. Ide\u00e1ln\u00ed bunda na jaro. D\u00e1 se kombinovat s ostatn\u00edmi LASATIN outfity nap\u0159. bell sukn\u00ed, palazzo kalhotami, LASATIN kalhotami a \u0161ortkami. M\u00e1 kr\u00e1tk\u00fd \u017eebrovan\u00fd l\u00edmec a p\u0159edn\u00ed zip. Voln\u00fd st\u0159ih. Spu\u0161t\u011bn\u00e1 ramena, nen\u00e1padn\u00e9 p\u0159edn\u00ed kapsy a \u017eebrovan\u00e9 lemy ruk\u00e1v\u016f a doln\u00edho okraje. S pod\u0161\u00edvkou.","robots":{"index":"index","follow":"follow","max-snippet":"max-snippet:-1","max-image-preview":"max-image-preview:large","max-video-preview":"max-video-preview:-1"},"canonical":"https:\/\/lasatin-eshop.cz\/?product=lasatin-bomber","og_locale":"cs_CZ","og_type":"article","og_title":"LASATIN bomber -","og_description":"LASATIN bomber je nezam\u011bniteln\u00fdm kouskem, kter\u00fd dod\u00e1v\u00e1 va\u0161emu outfitu okam\u017eit\u00fd styl a osobitost. Ide\u00e1ln\u00ed bunda na jaro. D\u00e1 se kombinovat s ostatn\u00edmi LASATIN outfity nap\u0159. bell sukn\u00ed, palazzo kalhotami, LASATIN kalhotami a \u0161ortkami. M\u00e1 kr\u00e1tk\u00fd \u017eebrovan\u00fd l\u00edmec a p\u0159edn\u00ed zip. Voln\u00fd st\u0159ih. Spu\u0161t\u011bn\u00e1 ramena, nen\u00e1padn\u00e9 p\u0159edn\u00ed kapsy a \u017eebrovan\u00e9 lemy ruk\u00e1v\u016f a doln\u00edho okraje. S pod\u0161\u00edvkou.","og_url":"https:\/\/lasatin-eshop.cz\/?product=lasatin-bomber","article_modified_time":"2024-03-06T08:28:48+00:00","og_image":[{"width":620,"height":827,"url":"https:\/\/lasatin-eshop.cz\/wp-content\/uploads\/2024\/02\/stazeny-soubor.jpg","type":"image\/jpeg"}],"twitter_card":"summary_large_image","twitter_misc":{"Odhadovan\u00e1 doba \u010dten\u00ed":"1 minuta"},"schema":{"@context":"https:\/\/schema.org","@graph":[{"@type":"WebPage","@id":"https:\/\/lasatin-eshop.cz\/?product=lasatin-bomber","url":"https:\/\/lasatin-eshop.cz\/?product=lasatin-bomber","name":"LASATIN bomber -","isPartOf":{"@id":"https:\/\/lasatin-eshop.cz\/#website"},"primaryImageOfPage":{"@id":"https:\/\/lasatin-eshop.cz\/?product=lasatin-bomber#primaryimage"},"image":{"@id":"https:\/\/lasatin-eshop.cz\/?product=lasatin-bomber#primaryimage"},"thumbnailUrl":"https:\/\/lasatin-eshop.cz\/wp-content\/uploads\/2024\/02\/stazeny-soubor.jpg","datePublished":"2024-02-13T16:42:33+00:00","dateModified":"2024-03-06T08:28:48+00:00","description":"LASATIN bomber je nezam\u011bniteln\u00fdm kouskem, kter\u00fd dod\u00e1v\u00e1 va\u0161emu outfitu okam\u017eit\u00fd styl a osobitost. Ide\u00e1ln\u00ed bunda na jaro. D\u00e1 se kombinovat s ostatn\u00edmi LASATIN outfity nap\u0159. bell sukn\u00ed, palazzo kalhotami, LASATIN kalhotami a \u0161ortkami. M\u00e1 kr\u00e1tk\u00fd \u017eebrovan\u00fd l\u00edmec a p\u0159edn\u00ed zip. Voln\u00fd st\u0159ih. Spu\u0161t\u011bn\u00e1 ramena, nen\u00e1padn\u00e9 p\u0159edn\u00ed kapsy a \u017eebrovan\u00e9 lemy ruk\u00e1v\u016f a doln\u00edho okraje. S pod\u0161\u00edvkou.","breadcrumb":{"@id":"https:\/\/lasatin-eshop.cz\/?product=lasatin-bomber#breadcrumb"},"inLanguage":"cs","potentialAction":[{"@type":"ReadAction","target":["https:\/\/lasatin-eshop.cz\/?product=lasatin-bomber"]}]},{"@type":"ImageObject","inLanguage":"cs","@id":"https:\/\/lasatin-eshop.cz\/?product=lasatin-bomber#primaryimage","url":"https:\/\/lasatin-eshop.cz\/wp-content\/uploads\/2024\/02\/stazeny-soubor.jpg","contentUrl":"https:\/\/lasatin-eshop.cz\/wp-content\/uploads\/2024\/02\/stazeny-soubor.jpg","width":620,"height":827},{"@type":"BreadcrumbList","@id":"https:\/\/lasatin-eshop.cz\/?product=lasatin-bomber#breadcrumb","itemListElement":[{"@type":"ListItem","position":1,"name":"Dom\u016f","item":"https:\/\/lasatin-eshop.cz\/"},{"@type":"ListItem","position":2,"name":"Obchod","item":"https:\/\/lasatin-eshop.cz\/?page_id=6"},{"@type":"ListItem","position":3,"name":"LASATIN bomber"}]},{"@type":"WebSite","@id":"https:\/\/lasatin-eshop.cz\/#website","url":"https:\/\/lasatin-eshop.cz\/","name":"Lasatin","description":"Produkty vyr\u00e1b\u011bn\u00e9 s l\u00e1skou a ohledem k p\u0159\u00edrod\u011b z luxusn\u00edho a udr\u017eiteln\u00e9ho sat\u00e9nu - Armani hedv\u00e1b\u00ed.","publisher":{"@id":"https:\/\/lasatin-eshop.cz\/#organization"},"potentialAction":[{"@type":"SearchAction","target":{"@type":"EntryPoint","urlTemplate":"https:\/\/lasatin-eshop.cz\/?s={search_term_string}"},"query-input":{"@type":"PropertyValueSpecification","valueRequired":true,"valueName":"search_term_string"}}],"inLanguage":"cs"},{"@type":"Organization","@id":"https:\/\/lasatin-eshop.cz\/#organization","name":"lasatin","url":"https:\/\/lasatin-eshop.cz\/","logo":{"@type":"ImageObject","inLanguage":"cs","@id":"https:\/\/lasatin-eshop.cz\/#\/schema\/logo\/image\/","url":"https:\/\/lasatin-eshop.cz\/wp-content\/uploads\/2023\/06\/lasatin-logo-barevne-pruhledne-pozadi.png","contentUrl":"https:\/\/lasatin-eshop.cz\/wp-content\/uploads\/2023\/06\/lasatin-logo-barevne-pruhledne-pozadi.png","width":512,"height":512,"caption":"lasatin"},"image":{"@id":"https:\/\/lasatin-eshop.cz\/#\/schema\/logo\/image\/"},"sameAs":["https:\/\/www.instagram.com\/lasatinofficial\/?hl=en"]}]}},"_links":{"self":[{"href":"https:\/\/lasatin-eshop.cz\/index.php?rest_route=\/wp\/v2\/product\/6151","targetHints":{"allow":["GET"]}}],"collection":[{"href":"https:\/\/lasatin-eshop.cz\/index.php?rest_route=\/wp\/v2\/product"}],"about":[{"href":"https:\/\/lasatin-eshop.cz\/index.php?rest_route=\/wp\/v2\/types\/product"}],"replies":[{"embeddable":true,"href":"https:\/\/lasatin-eshop.cz\/index.php?rest_route=%2Fwp%2Fv2%2Fcomments&post=6151"}],"wp:featuredmedia":[{"embeddable":true,"href":"https:\/\/lasatin-eshop.cz\/index.php?rest_route=\/wp\/v2\/media\/6155"}],"wp:attachment":[{"href":"https:\/\/lasatin-eshop.cz\/index.php?rest_route=%2Fwp%2Fv2%2Fmedia&parent=6151"}],"wp:term":[{"taxonomy":"product_brand","embeddable":true,"href":"https:\/\/lasatin-eshop.cz\/index.php?rest_route=%2Fwp%2Fv2%2Fproduct_brand&post=6151"},{"taxonomy":"product_cat","embeddable":true,"href":"https:\/\/lasatin-eshop.cz\/index.php?rest_route=%2Fwp%2Fv2%2Fproduct_cat&post=6151"},{"taxonomy":"product_tag","embeddable":true,"href":"https:\/\/lasatin-eshop.cz\/index.php?rest_route=%2Fwp%2Fv2%2Fproduct_tag&post=6151"}],"curies":[{"name":"wp","href":"https:\/\/api.w.org\/{rel}","templated":true}]}}